{"id":3469,"date":"2020-08-10T00:38:30","date_gmt":"2020-08-09T21:38:30","guid":{"rendered":"http:\/\/netbone.com.tr\/kurumsal\/?page_id=3469"},"modified":"2021-03-15T16:09:07","modified_gmt":"2021-03-15T13:09:07","slug":"kiralik-devre","status":"publish","type":"page","link":"https:\/\/netbone.com.tr\/kurumsal\/kiralik-devre\/","title":{"rendered":"Kiral\u0131k Devre"},"content":{"rendered":"<p>[vc_row rt_row_background_width=&#8221;default&#8221; rt_row_style=&#8221;default-style&#8221; rt_row_borders=&#8221;&#8221; rt_row_paddings=&#8221;true&#8221; rt_bg_effect=&#8221;classic&#8221; rt_bg_image_repeat=&#8221;repeat&#8221; rt_bg_size=&#8221;cover&#8221; rt_bg_position=&#8221;right top&#8221; rt_bg_attachment=&#8221;scroll&#8221; rt_bg_video_format=&#8221;self-hosted&#8221;][vc_column width=&#8221;1\/2&#8243; rt_wrp_col_paddings=&#8221;false&#8221; rt_border_top=&#8221;&#8221; rt_border_bottom=&#8221;&#8221; rt_border_left=&#8221;&#8221; rt_border_right=&#8221;&#8221; rt_border_top_mobile=&#8221;&#8221; rt_border_bottom_mobile=&#8221;&#8221; rt_border_left_mobile=&#8221;&#8221; rt_border_right_mobile=&#8221;&#8221; rt_bg_image_repeat=&#8221;repeat&#8221; rt_bg_size=&#8221;auto auto&#8221; rt_bg_position=&#8221;right top&#8221; rt_bg_attachment=&#8221;scroll&#8221;][vc_single_image image=&#8221;4787&#8243; img_size=&#8221;450&#215;350&#8243;][\/vc_column][vc_column width=&#8221;1\/2&#8243; rt_wrp_col_paddings=&#8221;false&#8221; rt_border_top=&#8221;&#8221; rt_border_bottom=&#8221;&#8221; rt_border_left=&#8221;&#8221; rt_border_right=&#8221;&#8221; rt_border_top_mobile=&#8221;&#8221; rt_border_bottom_mobile=&#8221;&#8221; rt_border_left_mobile=&#8221;&#8221; rt_border_right_mobile=&#8221;&#8221; rt_bg_image_repeat=&#8221;repeat&#8221; rt_bg_size=&#8221;auto auto&#8221; rt_bg_position=&#8221;right top&#8221; rt_bg_attachment=&#8221;scroll&#8221;][vc_row_inner rt_row_style=&#8221;global-style&#8221; rt_row_borders=&#8221;&#8221; rt_row_paddings=&#8221;true&#8221; rt_bg_effect=&#8221;classic&#8221; rt_bg_image_repeat=&#8221;repeat&#8221; rt_bg_size=&#8221;cover&#8221; rt_bg_position=&#8221;right top&#8221; rt_bg_attachment=&#8221;scroll&#8221; rt_bg_video_format=&#8221;self-hosted&#8221;][vc_column_inner rt_wrp_col_paddings=&#8221;false&#8221; rt_border_top=&#8221;&#8221; rt_border_bottom=&#8221;&#8221; rt_border_left=&#8221;&#8221; rt_border_right=&#8221;&#8221; rt_border_top_mobile=&#8221;&#8221; rt_border_bottom_mobile=&#8221;&#8221; rt_border_left_mobile=&#8221;&#8221; rt_border_right_mobile=&#8221;&#8221; rt_bg_image_repeat=&#8221;repeat&#8221; rt_bg_size=&#8221;auto auto&#8221; rt_bg_position=&#8221;right top&#8221; rt_bg_attachment=&#8221;scroll&#8221;]<div class=\"rt_heading_wrapper \">\n\t\t\t\t\t\t<h1 class=\"rt_heading  \" >Kiral\u0131k Devre<\/h1>\n\t\t\t\t\t<\/div>[vc_column_text]Kiral\u0131k devre hizmeti ile \u015firketinizin iki noktas\u0131 aras\u0131nda payla\u015f\u0131ms\u0131z, g\u00fcvenli veri iletimini sa\u011flay\u0131n.[\/vc_column_text]<div class=\"button_wrapper \"><a  href=\"\" target=\"_self\" title=\"Hemen Ba\u015fvur\" class=\"button_  body-font custom big\" style=\"color:#ffffff;background-color:#ee3124;border-color:#ee3124;border-radius:5px;border-width:1px;font-size:14px;\" data-hover-style=\"#ee3124\">Hemen Ba\u015fvur<\/a><\/div>[\/vc_column_inner][\/vc_row_inner][vc_empty_space height=&#8221;20&#8243;][vc_row_inner rt_row_style=&#8221;global-style&#8221; rt_row_borders=&#8221;&#8221; rt_row_paddings=&#8221;true&#8221; rt_bg_effect=&#8221;classic&#8221; rt_bg_image_repeat=&#8221;repeat&#8221; rt_bg_size=&#8221;cover&#8221; rt_bg_position=&#8221;right top&#8221; rt_bg_attachment=&#8221;scroll&#8221; rt_bg_video_format=&#8221;self-hosted&#8221;][vc_column_inner width=&#8221;1\/6&#8243; rt_wrp_col_paddings=&#8221;false&#8221; rt_border_top=&#8221;&#8221; rt_border_bottom=&#8221;&#8221; rt_border_left=&#8221;&#8221; rt_border_right=&#8221;&#8221; rt_border_top_mobile=&#8221;&#8221; rt_border_bottom_mobile=&#8221;&#8221; rt_border_left_mobile=&#8221;&#8221; rt_border_right_mobile=&#8221;&#8221; rt_bg_image_repeat=&#8221;repeat&#8221; rt_bg_size=&#8221;auto auto&#8221; rt_bg_position=&#8221;right top&#8221; rt_bg_attachment=&#8221;scroll&#8221;][vc_column_text]<iframe loading=\"lazy\" style=\"border: none; overflow: hidden;\" src=\"https:\/\/www.facebook.com\/plugins\/like.php?href=https%3A%2F%2Fwww.facebook.com%2FNetboneTurkiye&amp;width=90&amp;layout=button_count&amp;action=like&amp;size=small&amp;share=false&amp;height=21&amp;appId\" width=\"90\" height=\"21\" frameborder=\"0\" scrolling=\"no\" allowfullscreen=\"allowfullscreen\"><\/iframe>[\/vc_column_text][\/vc_column_inner][vc_column_inner width=&#8221;1\/6&#8243; rt_wrp_col_paddings=&#8221;false&#8221; rt_border_top=&#8221;&#8221; rt_border_bottom=&#8221;&#8221; rt_border_left=&#8221;&#8221; rt_border_right=&#8221;&#8221; rt_border_top_mobile=&#8221;&#8221; rt_border_bottom_mobile=&#8221;&#8221; rt_border_left_mobile=&#8221;&#8221; rt_border_right_mobile=&#8221;&#8221; rt_bg_image_repeat=&#8221;repeat&#8221; rt_bg_size=&#8221;auto auto&#8221; rt_bg_position=&#8221;right top&#8221; rt_bg_attachment=&#8221;scroll&#8221;][vc_column_text]<a class=\"twitter-share-button\" href=\"https:\/\/twitter.com\/share?ref_src=twsrc%5Etfw\" data-show-count=\"false\">Tweetle<\/a><script async src=\"https:\/\/platform.twitter.com\/widgets.js\" charset=\"utf-8\"><\/script>[\/vc_column_text][\/vc_column_inner][vc_column_inner width=&#8221;1\/6&#8243; rt_wrp_col_paddings=&#8221;false&#8221; rt_border_top=&#8221;&#8221; rt_border_bottom=&#8221;&#8221; rt_border_left=&#8221;&#8221; rt_border_right=&#8221;&#8221; rt_border_top_mobile=&#8221;&#8221; rt_border_bottom_mobile=&#8221;&#8221; rt_border_left_mobile=&#8221;&#8221; rt_border_right_mobile=&#8221;&#8221; rt_bg_image_repeat=&#8221;repeat&#8221; rt_bg_size=&#8221;auto auto&#8221; rt_bg_position=&#8221;right top&#8221; rt_bg_attachment=&#8221;scroll&#8221;][\/vc_column_inner][vc_column_inner width=&#8221;1\/6&#8243; rt_wrp_col_paddings=&#8221;false&#8221; rt_border_top=&#8221;&#8221; rt_border_bottom=&#8221;&#8221; rt_border_left=&#8221;&#8221; rt_border_right=&#8221;&#8221; rt_border_top_mobile=&#8221;&#8221; rt_border_bottom_mobile=&#8221;&#8221; rt_border_left_mobile=&#8221;&#8221; rt_border_right_mobile=&#8221;&#8221; rt_bg_image_repeat=&#8221;repeat&#8221; rt_bg_size=&#8221;auto auto&#8221; rt_bg_position=&#8221;right top&#8221; rt_bg_attachment=&#8221;scroll&#8221;][\/vc_column_inner][vc_column_inner width=&#8221;1\/6&#8243; rt_wrp_col_paddings=&#8221;false&#8221; rt_border_top=&#8221;&#8221; rt_border_bottom=&#8221;&#8221; rt_border_left=&#8221;&#8221; rt_border_right=&#8221;&#8221; rt_border_top_mobile=&#8221;&#8221; rt_border_bottom_mobile=&#8221;&#8221; rt_border_left_mobile=&#8221;&#8221; rt_border_right_mobile=&#8221;&#8221; rt_bg_image_repeat=&#8221;repeat&#8221; rt_bg_size=&#8221;auto auto&#8221; rt_bg_position=&#8221;right top&#8221; rt_bg_attachment=&#8221;scroll&#8221;][\/vc_column_inner][vc_column_inner width=&#8221;1\/6&#8243; rt_wrp_col_paddings=&#8221;false&#8221; rt_border_top=&#8221;&#8221; rt_border_bottom=&#8221;&#8221; rt_border_left=&#8221;&#8221; rt_border_right=&#8221;&#8221; rt_border_top_mobile=&#8221;&#8221; rt_border_bottom_mobile=&#8221;&#8221; rt_border_left_mobile=&#8221;&#8221; rt_border_right_mobile=&#8221;&#8221; rt_bg_image_repeat=&#8221;repeat&#8221; rt_bg_size=&#8221;auto auto&#8221; rt_bg_position=&#8221;right top&#8221; rt_bg_attachment=&#8221;scroll&#8221;][\/vc_column_inner][\/vc_row_inner][\/vc_column][vc_column rt_wrp_col_paddings=&#8221;false&#8221; rt_border_top=&#8221;&#8221; rt_border_bottom=&#8221;&#8221; rt_border_left=&#8221;&#8221; rt_border_right=&#8221;&#8221; rt_border_top_mobile=&#8221;&#8221; rt_border_bottom_mobile=&#8221;&#8221; rt_border_left_mobile=&#8221;&#8221; rt_border_right_mobile=&#8221;&#8221; rt_bg_image_repeat=&#8221;repeat&#8221; rt_bg_size=&#8221;auto auto&#8221; rt_bg_position=&#8221;right top&#8221; rt_bg_attachment=&#8221;scroll&#8221;][vc_empty_space height=&#8221;1&#8243;][vc_separator style=&#8221;style-4&#8243; color=&#8221;#003c71&#8243;][\/vc_column][\/vc_row][vc_row rt_row_background_width=&#8221;default&#8221; rt_row_style=&#8221;default-style&#8221; rt_row_borders=&#8221;&#8221; rt_row_paddings=&#8221;true&#8221; rt_bg_effect=&#8221;classic&#8221; rt_bg_image_repeat=&#8221;repeat&#8221; rt_bg_size=&#8221;cover&#8221; rt_bg_position=&#8221;right top&#8221; rt_bg_attachment=&#8221;scroll&#8221; rt_bg_video_format=&#8221;self-hosted&#8221;][vc_column rt_wrp_col_paddings=&#8221;false&#8221; rt_border_top=&#8221;&#8221; rt_border_bottom=&#8221;&#8221; rt_border_left=&#8221;&#8221; rt_border_right=&#8221;&#8221; rt_border_top_mobile=&#8221;&#8221; rt_border_bottom_mobile=&#8221;&#8221; rt_border_left_mobile=&#8221;&#8221; rt_border_right_mobile=&#8221;&#8221; rt_bg_image_repeat=&#8221;repeat&#8221; rt_bg_size=&#8221;auto auto&#8221; rt_bg_position=&#8221;right top&#8221; rt_bg_attachment=&#8221;scroll&#8221;][vc_tta_accordion style=&#8221;modern&#8221; active_section=&#8221;0&#8243; collapsible_all=&#8221;true&#8221;][vc_tta_section title=&#8221;Kiral\u0131k Devre nedir?&#8221; tab_id=&#8221;kiralik-devre-nedir&#8221;][vc_column_text]Kiral\u0131k devre, \u015firket merkezinden farkl\u0131 lokasyonlardaki ofis ya da i\u015flem merkezlerine, kendisine \u00f6zel sunulan bant geni\u015fli\u011fi \u00fczerinden eri\u015fmek isteyen m\u00fc\u015fterilerimiz i\u00e7in, payla\u015f\u0131ms\u0131z, sabit bant geni\u015fli\u011finde, y\u00fcksek h\u0131z ve kalitede g\u00fcvenli veri ileti\u015fimi sa\u011flayan hizmetimizdir.[\/vc_column_text][\/vc_tta_section][vc_tta_section title=&#8221;Kiral\u0131k Devre kimler i\u00e7in ideal?&#8221; tab_id=&#8221;kiralik-devre-kimler-icin-ideal&#8221;][vc_column_text]<\/p>\n<ul>\n<li>Kendisine \u00f6zel, payla\u015f\u0131ms\u0131z, h\u0131zl\u0131 ve g\u00fcvenli geni\u015f bant eri\u015fimine ihtiya\u00e7 duyanlar.<\/li>\n<li>Kalite hassasiyeti y\u00fcksek ve dedike eri\u015fime ihtiya\u00e7 duyanlar.<\/li>\n<li>Kritik uygulama veri iletimi olanlar.<\/li>\n<li>Mevcut veri ileti\u015fimi altyap\u0131s\u0131na bir alternatif yaratmak ve\/veya haberle\u015fme giderlerini d\u00fc\u015f\u00fcrmek isteyenler<\/li>\n<li>PC uygulamalar\u0131 ile entegrasyon imkan\u0131 ve servis kullan\u0131m optimizasyonuna ihtiya\u00e7 duyanlar\u200b.<\/li>\n<\/ul>\n<p>[\/vc_column_text][\/vc_tta_section][vc_tta_section title=&#8221;Kiral\u0131k Devre nas\u0131l \u00e7al\u0131\u015f\u0131r?&#8221; tab_id=&#8221;kiralik-devre-nasil-calisir&#8221;][vc_column_text]<\/p>\n<ul>\n<li>Bak\u0131r veya fiber eri\u015fim y\u00f6ntemi arac\u0131l\u0131\u011f\u0131yla omurgaya aktar\u0131lan veriler, Netbone transmisyon altyap\u0131s\u0131 kullan\u0131larak istenen noktaya ta\u015f\u0131n\u0131r.<\/li>\n<li>\u0130ki nokta aras\u0131ndaki veri ileti\u015fimi, Network\u2019\u00fcn birinci katman\u0131nda, payla\u015f\u0131ms\u0131z fiziksel bir ortamda ger\u00e7ekle\u015ftirilir.<\/li>\n<li>Omurgan\u0131n i\u00e7erisindeki yo\u011funluktan etkilenilmez, veri her zaman talep edilen h\u0131zla teslim edilir.<\/li>\n<li>Upload (y\u00fckleme) ve download (indirme) i\u00e7in ayn\u0131 bant geni\u015fli\u011fini sunan simetrik veri iletim yap\u0131s\u0131na sahiptir.<\/li>\n<li>U\u00e7larda ve omurgada SDH\/WDM cihazlar\u0131 kullan\u0131l\u0131r.<\/li>\n<li>Mevcut operat\u00f6r \u00fczerindeki ba\u011flant\u0131ya alternatif olarak kullan\u0131labilir, operat\u00f6r yedekleme ihtiyac\u0131n\u0131 kar\u015f\u0131lanabilir.<\/li>\n<li>Bu hizmet Netbone taraf\u0131ndan sa\u011flanmaktad\u0131r.<\/li>\n<\/ul>\n<p>[\/vc_column_text][\/vc_tta_section][vc_tta_section title=&#8221;Kiral\u0131k Devre\u2019nin avantajlar\u0131 nelerdir?&#8221; tab_id=&#8221;kiralik-devrenin-avantajlari-nelerdir&#8221;][vc_column_text]<\/p>\n<ul>\n<li>Network\u2019\u00fcn\u00fcz\u00fcn kontrol\u00fc ve y\u00f6netimi tamamen size ait olur.<\/li>\n<li>100 Gbps\u2019e kadar y\u00fcksek h\u0131z se\u00e7eneklerinden yararlan\u0131rs\u0131n\u0131z.<\/li>\n<li>En son teknoloji ile kurulan, yedekli Netbone omurgas\u0131 ile verilerinizin h\u0131zl\u0131, g\u00fcvenli ve s\u00fcrekli olmas\u0131 sa\u011flars\u0131n\u0131z.<\/li>\n<li>Netbone taraf\u0131ndan uygulama ayr\u0131nt\u0131lar\u0131n\u0131 kapsayan \u201ccezai m\u00fceyyideye tabii\u201d y\u00fcksek SLA g\u00fcvencesinden yararlan\u0131rs\u0131n\u0131z.<\/li>\n<li>Esnek kiralama modellerimizden yararlanarak veri ileti\u015fiminiz i\u00e7in yat\u0131r\u0131m, bak\u0131m, operasyon maliyetlerinizden tasarruf edersiniz.<\/li>\n<li>7\/24 izlenebilir, \u00f6l\u00e7eklenebilir, \u00f6l\u00e7\u00fclebilir, raporlanabilir, Netbone g\u00fcvencesinde uzman bir servis al\u0131rs\u0131n\u0131z.<\/li>\n<li>\u00c7a\u011fr\u0131 merkezimiz \u00fczerinden 7\/24 Netbone deste\u011fine ula\u015f\u0131rs\u0131n\u0131z.<\/li>\n<\/ul>\n<p>[\/vc_column_text][\/vc_tta_section][\/vc_tta_accordion][\/vc_column][\/vc_row][vc_row rt_row_background_width=&#8221;fullwidth&#8221; rt_row_content_width=&#8221;default&#8221; rt_row_style=&#8221;default-style&#8221; rt_row_borders=&#8221;&#8221; rt_row_paddings=&#8221;true&#8221; rt_bg_effect=&#8221;classic&#8221; rt_bg_image_repeat=&#8221;repeat&#8221; rt_bg_size=&#8221;cover&#8221; rt_bg_position=&#8221;right top&#8221; rt_bg_attachment=&#8221;scroll&#8221; rt_bg_video_format=&#8221;self-hosted&#8221; rt_bg_color=&#8221;#ebebeb&#8221;][vc_column rt_wrp_col_paddings=&#8221;false&#8221; rt_border_top=&#8221;&#8221; rt_border_bottom=&#8221;&#8221; rt_border_left=&#8221;&#8221; rt_border_right=&#8221;&#8221; rt_border_top_mobile=&#8221;&#8221; rt_border_bottom_mobile=&#8221;&#8221; rt_border_left_mobile=&#8221;&#8221; rt_border_right_mobile=&#8221;&#8221; rt_bg_image_repeat=&#8221;repeat&#8221; rt_bg_size=&#8221;auto auto&#8221; rt_bg_position=&#8221;right top&#8221; rt_bg_attachment=&#8221;scroll&#8221;][vc_column_text]<\/p>\n<p style=\"text-align: center;\"><span style=\"font-size: 24pt;\">5 Ad\u0131mda Kiral\u0131k Devre Hizmetini Kullanmaya Ba\u015flay\u0131n<\/span><\/p>\n<p>[\/vc_column_text][\/vc_column][\/vc_row][vc_row rt_row_background_width=&#8221;fullwidth&#8221; rt_row_content_width=&#8221;default&#8221; rt_row_style=&#8221;default-style&#8221; rt_row_borders=&#8221;&#8221; rt_row_paddings=&#8221;true&#8221; rt_bg_effect=&#8221;classic&#8221; rt_bg_image_repeat=&#8221;repeat&#8221; rt_bg_size=&#8221;cover&#8221; rt_bg_position=&#8221;right top&#8221; rt_bg_attachment=&#8221;scroll&#8221; rt_bg_video_format=&#8221;self-hosted&#8221; rt_bg_color=&#8221;#ebebeb&#8221;][vc_column width=&#8221;1\/5&#8243; rt_wrp_col_paddings=&#8221;false&#8221; rt_border_top=&#8221;&#8221; rt_border_bottom=&#8221;&#8221; rt_border_left=&#8221;&#8221; rt_border_right=&#8221;&#8221; rt_border_top_mobile=&#8221;&#8221; rt_border_bottom_mobile=&#8221;&#8221; rt_border_left_mobile=&#8221;&#8221; rt_border_right_mobile=&#8221;&#8221; rt_bg_image_repeat=&#8221;repeat&#8221; rt_bg_size=&#8221;auto auto&#8221; rt_bg_position=&#8221;right top&#8221; rt_bg_attachment=&#8221;scroll&#8221;][vc_single_image image=&#8221;4328&#8243; alignment=&#8221;center&#8221;][vc_column_text]<\/p>\n<p style=\"text-align: center;\"><span style=\"font-size: 14pt;\"><strong>Sistemimiz \u00fczerinden ba\u015fvurunuzu yap\u0131n.<\/strong><\/span><\/p>\n<p style=\"text-align: center;\">\u0130\u015fletmenizin bilgilerini, Kiral\u0131k Devre eri\u015fim hizmetini kullanaca\u011f\u0131n\u0131z u\u00e7 adresleri (kmz cinsinden) ve istedi\u011finiz h\u0131z\u0131 girip ba\u015fvurunuzu yap\u0131n.<\/p>\n<p>[\/vc_column_text][\/vc_column][vc_column width=&#8221;1\/5&#8243; rt_wrp_col_paddings=&#8221;false&#8221; rt_border_top=&#8221;&#8221; rt_border_bottom=&#8221;&#8221; rt_border_left=&#8221;&#8221; rt_border_right=&#8221;&#8221; rt_border_top_mobile=&#8221;&#8221; rt_border_bottom_mobile=&#8221;&#8221; rt_border_left_mobile=&#8221;&#8221; rt_border_right_mobile=&#8221;&#8221; rt_bg_image_repeat=&#8221;repeat&#8221; rt_bg_size=&#8221;auto auto&#8221; rt_bg_position=&#8221;right top&#8221; rt_bg_attachment=&#8221;scroll&#8221;][vc_single_image image=&#8221;4594&#8243; alignment=&#8221;center&#8221;][vc_column_text]<\/p>\n<p style=\"text-align: center;\"><span style=\"font-size: 14pt;\"><strong>Altyap\u0131y\u0131 kontrol edelim, sizi arayal\u0131m.<\/strong><\/span><\/p>\n<p style=\"text-align: center;\">Saha ekiplerimiz ile hizmetleri talep etti\u011finiz lokasyonlarda ke\u015fif yaparak altyap\u0131y\u0131 kontrol ederiz. Altyap\u0131 ile ilgili gereksinimleri tespit ederek hizmet termini ve di\u011fer \u015fartlar ile ilgili sizi arar\u0131z.<\/p>\n<p>[\/vc_column_text][\/vc_column][vc_column width=&#8221;1\/5&#8243; rt_wrp_col_paddings=&#8221;false&#8221; rt_border_top=&#8221;&#8221; rt_border_bottom=&#8221;&#8221; rt_border_left=&#8221;&#8221; rt_border_right=&#8221;&#8221; rt_border_top_mobile=&#8221;&#8221; rt_border_bottom_mobile=&#8221;&#8221; rt_border_left_mobile=&#8221;&#8221; rt_border_right_mobile=&#8221;&#8221; rt_bg_image_repeat=&#8221;repeat&#8221; rt_bg_size=&#8221;auto auto&#8221; rt_bg_position=&#8221;right top&#8221; rt_bg_attachment=&#8221;scroll&#8221;][vc_single_image image=&#8221;4333&#8243; alignment=&#8221;center&#8221;][vc_column_text]<\/p>\n<p style=\"text-align: center;\"><span style=\"font-size: 14pt;\"><strong>S\u00f6zle\u015fmelerinizi imzalatal\u0131m.<\/strong><\/span><\/p>\n<p style=\"text-align: center;\">Se\u00e7mi\u015f oldu\u011funuz Kiral\u0131k Devre\u00a0 eri\u015fim hizmeti ile ilgili hizmet termini ve \u015fartlar\u0131n\u0131 kabul ederseniz, hizmetinize ait s\u00f6zle\u015fmeleri i\u015fyerinize gelerek size imzalatal\u0131m.<\/p>\n<p>[\/vc_column_text][\/vc_column][vc_column width=&#8221;1\/5&#8243; rt_wrp_col_paddings=&#8221;false&#8221; rt_border_top=&#8221;&#8221; rt_border_bottom=&#8221;&#8221; rt_border_left=&#8221;&#8221; rt_border_right=&#8221;&#8221; rt_border_top_mobile=&#8221;&#8221; rt_border_bottom_mobile=&#8221;&#8221; rt_border_left_mobile=&#8221;&#8221; rt_border_right_mobile=&#8221;&#8221; rt_bg_image_repeat=&#8221;repeat&#8221; rt_bg_size=&#8221;auto auto&#8221; rt_bg_position=&#8221;right top&#8221; rt_bg_attachment=&#8221;scroll&#8221;][vc_single_image image=&#8221;4592&#8243; alignment=&#8221;center&#8221;][vc_column_text]<\/p>\n<p style=\"text-align: center;\"><span style=\"font-size: 14pt;\"><strong>Kural\u0131m ve hizmetinizi kullan\u0131n.<\/strong><\/span><\/p>\n<p style=\"text-align: center;\">Ekiplerimiz Kiral\u0131k Devre eri\u015fim hizmetinize ait kurulumlar\u0131 ve bina i\u00e7i kablolama i\u015flemini tamamlas\u0131n. Kiral\u0131k Devre eri\u015fim hizmetini kullan\u0131n.<\/p>\n<p>[\/vc_column_text][\/vc_column][vc_column width=&#8221;1\/5&#8243; rt_wrp_col_paddings=&#8221;false&#8221; rt_border_top=&#8221;&#8221; rt_border_bottom=&#8221;&#8221; rt_border_left=&#8221;&#8221; rt_border_right=&#8221;&#8221; rt_border_top_mobile=&#8221;&#8221; rt_border_bottom_mobile=&#8221;&#8221; rt_border_left_mobile=&#8221;&#8221; rt_border_right_mobile=&#8221;&#8221; rt_bg_image_repeat=&#8221;repeat&#8221; rt_bg_size=&#8221;auto auto&#8221; rt_bg_position=&#8221;right top&#8221; rt_bg_attachment=&#8221;scroll&#8221;][vc_single_image image=&#8221;4378&#8243; alignment=&#8221;center&#8221;][vc_column_text]<\/p>\n<p style=\"text-align: center;\"><span style=\"font-size: 14pt;\"><strong>Destek taleplerinizi cevaplayal\u0131m.<\/strong><\/span><\/p>\n<p style=\"text-align: center;\">Hizmetinizi kullan\u0131rken destek ihtiyac\u0131n\u0131z olmas\u0131 durumunda Kurumsal M\u00fc\u015fteri Hizmetleri destek hatt\u0131m\u0131za ula\u015fabilirsiniz:<br \/>\n0850 839 0 839<\/p>\n<p>[\/vc_column_text][\/vc_column][\/vc_row]<\/p>\n","protected":false},"excerpt":{"rendered":"<p>[vc_row rt_row_background_width=&#8221;default&#8221; rt_row_style=&#8221;default-style&#8221; rt_row_borders=&#8221;&#8221; rt_row_paddings=&#8221;true&#8221; rt_bg_effect=&#8221;classic&#8221; rt_bg_image_repeat=&#8221;repeat&#8221; rt_bg_size=&#8221;cover&#8221; rt_bg_position=&#8221;right top&#8221; rt_bg_attachment=&#8221;scroll&#8221; rt_bg_video_format=&#8221;self-hosted&#8221;][vc_column width=&#8221;1\/2&#8243; rt_wrp_col_paddings=&#8221;false&#8221; rt_border_top=&#8221;&#8221; rt_border_bottom=&#8221;&#8221; rt_border_left=&#8221;&#8221; rt_border_right=&#8221;&#8221; rt_border_top_mobile=&#8221;&#8221; rt_border_bottom_mobile=&#8221;&#8221; rt_border_left_mobile=&#8221;&#8221; rt_border_right_mobile=&#8221;&#8221; rt_bg_image_repeat=&#8221;repeat&#8221; rt_bg_size=&#8221;auto auto&#8221; rt_bg_position=&#8221;right top&#8221; rt_bg_attachment=&#8221;scroll&#8221;][vc_single_image image=&#8221;4787&#8243; img_size=&#8221;450&#215;350&#8243;][\/vc_column][vc_column width=&#8221;1\/2&#8243; rt_wrp_col_paddings=&#8221;false&#8221; rt_border_top=&#8221;&#8221; rt_border_bottom=&#8221;&#8221; rt_border_left=&#8221;&#8221; rt_border_right=&#8221;&#8221; rt_border_top_mobile=&#8221;&#8221; rt_border_bottom_mobile=&#8221;&#8221; rt_border_left_mobile=&#8221;&#8221; rt_border_right_mobile=&#8221;&#8221; rt_bg_image_repeat=&#8221;repeat&#8221; rt_bg_size=&#8221;auto auto&#8221; rt_bg_position=&#8221;right top&#8221; rt_bg_attachment=&#8221;scroll&#8221;][vc_row_inner rt_row_style=&#8221;global-style&#8221; rt_row_borders=&#8221;&#8221; rt_row_paddings=&#8221;true&#8221; rt_bg_effect=&#8221;classic&#8221; rt_bg_image_repeat=&#8221;repeat&#8221; rt_bg_size=&#8221;cover&#8221; rt_bg_position=&#8221;right top&#8221; rt_bg_attachment=&#8221;scroll&#8221; [&hellip;]<\/p>\n","protected":false},"author":1,"featured_media":0,"parent":0,"menu_order":0,"comment_status":"closed","ping_status":"closed","template":"","meta":{"footnotes":""},"class_list":["post-3469","page","type-page","status-publish","hentry"],"_links":{"self":[{"href":"https:\/\/netbone.com.tr\/kurumsal\/wp-json\/wp\/v2\/pages\/3469","targetHints":{"allow":["GET"]}}],"collection":[{"href":"https:\/\/netbone.com.tr\/kurumsal\/wp-json\/wp\/v2\/pages"}],"about":[{"href":"https:\/\/netbone.com.tr\/kurumsal\/wp-json\/wp\/v2\/types\/page"}],"author":[{"embeddable":true,"href":"https:\/\/netbone.com.tr\/kurumsal\/wp-json\/wp\/v2\/users\/1"}],"replies":[{"embeddable":true,"href":"https:\/\/netbone.com.tr\/kurumsal\/wp-json\/wp\/v2\/comments?post=3469"}],"version-history":[{"count":14,"href":"https:\/\/netbone.com.tr\/kurumsal\/wp-json\/wp\/v2\/pages\/3469\/revisions"}],"predecessor-version":[{"id":5260,"href":"https:\/\/netbone.com.tr\/kurumsal\/wp-json\/wp\/v2\/pages\/3469\/revisions\/5260"}],"wp:attachment":[{"href":"https:\/\/netbone.com.tr\/kurumsal\/wp-json\/wp\/v2\/media?parent=3469"}],"curies":[{"name":"wp","href":"https:\/\/api.w.org\/{rel}","templated":true}]}}