{"id":3571,"date":"2020-08-15T01:06:31","date_gmt":"2020-08-14T22:06:31","guid":{"rendered":"http:\/\/netbone.com.tr\/kurumsal\/?page_id=3571"},"modified":"2021-02-23T17:08:44","modified_gmt":"2021-02-23T14:08:44","slug":"akilli-cagri-merkezi","status":"publish","type":"page","link":"https:\/\/netbone.com.tr\/kurumsal\/akilli-cagri-merkezi\/","title":{"rendered":"Ak\u0131ll\u0131 \u00c7a\u011fr\u0131 Merkezi"},"content":{"rendered":"<p>[vc_row rt_row_background_width=&#8221;default&#8221; rt_row_style=&#8221;default-style&#8221; rt_row_borders=&#8221;&#8221; rt_row_paddings=&#8221;true&#8221; rt_bg_effect=&#8221;classic&#8221; rt_bg_image_repeat=&#8221;repeat&#8221; rt_bg_size=&#8221;cover&#8221; rt_bg_position=&#8221;right top&#8221; rt_bg_attachment=&#8221;scroll&#8221; rt_bg_video_format=&#8221;self-hosted&#8221;][vc_column width=&#8221;1\/2&#8243; rt_wrp_col_paddings=&#8221;false&#8221; rt_border_top=&#8221;&#8221; rt_border_bottom=&#8221;&#8221; rt_border_left=&#8221;&#8221; rt_border_right=&#8221;&#8221; rt_border_top_mobile=&#8221;&#8221; rt_border_bottom_mobile=&#8221;&#8221; rt_border_left_mobile=&#8221;&#8221; rt_border_right_mobile=&#8221;&#8221; rt_bg_image_repeat=&#8221;repeat&#8221; rt_bg_size=&#8221;auto auto&#8221; rt_bg_position=&#8221;right top&#8221; rt_bg_attachment=&#8221;scroll&#8221;][vc_single_image img_size=&#8221;full&#8221;][\/vc_column][vc_column width=&#8221;1\/2&#8243; rt_wrp_col_paddings=&#8221;false&#8221; rt_border_top=&#8221;&#8221; rt_border_bottom=&#8221;&#8221; rt_border_left=&#8221;&#8221; rt_border_right=&#8221;&#8221; rt_border_top_mobile=&#8221;&#8221; rt_border_bottom_mobile=&#8221;&#8221; rt_border_left_mobile=&#8221;&#8221; rt_border_right_mobile=&#8221;&#8221; rt_bg_image_repeat=&#8221;repeat&#8221; rt_bg_size=&#8221;auto auto&#8221; rt_bg_position=&#8221;right top&#8221; rt_bg_attachment=&#8221;scroll&#8221;]<div class=\"rt_heading_wrapper \">\n\t\t\t\t\t\t<h1 class=\"rt_heading  \" >Ak\u0131ll\u0131 \u00c7a\u011fr\u0131 Merkezi<\/h1>\n\t\t\t\t\t<\/div>[vc_column_text]Netbone ses, veri ve g\u00f6r\u00fcnt\u00fcy\u00fc tek bir ileti\u015fim altyap\u0131s\u0131nda birle\u015ftiren Ak\u0131ll\u0131 \u00c7a\u011fr\u0131 Merkezi ile geli\u015fkin ileti\u015fim \u00e7\u00f6z\u00fcmleri sunuyor.[\/vc_column_text]<div class=\"button_wrapper  alignleft\"><a  href=\"\" target=\"_self\" title=\"Kampanyalar\u0131 G\u00f6r\" class=\"button_  body-font custom big\" style=\"color:#ffffff;background-color:#ee3124;border-color:#ee3124;border-radius:5px;border-width:1px;font-size:14px;\" data-hover-style=\"#ee3124\">Kampanyalar\u0131 G\u00f6r<\/a><\/div>[\/vc_column][\/vc_row][vc_row rt_row_background_width=&#8221;default&#8221; rt_row_style=&#8221;default-style&#8221; rt_row_borders=&#8221;&#8221; rt_row_paddings=&#8221;true&#8221; rt_bg_effect=&#8221;classic&#8221; rt_bg_image_repeat=&#8221;repeat&#8221; rt_bg_size=&#8221;cover&#8221; rt_bg_position=&#8221;right top&#8221; rt_bg_attachment=&#8221;scroll&#8221; rt_bg_video_format=&#8221;self-hosted&#8221;][vc_column rt_wrp_col_paddings=&#8221;false&#8221; rt_border_top=&#8221;&#8221; rt_border_bottom=&#8221;&#8221; rt_border_left=&#8221;&#8221; rt_border_right=&#8221;&#8221; rt_border_top_mobile=&#8221;&#8221; rt_border_bottom_mobile=&#8221;&#8221; rt_border_left_mobile=&#8221;&#8221; rt_border_right_mobile=&#8221;&#8221; rt_bg_image_repeat=&#8221;repeat&#8221; rt_bg_size=&#8221;auto auto&#8221; rt_bg_position=&#8221;right top&#8221; rt_bg_attachment=&#8221;scroll&#8221;][vc_empty_space height=&#8221;1&#8243;][vc_separator style=&#8221;style-4&#8243; color=&#8221;#003c71&#8243;][\/vc_column][\/vc_row][vc_row rt_row_background_width=&#8221;default&#8221; rt_row_style=&#8221;default-style&#8221; rt_row_borders=&#8221;&#8221; rt_row_paddings=&#8221;true&#8221; rt_bg_effect=&#8221;classic&#8221; rt_bg_image_repeat=&#8221;repeat&#8221; rt_bg_size=&#8221;cover&#8221; rt_bg_position=&#8221;right top&#8221; rt_bg_attachment=&#8221;scroll&#8221; rt_bg_video_format=&#8221;self-hosted&#8221;][vc_column rt_wrp_col_paddings=&#8221;false&#8221; rt_border_top=&#8221;&#8221; rt_border_bottom=&#8221;&#8221; rt_border_left=&#8221;&#8221; rt_border_right=&#8221;&#8221; rt_border_top_mobile=&#8221;&#8221; rt_border_bottom_mobile=&#8221;&#8221; rt_border_left_mobile=&#8221;&#8221; rt_border_right_mobile=&#8221;&#8221; rt_bg_image_repeat=&#8221;repeat&#8221; rt_bg_size=&#8221;auto auto&#8221; rt_bg_position=&#8221;right top&#8221; rt_bg_attachment=&#8221;scroll&#8221;][vc_tta_accordion style=&#8221;modern&#8221; active_section=&#8221;0&#8243; collapsible_all=&#8221;true&#8221;][vc_tta_section title=&#8221;Ak\u0131ll\u0131 \u00c7a\u011fr\u0131 Merkezi nedir?&#8221; tab_id=&#8221;akilli-cagri-merkezi-nedir&#8221;][vc_column_text]\u00c7ok \u015fubeli yap\u0131larda ses hizmetlerine ek olarak \u00c7a\u011fr\u0131 Merkezi hizmetlerinin tek noktadan y\u00f6netimine imkan sa\u011flayan katma de\u011ferli on premise (m\u00fc\u015fteri lokasyonuna konumland\u0131r\u0131lan) hizmettir.<\/p>\n<ul>\n<li>\u015eubelere gelen-giden \u00e7a\u011fr\u0131 istatistikleri<\/li>\n<li>\u015eubelere \u00f6zel veya genel IVR kar\u015f\u0131lama anonslar\u0131<\/li>\n<li>\u00c7a\u011fr\u0131lar\u0131n ses kay\u0131tlar\u0131<\/li>\n<li>\u00c7a\u011fr\u0131lar\u0131n istenen kurallara g\u00f6re y\u00f6nlendirilmesi<\/li>\n<li>Web \u00fczerinden anl\u0131k takip, rapor ve ses kay\u0131tlar\u0131na eri\u015fim<\/li>\n<li>Web tabanl\u0131 \u00e7a\u011fr\u0131 merkezi kullan\u0131c\u0131 ve y\u00f6netici ekranlar\u0131<\/li>\n<li>\u00c7a\u011fr\u0131 merkezi sistemleri ve CRM ile entegrasyon<\/li>\n<\/ul>\n<p>[\/vc_column_text][\/vc_tta_section][vc_tta_section title=&#8221;Ak\u0131ll\u0131 \u00c7a\u011fr\u0131 Merkezi kimler i\u00e7in ideal?&#8221; tab_id=&#8221;akilli-cagri-merkezi-kimler-icin-ideal&#8221;][vc_column_text]<\/p>\n<ul>\n<li>M\u00fc\u015fteri hizmetlerini en etkin \u015fekilde y\u00f6netmek isteyen,<\/li>\n<li>\u00c7ok lokasyonlu,<\/li>\n<li>\u00c7a\u011fr\u0131 ka\u00e7\u0131rmak istemeyen, ka\u00e7an \u00e7a\u011fr\u0131 oran\u0131n\u0131 d\u00fc\u015f\u00fcrerek daha fazla kazan\u00e7 ve m\u00fc\u015fteri memnuniyeti elde etmek isteyen.<\/li>\n<\/ul>\n<p>[\/vc_column_text][\/vc_tta_section][vc_tta_section title=&#8221;Ak\u0131ll\u0131 \u00c7a\u011fr\u0131 Merkezi nas\u0131l \u00e7al\u0131\u015f\u0131r?&#8221; tab_id=&#8221;akilli-cagri-merkezi-nasil-calisir&#8221;][vc_column_text]Netbone\u2019a ta\u015f\u0131nm\u0131\u015f veya tahsis edilmi\u015f numaralar\u0131n\u0131z \u00fczerinden ge\u00e7en t\u00fcm \u00e7a\u011fr\u0131lar Netbone taraf\u0131ndan y\u00f6netilir. \u0130lgili rapor ve kay\u0131tlara m\u00fc\u015fteri lokasyonunda konumland\u0131r\u0131lm\u0131\u015f (on premise) \u00c7a\u011fr\u0131 Merkezi web aray\u00fcz\u00fc \u00fczerinden ula\u015fman\u0131z sa\u011flan\u0131r.[\/vc_column_text][\/vc_tta_section][vc_tta_section title=&#8221;Ak\u0131ll\u0131 \u00c7a\u011fr\u0131 Merkezinin avantajlar\u0131 nelerdir?&#8221; tab_id=&#8221;akilli-cagri-merkezinin-avantajlari-nelerdir&#8221;][vc_column_text]<\/p>\n<ul>\n<li>\u00c7ok \u015fubeli yap\u0131lar\u0131n\u0131z\u0131n tek noktadan y\u00f6netimini sa\u011flar,<\/li>\n<li>Merkez ve \u015fubelerinizin ses hizmetlerini, art\u0131k hi\u00e7bir sipari\u015f veya servis \u00e7a\u011fr\u0131s\u0131n\u0131 ka\u00e7\u0131rmadan, m\u00fc\u015fteri etkile\u015fimlerinizi \u00f6l\u00e7erek, eri\u015filebilirli\u011finizi artt\u0131rarak y\u00f6netebilirsiniz,<\/li>\n<li>Ses y\u00f6netiminizi biz yapal\u0131m, siz yat\u0131r\u0131m yapmay\u0131n,<\/li>\n<li>Maliyetlerden tasarruf edin,<\/li>\n<li>Ka\u00e7an \u00e7a\u011fr\u0131 maliyetlerinden kurtulun,<\/li>\n<li>Netbone\u2019a ta\u015f\u0131nm\u0131\u015f numaralar i\u00e7in art\u0131k sabit telefon \u00fccreti \u00f6demeyin<\/li>\n<li>Ses aramalar\u0131nda %60\u2019a varan avantajl\u0131 tarifelerle maliyetlerinizi d\u00fc\u015f\u00fcr\u00fcn<\/li>\n<li>\u00c7a\u011fr\u0131 Merkezi ve \u015fubeler aras\u0131nda \u00fccretsiz g\u00f6r\u00fc\u015f\u00fcn<\/li>\n<\/ul>\n<p>[\/vc_column_text][\/vc_tta_section][\/vc_tta_accordion][\/vc_column][\/vc_row][vc_row rt_row_background_width=&#8221;fullwidth&#8221; rt_row_content_width=&#8221;default&#8221; rt_row_style=&#8221;default-style&#8221; rt_row_borders=&#8221;&#8221; rt_row_paddings=&#8221;true&#8221; rt_bg_effect=&#8221;classic&#8221; rt_bg_image_repeat=&#8221;repeat&#8221; rt_bg_size=&#8221;cover&#8221; rt_bg_position=&#8221;right top&#8221; rt_bg_attachment=&#8221;scroll&#8221; rt_bg_video_format=&#8221;self-hosted&#8221; rt_bg_color=&#8221;#ebebeb&#8221;][vc_column rt_wrp_col_paddings=&#8221;false&#8221; rt_border_top=&#8221;&#8221; rt_border_bottom=&#8221;&#8221; rt_border_left=&#8221;&#8221; rt_border_right=&#8221;&#8221; rt_border_top_mobile=&#8221;&#8221; rt_border_bottom_mobile=&#8221;&#8221; rt_border_left_mobile=&#8221;&#8221; rt_border_right_mobile=&#8221;&#8221; rt_bg_image_repeat=&#8221;repeat&#8221; rt_bg_size=&#8221;auto auto&#8221; rt_bg_position=&#8221;right top&#8221; rt_bg_attachment=&#8221;scroll&#8221;][vc_column_text]<\/p>\n<p style=\"text-align: center;\"><span style=\"font-size: 24pt;\">5 Ad\u0131mda Ak\u0131ll\u0131 \u00c7a\u011fr\u0131 Merkezi Kullanmaya Ba\u015flay\u0131n<\/span><\/p>\n<p>[\/vc_column_text][\/vc_column][\/vc_row][vc_row rt_row_background_width=&#8221;fullwidth&#8221; rt_row_content_width=&#8221;default&#8221; rt_row_style=&#8221;default-style&#8221; rt_row_borders=&#8221;&#8221; rt_row_paddings=&#8221;true&#8221; rt_bg_effect=&#8221;classic&#8221; rt_bg_image_repeat=&#8221;repeat&#8221; rt_bg_size=&#8221;cover&#8221; rt_bg_position=&#8221;right top&#8221; rt_bg_attachment=&#8221;scroll&#8221; rt_bg_video_format=&#8221;self-hosted&#8221; rt_bg_color=&#8221;#ebebeb&#8221;][vc_column width=&#8221;1\/5&#8243; rt_wrp_col_paddings=&#8221;false&#8221; rt_border_top=&#8221;&#8221; rt_border_bottom=&#8221;&#8221; rt_border_left=&#8221;&#8221; rt_border_right=&#8221;&#8221; rt_border_top_mobile=&#8221;&#8221; rt_border_bottom_mobile=&#8221;&#8221; rt_border_left_mobile=&#8221;&#8221; rt_border_right_mobile=&#8221;&#8221; rt_bg_image_repeat=&#8221;repeat&#8221; rt_bg_size=&#8221;auto auto&#8221; rt_bg_position=&#8221;right top&#8221; rt_bg_attachment=&#8221;scroll&#8221;][vc_single_image alignment=&#8221;center&#8221;][vc_column_text]<\/p>\n<p>I am text block. Click edit button to change this text. Lorem ipsum dolor sit amet, consectetur adipiscing elit. Ut elit tellus, luctus nec ullamcorper mattis, pulvinar dapibus leo.<\/p>\n<p>[\/vc_column_text][\/vc_column][vc_column width=&#8221;1\/5&#8243; rt_wrp_col_paddings=&#8221;false&#8221; rt_border_top=&#8221;&#8221; rt_border_bottom=&#8221;&#8221; rt_border_left=&#8221;&#8221; rt_border_right=&#8221;&#8221; rt_border_top_mobile=&#8221;&#8221; rt_border_bottom_mobile=&#8221;&#8221; rt_border_left_mobile=&#8221;&#8221; rt_border_right_mobile=&#8221;&#8221; rt_bg_image_repeat=&#8221;repeat&#8221; rt_bg_size=&#8221;auto auto&#8221; rt_bg_position=&#8221;right top&#8221; rt_bg_attachment=&#8221;scroll&#8221;][vc_single_image alignment=&#8221;center&#8221;][vc_column_text]<\/p>\n<p>I am text block. Click edit button to change this text. Lorem ipsum dolor sit amet, consectetur adipiscing elit. Ut elit tellus, luctus nec ullamcorper mattis, pulvinar dapibus leo.<\/p>\n<p>[\/vc_column_text][\/vc_column][vc_column width=&#8221;1\/5&#8243; rt_wrp_col_paddings=&#8221;false&#8221; rt_border_top=&#8221;&#8221; rt_border_bottom=&#8221;&#8221; rt_border_left=&#8221;&#8221; rt_border_right=&#8221;&#8221; rt_border_top_mobile=&#8221;&#8221; rt_border_bottom_mobile=&#8221;&#8221; rt_border_left_mobile=&#8221;&#8221; rt_border_right_mobile=&#8221;&#8221; rt_bg_image_repeat=&#8221;repeat&#8221; rt_bg_size=&#8221;auto auto&#8221; rt_bg_position=&#8221;right top&#8221; rt_bg_attachment=&#8221;scroll&#8221;][vc_single_image alignment=&#8221;center&#8221;][vc_column_text]I am text block. Click edit button to change this text. Lorem ipsum dolor sit amet, consectetur adipiscing elit. Ut elit tellus, luctus nec ullamcorper mattis, pulvinar dapibus leo.[\/vc_column_text][\/vc_column][vc_column width=&#8221;1\/5&#8243; rt_wrp_col_paddings=&#8221;false&#8221; rt_border_top=&#8221;&#8221; rt_border_bottom=&#8221;&#8221; rt_border_left=&#8221;&#8221; rt_border_right=&#8221;&#8221; rt_border_top_mobile=&#8221;&#8221; rt_border_bottom_mobile=&#8221;&#8221; rt_border_left_mobile=&#8221;&#8221; rt_border_right_mobile=&#8221;&#8221; rt_bg_image_repeat=&#8221;repeat&#8221; rt_bg_size=&#8221;auto auto&#8221; rt_bg_position=&#8221;right top&#8221; rt_bg_attachment=&#8221;scroll&#8221;][vc_single_image alignment=&#8221;center&#8221;][vc_column_text]I am text block. Click edit button to change this text. Lorem ipsum dolor sit amet, consectetur adipiscing elit. Ut elit tellus, luctus nec ullamcorper mattis, pulvinar dapibus leo.[\/vc_column_text][\/vc_column][vc_column width=&#8221;1\/5&#8243; rt_wrp_col_paddings=&#8221;false&#8221; rt_border_top=&#8221;&#8221; rt_border_bottom=&#8221;&#8221; rt_border_left=&#8221;&#8221; rt_border_right=&#8221;&#8221; rt_border_top_mobile=&#8221;&#8221; rt_border_bottom_mobile=&#8221;&#8221; rt_border_left_mobile=&#8221;&#8221; rt_border_right_mobile=&#8221;&#8221; rt_bg_image_repeat=&#8221;repeat&#8221; rt_bg_size=&#8221;auto auto&#8221; rt_bg_position=&#8221;right top&#8221; rt_bg_attachment=&#8221;scroll&#8221;][vc_single_image alignment=&#8221;center&#8221;][vc_column_text]<\/p>\n<p>I am text block. Click edit button to change this text. Lorem ipsum dolor sit amet, consectetur adipiscing elit. Ut elit tellus, luctus nec ullamcorper mattis, pulvinar dapibus leo.<\/p>\n<p>[\/vc_column_text][\/vc_column][\/vc_row]<\/p>\n","protected":false},"excerpt":{"rendered":"<p>[vc_row rt_row_background_width=&#8221;default&#8221; rt_row_style=&#8221;default-style&#8221; rt_row_borders=&#8221;&#8221; rt_row_paddings=&#8221;true&#8221; rt_bg_effect=&#8221;classic&#8221; rt_bg_image_repeat=&#8221;repeat&#8221; rt_bg_size=&#8221;cover&#8221; rt_bg_position=&#8221;right top&#8221; rt_bg_attachment=&#8221;scroll&#8221; rt_bg_video_format=&#8221;self-hosted&#8221;][vc_column width=&#8221;1\/2&#8243; rt_wrp_col_paddings=&#8221;false&#8221; rt_border_top=&#8221;&#8221; rt_border_bottom=&#8221;&#8221; rt_border_left=&#8221;&#8221; rt_border_right=&#8221;&#8221; rt_border_top_mobile=&#8221;&#8221; rt_border_bottom_mobile=&#8221;&#8221; rt_border_left_mobile=&#8221;&#8221; rt_border_right_mobile=&#8221;&#8221; rt_bg_image_repeat=&#8221;repeat&#8221; rt_bg_size=&#8221;auto auto&#8221; rt_bg_position=&#8221;right top&#8221; rt_bg_attachment=&#8221;scroll&#8221;][vc_single_image img_size=&#8221;full&#8221;][\/vc_column][vc_column width=&#8221;1\/2&#8243; rt_wrp_col_paddings=&#8221;false&#8221; rt_border_top=&#8221;&#8221; rt_border_bottom=&#8221;&#8221; rt_border_left=&#8221;&#8221; rt_border_right=&#8221;&#8221; rt_border_top_mobile=&#8221;&#8221; rt_border_bottom_mobile=&#8221;&#8221; rt_border_left_mobile=&#8221;&#8221; rt_border_right_mobile=&#8221;&#8221; rt_bg_image_repeat=&#8221;repeat&#8221; rt_bg_size=&#8221;auto auto&#8221; rt_bg_position=&#8221;right top&#8221; rt_bg_attachment=&#8221;scroll&#8221;][vc_column_text]Netbone ses, veri ve g\u00f6r\u00fcnt\u00fcy\u00fc tek bir ileti\u015fim altyap\u0131s\u0131nda birle\u015ftiren Ak\u0131ll\u0131 [&hellip;]<\/p>\n","protected":false},"author":1,"featured_media":0,"parent":0,"menu_order":0,"comment_status":"closed","ping_status":"closed","template":"","meta":{"footnotes":""},"class_list":["post-3571","page","type-page","status-publish","hentry"],"_links":{"self":[{"href":"https:\/\/netbone.com.tr\/kurumsal\/wp-json\/wp\/v2\/pages\/3571","targetHints":{"allow":["GET"]}}],"collection":[{"href":"https:\/\/netbone.com.tr\/kurumsal\/wp-json\/wp\/v2\/pages"}],"about":[{"href":"https:\/\/netbone.com.tr\/kurumsal\/wp-json\/wp\/v2\/types\/page"}],"author":[{"embeddable":true,"href":"https:\/\/netbone.com.tr\/kurumsal\/wp-json\/wp\/v2\/users\/1"}],"replies":[{"embeddable":true,"href":"https:\/\/netbone.com.tr\/kurumsal\/wp-json\/wp\/v2\/comments?post=3571"}],"version-history":[{"count":4,"href":"https:\/\/netbone.com.tr\/kurumsal\/wp-json\/wp\/v2\/pages\/3571\/revisions"}],"predecessor-version":[{"id":5040,"href":"https:\/\/netbone.com.tr\/kurumsal\/wp-json\/wp\/v2\/pages\/3571\/revisions\/5040"}],"wp:attachment":[{"href":"https:\/\/netbone.com.tr\/kurumsal\/wp-json\/wp\/v2\/media?parent=3571"}],"curies":[{"name":"wp","href":"https:\/\/api.w.org\/{rel}","templated":true}]}}