{"id":3804,"date":"2020-09-16T22:42:50","date_gmt":"2020-09-16T19:42:50","guid":{"rendered":"https:\/\/netbone.com.tr\/kurumsal\/?page_id=3804"},"modified":"2021-03-04T14:51:44","modified_gmt":"2021-03-04T11:51:44","slug":"sanal-sunucu-is-surekliligi","status":"publish","type":"page","link":"https:\/\/netbone.com.tr\/kurumsal\/sanal-sunucu-is-surekliligi\/","title":{"rendered":"Sanal Sunucu \u0130\u015f S\u00fcreklili\u011fi"},"content":{"rendered":"<p>[vc_row rt_row_background_width=&#8221;default&#8221; rt_row_style=&#8221;default-style&#8221; rt_row_borders=&#8221;&#8221; rt_row_paddings=&#8221;true&#8221; rt_bg_effect=&#8221;classic&#8221; rt_bg_image_repeat=&#8221;repeat&#8221; rt_bg_size=&#8221;cover&#8221; rt_bg_position=&#8221;right top&#8221; rt_bg_attachment=&#8221;scroll&#8221; rt_bg_video_format=&#8221;self-hosted&#8221;][vc_column width=&#8221;1\/2&#8243; rt_wrp_col_paddings=&#8221;false&#8221; rt_border_top=&#8221;&#8221; rt_border_bottom=&#8221;&#8221; rt_border_left=&#8221;&#8221; rt_border_right=&#8221;&#8221; rt_border_top_mobile=&#8221;&#8221; rt_border_bottom_mobile=&#8221;&#8221; rt_border_left_mobile=&#8221;&#8221; rt_border_right_mobile=&#8221;&#8221; rt_bg_image_repeat=&#8221;repeat&#8221; rt_bg_size=&#8221;auto auto&#8221; rt_bg_position=&#8221;right top&#8221; rt_bg_attachment=&#8221;scroll&#8221;][vc_single_image img_size=&#8221;full&#8221;][\/vc_column][vc_column width=&#8221;1\/2&#8243; rt_wrp_col_paddings=&#8221;false&#8221; rt_border_top=&#8221;&#8221; rt_border_bottom=&#8221;&#8221; rt_border_left=&#8221;&#8221; rt_border_right=&#8221;&#8221; rt_border_top_mobile=&#8221;&#8221; rt_border_bottom_mobile=&#8221;&#8221; rt_border_left_mobile=&#8221;&#8221; rt_border_right_mobile=&#8221;&#8221; rt_bg_image_repeat=&#8221;repeat&#8221; rt_bg_size=&#8221;auto auto&#8221; rt_bg_position=&#8221;right top&#8221; rt_bg_attachment=&#8221;scroll&#8221;]<div class=\"rt_heading_wrapper \">\n\t\t\t\t\t\t<h1 class=\"rt_heading  \" > Sanal Sunucu \u0130\u015f S\u00fcreklili\u011fi<\/h1>\n\t\t\t\t\t<\/div>[vc_column_text]Bulut bazl\u0131 i\u015f s\u00fcreklili\u011fi \u00e7\u00f6z\u00fcm\u00fc ile felaketlere kar\u015f\u0131 \u00f6nleminizi al\u0131n![\/vc_column_text]<div class=\"button_wrapper  alignleft\"><a  href=\"\" target=\"_self\" title=\"Kampanyalar\u0131 G\u00f6r\" class=\"button_  body-font custom big\" style=\"color:#ffffff;background-color:#ee3124;border-color:#ee3124;border-radius:5px;border-width:1px;font-size:14px;\" data-hover-style=\"#ee3124\">Kampanyalar\u0131 G\u00f6r<\/a><\/div>[\/vc_column][\/vc_row][vc_row rt_row_background_width=&#8221;default&#8221; rt_row_style=&#8221;default-style&#8221; rt_row_borders=&#8221;&#8221; rt_row_paddings=&#8221;true&#8221; rt_bg_effect=&#8221;classic&#8221; rt_bg_image_repeat=&#8221;repeat&#8221; rt_bg_size=&#8221;cover&#8221; rt_bg_position=&#8221;right top&#8221; rt_bg_attachment=&#8221;scroll&#8221; rt_bg_video_format=&#8221;self-hosted&#8221;][vc_column rt_wrp_col_paddings=&#8221;false&#8221; rt_border_top=&#8221;&#8221; rt_border_bottom=&#8221;&#8221; rt_border_left=&#8221;&#8221; rt_border_right=&#8221;&#8221; rt_border_top_mobile=&#8221;&#8221; rt_border_bottom_mobile=&#8221;&#8221; rt_border_left_mobile=&#8221;&#8221; rt_border_right_mobile=&#8221;&#8221; rt_bg_image_repeat=&#8221;repeat&#8221; rt_bg_size=&#8221;auto auto&#8221; rt_bg_position=&#8221;right top&#8221; rt_bg_attachment=&#8221;scroll&#8221;][vc_empty_space height=&#8221;1&#8243;][vc_separator style=&#8221;style-4&#8243; color=&#8221;#003c71&#8243;][\/vc_column][\/vc_row][vc_row rt_row_background_width=&#8221;default&#8221; rt_row_style=&#8221;default-style&#8221; rt_row_borders=&#8221;&#8221; rt_row_paddings=&#8221;true&#8221; rt_bg_effect=&#8221;classic&#8221; rt_bg_image_repeat=&#8221;repeat&#8221; rt_bg_size=&#8221;cover&#8221; rt_bg_position=&#8221;right top&#8221; rt_bg_attachment=&#8221;scroll&#8221; rt_bg_video_format=&#8221;self-hosted&#8221;][vc_column rt_wrp_col_paddings=&#8221;false&#8221; rt_border_top=&#8221;&#8221; rt_border_bottom=&#8221;&#8221; rt_border_left=&#8221;&#8221; rt_border_right=&#8221;&#8221; rt_border_top_mobile=&#8221;&#8221; rt_border_bottom_mobile=&#8221;&#8221; rt_border_left_mobile=&#8221;&#8221; rt_border_right_mobile=&#8221;&#8221; rt_bg_image_repeat=&#8221;repeat&#8221; rt_bg_size=&#8221;auto auto&#8221; rt_bg_position=&#8221;right top&#8221; rt_bg_attachment=&#8221;scroll&#8221;][vc_tta_accordion style=&#8221;modern&#8221; active_section=&#8221;0&#8243; collapsible_all=&#8221;true&#8221;][vc_tta_section title=&#8221;Sanal Sunucu \u0130\u015f S\u00fcreklili\u011fi nedir?&#8221; tab_id=&#8221;sanal-sunucu-is-surekliligi-nedir&#8221;][vc_column_text]Sanal sunucu i\u015f s\u00fcreklili\u011fi (replikasyon) hizmeti, olas\u0131 felaketlere kar\u015f\u0131 bulut bazl\u0131 i\u015f s\u00fcreklili\u011fi \u00e7\u00f6z\u00fcm\u00fcd\u00fcr ve i\u015fletmenizin bir felaket durumunda veri kaybetmemesini sa\u011flar. \u200bNetbone Sanal Sunucu \u0130\u015f S\u00fcreklili\u011fi hizmeti ile, sanal sunucular\u0131n\u0131z\u0131 g\u00fcvenli bir ortamda Netbone Veri Merkezine belirlenen hizmet seviyesinde kopyalars\u0131n\u0131z. B\u00f6ylelikle herhangi bir felakette sunucular\u0131n\u0131z devre d\u0131\u015f\u0131 kalsa bile, i\u015finize Netbone Veri Merkezine replike edilmi\u015f sunuculardan devam edebilirsiniz.[\/vc_column_text][\/vc_tta_section][vc_tta_section title=&#8221;Sanal Sunucu \u0130\u015f S\u00fcreklili\u011fi kimler i\u00e7in ideal?&#8221; tab_id=&#8221;sanal-sunucu-is-surekliligi-kimler-icin-ideal&#8221;][vc_column_text]<\/p>\n<ul>\n<li>\u200bSanal sunucular\u0131n\u0131 yedeklemek isteyen.<\/li>\n<li>Herhangi bir felaket durumunda sistemlerinin kesintiye u\u011framas\u0131n\u0131 istemeyenler.<\/li>\n<li>Altyap\u0131 y\u00f6netiminde istihdam etmeksizin deneyimli ve uzman bir ekibe ihtiya\u00e7 duyanlar.<\/li>\n<li>Kesintisiz bir altyap\u0131 ile m\u00fc\u015fterilerine hizmet etmek isteyenler.<\/li>\n<\/ul>\n<p>[\/vc_column_text][\/vc_tta_section][vc_tta_section title=&#8221;Sanal Sunucu \u0130\u015f S\u00fcreklili\u011fi nas\u0131l \u00e7al\u0131\u015f\u0131r?&#8221; tab_id=&#8221;sanal-sunucu-is-surekliligi-nasil-calisir&#8221;][vc_column_text]Yerle\u015fik VMware teknolojisi ile vSphere\u00ae ortamlar\u0131 kolayca korunur!<\/p>\n<ul>\n<li>Bu servis ile, kullanm\u0131\u015f oldu\u011funuz vSphere ortamlar\u0131n\u0131 sorunsuz bir \u015fekilde korumak i\u00e7in do\u011fal VMware teknolojileri arac\u0131l\u0131\u011f\u0131yla felaket kurtarma i\u015flemi ger\u00e7ekle\u015ftirilmektedir. K\u0131sa RTO zaman\u0131, se\u00e7ilen sunucularda talep \u00fczerine koruma ve mevcut VMware vSphere ile kolay entegrasyon sunulmaktad\u0131r.<\/li>\n<li>Bu servisten yararlanabilmek i\u00e7in sanal veri merkezi hizmetinizin olmas\u0131 gerekmektedir. Netbone Sanal Veri Merkezi Hizmeti ile istemi\u015f oldu\u011funuz altyap\u0131y\u0131 geleneksel veri merkezleri ile ayn\u0131 network yetkinlikleri ve g\u00fcvenlik ile tasarlayabilir: ek olarak sanalla\u015ft\u0131rma teknolojileri, otomasyon ve bulut bili\u015fimin sa\u011flad\u0131\u011f\u0131 avantajlardan yararlanabilirsiniz.<\/li>\n<\/ul>\n<p>[\/vc_column_text][\/vc_tta_section][vc_tta_section title=&#8221;Sanal Sunucu \u0130\u015f S\u00fcreklili\u011fi avantajlar\u0131 nelerdir?&#8221; tab_id=&#8221;sanal-sunucu-is-surekliligi-avantajlari-nelerdir&#8221;][vc_column_text]<\/p>\n<ul>\n<li><strong>Maliyet:<\/strong> \u0130lk yat\u0131r\u0131m maliyeti olmaks\u0131z\u0131n veri merkezi ihtiya\u00e7lar\u0131n\u0131z\u0131 kar\u015f\u0131layabilirsiniz ve bulut bazl\u0131 i\u015f s\u00fcreklili\u011fi \u00e7\u00f6z\u00fcm\u00fc i\u00e7in uygun maliyetler ile i\u015fletmenize tasarruf sa\u011flar. Bu servis i\u00e7in herhangi bir \u00f6n yat\u0131r\u0131ma ihtiya\u00e7 yoktur. Sadece replikasyonu yapaca\u011f\u0131n\u0131z sanal sunucu kadar ayl\u0131k bir bedel ve sanal veri merkezi hizmeti i\u00e7in toplam ayl\u0131k bedel \u00f6deyerek b\u00fct\u00e7enizi verimli bir \u015fekilde y\u00f6netebilirsiniz. Bu hizmet ile maliyetlerinizi CAPEX\u2019ten OPEX\u2019e d\u00f6n\u00fc\u015f\u00fcm\u00fcn\u00fc sa\u011flayabilirsiniz ve altyap\u0131 y\u00f6netim y\u00fck\u00fcn ortadan kald\u0131r\u0131rs\u0131n\u0131z ve b\u00fcy\u00fcmenizi daha kolay y\u00f6netebilirsiniz. Siz de, Netbone\u2019un \u00f6l\u00e7ek ekonomisinden, IT uzmanl\u0131\u011f\u0131ndan ve s\u00fcre\u00e7 otomasyonundan faydalanmak i\u00e7in hemen hizmeti kullanmaya ba\u015flay\u0131n.<\/li>\n<li><strong>G\u00fcvenlik ve G\u00fcvenilir Hizmet:<\/strong> Depolanan ve yedeklenen t\u00fcm dosyalar, ileri teknoloji ile donat\u0131lm\u0131\u015f Netbone veri merkezinde g\u00fcvenli olarak saklanmaktad\u0131r. Ayr\u0131ca, sanal sunucular\u0131n\u0131z\u0131n bulundu\u011fu lokasyon ve Netbone Veri Merkezi aras\u0131nda replikasyon trafi\u011fi \u015fifreli olarak ger\u00e7ekle\u015ftirilmektedir ve end\u00fcstri standartlar\u0131nda SSL \u015fifreleme yap\u0131lmaktad\u0131r. Bu sayede, kendi lokasyonunuz ile Netbone Veri Merkezi aras\u0131ndaki her ad\u0131m\u0131 g\u00fcvence alt\u0131na alm\u0131\u015f olursunuz.<\/li>\n<li><strong>Self- Servis Y\u00f6netim Paneli (Portal):<\/strong> Netbone veri merkezine replikasyonu tamamlanm\u0131\u015f t\u00fcm sunucular\u0131n\u0131z\u0131 tek bir ekrandan y\u00f6netilebilir ve yap\u0131land\u0131rmas\u0131n\u0131 yapabilirsiniz. m\u00fc\u015fteri portal\u0131 \u00fczerinden, diledi\u011finiz zaman replikasyonu yap\u0131lm\u0131\u015f sunucular\u0131 kontrol edebilir, failover ve failover testi yap\u0131lmak istendi\u011finde ger\u00e7ekle\u015ftirebilirsiniz. RPO, felaket zaman\u0131 ile replikasyonun sa\u011fland\u0131\u011f\u0131 zaman aras\u0131ndaki s\u00fcredir. Netbone Sanal Sunucu \u0130\u015f S\u00fcreklili\u011fi hizmeti 15 dakika ile 24 saat aras\u0131nda de\u011fi\u015fen RPO\u2019lar\u0131 desteklemektedir. Ayr\u0131ca, 24 adede kadar instance (kopya adedi) belirleyebilirsiniz. Her instance, sanal sunucular\u0131n\u0131z\u0131n daha sonra restore edilebilece\u011fi noktad\u0131r. \u00d6zetle, sistemleriniz \u00fczerinde t\u00fcm kontrol sizdedir!<\/li>\n<li><strong>Esneklik:<\/strong>\u00a0\u0130htiya\u00e7 duyulan anda kapasitenizi anl\u0131k olarak artt\u0131r\u0131p azaltabilirsiniz. Bunun i\u00e7in m\u00fc\u015fteri portal\u0131na giri\u015f yaparak, mevcut kaynaklar\u0131n\u0131z\u0131 g\u00f6rebilir ve istenilen kapasiteye anl\u0131k olarak ge\u00e7i\u015f yapabilirsiniz.<\/li>\n<li><strong>Yedekli altyap\u0131 ile s\u00fcrekli eri\u015filebilirlik:<\/strong> Netbone veri merkezinde i\u015fletilen yedekli altyap\u0131 ile kesintisiz servis alabilirsiniz. Elektrik kesintisi, a\u011f kesintisi ya da fiziksel sunucular\u0131n bak\u0131m\u0131, yenilenmesi gibi problemleri d\u00fc\u015f\u00fcnmek zorunda kalmazs\u0131n\u0131z.<\/li>\n<li><strong>S\u00fcrekli geli\u015fen sistem:<\/strong>\u00a0S\u00fcrekli olarak eklenen ve geli\u015ftirilen yeni i\u015flevler ile yeni \u00f6zelliklerden yararlanabilirsiniz.<\/li>\n<\/ul>\n<p>[\/vc_column_text][\/vc_tta_section][vc_tta_section title=&#8221;Sanal Sunucu \u0130\u015f S\u00fcreklili\u011fi hizmeti nas\u0131l \u00fccretlendirilmektedir?&#8221; tab_id=&#8221;sanal-sunucu-is-surekliligi-hizmeti-nasil-ucretlendirilmektedir&#8221;][vc_column_text]\u200bReplike edilecek sanal sunucu adedi, talep edilen i\u015flemci g\u00fcc\u00fc, bellek, veri depolama alan\u0131 kapasitesine g\u00f6re ayl\u0131k hizmet tarifesi \u00fczerinden g\u00fcnl\u00fck \u00fccretlendirme yap\u0131lmaktad\u0131r.[\/vc_column_text][\/vc_tta_section][\/vc_tta_accordion][\/vc_column][\/vc_row][vc_row rt_row_background_width=&#8221;fullwidth&#8221; rt_row_content_width=&#8221;default&#8221; rt_row_style=&#8221;default-style&#8221; rt_row_borders=&#8221;&#8221; rt_row_paddings=&#8221;true&#8221; rt_bg_effect=&#8221;classic&#8221; rt_bg_image_repeat=&#8221;repeat&#8221; rt_bg_size=&#8221;cover&#8221; rt_bg_position=&#8221;right top&#8221; rt_bg_attachment=&#8221;scroll&#8221; rt_bg_video_format=&#8221;self-hosted&#8221; rt_bg_color=&#8221;#ebebeb&#8221;][vc_column rt_wrp_col_paddings=&#8221;false&#8221; rt_border_top=&#8221;&#8221; rt_border_bottom=&#8221;&#8221; rt_border_left=&#8221;&#8221; rt_border_right=&#8221;&#8221; rt_border_top_mobile=&#8221;&#8221; rt_border_bottom_mobile=&#8221;&#8221; rt_border_left_mobile=&#8221;&#8221; rt_border_right_mobile=&#8221;&#8221; rt_bg_image_repeat=&#8221;repeat&#8221; rt_bg_size=&#8221;auto auto&#8221; rt_bg_position=&#8221;right top&#8221; rt_bg_attachment=&#8221;scroll&#8221;][vc_column_text]<\/p>\n<p style=\"text-align: center;\"><span style=\"font-size: 24pt;\">5 Ad\u0131mda Sanal Sunucu \u0130\u015f S\u00fcreklili\u011fi Kullanmaya Ba\u015flay\u0131n<\/span><\/p>\n<p>[\/vc_column_text][\/vc_column][\/vc_row][vc_row rt_row_background_width=&#8221;fullwidth&#8221; rt_row_content_width=&#8221;default&#8221; rt_row_style=&#8221;default-style&#8221; rt_row_borders=&#8221;&#8221; rt_row_paddings=&#8221;true&#8221; rt_bg_effect=&#8221;classic&#8221; rt_bg_image_repeat=&#8221;repeat&#8221; rt_bg_size=&#8221;cover&#8221; rt_bg_position=&#8221;right top&#8221; rt_bg_attachment=&#8221;scroll&#8221; rt_bg_video_format=&#8221;self-hosted&#8221; rt_bg_color=&#8221;#ebebeb&#8221;][vc_column width=&#8221;1\/5&#8243; rt_wrp_col_paddings=&#8221;false&#8221; rt_border_top=&#8221;&#8221; rt_border_bottom=&#8221;&#8221; rt_border_left=&#8221;&#8221; rt_border_right=&#8221;&#8221; rt_border_top_mobile=&#8221;&#8221; rt_border_bottom_mobile=&#8221;&#8221; rt_border_left_mobile=&#8221;&#8221; rt_border_right_mobile=&#8221;&#8221; rt_bg_image_repeat=&#8221;repeat&#8221; rt_bg_size=&#8221;auto auto&#8221; rt_bg_position=&#8221;right top&#8221; rt_bg_attachment=&#8221;scroll&#8221;][vc_single_image alignment=&#8221;center&#8221;][vc_column_text]I am text block. Click edit button to change this text. Lorem ipsum dolor sit amet, consectetur adipiscing elit. Ut elit tellus, luctus nec ullamcorper mattis, pulvinar dapibus leo.[\/vc_column_text][\/vc_column][vc_column width=&#8221;1\/5&#8243; rt_wrp_col_paddings=&#8221;false&#8221; rt_border_top=&#8221;&#8221; rt_border_bottom=&#8221;&#8221; rt_border_left=&#8221;&#8221; rt_border_right=&#8221;&#8221; rt_border_top_mobile=&#8221;&#8221; rt_border_bottom_mobile=&#8221;&#8221; rt_border_left_mobile=&#8221;&#8221; rt_border_right_mobile=&#8221;&#8221; rt_bg_image_repeat=&#8221;repeat&#8221; rt_bg_size=&#8221;auto auto&#8221; rt_bg_position=&#8221;right top&#8221; rt_bg_attachment=&#8221;scroll&#8221;][vc_single_image alignment=&#8221;center&#8221;][vc_column_text]<\/p>\n<p>I am text block. Click edit button to change this text. Lorem ipsum dolor sit amet, consectetur adipiscing elit. Ut elit tellus, luctus nec ullamcorper mattis, pulvinar dapibus leo.<\/p>\n<p>[\/vc_column_text][\/vc_column][vc_column width=&#8221;1\/5&#8243; rt_wrp_col_paddings=&#8221;false&#8221; rt_border_top=&#8221;&#8221; rt_border_bottom=&#8221;&#8221; rt_border_left=&#8221;&#8221; rt_border_right=&#8221;&#8221; rt_border_top_mobile=&#8221;&#8221; rt_border_bottom_mobile=&#8221;&#8221; rt_border_left_mobile=&#8221;&#8221; rt_border_right_mobile=&#8221;&#8221; rt_bg_image_repeat=&#8221;repeat&#8221; rt_bg_size=&#8221;auto auto&#8221; rt_bg_position=&#8221;right top&#8221; rt_bg_attachment=&#8221;scroll&#8221;][vc_single_image alignment=&#8221;center&#8221;][vc_column_text]<\/p>\n<p>I am text block. Click edit button to change this text. Lorem ipsum dolor sit amet, consectetur adipiscing elit. Ut elit tellus, luctus nec ullamcorper mattis, pulvinar dapibus leo.<\/p>\n<p>[\/vc_column_text][\/vc_column][vc_column width=&#8221;1\/5&#8243; rt_wrp_col_paddings=&#8221;false&#8221; rt_border_top=&#8221;&#8221; rt_border_bottom=&#8221;&#8221; rt_border_left=&#8221;&#8221; rt_border_right=&#8221;&#8221; rt_border_top_mobile=&#8221;&#8221; rt_border_bottom_mobile=&#8221;&#8221; rt_border_left_mobile=&#8221;&#8221; rt_border_right_mobile=&#8221;&#8221; rt_bg_image_repeat=&#8221;repeat&#8221; rt_bg_size=&#8221;auto auto&#8221; rt_bg_position=&#8221;right top&#8221; rt_bg_attachment=&#8221;scroll&#8221;][vc_single_image alignment=&#8221;center&#8221;][vc_column_text]<\/p>\n<p>I am text block. Click edit button to change this text. Lorem ipsum dolor sit amet, consectetur adipiscing elit. Ut elit tellus, luctus nec ullamcorper mattis, pulvinar dapibus leo.<\/p>\n<p>[\/vc_column_text][\/vc_column][vc_column width=&#8221;1\/5&#8243; rt_wrp_col_paddings=&#8221;false&#8221; rt_border_top=&#8221;&#8221; rt_border_bottom=&#8221;&#8221; rt_border_left=&#8221;&#8221; rt_border_right=&#8221;&#8221; rt_border_top_mobile=&#8221;&#8221; rt_border_bottom_mobile=&#8221;&#8221; rt_border_left_mobile=&#8221;&#8221; rt_border_right_mobile=&#8221;&#8221; rt_bg_image_repeat=&#8221;repeat&#8221; rt_bg_size=&#8221;auto auto&#8221; rt_bg_position=&#8221;right top&#8221; rt_bg_attachment=&#8221;scroll&#8221;][vc_single_image alignment=&#8221;center&#8221;][vc_column_text]<\/p>\n<ul>\n<li>I am text block. Click edit button to change this text. Lorem ipsum dolor sit amet, consectetur adipiscing elit. Ut elit tellus, luctus nec ullamcorper mattis, pulvinar dapibus leo.<\/li>\n<\/ul>\n<p>[\/vc_column_text][\/vc_column][\/vc_row]<\/p>\n","protected":false},"excerpt":{"rendered":"<p>[vc_row rt_row_background_width=&#8221;default&#8221; rt_row_style=&#8221;default-style&#8221; rt_row_borders=&#8221;&#8221; rt_row_paddings=&#8221;true&#8221; rt_bg_effect=&#8221;classic&#8221; rt_bg_image_repeat=&#8221;repeat&#8221; rt_bg_size=&#8221;cover&#8221; rt_bg_position=&#8221;right top&#8221; rt_bg_attachment=&#8221;scroll&#8221; rt_bg_video_format=&#8221;self-hosted&#8221;][vc_column width=&#8221;1\/2&#8243; rt_wrp_col_paddings=&#8221;false&#8221; rt_border_top=&#8221;&#8221; rt_border_bottom=&#8221;&#8221; rt_border_left=&#8221;&#8221; rt_border_right=&#8221;&#8221; rt_border_top_mobile=&#8221;&#8221; rt_border_bottom_mobile=&#8221;&#8221; rt_border_left_mobile=&#8221;&#8221; rt_border_right_mobile=&#8221;&#8221; rt_bg_image_repeat=&#8221;repeat&#8221; rt_bg_size=&#8221;auto auto&#8221; rt_bg_position=&#8221;right top&#8221; rt_bg_attachment=&#8221;scroll&#8221;][vc_single_image img_size=&#8221;full&#8221;][\/vc_column][vc_column width=&#8221;1\/2&#8243; rt_wrp_col_paddings=&#8221;false&#8221; rt_border_top=&#8221;&#8221; rt_border_bottom=&#8221;&#8221; rt_border_left=&#8221;&#8221; rt_border_right=&#8221;&#8221; rt_border_top_mobile=&#8221;&#8221; rt_border_bottom_mobile=&#8221;&#8221; rt_border_left_mobile=&#8221;&#8221; rt_border_right_mobile=&#8221;&#8221; rt_bg_image_repeat=&#8221;repeat&#8221; rt_bg_size=&#8221;auto auto&#8221; rt_bg_position=&#8221;right top&#8221; rt_bg_attachment=&#8221;scroll&#8221;][vc_column_text]Bulut bazl\u0131 i\u015f s\u00fcreklili\u011fi \u00e7\u00f6z\u00fcm\u00fc ile felaketlere kar\u015f\u0131 \u00f6nleminizi al\u0131n![\/vc_column_text][\/vc_column][\/vc_row][vc_row rt_row_background_width=&#8221;default&#8221; [&hellip;]<\/p>\n","protected":false},"author":1,"featured_media":0,"parent":0,"menu_order":0,"comment_status":"closed","ping_status":"closed","template":"","meta":{"footnotes":""},"class_list":["post-3804","page","type-page","status-publish","hentry"],"_links":{"self":[{"href":"https:\/\/netbone.com.tr\/kurumsal\/wp-json\/wp\/v2\/pages\/3804","targetHints":{"allow":["GET"]}}],"collection":[{"href":"https:\/\/netbone.com.tr\/kurumsal\/wp-json\/wp\/v2\/pages"}],"about":[{"href":"https:\/\/netbone.com.tr\/kurumsal\/wp-json\/wp\/v2\/types\/page"}],"author":[{"embeddable":true,"href":"https:\/\/netbone.com.tr\/kurumsal\/wp-json\/wp\/v2\/users\/1"}],"replies":[{"embeddable":true,"href":"https:\/\/netbone.com.tr\/kurumsal\/wp-json\/wp\/v2\/comments?post=3804"}],"version-history":[{"count":11,"href":"https:\/\/netbone.com.tr\/kurumsal\/wp-json\/wp\/v2\/pages\/3804\/revisions"}],"predecessor-version":[{"id":5077,"href":"https:\/\/netbone.com.tr\/kurumsal\/wp-json\/wp\/v2\/pages\/3804\/revisions\/5077"}],"wp:attachment":[{"href":"https:\/\/netbone.com.tr\/kurumsal\/wp-json\/wp\/v2\/media?parent=3804"}],"curies":[{"name":"wp","href":"https:\/\/api.w.org\/{rel}","templated":true}]}}