{"id":3809,"date":"2020-09-16T22:49:10","date_gmt":"2020-09-16T19:49:10","guid":{"rendered":"https:\/\/netbone.com.tr\/kurumsal\/?page_id=3809"},"modified":"2021-02-23T14:48:26","modified_gmt":"2021-02-23T11:48:26","slug":"smart-sunucu-yedekleme-servisi","status":"publish","type":"page","link":"https:\/\/netbone.com.tr\/kurumsal\/smart-sunucu-yedekleme-servisi\/","title":{"rendered":"Smart Sunucu Yedekleme"},"content":{"rendered":"<p>[vc_row rt_row_background_width=&#8221;default&#8221; rt_row_style=&#8221;default-style&#8221; rt_row_borders=&#8221;&#8221; rt_row_paddings=&#8221;true&#8221; rt_bg_effect=&#8221;classic&#8221; rt_bg_image_repeat=&#8221;repeat&#8221; rt_bg_size=&#8221;cover&#8221; rt_bg_position=&#8221;right top&#8221; rt_bg_attachment=&#8221;scroll&#8221; rt_bg_video_format=&#8221;self-hosted&#8221;][vc_column width=&#8221;1\/2&#8243; rt_wrp_col_paddings=&#8221;false&#8221; rt_border_top=&#8221;&#8221; rt_border_bottom=&#8221;&#8221; rt_border_left=&#8221;&#8221; rt_border_right=&#8221;&#8221; rt_border_top_mobile=&#8221;&#8221; rt_border_bottom_mobile=&#8221;&#8221; rt_border_left_mobile=&#8221;&#8221; rt_border_right_mobile=&#8221;&#8221; rt_bg_image_repeat=&#8221;repeat&#8221; rt_bg_size=&#8221;auto auto&#8221; rt_bg_position=&#8221;right top&#8221; rt_bg_attachment=&#8221;scroll&#8221;][vc_single_image img_size=&#8221;full&#8221;][\/vc_column][vc_column width=&#8221;1\/2&#8243; rt_wrp_col_paddings=&#8221;false&#8221; rt_border_top=&#8221;&#8221; rt_border_bottom=&#8221;&#8221; rt_border_left=&#8221;&#8221; rt_border_right=&#8221;&#8221; rt_border_top_mobile=&#8221;&#8221; rt_border_bottom_mobile=&#8221;&#8221; rt_border_left_mobile=&#8221;&#8221; rt_border_right_mobile=&#8221;&#8221; rt_bg_image_repeat=&#8221;repeat&#8221; rt_bg_size=&#8221;auto auto&#8221; rt_bg_position=&#8221;right top&#8221; rt_bg_attachment=&#8221;scroll&#8221;]<div class=\"rt_heading_wrapper \">\n\t\t\t\t\t\t<h1 class=\"rt_heading  \" >Smart Sunucu Yedekleme<\/h1>\n\t\t\t\t\t<\/div>[vc_column_text]Netbone Smart Sunucu Yedekleme, \u00f6nemli ve kritik g\u00f6rd\u00fc\u011f\u00fcn\u00fcz verileriniz i\u00e7in g\u00fcvenli bir ortam sa\u011flayarak yedekleme ihtiya\u00e7lar\u0131n\u0131z\u0131 kar\u015f\u0131l\u0131yor.[\/vc_column_text]<div class=\"button_wrapper  alignleft\"><a  href=\"\" target=\"_self\" title=\"Kampanyalar\u0131 G\u00f6r\" class=\"button_  body-font custom big\" style=\"color:#ffffff;background-color:#ee3124;border-color:#ee3124;border-radius:5px;border-width:1px;font-size:14px;\" data-hover-style=\"#ee3124\">Kampanyalar\u0131 G\u00f6r<\/a><\/div>[\/vc_column][\/vc_row][vc_row rt_row_background_width=&#8221;default&#8221; rt_row_style=&#8221;default-style&#8221; rt_row_borders=&#8221;&#8221; rt_row_paddings=&#8221;true&#8221; rt_bg_effect=&#8221;classic&#8221; rt_bg_image_repeat=&#8221;repeat&#8221; rt_bg_size=&#8221;cover&#8221; rt_bg_position=&#8221;right top&#8221; rt_bg_attachment=&#8221;scroll&#8221; rt_bg_video_format=&#8221;self-hosted&#8221;][vc_column rt_wrp_col_paddings=&#8221;false&#8221; rt_border_top=&#8221;&#8221; rt_border_bottom=&#8221;&#8221; rt_border_left=&#8221;&#8221; rt_border_right=&#8221;&#8221; rt_border_top_mobile=&#8221;&#8221; rt_border_bottom_mobile=&#8221;&#8221; rt_border_left_mobile=&#8221;&#8221; rt_border_right_mobile=&#8221;&#8221; rt_bg_image_repeat=&#8221;repeat&#8221; rt_bg_size=&#8221;auto auto&#8221; rt_bg_position=&#8221;right top&#8221; rt_bg_attachment=&#8221;scroll&#8221;][vc_empty_space height=&#8221;1&#8243;][vc_separator style=&#8221;style-4&#8243; color=&#8221;#003c71&#8243;][\/vc_column][\/vc_row][vc_row rt_row_background_width=&#8221;default&#8221; rt_row_style=&#8221;default-style&#8221; rt_row_borders=&#8221;&#8221; rt_row_paddings=&#8221;true&#8221; rt_bg_effect=&#8221;classic&#8221; rt_bg_image_repeat=&#8221;repeat&#8221; rt_bg_size=&#8221;cover&#8221; rt_bg_position=&#8221;right top&#8221; rt_bg_attachment=&#8221;scroll&#8221; rt_bg_video_format=&#8221;self-hosted&#8221;][vc_column rt_wrp_col_paddings=&#8221;false&#8221; rt_border_top=&#8221;&#8221; rt_border_bottom=&#8221;&#8221; rt_border_left=&#8221;&#8221; rt_border_right=&#8221;&#8221; rt_border_top_mobile=&#8221;&#8221; rt_border_bottom_mobile=&#8221;&#8221; rt_border_left_mobile=&#8221;&#8221; rt_border_right_mobile=&#8221;&#8221; rt_bg_image_repeat=&#8221;repeat&#8221; rt_bg_size=&#8221;auto auto&#8221; rt_bg_position=&#8221;right top&#8221; rt_bg_attachment=&#8221;scroll&#8221;][vc_tta_accordion style=&#8221;modern&#8221; active_section=&#8221;0&#8243; collapsible_all=&#8221;true&#8221;][vc_tta_section title=&#8221;Smart Sunucu Yedekleme nedir?&#8221; tab_id=&#8221;smart-sunucu-yedekleme-nedir&#8221;][vc_column_text]<\/p>\n<ul>\n<li>Veri yedekleme i\u00e7in uzman personel istihdam edemiyorsunuz, bilgisayarlar\u0131n\u0131zda ve sunucular\u0131n\u0131zda de\u011ferli bilgileriniz \u00e7al\u0131nma, kaybolma veya bozulma ihtimallerine kar\u015f\u0131 kaybolma riski ile kar\u015f\u0131 kar\u015f\u0131ya\u2026<\/li>\n<li>Netbone Smart Sunucu Yedekleme, \u00f6nemli ve kritik g\u00f6rd\u00fc\u011f\u00fcn\u00fcz verileriniz i\u00e7in g\u00fcvenli bir ortam sa\u011flayarak yedekleme ihtiya\u00e7lar\u0131n\u0131z\u0131 kar\u015f\u0131l\u0131yor.<\/li>\n<li>\u0130stenmeyen ar\u0131zalarda veya ola\u011fan\u00fcst\u00fc durumlarda, verilerinize Netbone Veri Merkezinde tutulan yedeklerinizden an\u0131nda geri d\u00f6nme olana\u011f\u0131 sa\u011fl\u0131yor.<\/li>\n<li>Netbone Smart Sunucu Yedekleme ile sanal (VM) ortamlar\u0131n\u0131z\u0131n, SQL, Exchange ve Oracle veritabanlar\u0131n\u0131z\u0131n dahi yedeklerini alabilirsiniz.<\/li>\n<\/ul>\n<p>[\/vc_column_text][\/vc_tta_section][vc_tta_section title=&#8221;Smart Sunucu Yedekleme kimler i\u00e7in ideal?&#8221; tab_id=&#8221;smart-sunucu-yedekleme-kimler-icin-ideal&#8221;][vc_column_text]<\/p>\n<ul>\n<li>Veri yedekleme s\u00fcrecini otomatik bir s\u00fcrece d\u00f6n\u00fc\u015ft\u00fcrmek isteyen.<\/li>\n<li>Sunucular\u0131ndaki ve bilgisayarlar\u0131ndaki verilerini g\u00fcven alt\u0131na almak isteyen.<\/li>\n<li>Verilerini ola\u011fan\u00fcst\u00fc durumlara kar\u015f\u0131 uzak bir lokasyonda yedeklemek isteyen.<\/li>\n<li>Sunucu kapasitesini veri yedekleme alan\u0131 olarak kullanmak istemeyen.<\/li>\n<li>Verilerini g\u00fcvenli bir ortamda yedeklemek isteyen.<\/li>\n<\/ul>\n<p>[\/vc_column_text][\/vc_tta_section][vc_tta_section title=&#8221;Smart Sunucu Yedekleme avantajlar\u0131 nelerdir?&#8221; tab_id=&#8221;smart-sunucu-yedekleme-avantajlari-nelerdir&#8221;][vc_column_text]<\/p>\n<ul>\n<li>Ses ve verilerinizi g\u00fcvenle ta\u015f\u0131yan Netbone Veri Merkezi\u2019ndeki y\u00fcksek g\u00fcvenlik tedbirleriyle bilgi g\u00fcvenli\u011finizi de garanti alt\u0131na al\u0131r, veri kaybetme riskiniz azal\u0131r.<\/li>\n<li>Veri yedekleme s\u00fcreciniz g\u00fcvenilir ve SLA\u2019lar\u0131 \u00f6l\u00e7\u00fclebilen bir otomasyona d\u00f6n\u00fc\u015f\u00fcr.<\/li>\n<li>\u0130lk yat\u0131r\u0131m gerektirmeyen, kullan\u0131m\u0131n\u0131za ba\u011fl\u0131 ayl\u0131k \u00fccretlendirme tekliflerimizden yararlanarak personel ve operasyonel giderlerinizden tasarruf eder, veri yedekleme maliyetlerinizi iyile\u015ftirirsiniz.<\/li>\n<li>Kolay kurulum ve y\u00f6netim avantaj\u0131ndan yararlan\u0131rs\u0131n\u0131z.<\/li>\n<li>Yedekleme teknolojileri \u00f6zelinde uzmanla\u015fm\u0131\u015f personel taraf\u0131ndan son teknolojiler kullan\u0131larak verileriniz 7\u00d724 izlenir.<\/li>\n<li>Kendi y\u00f6netti\u011fimiz yedekli altyap\u0131m\u0131z sayesinde ba\u011flant\u0131 ve IT hizmetlerini tek ve y\u00fcksek SLA\u2019da al\u0131rs\u0131n\u0131z.<\/li>\n<li>\u0130htiyac\u0131n\u0131z olan anda daha fazla yedekleme alan\u0131na ula\u015fabilir, y\u00fcksek \u00f6l\u00e7eklenebilirlik sa\u011flars\u0131n\u0131z.<\/li>\n<li>Otomatik takvimlendirme \u00f6zelli\u011fiyle yedekleme takviminizi istedi\u011finiz \u015fekilde planlay\u0131p (g\u00fcnl\u00fck, haftal\u0131k veya ayl\u0131k) otomatize edebilirsiniz.<\/li>\n<li>Firman\u0131za \u00f6zel dakika k\u0131r\u0131l\u0131m\u0131ndaki aral\u0131klarla bile geri y\u00fckleme hedeflerinize (Recovery Point Objectives-RPO) uygun verilerinizin yede\u011fini alabilirsiniz.<\/li>\n<li>Limitli ba\u011flant\u0131 altyap\u0131s\u0131nda dahi periyodik olarak planlanm\u0131\u015f otomatik yedekleme, s\u00fcrekli veri g\u00fcvenli\u011finizi (Continuous Data Protection-CDP) sa\u011flar.<\/li>\n<li>Heterojen veri taban\u0131 sistemlerini ve SAN, NAS ve DAS gibi farkl\u0131 depolama teknolojilerini tek bir noktadan yedekleyebilirsiniz.<\/li>\n<li>Ola\u011fan\u00fcst\u00fc durum kurtarma ve i\u015f s\u00fcreklili\u011fi uygulamalar\u0131na uygun uzaktan yedekleme olana\u011f\u0131ndan yararlan\u0131rs\u0131n\u0131z.<\/li>\n<li>\u0130stenildi\u011fi anda geri y\u00fckleme se\u00e7ene\u011fi, geri d\u00f6n\u00fc\u015f s\u00fcresi hedeflerinize (Recovery Time Objectives-RTO) uyum sa\u011flar. \u0130stenmeyen bir durum olu\u015ftu\u011funda t\u00fcm verilerinizi ve sistemlerinizi internet \u00fczerinden geri y\u00fckleyebilir veya yerinde geri y\u00fckleme hizmetimizle bizden talep edebilirsiniz.<\/li>\n<li>Verilerinizin bankalar\u0131n uygulad\u0131\u011f\u0131 g\u00fcvenlik d\u00fczeylerinde, kriptolama teknolojileriyle \u015fifrelenmesiyle y\u00fcksek seviyede g\u00fcvenlik sa\u011flars\u0131n\u0131z.<\/li>\n<li>Netbone veri merkezindeki verileriniz \u015fifreleme yoluyla i\u00e7erikleri g\u00f6r\u00fcnemez \u015fekilde saklan\u0131r. (ISO 27001, 448-bit Blowfish, 256-bit AES ve SSL kriptolama)<\/li>\n<li>Denetimlerde kolay raporlama yap\u0131l\u0131r.<\/li>\n<li>Netbone veri merkezinde t\u00fcm enerji ve iklimlendirme altyap\u0131s\u0131 2N + 1, birebir yedekli bir yap\u0131da tasarlanm\u0131\u015ft\u0131r. A\u011f ekipmanlar\u0131 ve hizmetlerinde yedeklilik ile hizmet s\u00fcreklili\u011finiz garanti alt\u0131na al\u0131n\u0131r.<\/li>\n<li>7\u00d724 g\u00fcvenlik ve birinci seviye destek personeli ile Netbone\u2019un kendi operasyonu i\u00e7in uygulad\u0131\u011f\u0131 g\u00fcvenlik ve destek seviyesinde hizmete ula\u015f\u0131rs\u0131n\u0131z.<\/li>\n<li>\u00c7a\u011fr\u0131 merkezimiz \u00fczerinden 7\u00d724 Netbone deste\u011fine ula\u015f\u0131rs\u0131n\u0131z, acil durumlarda uzaktan m\u00fcdahale edilir.<\/li>\n<\/ul>\n<p>[\/vc_column_text][\/vc_tta_section][\/vc_tta_accordion][\/vc_column][\/vc_row][vc_row rt_row_background_width=&#8221;fullwidth&#8221; rt_row_content_width=&#8221;default&#8221; rt_row_style=&#8221;default-style&#8221; rt_row_borders=&#8221;&#8221; rt_row_paddings=&#8221;true&#8221; rt_bg_effect=&#8221;classic&#8221; rt_bg_image_repeat=&#8221;repeat&#8221; rt_bg_size=&#8221;cover&#8221; rt_bg_position=&#8221;right top&#8221; rt_bg_attachment=&#8221;scroll&#8221; rt_bg_video_format=&#8221;self-hosted&#8221; rt_bg_color=&#8221;#ebebeb&#8221;][vc_column rt_wrp_col_paddings=&#8221;false&#8221; rt_border_top=&#8221;&#8221; rt_border_bottom=&#8221;&#8221; rt_border_left=&#8221;&#8221; rt_border_right=&#8221;&#8221; rt_border_top_mobile=&#8221;&#8221; rt_border_bottom_mobile=&#8221;&#8221; rt_border_left_mobile=&#8221;&#8221; rt_border_right_mobile=&#8221;&#8221; rt_bg_image_repeat=&#8221;repeat&#8221; rt_bg_size=&#8221;auto auto&#8221; rt_bg_position=&#8221;right top&#8221; rt_bg_attachment=&#8221;scroll&#8221;][vc_column_text]<\/p>\n<p style=\"text-align: center;\"><span style=\"font-size: 24pt;\">5 Ad\u0131mda Smart Sunucu Yedekleme Kullanmaya Ba\u015flay\u0131n<\/span><\/p>\n<p>[\/vc_column_text][\/vc_column][\/vc_row][vc_row rt_row_background_width=&#8221;fullwidth&#8221; rt_row_content_width=&#8221;default&#8221; rt_row_style=&#8221;default-style&#8221; rt_row_borders=&#8221;&#8221; rt_row_paddings=&#8221;true&#8221; rt_bg_effect=&#8221;classic&#8221; rt_bg_image_repeat=&#8221;repeat&#8221; rt_bg_size=&#8221;cover&#8221; rt_bg_position=&#8221;right top&#8221; rt_bg_attachment=&#8221;scroll&#8221; rt_bg_video_format=&#8221;self-hosted&#8221; rt_bg_color=&#8221;#ebebeb&#8221;][vc_column width=&#8221;1\/5&#8243; rt_wrp_col_paddings=&#8221;false&#8221; rt_border_top=&#8221;&#8221; rt_border_bottom=&#8221;&#8221; rt_border_left=&#8221;&#8221; rt_border_right=&#8221;&#8221; rt_border_top_mobile=&#8221;&#8221; rt_border_bottom_mobile=&#8221;&#8221; rt_border_left_mobile=&#8221;&#8221; rt_border_right_mobile=&#8221;&#8221; rt_bg_image_repeat=&#8221;repeat&#8221; rt_bg_size=&#8221;auto auto&#8221; rt_bg_position=&#8221;right top&#8221; rt_bg_attachment=&#8221;scroll&#8221;][vc_single_image alignment=&#8221;center&#8221;][vc_column_text]<\/p>\n<p>I am text block. Click edit button to change this text. Lorem ipsum dolor sit amet, consectetur adipiscing elit. Ut elit tellus, luctus nec ullamcorper mattis, pulvinar dapibus leo.<\/p>\n<p>[\/vc_column_text][\/vc_column][vc_column width=&#8221;1\/5&#8243; rt_wrp_col_paddings=&#8221;false&#8221; rt_border_top=&#8221;&#8221; rt_border_bottom=&#8221;&#8221; rt_border_left=&#8221;&#8221; rt_border_right=&#8221;&#8221; rt_border_top_mobile=&#8221;&#8221; rt_border_bottom_mobile=&#8221;&#8221; rt_border_left_mobile=&#8221;&#8221; rt_border_right_mobile=&#8221;&#8221; rt_bg_image_repeat=&#8221;repeat&#8221; rt_bg_size=&#8221;auto auto&#8221; rt_bg_position=&#8221;right top&#8221; rt_bg_attachment=&#8221;scroll&#8221;][vc_single_image alignment=&#8221;center&#8221;][vc_column_text]<\/p>\n<p>I am text block. Click edit button to change this text. Lorem ipsum dolor sit amet, consectetur adipiscing elit. Ut elit tellus, luctus nec ullamcorper mattis, pulvinar dapibus leo.<\/p>\n<p>[\/vc_column_text][\/vc_column][vc_column width=&#8221;1\/5&#8243; rt_wrp_col_paddings=&#8221;false&#8221; rt_border_top=&#8221;&#8221; rt_border_bottom=&#8221;&#8221; rt_border_left=&#8221;&#8221; rt_border_right=&#8221;&#8221; rt_border_top_mobile=&#8221;&#8221; rt_border_bottom_mobile=&#8221;&#8221; rt_border_left_mobile=&#8221;&#8221; rt_border_right_mobile=&#8221;&#8221; rt_bg_image_repeat=&#8221;repeat&#8221; rt_bg_size=&#8221;auto auto&#8221; rt_bg_position=&#8221;right top&#8221; rt_bg_attachment=&#8221;scroll&#8221;][vc_single_image alignment=&#8221;center&#8221;][vc_column_text]I am text block. Click edit button to change this text. Lorem ipsum dolor sit amet, consectetur adipiscing elit. Ut elit tellus, luctus nec ullamcorper mattis, pulvinar dapibus leo.[\/vc_column_text][\/vc_column][vc_column width=&#8221;1\/5&#8243; rt_wrp_col_paddings=&#8221;false&#8221; rt_border_top=&#8221;&#8221; rt_border_bottom=&#8221;&#8221; rt_border_left=&#8221;&#8221; rt_border_right=&#8221;&#8221; rt_border_top_mobile=&#8221;&#8221; rt_border_bottom_mobile=&#8221;&#8221; rt_border_left_mobile=&#8221;&#8221; rt_border_right_mobile=&#8221;&#8221; rt_bg_image_repeat=&#8221;repeat&#8221; rt_bg_size=&#8221;auto auto&#8221; rt_bg_position=&#8221;right top&#8221; rt_bg_attachment=&#8221;scroll&#8221;][vc_single_image alignment=&#8221;center&#8221;][vc_column_text]I am text block. Click edit button to change this text. Lorem ipsum dolor sit amet, consectetur adipiscing elit. Ut elit tellus, luctus nec ullamcorper mattis, pulvinar dapibus leo.[\/vc_column_text][\/vc_column][vc_column width=&#8221;1\/5&#8243; rt_wrp_col_paddings=&#8221;false&#8221; rt_border_top=&#8221;&#8221; rt_border_bottom=&#8221;&#8221; rt_border_left=&#8221;&#8221; rt_border_right=&#8221;&#8221; rt_border_top_mobile=&#8221;&#8221; rt_border_bottom_mobile=&#8221;&#8221; rt_border_left_mobile=&#8221;&#8221; rt_border_right_mobile=&#8221;&#8221; rt_bg_image_repeat=&#8221;repeat&#8221; rt_bg_size=&#8221;auto auto&#8221; rt_bg_position=&#8221;right top&#8221; rt_bg_attachment=&#8221;scroll&#8221;][vc_single_image alignment=&#8221;center&#8221;][vc_column_text]I am text block. Click edit button to change this text. Lorem ipsum dolor sit amet, consectetur adipiscing elit. Ut elit tellus, luctus nec ullamcorper mattis, pulvinar dapibus leo.[\/vc_column_text][\/vc_column][\/vc_row]<\/p>\n","protected":false},"excerpt":{"rendered":"<p>[vc_row rt_row_background_width=&#8221;default&#8221; rt_row_style=&#8221;default-style&#8221; rt_row_borders=&#8221;&#8221; rt_row_paddings=&#8221;true&#8221; rt_bg_effect=&#8221;classic&#8221; rt_bg_image_repeat=&#8221;repeat&#8221; rt_bg_size=&#8221;cover&#8221; rt_bg_position=&#8221;right top&#8221; rt_bg_attachment=&#8221;scroll&#8221; rt_bg_video_format=&#8221;self-hosted&#8221;][vc_column width=&#8221;1\/2&#8243; rt_wrp_col_paddings=&#8221;false&#8221; rt_border_top=&#8221;&#8221; rt_border_bottom=&#8221;&#8221; rt_border_left=&#8221;&#8221; rt_border_right=&#8221;&#8221; rt_border_top_mobile=&#8221;&#8221; rt_border_bottom_mobile=&#8221;&#8221; rt_border_left_mobile=&#8221;&#8221; rt_border_right_mobile=&#8221;&#8221; rt_bg_image_repeat=&#8221;repeat&#8221; rt_bg_size=&#8221;auto auto&#8221; rt_bg_position=&#8221;right top&#8221; rt_bg_attachment=&#8221;scroll&#8221;][vc_single_image img_size=&#8221;full&#8221;][\/vc_column][vc_column width=&#8221;1\/2&#8243; rt_wrp_col_paddings=&#8221;false&#8221; rt_border_top=&#8221;&#8221; rt_border_bottom=&#8221;&#8221; rt_border_left=&#8221;&#8221; rt_border_right=&#8221;&#8221; rt_border_top_mobile=&#8221;&#8221; rt_border_bottom_mobile=&#8221;&#8221; rt_border_left_mobile=&#8221;&#8221; rt_border_right_mobile=&#8221;&#8221; rt_bg_image_repeat=&#8221;repeat&#8221; rt_bg_size=&#8221;auto auto&#8221; rt_bg_position=&#8221;right top&#8221; rt_bg_attachment=&#8221;scroll&#8221;][vc_column_text]Netbone Smart Sunucu Yedekleme, \u00f6nemli ve kritik g\u00f6rd\u00fc\u011f\u00fcn\u00fcz verileriniz i\u00e7in g\u00fcvenli [&hellip;]<\/p>\n","protected":false},"author":1,"featured_media":0,"parent":0,"menu_order":0,"comment_status":"closed","ping_status":"closed","template":"","meta":{"footnotes":""},"class_list":["post-3809","page","type-page","status-publish","hentry"],"_links":{"self":[{"href":"https:\/\/netbone.com.tr\/kurumsal\/wp-json\/wp\/v2\/pages\/3809","targetHints":{"allow":["GET"]}}],"collection":[{"href":"https:\/\/netbone.com.tr\/kurumsal\/wp-json\/wp\/v2\/pages"}],"about":[{"href":"https:\/\/netbone.com.tr\/kurumsal\/wp-json\/wp\/v2\/types\/page"}],"author":[{"embeddable":true,"href":"https:\/\/netbone.com.tr\/kurumsal\/wp-json\/wp\/v2\/users\/1"}],"replies":[{"embeddable":true,"href":"https:\/\/netbone.com.tr\/kurumsal\/wp-json\/wp\/v2\/comments?post=3809"}],"version-history":[{"count":7,"href":"https:\/\/netbone.com.tr\/kurumsal\/wp-json\/wp\/v2\/pages\/3809\/revisions"}],"predecessor-version":[{"id":5012,"href":"https:\/\/netbone.com.tr\/kurumsal\/wp-json\/wp\/v2\/pages\/3809\/revisions\/5012"}],"wp:attachment":[{"href":"https:\/\/netbone.com.tr\/kurumsal\/wp-json\/wp\/v2\/media?parent=3809"}],"curies":[{"name":"wp","href":"https:\/\/api.w.org\/{rel}","templated":true}]}}