{"id":4274,"date":"2021-02-10T15:17:13","date_gmt":"2021-02-10T12:17:13","guid":{"rendered":"https:\/\/netbone.com.tr\/kurumsal\/?page_id=4274"},"modified":"2021-02-23T10:59:20","modified_gmt":"2021-02-23T07:59:20","slug":"sanal-sunucu","status":"publish","type":"page","link":"https:\/\/netbone.com.tr\/kurumsal\/sanal-sunucu\/","title":{"rendered":"Sanal Sunucu"},"content":{"rendered":"<p>[vc_row rt_row_background_width=&#8221;default&#8221; rt_row_style=&#8221;default-style&#8221; rt_row_borders=&#8221;&#8221; rt_row_paddings=&#8221;true&#8221; rt_bg_effect=&#8221;classic&#8221; rt_bg_image_repeat=&#8221;repeat&#8221; rt_bg_size=&#8221;cover&#8221; rt_bg_position=&#8221;right top&#8221; rt_bg_attachment=&#8221;scroll&#8221; rt_bg_video_format=&#8221;self-hosted&#8221;][vc_column width=&#8221;1\/2&#8243; rt_wrp_col_paddings=&#8221;false&#8221; rt_border_top=&#8221;&#8221; rt_border_bottom=&#8221;&#8221; rt_border_left=&#8221;&#8221; rt_border_right=&#8221;&#8221; rt_border_top_mobile=&#8221;&#8221; rt_border_bottom_mobile=&#8221;&#8221; rt_border_left_mobile=&#8221;&#8221; rt_border_right_mobile=&#8221;&#8221; rt_bg_image_repeat=&#8221;repeat&#8221; rt_bg_size=&#8221;auto auto&#8221; rt_bg_position=&#8221;right top&#8221; rt_bg_attachment=&#8221;scroll&#8221;][vc_single_image img_size=&#8221;full&#8221;][\/vc_column][vc_column width=&#8221;1\/2&#8243; rt_wrp_col_paddings=&#8221;false&#8221; rt_border_top=&#8221;&#8221; rt_border_bottom=&#8221;&#8221; rt_border_left=&#8221;&#8221; rt_border_right=&#8221;&#8221; rt_border_top_mobile=&#8221;&#8221; rt_border_bottom_mobile=&#8221;&#8221; rt_border_left_mobile=&#8221;&#8221; rt_border_right_mobile=&#8221;&#8221; rt_bg_image_repeat=&#8221;repeat&#8221; rt_bg_size=&#8221;auto auto&#8221; rt_bg_position=&#8221;right top&#8221; rt_bg_attachment=&#8221;scroll&#8221;]<div class=\"rt_heading_wrapper \">\n\t\t\t\t\t\t<h1 class=\"rt_heading  \" >Sanal Sunucu<\/h1>\n\t\t\t\t\t<\/div>[vc_column_text]Say\u0131s\u0131 artan sunucular\u0131n\u0131z\u0131 mevcut kaynaklar\u0131n\u0131zla y\u00f6netmekte zorlan\u0131yorsunuz ve yeni bir sunucu alman\u0131n ilk yat\u0131r\u0131m maliyetine katlanmak istemiyorsunuz.[\/vc_column_text]<div class=\"button_wrapper  alignleft\"><a  href=\"\" target=\"_self\" title=\"Paketleri G\u00f6r\" class=\"button_  body-font custom big\" style=\"color:#ffffff;background-color:#ee3124;border-color:#ee3124;border-radius:5px;border-width:1px;font-size:14px;\" data-hover-style=\"#ee3124\">Paketleri G\u00f6r<\/a><\/div>[\/vc_column][\/vc_row][vc_row rt_row_background_width=&#8221;default&#8221; rt_row_style=&#8221;default-style&#8221; rt_row_borders=&#8221;&#8221; rt_row_paddings=&#8221;true&#8221; rt_bg_effect=&#8221;classic&#8221; rt_bg_image_repeat=&#8221;repeat&#8221; rt_bg_size=&#8221;cover&#8221; rt_bg_position=&#8221;right top&#8221; rt_bg_attachment=&#8221;scroll&#8221; rt_bg_video_format=&#8221;self-hosted&#8221;][vc_column rt_wrp_col_paddings=&#8221;false&#8221; rt_border_top=&#8221;&#8221; rt_border_bottom=&#8221;&#8221; rt_border_left=&#8221;&#8221; rt_border_right=&#8221;&#8221; rt_border_top_mobile=&#8221;&#8221; rt_border_bottom_mobile=&#8221;&#8221; rt_border_left_mobile=&#8221;&#8221; rt_border_right_mobile=&#8221;&#8221; rt_bg_image_repeat=&#8221;repeat&#8221; rt_bg_size=&#8221;auto auto&#8221; rt_bg_position=&#8221;right top&#8221; rt_bg_attachment=&#8221;scroll&#8221;][vc_empty_space height=&#8221;1&#8243;][vc_separator style=&#8221;style-4&#8243; color=&#8221;#003c71&#8243;][\/vc_column][\/vc_row][vc_row rt_row_background_width=&#8221;default&#8221; rt_row_style=&#8221;default-style&#8221; rt_row_borders=&#8221;&#8221; rt_row_paddings=&#8221;true&#8221; rt_bg_effect=&#8221;classic&#8221; rt_bg_image_repeat=&#8221;repeat&#8221; rt_bg_size=&#8221;cover&#8221; rt_bg_position=&#8221;right top&#8221; rt_bg_attachment=&#8221;scroll&#8221; rt_bg_video_format=&#8221;self-hosted&#8221;][vc_column rt_wrp_col_paddings=&#8221;false&#8221; rt_border_top=&#8221;&#8221; rt_border_bottom=&#8221;&#8221; rt_border_left=&#8221;&#8221; rt_border_right=&#8221;&#8221; rt_border_top_mobile=&#8221;&#8221; rt_border_bottom_mobile=&#8221;&#8221; rt_border_left_mobile=&#8221;&#8221; rt_border_right_mobile=&#8221;&#8221; rt_bg_image_repeat=&#8221;repeat&#8221; rt_bg_size=&#8221;auto auto&#8221; rt_bg_position=&#8221;right top&#8221; rt_bg_attachment=&#8221;scroll&#8221;][vc_tta_accordion style=&#8221;modern&#8221; active_section=&#8221;0&#8243; collapsible_all=&#8221;true&#8221;][vc_tta_section title=&#8221;Sanal Sunucu Hizmeti nedir?&#8221; tab_id=&#8221;sanal-sunucu-hizmeti-nedir&#8221;][vc_column_text]Netbone Sanal Sunucu hizmeti ile firman\u0131z\u0131n sunucu ve lisans ihtiya\u00e7lar\u0131n\u0131 ilk yat\u0131r\u0131ms\u0131z ve ek bir harcama yapman\u0131za gerek kalmadan Netbone\u2019un son teknoloji sanalla\u015ft\u0131rma platformundan kar\u015f\u0131layabilirsiniz. Sanal sunucular\u0131n\u0131z Netbone\u2019un uzman bilgi teknolojileri \u00e7al\u0131\u015fanlar\u0131 taraf\u0131ndan y\u00f6netilir. B\u00f6ylelikle hem maliyetlerinizi azaltabilir hem de veri merkezi i\u015fletim operasyonlar\u0131 i\u00e7in ayr\u0131lan insan kayna\u011f\u0131n\u0131 farkl\u0131 i\u015flerde konumland\u0131rabilirsiniz. Ayr\u0131ca, sunucu ihtiyac\u0131n\u0131z\u0131 Sanal Sunucu Hizmetinden faydalanarak kar\u015f\u0131laman\u0131z durumunda fiziksel bir veri merkezinde bulundurman\u0131za gerek kalmaz ve i\u015fletim gideri olu\u015fmaz.[\/vc_column_text][\/vc_tta_section][vc_tta_section title=&#8221;Sanal Sunucu Hizmeti kimler i\u00e7in ideal?&#8221; tab_id=&#8221;sanal-sunucu-hizmeti-kimler-icin-ideal&#8221;][vc_column_text]<\/p>\n<ul>\n<li>\u200bUygulamalar\u0131n\u0131n \u00e7al\u0131\u015ft\u0131\u011f\u0131 eski ortamlar yerine yeni teknoloji ile donat\u0131lm\u0131\u015f ortamlara ihtiya\u00e7 duyanlar.<\/li>\n<li>Artan veya azalan sunucu kapasitesini planlama ihtiyac\u0131 duymadan h\u0131zl\u0131 bir \u015fekilde art\u0131r\u0131p azaltmak isteyenler.<\/li>\n<li>Altyap\u0131 y\u00f6netiminde istihdam etmeksizin deneyimli ve uzman bir ekibe ihtiya\u00e7 duyanlar.<\/li>\n<li>Sunucu ilk yat\u0131r\u0131m maliyetine katlanmak istemeyenler.<\/li>\n<li>Uygulamalar\u0131n\u0131 m\u00fc\u015fterilerinin ihtiya\u00e7 duydu\u011fu y\u00fcksek performans seviyesinde \u00e7al\u0131\u015ft\u0131rmay\u0131 hedefleyenler.<\/li>\n<\/ul>\n<p>[\/vc_column_text][\/vc_tta_section][vc_tta_section title=&#8221;Sanal Sunucu Hizmeti nas\u0131l \u00e7al\u0131\u015f\u0131r?&#8221; tab_id=&#8221;sanal-sunucu-hizmeti-nasil-calisir&#8221;][vc_column_text]Talep etti\u011finiz sanal sunucular sizin i\u00e7in aktive edildikten sonra merkezinizdeki IP adresini sanal sunucunuzun IP adresine tan\u0131mlanarak internet \u00fczerinden IP to IP eri\u015fim sa\u011flan\u0131yor.[\/vc_column_text][\/vc_tta_section][vc_tta_section title=&#8221;Sanal Sunucu Hizmeti avantajlar\u0131 nelerdir?&#8221; tab_id=&#8221;sanal-sunucu-hizmeti-avantajlari-nelerdir&#8221;][vc_column_text]<\/p>\n<ul>\n<li>\u200bNetbone\u2019un kendisine ait omurgas\u0131 \u00fczerinden her ko\u015fulda y\u00fcksek h\u0131zlarda, kaliteli ve g\u00fcvenli eri\u015fim sa\u011flars\u0131n\u0131z.<\/li>\n<li>Kendi y\u00f6netti\u011fimiz yedekli altyap\u0131m\u0131z sayesinde ba\u011flant\u0131 ve IT hizmetlerini tek ve y\u00fcksek SLA\u2019da al\u0131rs\u0131n\u0131z.<\/li>\n<li>Veri merkezimizde Netbone standartlar\u0131 do\u011frultusunda uygulanan y\u00fcksek g\u00fcvenlik tedbirleri bilgi g\u00fcvenli\u011finizi garanti alt\u0131na al\u0131r.<\/li>\n<li>Netbone Veri Merkezindeki sistemler yedekli bir yap\u0131da tasarlanm\u0131\u015ft\u0131r. A\u011f ekipmanlar\u0131 ve hizmetlerinde yedeklilik ile hizmet s\u00fcreklili\u011finiz garanti alt\u0131na al\u0131n\u0131r.<\/li>\n<li>7\/24 g\u00fcvenlik ve birinci seviye destek personeli ile Netbone\u2019un kendi operasyonu i\u00e7in uygulad\u0131\u011f\u0131 g\u00fcvenlik ve destek seviyesinde hizmete ula\u015f\u0131rs\u0131n\u0131z.<\/li>\n<li>\u00c7a\u011fr\u0131 merkezimiz \u00fczerinden 7\/24 Netbone deste\u011fine ula\u015f\u0131rs\u0131n\u0131z.<\/li>\n<li>Netbone\u2019un yat\u0131r\u0131m g\u00fcc\u00fcnden yararlanarak, b\u00fcy\u00fcyen \u015firketinizin yeni ve daha fazla teknolojik altyap\u0131ya ihtiyac\u0131 oldu\u011funda h\u0131zl\u0131ca \u00f6l\u00e7eklenir.<\/li>\n<li>Veri merkezi operasyonlar\u0131n\u0131z\u0131 uzaktan online izler, kontrol edersiniz.<\/li>\n<li>Sunucular\u0131n\u0131z 7\/24 izlenir ve gerekti\u011finde acil olarak temel m\u00fcdahaleler ger\u00e7ekle\u015ftirilir.<\/li>\n<li>Kendi veri merkezinizi in\u015fa etmenin ve y\u00f6netmenin maliyet, zahmet ve risklerini ortadan kald\u0131r\u0131rs\u0131n\u0131z. Sunucular\u0131n\u0131z i\u00e7in ay\u0131raca\u011f\u0131n\u0131z fiziksel alandan, personel, i\u015fletme ve bak\u0131m giderlerinden, g\u00fc\u00e7 ve so\u011futma i\u00e7in harcayaca\u011f\u0131n\u0131z enerjiden tasarruf edersiniz.<\/li>\n<li>Sunucular\u0131n\u0131zda downtime azal\u0131r eri\u015filebilirlik artar.<\/li>\n<li>Size \u00f6zel IP tahsis edilir.<\/li>\n<\/ul>\n<p>[\/vc_column_text][\/vc_tta_section][\/vc_tta_accordion][\/vc_column][\/vc_row][vc_row rt_row_background_width=&#8221;fullwidth&#8221; rt_row_content_width=&#8221;default&#8221; rt_row_style=&#8221;default-style&#8221; rt_row_borders=&#8221;&#8221; rt_row_paddings=&#8221;true&#8221; rt_bg_effect=&#8221;classic&#8221; rt_bg_image_repeat=&#8221;repeat&#8221; rt_bg_size=&#8221;cover&#8221; rt_bg_position=&#8221;right top&#8221; rt_bg_attachment=&#8221;scroll&#8221; rt_bg_video_format=&#8221;self-hosted&#8221; rt_bg_color=&#8221;#ebebeb&#8221;][vc_column rt_wrp_col_paddings=&#8221;false&#8221; rt_border_top=&#8221;&#8221; rt_border_bottom=&#8221;&#8221; rt_border_left=&#8221;&#8221; rt_border_right=&#8221;&#8221; rt_border_top_mobile=&#8221;&#8221; rt_border_bottom_mobile=&#8221;&#8221; rt_border_left_mobile=&#8221;&#8221; rt_border_right_mobile=&#8221;&#8221; rt_bg_image_repeat=&#8221;repeat&#8221; rt_bg_size=&#8221;auto auto&#8221; rt_bg_position=&#8221;right top&#8221; rt_bg_attachment=&#8221;scroll&#8221;][vc_column_text]<\/p>\n<p style=\"text-align: center;\"><span style=\"font-size: 24pt;\">5 Ad\u0131mda Sanal Sunucu Kullanmaya Ba\u015flay\u0131n<\/span><\/p>\n<p>[\/vc_column_text][\/vc_column][\/vc_row][vc_row rt_row_background_width=&#8221;fullwidth&#8221; rt_row_content_width=&#8221;default&#8221; rt_row_style=&#8221;default-style&#8221; rt_row_borders=&#8221;&#8221; rt_row_paddings=&#8221;true&#8221; rt_bg_effect=&#8221;classic&#8221; rt_bg_image_repeat=&#8221;repeat&#8221; rt_bg_size=&#8221;cover&#8221; rt_bg_position=&#8221;right top&#8221; rt_bg_attachment=&#8221;scroll&#8221; rt_bg_video_format=&#8221;self-hosted&#8221; rt_bg_color=&#8221;#ebebeb&#8221;][vc_column width=&#8221;1\/5&#8243; rt_wrp_col_paddings=&#8221;false&#8221; rt_border_top=&#8221;&#8221; rt_border_bottom=&#8221;&#8221; rt_border_left=&#8221;&#8221; rt_border_right=&#8221;&#8221; rt_border_top_mobile=&#8221;&#8221; rt_border_bottom_mobile=&#8221;&#8221; rt_border_left_mobile=&#8221;&#8221; rt_border_right_mobile=&#8221;&#8221; rt_bg_image_repeat=&#8221;repeat&#8221; rt_bg_size=&#8221;auto auto&#8221; rt_bg_position=&#8221;right top&#8221; rt_bg_attachment=&#8221;scroll&#8221;][vc_single_image alignment=&#8221;center&#8221;][vc_column_text]I am text block. Click edit button to change this text. Lorem ipsum dolor sit amet, consectetur adipiscing elit. Ut elit tellus, luctus nec ullamcorper mattis, pulvinar dapibus leo.[\/vc_column_text][\/vc_column][vc_column width=&#8221;1\/5&#8243; rt_wrp_col_paddings=&#8221;false&#8221; rt_border_top=&#8221;&#8221; rt_border_bottom=&#8221;&#8221; rt_border_left=&#8221;&#8221; rt_border_right=&#8221;&#8221; rt_border_top_mobile=&#8221;&#8221; rt_border_bottom_mobile=&#8221;&#8221; rt_border_left_mobile=&#8221;&#8221; rt_border_right_mobile=&#8221;&#8221; rt_bg_image_repeat=&#8221;repeat&#8221; rt_bg_size=&#8221;auto auto&#8221; rt_bg_position=&#8221;right top&#8221; rt_bg_attachment=&#8221;scroll&#8221;][vc_single_image alignment=&#8221;center&#8221;][vc_column_text]I am text block. Click edit button to change this text. Lorem ipsum dolor sit amet, consectetur adipiscing elit. Ut elit tellus, luctus nec ullamcorper mattis, pulvinar dapibus leo.[\/vc_column_text][\/vc_column][vc_column width=&#8221;1\/5&#8243; rt_wrp_col_paddings=&#8221;false&#8221; rt_border_top=&#8221;&#8221; rt_border_bottom=&#8221;&#8221; rt_border_left=&#8221;&#8221; rt_border_right=&#8221;&#8221; rt_border_top_mobile=&#8221;&#8221; rt_border_bottom_mobile=&#8221;&#8221; rt_border_left_mobile=&#8221;&#8221; rt_border_right_mobile=&#8221;&#8221; rt_bg_image_repeat=&#8221;repeat&#8221; rt_bg_size=&#8221;auto auto&#8221; rt_bg_position=&#8221;right top&#8221; rt_bg_attachment=&#8221;scroll&#8221;][vc_single_image alignment=&#8221;center&#8221;][vc_column_text]<\/p>\n<p>I am text block. Click edit button to change this text. Lorem ipsum dolor sit amet, consectetur adipiscing elit. Ut elit tellus, luctus nec ullamcorper mattis, pulvinar dapibus leo.<\/p>\n<p>[\/vc_column_text][\/vc_column][vc_column width=&#8221;1\/5&#8243; rt_wrp_col_paddings=&#8221;false&#8221; rt_border_top=&#8221;&#8221; rt_border_bottom=&#8221;&#8221; rt_border_left=&#8221;&#8221; rt_border_right=&#8221;&#8221; rt_border_top_mobile=&#8221;&#8221; rt_border_bottom_mobile=&#8221;&#8221; rt_border_left_mobile=&#8221;&#8221; rt_border_right_mobile=&#8221;&#8221; rt_bg_image_repeat=&#8221;repeat&#8221; rt_bg_size=&#8221;auto auto&#8221; rt_bg_position=&#8221;right top&#8221; rt_bg_attachment=&#8221;scroll&#8221;][vc_single_image alignment=&#8221;center&#8221;][vc_column_text]I am text block. Click edit button to change this text. Lorem ipsum dolor sit amet, consectetur adipiscing elit. Ut elit tellus, luctus nec ullamcorper mattis, pulvinar dapibus leo.[\/vc_column_text][\/vc_column][vc_column width=&#8221;1\/5&#8243; rt_wrp_col_paddings=&#8221;false&#8221; rt_border_top=&#8221;&#8221; rt_border_bottom=&#8221;&#8221; rt_border_left=&#8221;&#8221; rt_border_right=&#8221;&#8221; rt_border_top_mobile=&#8221;&#8221; rt_border_bottom_mobile=&#8221;&#8221; rt_border_left_mobile=&#8221;&#8221; rt_border_right_mobile=&#8221;&#8221; rt_bg_image_repeat=&#8221;repeat&#8221; rt_bg_size=&#8221;auto auto&#8221; rt_bg_position=&#8221;right top&#8221; rt_bg_attachment=&#8221;scroll&#8221;][vc_single_image alignment=&#8221;center&#8221;][vc_column_text]I am text block. Click edit button to change this text. Lorem ipsum dolor sit amet, consectetur adipiscing elit. Ut elit tellus, luctus nec ullamcorper mattis, pulvinar dapibus leo.[\/vc_column_text][\/vc_column][\/vc_row]<\/p>\n","protected":false},"excerpt":{"rendered":"<p>[vc_row rt_row_background_width=&#8221;default&#8221; rt_row_style=&#8221;default-style&#8221; rt_row_borders=&#8221;&#8221; rt_row_paddings=&#8221;true&#8221; rt_bg_effect=&#8221;classic&#8221; rt_bg_image_repeat=&#8221;repeat&#8221; rt_bg_size=&#8221;cover&#8221; rt_bg_position=&#8221;right top&#8221; rt_bg_attachment=&#8221;scroll&#8221; rt_bg_video_format=&#8221;self-hosted&#8221;][vc_column width=&#8221;1\/2&#8243; rt_wrp_col_paddings=&#8221;false&#8221; rt_border_top=&#8221;&#8221; rt_border_bottom=&#8221;&#8221; rt_border_left=&#8221;&#8221; rt_border_right=&#8221;&#8221; rt_border_top_mobile=&#8221;&#8221; rt_border_bottom_mobile=&#8221;&#8221; rt_border_left_mobile=&#8221;&#8221; rt_border_right_mobile=&#8221;&#8221; rt_bg_image_repeat=&#8221;repeat&#8221; rt_bg_size=&#8221;auto auto&#8221; rt_bg_position=&#8221;right top&#8221; rt_bg_attachment=&#8221;scroll&#8221;][vc_single_image img_size=&#8221;full&#8221;][\/vc_column][vc_column width=&#8221;1\/2&#8243; rt_wrp_col_paddings=&#8221;false&#8221; rt_border_top=&#8221;&#8221; rt_border_bottom=&#8221;&#8221; rt_border_left=&#8221;&#8221; rt_border_right=&#8221;&#8221; rt_border_top_mobile=&#8221;&#8221; rt_border_bottom_mobile=&#8221;&#8221; rt_border_left_mobile=&#8221;&#8221; rt_border_right_mobile=&#8221;&#8221; rt_bg_image_repeat=&#8221;repeat&#8221; rt_bg_size=&#8221;auto auto&#8221; rt_bg_position=&#8221;right top&#8221; rt_bg_attachment=&#8221;scroll&#8221;][vc_column_text]Say\u0131s\u0131 artan sunucular\u0131n\u0131z\u0131 mevcut kaynaklar\u0131n\u0131zla y\u00f6netmekte zorlan\u0131yorsunuz ve yeni bir sunucu [&hellip;]<\/p>\n","protected":false},"author":1,"featured_media":0,"parent":0,"menu_order":0,"comment_status":"closed","ping_status":"closed","template":"","meta":{"footnotes":""},"class_list":["post-4274","page","type-page","status-publish","hentry"],"_links":{"self":[{"href":"https:\/\/netbone.com.tr\/kurumsal\/wp-json\/wp\/v2\/pages\/4274","targetHints":{"allow":["GET"]}}],"collection":[{"href":"https:\/\/netbone.com.tr\/kurumsal\/wp-json\/wp\/v2\/pages"}],"about":[{"href":"https:\/\/netbone.com.tr\/kurumsal\/wp-json\/wp\/v2\/types\/page"}],"author":[{"embeddable":true,"href":"https:\/\/netbone.com.tr\/kurumsal\/wp-json\/wp\/v2\/users\/1"}],"replies":[{"embeddable":true,"href":"https:\/\/netbone.com.tr\/kurumsal\/wp-json\/wp\/v2\/comments?post=4274"}],"version-history":[{"count":4,"href":"https:\/\/netbone.com.tr\/kurumsal\/wp-json\/wp\/v2\/pages\/4274\/revisions"}],"predecessor-version":[{"id":4977,"href":"https:\/\/netbone.com.tr\/kurumsal\/wp-json\/wp\/v2\/pages\/4274\/revisions\/4977"}],"wp:attachment":[{"href":"https:\/\/netbone.com.tr\/kurumsal\/wp-json\/wp\/v2\/media?parent=4274"}],"curies":[{"name":"wp","href":"https:\/\/api.w.org\/{rel}","templated":true}]}}