{"id":4276,"date":"2021-02-10T15:18:01","date_gmt":"2021-02-10T12:18:01","guid":{"rendered":"https:\/\/netbone.com.tr\/kurumsal\/?page_id=4276"},"modified":"2021-02-23T11:11:41","modified_gmt":"2021-02-23T08:11:41","slug":"sanal-veri-merkezi","status":"publish","type":"page","link":"https:\/\/netbone.com.tr\/kurumsal\/sanal-veri-merkezi\/","title":{"rendered":"Sanal Veri Merkezi"},"content":{"rendered":"<p>[vc_row rt_row_background_width=&#8221;default&#8221; rt_row_style=&#8221;default-style&#8221; rt_row_borders=&#8221;&#8221; rt_row_paddings=&#8221;true&#8221; rt_bg_effect=&#8221;classic&#8221; rt_bg_image_repeat=&#8221;repeat&#8221; rt_bg_size=&#8221;cover&#8221; rt_bg_position=&#8221;right top&#8221; rt_bg_attachment=&#8221;scroll&#8221; rt_bg_video_format=&#8221;self-hosted&#8221;][vc_column width=&#8221;1\/2&#8243; rt_wrp_col_paddings=&#8221;false&#8221; rt_border_top=&#8221;&#8221; rt_border_bottom=&#8221;&#8221; rt_border_left=&#8221;&#8221; rt_border_right=&#8221;&#8221; rt_border_top_mobile=&#8221;&#8221; rt_border_bottom_mobile=&#8221;&#8221; rt_border_left_mobile=&#8221;&#8221; rt_border_right_mobile=&#8221;&#8221; rt_bg_image_repeat=&#8221;repeat&#8221; rt_bg_size=&#8221;auto auto&#8221; rt_bg_position=&#8221;right top&#8221; rt_bg_attachment=&#8221;scroll&#8221;][vc_single_image img_size=&#8221;full&#8221;][\/vc_column][vc_column width=&#8221;1\/2&#8243; rt_wrp_col_paddings=&#8221;false&#8221; rt_border_top=&#8221;&#8221; rt_border_bottom=&#8221;&#8221; rt_border_left=&#8221;&#8221; rt_border_right=&#8221;&#8221; rt_border_top_mobile=&#8221;&#8221; rt_border_bottom_mobile=&#8221;&#8221; rt_border_left_mobile=&#8221;&#8221; rt_border_right_mobile=&#8221;&#8221; rt_bg_image_repeat=&#8221;repeat&#8221; rt_bg_size=&#8221;auto auto&#8221; rt_bg_position=&#8221;right top&#8221; rt_bg_attachment=&#8221;scroll&#8221;]<div class=\"rt_heading_wrapper \">\n\t\t\t\t\t\t<h1 class=\"rt_heading  \" >Sanal Veri Merkezi<\/h1>\n\t\t\t\t\t<\/div>[vc_column_text]Veri merkezi altyap\u0131 ihtiya\u00e7lar\u0131n\u0131z\u0131 toplam sanal bir kapasite (GHZ-i\u015flemci g\u00fcc\u00fc, RAM-bellek ve veri depolama alan\u0131) sunarak y\u00f6netmenizi sa\u011flayan sunucu altyap\u0131s\u0131 ve tamamen otomatize bir y\u00f6netim panelidir.[\/vc_column_text]<div class=\"button_wrapper  alignleft\"><a  href=\"\" target=\"_self\" title=\"Paketleri G\u00f6r\" class=\"button_  body-font custom big\" style=\"color:#ffffff;background-color:#ee3124;border-color:#ee3124;border-radius:5px;border-width:1px;font-size:14px;\" data-hover-style=\"#ee3124\">Paketleri G\u00f6r<\/a><\/div>[\/vc_column][\/vc_row][vc_row rt_row_background_width=&#8221;default&#8221; rt_row_style=&#8221;default-style&#8221; rt_row_borders=&#8221;&#8221; rt_row_paddings=&#8221;true&#8221; rt_bg_effect=&#8221;classic&#8221; rt_bg_image_repeat=&#8221;repeat&#8221; rt_bg_size=&#8221;cover&#8221; rt_bg_position=&#8221;right top&#8221; rt_bg_attachment=&#8221;scroll&#8221; rt_bg_video_format=&#8221;self-hosted&#8221;][vc_column rt_wrp_col_paddings=&#8221;false&#8221; rt_border_top=&#8221;&#8221; rt_border_bottom=&#8221;&#8221; rt_border_left=&#8221;&#8221; rt_border_right=&#8221;&#8221; rt_border_top_mobile=&#8221;&#8221; rt_border_bottom_mobile=&#8221;&#8221; rt_border_left_mobile=&#8221;&#8221; rt_border_right_mobile=&#8221;&#8221; rt_bg_image_repeat=&#8221;repeat&#8221; rt_bg_size=&#8221;auto auto&#8221; rt_bg_position=&#8221;right top&#8221; rt_bg_attachment=&#8221;scroll&#8221;][vc_empty_space height=&#8221;1&#8243;][vc_separator style=&#8221;style-4&#8243; color=&#8221;#003c71&#8243;][\/vc_column][\/vc_row][vc_row rt_row_background_width=&#8221;default&#8221; rt_row_style=&#8221;default-style&#8221; rt_row_borders=&#8221;&#8221; rt_row_paddings=&#8221;true&#8221; rt_bg_effect=&#8221;classic&#8221; rt_bg_image_repeat=&#8221;repeat&#8221; rt_bg_size=&#8221;cover&#8221; rt_bg_position=&#8221;right top&#8221; rt_bg_attachment=&#8221;scroll&#8221; rt_bg_video_format=&#8221;self-hosted&#8221;][vc_column rt_wrp_col_paddings=&#8221;false&#8221; rt_border_top=&#8221;&#8221; rt_border_bottom=&#8221;&#8221; rt_border_left=&#8221;&#8221; rt_border_right=&#8221;&#8221; rt_border_top_mobile=&#8221;&#8221; rt_border_bottom_mobile=&#8221;&#8221; rt_border_left_mobile=&#8221;&#8221; rt_border_right_mobile=&#8221;&#8221; rt_bg_image_repeat=&#8221;repeat&#8221; rt_bg_size=&#8221;auto auto&#8221; rt_bg_position=&#8221;right top&#8221; rt_bg_attachment=&#8221;scroll&#8221;][vc_tta_accordion style=&#8221;modern&#8221; active_section=&#8221;0&#8243; collapsible_all=&#8221;true&#8221;][vc_tta_section title=&#8221;Sanal Veri Merkezi nedir?&#8221; tab_id=&#8221;sanal-veri-merkezi-nedir&#8221;][vc_column_text]<\/p>\n<ul>\n<li class=\"product-detail-text\">Sanal Veri Merkezi sanalla\u015ft\u0131rma altyap\u0131s\u0131 ve sanal a\u011f ba\u011flant\u0131lar\u0131n\u0131 birlikte sunabilmektedir. Sanal Veri Merkezi kolayl\u0131kla Netbone omurgas\u0131 ve sanal a\u011f\u0131na(VPN) entegre olabilmektedir.<\/li>\n<li class=\"product-detail-text\">B\u00f6ylece Sanal Veri Merkezi hizmeti kurumsal VPN\u2019iniz i\u00e7inde \u00f6zel bulutunuz(private cloud) gibi \u00e7al\u0131\u015fabilmektedir. Sunulan y\u00f6netim panelinde sanal g\u00fcvenlik duvar\u0131 ve sanal y\u00fck dengeleyici \u00f6zellikleri bulunmaktad\u0131r.<\/li>\n<li class=\"product-detail-text\">Bu \u00f6zellikler sayesinde internet ba\u011flant\u0131lar\u0131n\u0131zda da g\u00fcvenli\u011finizi ek bir g\u00fcvenlik duvar\u0131 veya y\u00fck dengeleyici yat\u0131r\u0131m\u0131 yapmadan sa\u011flayabilirsiniz.<\/li>\n<li class=\"product-detail-text\">Fiziksel veri merkezinizle e\u015fde\u011fer \u00f6zellikleri Sanal Veri Merkezi hizmetiyle kar\u015f\u0131layabilirsiniz. Ayn\u0131 kontrol ve y\u00f6netim yeteneklerini sa\u011flarken, \u00f6n yat\u0131r\u0131m, enerji, bar\u0131nd\u0131rma, a\u011f donan\u0131m\u0131 ve y\u00f6netim maliyetlerinizde avantaj sa\u011flars\u0131n\u0131z.<\/li>\n<\/ul>\n<p>[\/vc_column_text][\/vc_tta_section][vc_tta_section title=&#8221;Sanal Veri Merkezi kimler i\u00e7in ideal?&#8221; tab_id=&#8221;sanal-veri-merkezi-kimler-icin-ideal&#8221;][vc_column_text]<\/p>\n<ul>\n<li>\u200b\u200b\u00c7ok say\u0131da sunucu ve veri merkezi altyap\u0131s\u0131 y\u00f6neten.<\/li>\n<li>Bilgi teknolojileri altyap\u0131 tedarik s\u00fcre\u00e7lerini verimli ve basit hale getirmek isteyen.<\/li>\n<li>Artan veya azalan sunucu kapasitesini planlama ihtiyac\u0131 duymadan h\u0131zl\u0131 bir \u015fekilde artt\u0131r\u0131p azaltmak isteyen.<\/li>\n<li>Yeni teknoloji ile donat\u0131lm\u0131\u015f bilgi teknolojileri altyap\u0131s\u0131na ihtiya\u00e7 duyan.<\/li>\n<li>Veri merkezi ve sunucu altyap\u0131s\u0131 ilk yat\u0131r\u0131m maliyetine katlanmak istemeyen.<\/li>\n<li>Uygulamalar\u0131n\u0131 m\u00fc\u015fterilerinin ihtiya\u00e7 duydu\u011fu y\u00fcksek performans seviyesinde \u00e7al\u0131\u015ft\u0131rmay\u0131 hedefleyen.<\/li>\n<\/ul>\n<p>[\/vc_column_text][\/vc_tta_section][vc_tta_section title=&#8221;Sanal Veri Merkezi nas\u0131l \u00e7al\u0131\u015f\u0131r?&#8221; tab_id=&#8221;sanal-veri-merkezi-nasil-calisir&#8221;][vc_column_text]\u200b\u0130htiyac\u0131n\u0131z olan i\u015flemci g\u00fcc\u00fc, bellek, veri depolama alan\u0131, i\u015fletim sistemi lisans\u0131 ve internet ba\u011flant\u0131s\u0131 ihtiya\u00e7lar\u0131n\u0131z sanal veri merkezine tan\u0131mlan\u0131r. M\u00fc\u015fteri portal\u0131 \u00fczerinden kullan\u0131c\u0131 ad\u0131 ve \u015fifrenizle VCloud Director y\u00f6netim paneline eri\u015ferek sanal veri merkezinizi y\u00f6netmeye ba\u015flayabilirsiniz.[\/vc_column_text][\/vc_tta_section][vc_tta_section title=&#8221;Sanal Veri Merkezi avantajlar\u0131 nelerdir?&#8221; tab_id=&#8221;sanal-veri-merkezi-avantajlari-nelerdir&#8221;][vc_column_text]<strong>\u200bMaliyet<\/strong><br \/>\n\u00d6n yat\u0131r\u0131m, enerji, bar\u0131nd\u0131rma, a\u011f donan\u0131m\u0131 ve y\u00f6netim maliyetlerinizde avantaj sa\u011flars\u0131n\u0131z. Bilgi teknolojileri altyap\u0131 tedarik s\u00fcre\u00e7leriniz daha basit ve verimli hale gelir. Sanal g\u00fcvenlik duvar\u0131 ve y\u00fck dengeleyici uygulamalar\u0131na ayr\u0131ca yat\u0131r\u0131m yapman\u0131z gerekmez. Kulland\u0131\u011f\u0131n kadar \u00f6de modeliyle b\u00fct\u00e7enizi daha etkin y\u00f6netirsiniz. Sanal Veri Merkezi hizmetinden faydalanan Netbone m\u00fc\u015fterileri Veri Merkezi Internet ve Veri Merkezi Sanal A\u011f(VPN) \u00fcr\u00fcnleriyle ba\u011flant\u0131 \u00fccretleri artmadan bu hizmetten faydalanabilirler.<\/p>\n<p><strong>Esnek<\/strong><br \/>\n\u0130htiya\u00e7 duydu\u011funuz anda kapasitenizi (GHZ-i\u015flemci g\u00fcc\u00fc, RAM-bellek ve veri depolama alan\u0131) azalt\u0131p artt\u0131rabilirsiniz. Sanal Veri Merkezi hizmetiyle fiziksel sunucularda kar\u015f\u0131la\u015ft\u0131\u011f\u0131n\u0131z haftalar\u0131 bulabilen tedarik s\u00fcrelerini dakikalar seviyesine indirmi\u015f olursunuz.<\/p>\n<p><strong>Genel(Public) ve \u00d6zel(Private) Bulutunuz Tek Bir A\u011f ve Platformda<\/strong><br \/>\nNetbone Sanal A\u011f (VPN) ve Sanal Veri Merkezi \u00fcr\u00fcnleri entegre \u00e7al\u0131\u015farak, firman\u0131za \u00f6zel bulutunuzu ve a\u011f\u0131n\u0131z\u0131 olu\u015fturabilmektedir. Ayn\u0131 zamanda g\u00fcvenlik duvar\u0131 ve y\u00fck dengeleyici \u00f6zellikleriyle bulutunuzu internete de g\u00fcvenle a\u00e7abilirsiniz. T\u00fcm uygulamalar\u0131n\u0131z\u0131 bu tek platform \u00fczerinde \u00e7al\u0131\u015ft\u0131rabilirsiniz.<\/p>\n<p><strong>G\u00fcvenli<\/strong><br \/>\nDepolad\u0131\u011f\u0131n\u0131z ve yedekledi\u011finiz t\u00fcm dosyalar\u0131n\u0131z ileri teknoloji ile donat\u0131lm\u0131\u015f Netbone veri merkezinde banka seviyesinde g\u00fcvenli ve \u015fifrelenmi\u015f olarak tutulmaktad\u0131r. Sanal Veri Merkezi hizmeti MPLS teknolojisiyle g\u00fcvenli\u011fi sa\u011flanm\u0131\u015f bir hizmettir. Firman\u0131z\u0131n verileri, uygulamalar\u0131 ve di\u011fer \u00f6nemli bilgileri MPLS ile ayr\u0131\u015ft\u0131r\u0131larak korunmaktad\u0131r. Fiziksel bir veri merkezi ve ileti\u015fim a\u011f\u0131nda oldu\u011fu gibi sanal veri merkezinde de farkl\u0131 VLAN\u2019lar yaratabilir, DMZ aktif edebilir, \u00e7oklu kademeli (multi-tiered) a\u011flar kullanabilirsiniz. Sanal Veri Merkezi hizmetine dahil olarak sunulan sanal g\u00fcvenlik duvar\u0131yla g\u00fcvenlik ayarlar\u0131n\u0131z\u0131 y\u00f6netebilirsiniz. Netbone DDoS atak \u00f6nleme ve y\u00f6netilebilir g\u00fcvenlik hizmetlerini de kullanarak g\u00fcvenli\u011finizi en \u00fcst d\u00fczeye ta\u015f\u0131yabilirsiniz.<\/p>\n<p><strong>En Yeni Teknoloji Altyap\u0131lar\u0131<\/strong><br \/>\nSanal Veri Merkezi hizmetinin alt yap\u0131s\u0131nda i\u015flemci g\u00fcc\u00fc y\u00fcksek sunucu altyap\u0131lar\u0131, IOPS de\u011feri ortalama 250.000 olan veri depolama donan\u0131mlar\u0131 ve VMware\u2019in son versiyon hiperviz\u00f6r yaz\u0131l\u0131mlar\u0131 kullan\u0131lmaktad\u0131r.<\/p>\n<p><strong>Y\u00f6netim Kolayl\u0131\u011f\u0131<\/strong><br \/>\nVMware VCloud Director y\u00f6netim paneliyle sanal veri merkezinizi tamamen otomatize olarak y\u00f6netebilirsiniz. Yeni sanal sunucular yaratabilir, sunucular\u0131n\u0131z\u0131n a\u011f ayarlar\u0131n\u0131 kolayl\u0131kla y\u00f6netebilir ve istedi\u011finiz anda sanal sunucular\u0131n\u0131z\u0131n kapasitesini artt\u0131r\u0131p azaltabilirsiniz.[\/vc_column_text][\/vc_tta_section][vc_tta_section title=&#8221;Sanal Veri Merkezi \u00fccretlendirmesi nas\u0131l yap\u0131lmaktad\u0131r?&#8221; tab_id=&#8221;sanal-veri-merkezi-ucretlendirmesi-nasil-yapilmaktadir&#8221;][vc_column_text]<\/p>\n<ul>\n<li>\u200bTalep edilen i\u015flemci g\u00fcc\u00fc, bellek, veri depolama alan\u0131 ve i\u015fletim sistemi lisans\u0131 kapasitesine g\u00f6re ayl\u0131k hizmet tarifesi \u00fczerinden g\u00fcnl\u00fck \u00fccretlendirme yap\u0131lmaktad\u0131r.<\/li>\n<\/ul>\n<p>[\/vc_column_text][\/vc_tta_section][\/vc_tta_accordion][\/vc_column][\/vc_row][vc_row rt_row_background_width=&#8221;fullwidth&#8221; rt_row_content_width=&#8221;default&#8221; rt_row_style=&#8221;default-style&#8221; rt_row_borders=&#8221;&#8221; rt_row_paddings=&#8221;true&#8221; rt_bg_effect=&#8221;classic&#8221; rt_bg_image_repeat=&#8221;repeat&#8221; rt_bg_size=&#8221;cover&#8221; rt_bg_position=&#8221;right top&#8221; rt_bg_attachment=&#8221;scroll&#8221; rt_bg_video_format=&#8221;self-hosted&#8221; rt_bg_color=&#8221;#ebebeb&#8221;][vc_column rt_wrp_col_paddings=&#8221;false&#8221; rt_border_top=&#8221;&#8221; rt_border_bottom=&#8221;&#8221; rt_border_left=&#8221;&#8221; rt_border_right=&#8221;&#8221; rt_border_top_mobile=&#8221;&#8221; rt_border_bottom_mobile=&#8221;&#8221; rt_border_left_mobile=&#8221;&#8221; rt_border_right_mobile=&#8221;&#8221; rt_bg_image_repeat=&#8221;repeat&#8221; rt_bg_size=&#8221;auto auto&#8221; rt_bg_position=&#8221;right top&#8221; rt_bg_attachment=&#8221;scroll&#8221;][vc_column_text]<\/p>\n<p style=\"text-align: center;\"><span style=\"font-size: 24pt;\">5 Ad\u0131mda Sanal Veri Merkezi Kullanmaya Ba\u015flay\u0131n<\/span><\/p>\n<p>[\/vc_column_text][\/vc_column][\/vc_row][vc_row rt_row_background_width=&#8221;fullwidth&#8221; rt_row_content_width=&#8221;default&#8221; rt_row_style=&#8221;default-style&#8221; rt_row_borders=&#8221;&#8221; rt_row_paddings=&#8221;true&#8221; rt_bg_effect=&#8221;classic&#8221; rt_bg_image_repeat=&#8221;repeat&#8221; rt_bg_size=&#8221;cover&#8221; rt_bg_position=&#8221;right top&#8221; rt_bg_attachment=&#8221;scroll&#8221; rt_bg_video_format=&#8221;self-hosted&#8221; rt_bg_color=&#8221;#ebebeb&#8221;][vc_column width=&#8221;1\/5&#8243; rt_wrp_col_paddings=&#8221;false&#8221; rt_border_top=&#8221;&#8221; rt_border_bottom=&#8221;&#8221; rt_border_left=&#8221;&#8221; rt_border_right=&#8221;&#8221; rt_border_top_mobile=&#8221;&#8221; rt_border_bottom_mobile=&#8221;&#8221; rt_border_left_mobile=&#8221;&#8221; rt_border_right_mobile=&#8221;&#8221; rt_bg_image_repeat=&#8221;repeat&#8221; rt_bg_size=&#8221;auto auto&#8221; rt_bg_position=&#8221;right top&#8221; rt_bg_attachment=&#8221;scroll&#8221;][vc_single_image alignment=&#8221;center&#8221;][vc_column_text]<\/p>\n<p>I am text block. Click edit button to change this text. Lorem ipsum dolor sit amet, consectetur adipiscing elit. Ut elit tellus, luctus nec ullamcorper mattis, pulvinar dapibus leo.<\/p>\n<p>[\/vc_column_text][\/vc_column][vc_column width=&#8221;1\/5&#8243; rt_wrp_col_paddings=&#8221;false&#8221; rt_border_top=&#8221;&#8221; rt_border_bottom=&#8221;&#8221; rt_border_left=&#8221;&#8221; rt_border_right=&#8221;&#8221; rt_border_top_mobile=&#8221;&#8221; rt_border_bottom_mobile=&#8221;&#8221; rt_border_left_mobile=&#8221;&#8221; rt_border_right_mobile=&#8221;&#8221; rt_bg_image_repeat=&#8221;repeat&#8221; rt_bg_size=&#8221;auto auto&#8221; rt_bg_position=&#8221;right top&#8221; rt_bg_attachment=&#8221;scroll&#8221;][vc_single_image alignment=&#8221;center&#8221;][vc_column_text]<\/p>\n<p>I am text block. Click edit button to change this text. Lorem ipsum dolor sit amet, consectetur adipiscing elit. Ut elit tellus, luctus nec ullamcorper mattis, pulvinar dapibus leo.<\/p>\n<p>[\/vc_column_text][\/vc_column][vc_column width=&#8221;1\/5&#8243; rt_wrp_col_paddings=&#8221;false&#8221; rt_border_top=&#8221;&#8221; rt_border_bottom=&#8221;&#8221; rt_border_left=&#8221;&#8221; rt_border_right=&#8221;&#8221; rt_border_top_mobile=&#8221;&#8221; rt_border_bottom_mobile=&#8221;&#8221; rt_border_left_mobile=&#8221;&#8221; rt_border_right_mobile=&#8221;&#8221; rt_bg_image_repeat=&#8221;repeat&#8221; rt_bg_size=&#8221;auto auto&#8221; rt_bg_position=&#8221;right top&#8221; rt_bg_attachment=&#8221;scroll&#8221;][vc_single_image alignment=&#8221;center&#8221;][vc_column_text]I am text block. Click edit button to change this text. Lorem ipsum dolor sit amet, consectetur adipiscing elit. Ut elit tellus, luctus nec ullamcorper mattis, pulvinar dapibus leo.[\/vc_column_text][\/vc_column][vc_column width=&#8221;1\/5&#8243; rt_wrp_col_paddings=&#8221;false&#8221; rt_border_top=&#8221;&#8221; rt_border_bottom=&#8221;&#8221; rt_border_left=&#8221;&#8221; rt_border_right=&#8221;&#8221; rt_border_top_mobile=&#8221;&#8221; rt_border_bottom_mobile=&#8221;&#8221; rt_border_left_mobile=&#8221;&#8221; rt_border_right_mobile=&#8221;&#8221; rt_bg_image_repeat=&#8221;repeat&#8221; rt_bg_size=&#8221;auto auto&#8221; rt_bg_position=&#8221;right top&#8221; rt_bg_attachment=&#8221;scroll&#8221;][vc_single_image alignment=&#8221;center&#8221;][vc_column_text]<\/p>\n<p>I am text block. Click edit button to change this text. Lorem ipsum dolor sit amet, consectetur adipiscing elit. Ut elit tellus, luctus nec ullamcorper mattis, pulvinar dapibus leo.<\/p>\n<p>[\/vc_column_text][\/vc_column][vc_column width=&#8221;1\/5&#8243; rt_wrp_col_paddings=&#8221;false&#8221; rt_border_top=&#8221;&#8221; rt_border_bottom=&#8221;&#8221; rt_border_left=&#8221;&#8221; rt_border_right=&#8221;&#8221; rt_border_top_mobile=&#8221;&#8221; rt_border_bottom_mobile=&#8221;&#8221; rt_border_left_mobile=&#8221;&#8221; rt_border_right_mobile=&#8221;&#8221; rt_bg_image_repeat=&#8221;repeat&#8221; rt_bg_size=&#8221;auto auto&#8221; rt_bg_position=&#8221;right top&#8221; rt_bg_attachment=&#8221;scroll&#8221;][vc_single_image alignment=&#8221;center&#8221;][vc_column_text]<\/p>\n<p>I am text block. Click edit button to change this text. Lorem ipsum dolor sit amet, consectetur adipiscing elit. Ut elit tellus, luctus nec ullamcorper mattis, pulvinar dapibus leo.<\/p>\n<p>[\/vc_column_text][\/vc_column][\/vc_row]<\/p>\n","protected":false},"excerpt":{"rendered":"<p>[vc_row rt_row_background_width=&#8221;default&#8221; rt_row_style=&#8221;default-style&#8221; rt_row_borders=&#8221;&#8221; rt_row_paddings=&#8221;true&#8221; rt_bg_effect=&#8221;classic&#8221; rt_bg_image_repeat=&#8221;repeat&#8221; rt_bg_size=&#8221;cover&#8221; rt_bg_position=&#8221;right top&#8221; rt_bg_attachment=&#8221;scroll&#8221; rt_bg_video_format=&#8221;self-hosted&#8221;][vc_column width=&#8221;1\/2&#8243; rt_wrp_col_paddings=&#8221;false&#8221; rt_border_top=&#8221;&#8221; rt_border_bottom=&#8221;&#8221; rt_border_left=&#8221;&#8221; rt_border_right=&#8221;&#8221; rt_border_top_mobile=&#8221;&#8221; rt_border_bottom_mobile=&#8221;&#8221; rt_border_left_mobile=&#8221;&#8221; rt_border_right_mobile=&#8221;&#8221; rt_bg_image_repeat=&#8221;repeat&#8221; rt_bg_size=&#8221;auto auto&#8221; rt_bg_position=&#8221;right top&#8221; rt_bg_attachment=&#8221;scroll&#8221;][vc_single_image img_size=&#8221;full&#8221;][\/vc_column][vc_column width=&#8221;1\/2&#8243; rt_wrp_col_paddings=&#8221;false&#8221; rt_border_top=&#8221;&#8221; rt_border_bottom=&#8221;&#8221; rt_border_left=&#8221;&#8221; rt_border_right=&#8221;&#8221; rt_border_top_mobile=&#8221;&#8221; rt_border_bottom_mobile=&#8221;&#8221; rt_border_left_mobile=&#8221;&#8221; rt_border_right_mobile=&#8221;&#8221; rt_bg_image_repeat=&#8221;repeat&#8221; rt_bg_size=&#8221;auto auto&#8221; rt_bg_position=&#8221;right top&#8221; rt_bg_attachment=&#8221;scroll&#8221;][vc_column_text]Veri merkezi altyap\u0131 ihtiya\u00e7lar\u0131n\u0131z\u0131 toplam sanal bir kapasite (GHZ-i\u015flemci g\u00fcc\u00fc, RAM-bellek [&hellip;]<\/p>\n","protected":false},"author":1,"featured_media":0,"parent":0,"menu_order":0,"comment_status":"closed","ping_status":"closed","template":"","meta":{"footnotes":""},"class_list":["post-4276","page","type-page","status-publish","hentry"],"_links":{"self":[{"href":"https:\/\/netbone.com.tr\/kurumsal\/wp-json\/wp\/v2\/pages\/4276","targetHints":{"allow":["GET"]}}],"collection":[{"href":"https:\/\/netbone.com.tr\/kurumsal\/wp-json\/wp\/v2\/pages"}],"about":[{"href":"https:\/\/netbone.com.tr\/kurumsal\/wp-json\/wp\/v2\/types\/page"}],"author":[{"embeddable":true,"href":"https:\/\/netbone.com.tr\/kurumsal\/wp-json\/wp\/v2\/users\/1"}],"replies":[{"embeddable":true,"href":"https:\/\/netbone.com.tr\/kurumsal\/wp-json\/wp\/v2\/comments?post=4276"}],"version-history":[{"count":6,"href":"https:\/\/netbone.com.tr\/kurumsal\/wp-json\/wp\/v2\/pages\/4276\/revisions"}],"predecessor-version":[{"id":4981,"href":"https:\/\/netbone.com.tr\/kurumsal\/wp-json\/wp\/v2\/pages\/4276\/revisions\/4981"}],"wp:attachment":[{"href":"https:\/\/netbone.com.tr\/kurumsal\/wp-json\/wp\/v2\/media?parent=4276"}],"curies":[{"name":"wp","href":"https:\/\/api.w.org\/{rel}","templated":true}]}}