{"id":4288,"date":"2021-02-10T15:25:03","date_gmt":"2021-02-10T12:25:03","guid":{"rendered":"https:\/\/netbone.com.tr\/kurumsal\/?page_id=4288"},"modified":"2021-02-23T15:09:18","modified_gmt":"2021-02-23T12:09:18","slug":"office-365","status":"publish","type":"page","link":"https:\/\/netbone.com.tr\/kurumsal\/office-365\/","title":{"rendered":"Office 365"},"content":{"rendered":"<p>[vc_row rt_row_background_width=&#8221;default&#8221; rt_row_style=&#8221;default-style&#8221; rt_row_borders=&#8221;&#8221; rt_row_paddings=&#8221;true&#8221; rt_bg_effect=&#8221;classic&#8221; rt_bg_image_repeat=&#8221;repeat&#8221; rt_bg_size=&#8221;cover&#8221; rt_bg_position=&#8221;right top&#8221; rt_bg_attachment=&#8221;scroll&#8221; rt_bg_video_format=&#8221;self-hosted&#8221;][vc_column width=&#8221;1\/2&#8243; rt_wrp_col_paddings=&#8221;false&#8221; rt_border_top=&#8221;&#8221; rt_border_bottom=&#8221;&#8221; rt_border_left=&#8221;&#8221; rt_border_right=&#8221;&#8221; rt_border_top_mobile=&#8221;&#8221; rt_border_bottom_mobile=&#8221;&#8221; rt_border_left_mobile=&#8221;&#8221; rt_border_right_mobile=&#8221;&#8221; rt_bg_image_repeat=&#8221;repeat&#8221; rt_bg_size=&#8221;auto auto&#8221; rt_bg_position=&#8221;right top&#8221; rt_bg_attachment=&#8221;scroll&#8221;][vc_single_image img_size=&#8221;full&#8221;][\/vc_column][vc_column width=&#8221;1\/2&#8243; rt_wrp_col_paddings=&#8221;false&#8221; rt_border_top=&#8221;&#8221; rt_border_bottom=&#8221;&#8221; rt_border_left=&#8221;&#8221; rt_border_right=&#8221;&#8221; rt_border_top_mobile=&#8221;&#8221; rt_border_bottom_mobile=&#8221;&#8221; rt_border_left_mobile=&#8221;&#8221; rt_border_right_mobile=&#8221;&#8221; rt_bg_image_repeat=&#8221;repeat&#8221; rt_bg_size=&#8221;auto auto&#8221; rt_bg_position=&#8221;right top&#8221; rt_bg_attachment=&#8221;scroll&#8221;]<div class=\"rt_heading_wrapper \">\n\t\t\t\t\t\t<h1 class=\"rt_heading  \" >Office 365<\/h1>\n\t\t\t\t\t<\/div>[vc_column_text]Ofisiniz hareket halinde, her yerde. Office ile \u00f6n\u00fcn\u00fczde, bug\u00fcn itibariyle s\u0131n\u0131rs\u0131z olanaklarla dolu 365 g\u00fcn var.[\/vc_column_text]<div class=\"button_wrapper  alignleft\"><a  href=\"\" target=\"_self\" title=\"Paketleri G\u00f6r\" class=\"button_  body-font custom big\" style=\"color:#ffffff;background-color:#ee3124;border-color:#ee3124;border-radius:5px;border-width:1px;font-size:14px;\" data-hover-style=\"#ee3124\">Paketleri G\u00f6r<\/a><\/div>[\/vc_column][\/vc_row][vc_row rt_row_background_width=&#8221;default&#8221; rt_row_style=&#8221;default-style&#8221; rt_row_borders=&#8221;&#8221; rt_row_paddings=&#8221;true&#8221; rt_bg_effect=&#8221;classic&#8221; rt_bg_image_repeat=&#8221;repeat&#8221; rt_bg_size=&#8221;cover&#8221; rt_bg_position=&#8221;right top&#8221; rt_bg_attachment=&#8221;scroll&#8221; rt_bg_video_format=&#8221;self-hosted&#8221;][vc_column rt_wrp_col_paddings=&#8221;false&#8221; rt_border_top=&#8221;&#8221; rt_border_bottom=&#8221;&#8221; rt_border_left=&#8221;&#8221; rt_border_right=&#8221;&#8221; rt_border_top_mobile=&#8221;&#8221; rt_border_bottom_mobile=&#8221;&#8221; rt_border_left_mobile=&#8221;&#8221; rt_border_right_mobile=&#8221;&#8221; rt_bg_image_repeat=&#8221;repeat&#8221; rt_bg_size=&#8221;auto auto&#8221; rt_bg_position=&#8221;right top&#8221; rt_bg_attachment=&#8221;scroll&#8221;][vc_empty_space height=&#8221;1&#8243;][vc_separator style=&#8221;style-4&#8243; color=&#8221;#003c71&#8243;][\/vc_column][\/vc_row][vc_row rt_row_background_width=&#8221;default&#8221; rt_row_style=&#8221;default-style&#8221; rt_row_borders=&#8221;&#8221; rt_row_paddings=&#8221;true&#8221; rt_bg_effect=&#8221;classic&#8221; rt_bg_image_repeat=&#8221;repeat&#8221; rt_bg_size=&#8221;cover&#8221; rt_bg_position=&#8221;right top&#8221; rt_bg_attachment=&#8221;scroll&#8221; rt_bg_video_format=&#8221;self-hosted&#8221;][vc_column rt_wrp_col_paddings=&#8221;false&#8221; rt_border_top=&#8221;&#8221; rt_border_bottom=&#8221;&#8221; rt_border_left=&#8221;&#8221; rt_border_right=&#8221;&#8221; rt_border_top_mobile=&#8221;&#8221; rt_border_bottom_mobile=&#8221;&#8221; rt_border_left_mobile=&#8221;&#8221; rt_border_right_mobile=&#8221;&#8221; rt_bg_image_repeat=&#8221;repeat&#8221; rt_bg_size=&#8221;auto auto&#8221; rt_bg_position=&#8221;right top&#8221; rt_bg_attachment=&#8221;scroll&#8221;][vc_tta_accordion style=&#8221;modern&#8221; active_section=&#8221;0&#8243; collapsible_all=&#8221;true&#8221;][vc_tta_section title=&#8221;Office 365 nedir?&#8221; tab_id=&#8221;office-365-nedir&#8221;][vc_column_text]\u200bOffice 365, Microsoft taraf\u0131ndan sa\u011flanan ve i\u00e7eri\u011finde farkl\u0131 \u00fcr\u00fcnlerin oldu\u011fu paketlerin genel ad\u0131d\u0131r. E-posta, depolama alan\u0131, lync ( anl\u0131k mesajla\u015fma ve video konferans), Office (Word, Excel vb programlar) programlar\u0131 gibi servisler bir paket halinde sunulmaktad\u0131r.<\/p>\n<p>Netbone olarak, farkl\u0131 Office 365 paketlerini <strong>ayl\u0131k TL olarak \u00f6deme imkan\u0131 ve makul fiyatlar<\/strong>\u00a0ile m\u00fc\u015fterilerimize sunmaktay\u0131z.[\/vc_column_text][\/vc_tta_section][vc_tta_section title=&#8221;Office 365 kimler i\u00e7in ideal?&#8221; tab_id=&#8221;office-365-kimler-icin-ideal&#8221;][vc_column_text]\u200bOffice program\u0131, depolama alan\u0131, e-mail, anl\u0131k mesajla\u015fma ve video konferans gibi \u00e7\u00f6z\u00fcmlere uygun maliyet ve ayl\u0131k \u00f6deme imkan\u0131na ve basit BT y\u00f6netimi ile ihtiya\u00e7 duyan firmalar<br \/>\nOffice:<\/p>\n<ul>\n<li>Microsoft Office (Word, Excel, Powerpoint) vb uygulamalara ihtiya\u00e7 duyan<\/li>\n<li>Bu uygulamalar\u0131 masa \u00fcst\u00fc ( bilgisayar)lar\u0131nda kullanmak isteyen<\/li>\n<li>Bu uygulamalar\u0131 web \u00fczerinden her an heryerden kullanmak isteyen<\/li>\n<li>Bu uygulamalar\u0131 mobil olarak kullanmak isteyen<\/li>\n<li>Office\u2019in her cihazda en g\u00fcncel s\u00fcr\u00fcm\u00fcn\u00fc kullanmak isteyen<\/li>\n<\/ul>\n<p>E-mail:<\/p>\n<ul>\n<li>Geni\u015f (50 GB)l\u0131k e posta alan\u0131na sahip olmak isteyen<\/li>\n<li>Spam maillar ile u\u011fra\u015fmak istemeyen<\/li>\n<li>Yanl\u0131\u015fl\u0131kla silinen, kaybolan mesajlar\u0131n\u0131 geri getirmek isteyen<\/li>\n<li>Telefon, tablet, PC gibi b\u00fct\u00fcn cihazlardan ayn\u0131 mailleri takip etmek isteyen<\/li>\n<\/ul>\n<p>Sharepoint:<\/p>\n<ul>\n<li>Office program\u0131 olmayan kullan\u0131c\u0131lar\u0131n da cihazlar\u0131ndan dosyalar\u0131n\u0131 okumas\u0131 ve de\u011fi\u015ftirmesini isteyen<\/li>\n<li>Dosyalar\u0131n eski versiyonlar\u0131n\u0131 takip etmek isteyen<\/li>\n<li>\u015eirket bilgilerini i\u00e7eren \u00f6nemli dosyalar\u0131n\u0131n g\u00fcvenle y\u00f6netilmesini isteyen<\/li>\n<\/ul>\n<p>Skype for Business:<\/p>\n<ul>\n<li>BT olarak \u00e7al\u0131\u015fanlar\u0131m\u0131za yerinde destek vermektense uzaktan destek vermek isteyen<\/li>\n<li>\u00c7al\u0131\u015fanlar\u0131n\u0131 mobil hatlar\u0131 ile internet \u00fczerinden g\u00f6r\u00fc\u015ft\u00fcr\u00fcp fatura maliyetini d\u00fc\u015f\u00fcrmek isteyen<\/li>\n<li>Uzak lokasyonlardaki ki\u015fileri uzaktan e\u011fitmek isteyen<\/li>\n<\/ul>\n<p>Kurumsal olarak anl\u0131k mesajla\u015fma \u00fcr\u00fcnleri kullanmak isteyen\u200b[\/vc_column_text][\/vc_tta_section][vc_tta_section title=&#8221;Office 365 nas\u0131l \u00e7al\u0131\u015f\u0131r?&#8221; tab_id=&#8221;office-365-nasil-calisir&#8221;][vc_column_text]<\/p>\n<ul>\n<li>\u200bOffice 365 hizmetinden yararlanabilmeniz i\u00e7in; Netbone ile Office 365 taahh\u00fctnamesini imzalamalar\u0131 ve sipari\u015f formunu doldurmalar\u0131 gerekmektedir.<\/li>\n<li>Sipari\u015f giri\u015finin yap\u0131lmas\u0131ndan sonra, sipari\u015f formunda belirtilen Office 365 kontak ki\u015fisine, Office 365 panelini kullanabilmeleri i\u00e7in kullan\u0131c\u0131 ad\u0131 ve \u015fifreleri iletilecektir. Panele giri\u015f yapt\u0131ktan sonra y\u00f6nergeleri takip ederek kullan\u0131ma ba\u015flayabilirsiniz.<\/li>\n<\/ul>\n<p>[\/vc_column_text][\/vc_tta_section][vc_tta_section title=&#8221;Office 365 avantajlar\u0131 nelerdir?&#8221; tab_id=&#8221;office-365-avantajlari-nelerdir&#8221;][vc_column_text]<\/p>\n<ul>\n<li>\u200bTek platform<\/li>\n<li>Kolay y\u00f6netim<\/li>\n<li>S\u00fcrekli eri\u015filebilir<\/li>\n<li>\u00d6n yat\u0131r\u0131ms\u0131z<\/li>\n<li>G\u00fcvenli<\/li>\n<li>Esnek<\/li>\n<li>Her an her yerden eri\u015fim<\/li>\n<li>Birlikte e\u015f zamanl\u0131 \u00e7al\u0131\u015fma ve ekip \u00e7al\u0131\u015fmas\u0131<\/li>\n<li>T\u00fcm cihazlardan ayn\u0131 veriye eri\u015fim<\/li>\n<li>Kolay kurulum ve kullan\u0131m<\/li>\n<li>Her zaman g\u00fcncel s\u00fcr\u00fcm<\/li>\n<\/ul>\n<p>Ayr\u0131ca, Netbone\u2019u tercih ederek,<\/p>\n<ul>\n<li>Tek fatura<\/li>\n<li>Sahip olma maliyet avantaj\u0131 ve uygun fiyatland\u0131rma<\/li>\n<li>Yetkin insan kayna\u011f\u0131 ile T\u00fcrk\u00e7e teknik destek<\/li>\n<li>T\u00fcrk\u00e7e dok\u00fcmantasyon<\/li>\n<\/ul>\n<p>\u2018a sahip olursunuz.[\/vc_column_text][\/vc_tta_section][vc_tta_section title=&#8221;Office 365 \u00fccretlendirmesi?&#8221; tab_id=&#8221;office-365-ucretlendirmesi&#8221;][vc_column_text]\u200bSize uygun Office 365 paketinden birine sahip olabilirsiniz. Detayl\u0131 bilgi i\u00e7in l\u00fctfen sat\u0131\u015f y\u00f6neticiniz ile ileti\u015fime ge\u00e7in.[\/vc_column_text][\/vc_tta_section][\/vc_tta_accordion][\/vc_column][\/vc_row][vc_row rt_row_background_width=&#8221;fullwidth&#8221; rt_row_content_width=&#8221;default&#8221; rt_row_style=&#8221;default-style&#8221; rt_row_borders=&#8221;&#8221; rt_row_paddings=&#8221;true&#8221; rt_bg_effect=&#8221;classic&#8221; rt_bg_image_repeat=&#8221;repeat&#8221; rt_bg_size=&#8221;cover&#8221; rt_bg_position=&#8221;right top&#8221; rt_bg_attachment=&#8221;scroll&#8221; rt_bg_video_format=&#8221;self-hosted&#8221; rt_bg_color=&#8221;#ebebeb&#8221;][vc_column rt_wrp_col_paddings=&#8221;false&#8221; rt_border_top=&#8221;&#8221; rt_border_bottom=&#8221;&#8221; rt_border_left=&#8221;&#8221; rt_border_right=&#8221;&#8221; rt_border_top_mobile=&#8221;&#8221; rt_border_bottom_mobile=&#8221;&#8221; rt_border_left_mobile=&#8221;&#8221; rt_border_right_mobile=&#8221;&#8221; rt_bg_image_repeat=&#8221;repeat&#8221; rt_bg_size=&#8221;auto auto&#8221; rt_bg_position=&#8221;right top&#8221; rt_bg_attachment=&#8221;scroll&#8221;][vc_column_text]<\/p>\n<p style=\"text-align: center;\"><span style=\"font-size: 24pt;\">5 Ad\u0131mda Office 365 Kullanmaya Ba\u015flay\u0131n<\/span><\/p>\n<p>[\/vc_column_text][\/vc_column][\/vc_row][vc_row rt_row_background_width=&#8221;fullwidth&#8221; rt_row_content_width=&#8221;default&#8221; rt_row_style=&#8221;default-style&#8221; rt_row_borders=&#8221;&#8221; rt_row_paddings=&#8221;true&#8221; rt_bg_effect=&#8221;classic&#8221; rt_bg_image_repeat=&#8221;repeat&#8221; rt_bg_size=&#8221;cover&#8221; rt_bg_position=&#8221;right top&#8221; rt_bg_attachment=&#8221;scroll&#8221; rt_bg_video_format=&#8221;self-hosted&#8221; rt_bg_color=&#8221;#ebebeb&#8221;][vc_column width=&#8221;1\/5&#8243; rt_wrp_col_paddings=&#8221;false&#8221; rt_border_top=&#8221;&#8221; rt_border_bottom=&#8221;&#8221; rt_border_left=&#8221;&#8221; rt_border_right=&#8221;&#8221; rt_border_top_mobile=&#8221;&#8221; rt_border_bottom_mobile=&#8221;&#8221; rt_border_left_mobile=&#8221;&#8221; rt_border_right_mobile=&#8221;&#8221; rt_bg_image_repeat=&#8221;repeat&#8221; rt_bg_size=&#8221;auto auto&#8221; rt_bg_position=&#8221;right top&#8221; rt_bg_attachment=&#8221;scroll&#8221;][vc_single_image alignment=&#8221;center&#8221;][vc_column_text]I am text block. Click edit button to change this text. Lorem ipsum dolor sit amet, consectetur adipiscing elit. Ut elit tellus, luctus nec ullamcorper mattis, pulvinar dapibus leo.[\/vc_column_text][\/vc_column][vc_column width=&#8221;1\/5&#8243; rt_wrp_col_paddings=&#8221;false&#8221; rt_border_top=&#8221;&#8221; rt_border_bottom=&#8221;&#8221; rt_border_left=&#8221;&#8221; rt_border_right=&#8221;&#8221; rt_border_top_mobile=&#8221;&#8221; rt_border_bottom_mobile=&#8221;&#8221; rt_border_left_mobile=&#8221;&#8221; rt_border_right_mobile=&#8221;&#8221; rt_bg_image_repeat=&#8221;repeat&#8221; rt_bg_size=&#8221;auto auto&#8221; rt_bg_position=&#8221;right top&#8221; rt_bg_attachment=&#8221;scroll&#8221;][vc_single_image img_size=&#8221;full&#8221;][vc_column_text]<\/p>\n<p>I am text block. Click edit button to change this text. Lorem ipsum dolor sit amet, consectetur adipiscing elit. Ut elit tellus, luctus nec ullamcorper mattis, pulvinar dapibus leo.<\/p>\n<p>[\/vc_column_text][\/vc_column][vc_column width=&#8221;1\/5&#8243; rt_wrp_col_paddings=&#8221;false&#8221; rt_border_top=&#8221;&#8221; rt_border_bottom=&#8221;&#8221; rt_border_left=&#8221;&#8221; rt_border_right=&#8221;&#8221; rt_border_top_mobile=&#8221;&#8221; rt_border_bottom_mobile=&#8221;&#8221; rt_border_left_mobile=&#8221;&#8221; rt_border_right_mobile=&#8221;&#8221; rt_bg_image_repeat=&#8221;repeat&#8221; rt_bg_size=&#8221;auto auto&#8221; rt_bg_position=&#8221;right top&#8221; rt_bg_attachment=&#8221;scroll&#8221;][vc_single_image alignment=&#8221;center&#8221;][vc_column_text]I am text block. Click edit button to change this text. Lorem ipsum dolor sit amet, consectetur adipiscing elit. Ut elit tellus, luctus nec ullamcorper mattis, pulvinar dapibus leo.[\/vc_column_text][\/vc_column][vc_column width=&#8221;1\/5&#8243; rt_wrp_col_paddings=&#8221;false&#8221; rt_border_top=&#8221;&#8221; rt_border_bottom=&#8221;&#8221; rt_border_left=&#8221;&#8221; rt_border_right=&#8221;&#8221; rt_border_top_mobile=&#8221;&#8221; rt_border_bottom_mobile=&#8221;&#8221; rt_border_left_mobile=&#8221;&#8221; rt_border_right_mobile=&#8221;&#8221; rt_bg_image_repeat=&#8221;repeat&#8221; rt_bg_size=&#8221;auto auto&#8221; rt_bg_position=&#8221;right top&#8221; rt_bg_attachment=&#8221;scroll&#8221;][vc_single_image alignment=&#8221;center&#8221;][vc_column_text]I am text block. Click edit button to change this text. Lorem ipsum dolor sit amet, consectetur adipiscing elit. Ut elit tellus, luctus nec ullamcorper mattis, pulvinar dapibus leo.[\/vc_column_text][\/vc_column][vc_column width=&#8221;1\/5&#8243; rt_wrp_col_paddings=&#8221;false&#8221; rt_border_top=&#8221;&#8221; rt_border_bottom=&#8221;&#8221; rt_border_left=&#8221;&#8221; rt_border_right=&#8221;&#8221; rt_border_top_mobile=&#8221;&#8221; rt_border_bottom_mobile=&#8221;&#8221; rt_border_left_mobile=&#8221;&#8221; rt_border_right_mobile=&#8221;&#8221; rt_bg_image_repeat=&#8221;repeat&#8221; rt_bg_size=&#8221;auto auto&#8221; rt_bg_position=&#8221;right top&#8221; rt_bg_attachment=&#8221;scroll&#8221;][vc_single_image alignment=&#8221;center&#8221;][vc_column_text]I am text block. Click edit button to change this text. Lorem ipsum dolor sit amet, consectetur adipiscing elit. Ut elit tellus, luctus nec ullamcorper mattis, pulvinar dapibus leo.[\/vc_column_text][\/vc_column][\/vc_row]<\/p>\n","protected":false},"excerpt":{"rendered":"<p>[vc_row rt_row_background_width=&#8221;default&#8221; rt_row_style=&#8221;default-style&#8221; rt_row_borders=&#8221;&#8221; rt_row_paddings=&#8221;true&#8221; rt_bg_effect=&#8221;classic&#8221; rt_bg_image_repeat=&#8221;repeat&#8221; rt_bg_size=&#8221;cover&#8221; rt_bg_position=&#8221;right top&#8221; rt_bg_attachment=&#8221;scroll&#8221; rt_bg_video_format=&#8221;self-hosted&#8221;][vc_column width=&#8221;1\/2&#8243; rt_wrp_col_paddings=&#8221;false&#8221; rt_border_top=&#8221;&#8221; rt_border_bottom=&#8221;&#8221; rt_border_left=&#8221;&#8221; rt_border_right=&#8221;&#8221; rt_border_top_mobile=&#8221;&#8221; rt_border_bottom_mobile=&#8221;&#8221; rt_border_left_mobile=&#8221;&#8221; rt_border_right_mobile=&#8221;&#8221; rt_bg_image_repeat=&#8221;repeat&#8221; rt_bg_size=&#8221;auto auto&#8221; rt_bg_position=&#8221;right top&#8221; rt_bg_attachment=&#8221;scroll&#8221;][vc_single_image img_size=&#8221;full&#8221;][\/vc_column][vc_column width=&#8221;1\/2&#8243; rt_wrp_col_paddings=&#8221;false&#8221; rt_border_top=&#8221;&#8221; rt_border_bottom=&#8221;&#8221; rt_border_left=&#8221;&#8221; rt_border_right=&#8221;&#8221; rt_border_top_mobile=&#8221;&#8221; rt_border_bottom_mobile=&#8221;&#8221; rt_border_left_mobile=&#8221;&#8221; rt_border_right_mobile=&#8221;&#8221; rt_bg_image_repeat=&#8221;repeat&#8221; rt_bg_size=&#8221;auto auto&#8221; rt_bg_position=&#8221;right top&#8221; rt_bg_attachment=&#8221;scroll&#8221;][vc_column_text]Ofisiniz hareket halinde, her yerde. Office ile \u00f6n\u00fcn\u00fczde, bug\u00fcn itibariyle s\u0131n\u0131rs\u0131z [&hellip;]<\/p>\n","protected":false},"author":1,"featured_media":0,"parent":0,"menu_order":0,"comment_status":"closed","ping_status":"closed","template":"","meta":{"footnotes":""},"class_list":["post-4288","page","type-page","status-publish","hentry"],"_links":{"self":[{"href":"https:\/\/netbone.com.tr\/kurumsal\/wp-json\/wp\/v2\/pages\/4288","targetHints":{"allow":["GET"]}}],"collection":[{"href":"https:\/\/netbone.com.tr\/kurumsal\/wp-json\/wp\/v2\/pages"}],"about":[{"href":"https:\/\/netbone.com.tr\/kurumsal\/wp-json\/wp\/v2\/types\/page"}],"author":[{"embeddable":true,"href":"https:\/\/netbone.com.tr\/kurumsal\/wp-json\/wp\/v2\/users\/1"}],"replies":[{"embeddable":true,"href":"https:\/\/netbone.com.tr\/kurumsal\/wp-json\/wp\/v2\/comments?post=4288"}],"version-history":[{"count":4,"href":"https:\/\/netbone.com.tr\/kurumsal\/wp-json\/wp\/v2\/pages\/4288\/revisions"}],"predecessor-version":[{"id":5015,"href":"https:\/\/netbone.com.tr\/kurumsal\/wp-json\/wp\/v2\/pages\/4288\/revisions\/5015"}],"wp:attachment":[{"href":"https:\/\/netbone.com.tr\/kurumsal\/wp-json\/wp\/v2\/media?parent=4288"}],"curies":[{"name":"wp","href":"https:\/\/api.w.org\/{rel}","templated":true}]}}