{"id":4353,"date":"2021-02-11T13:30:11","date_gmt":"2021-02-11T10:30:11","guid":{"rendered":"https:\/\/netbone.com.tr\/kurumsal\/?page_id=4353"},"modified":"2021-03-04T14:47:05","modified_gmt":"2021-03-04T11:47:05","slug":"replikasyon-hizmeti","status":"publish","type":"page","link":"https:\/\/netbone.com.tr\/kurumsal\/replikasyon-hizmeti\/","title":{"rendered":"Replikasyon Hizmeti"},"content":{"rendered":"<p>[vc_row rt_row_background_width=&#8221;default&#8221; rt_row_style=&#8221;default-style&#8221; rt_row_borders=&#8221;&#8221; rt_row_paddings=&#8221;true&#8221; rt_bg_effect=&#8221;classic&#8221; rt_bg_image_repeat=&#8221;repeat&#8221; rt_bg_size=&#8221;cover&#8221; rt_bg_position=&#8221;right top&#8221; rt_bg_attachment=&#8221;scroll&#8221; rt_bg_video_format=&#8221;self-hosted&#8221;][vc_column width=&#8221;1\/2&#8243; rt_wrp_col_paddings=&#8221;false&#8221; rt_border_top=&#8221;&#8221; rt_border_bottom=&#8221;&#8221; rt_border_left=&#8221;&#8221; rt_border_right=&#8221;&#8221; rt_border_top_mobile=&#8221;&#8221; rt_border_bottom_mobile=&#8221;&#8221; rt_border_left_mobile=&#8221;&#8221; rt_border_right_mobile=&#8221;&#8221; rt_bg_image_repeat=&#8221;repeat&#8221; rt_bg_size=&#8221;auto auto&#8221; rt_bg_position=&#8221;right top&#8221; rt_bg_attachment=&#8221;scroll&#8221;][vc_single_image img_size=&#8221;full&#8221;][\/vc_column][vc_column width=&#8221;1\/2&#8243; rt_wrp_col_paddings=&#8221;false&#8221; rt_border_top=&#8221;&#8221; rt_border_bottom=&#8221;&#8221; rt_border_left=&#8221;&#8221; rt_border_right=&#8221;&#8221; rt_border_top_mobile=&#8221;&#8221; rt_border_bottom_mobile=&#8221;&#8221; rt_border_left_mobile=&#8221;&#8221; rt_border_right_mobile=&#8221;&#8221; rt_bg_image_repeat=&#8221;repeat&#8221; rt_bg_size=&#8221;auto auto&#8221; rt_bg_position=&#8221;right top&#8221; rt_bg_attachment=&#8221;scroll&#8221;]<div class=\"rt_heading_wrapper \">\n\t\t\t\t\t\t<h1 class=\"rt_heading  \" >Replikasyon Hizmeti<\/h1>\n\t\t\t\t\t<\/div>[vc_column_text]Netbone Replikasyon hizmeti ile sanal ortamlardaki t\u00fcm veri, yaz\u0131l\u0131m, sanal sunucu ve uygulamalar\u0131n\u0131z Netbone g\u00fcvencesi ile korunur, kesinti durumunda verilerinize 7\/24 eri\u015febilmeniz sa\u011flan\u0131r.<\/p>\n<p>Herhangi bir ar\u0131za durumunda \u00e7al\u0131\u015fmalar\u0131n\u0131z kesintiye u\u011framayaca\u011f\u0131 finansal kay\u0131plar\u0131n\u0131z\u0131n ve olas\u0131 reg\u00fclatif risklerinizin \u00f6n\u00fcne ge\u00e7ebilirsiniz.[\/vc_column_text]<div class=\"button_wrapper  alignleft\"><a  href=\"\" target=\"_self\" title=\"Kampanyalar\u0131 G\u00f6r\" class=\"button_  body-font custom big\" style=\"color:#ffffff;background-color:#ee3124;border-color:#ee3124;border-radius:5px;border-width:1px;font-size:14px;\" data-hover-style=\"#ee3124\">Kampanyalar\u0131 G\u00f6r<\/a><\/div>[\/vc_column][\/vc_row][vc_row rt_row_background_width=&#8221;default&#8221; rt_row_style=&#8221;default-style&#8221; rt_row_borders=&#8221;&#8221; rt_row_paddings=&#8221;true&#8221; rt_bg_effect=&#8221;classic&#8221; rt_bg_image_repeat=&#8221;repeat&#8221; rt_bg_size=&#8221;cover&#8221; rt_bg_position=&#8221;right top&#8221; rt_bg_attachment=&#8221;scroll&#8221; rt_bg_video_format=&#8221;self-hosted&#8221;][vc_column rt_wrp_col_paddings=&#8221;false&#8221; rt_border_top=&#8221;&#8221; rt_border_bottom=&#8221;&#8221; rt_border_left=&#8221;&#8221; rt_border_right=&#8221;&#8221; rt_border_top_mobile=&#8221;&#8221; rt_border_bottom_mobile=&#8221;&#8221; rt_border_left_mobile=&#8221;&#8221; rt_border_right_mobile=&#8221;&#8221; rt_bg_image_repeat=&#8221;repeat&#8221; rt_bg_size=&#8221;auto auto&#8221; rt_bg_position=&#8221;right top&#8221; rt_bg_attachment=&#8221;scroll&#8221;][vc_empty_space height=&#8221;1&#8243;][vc_separator style=&#8221;style-4&#8243; color=&#8221;#003c71&#8243;][\/vc_column][\/vc_row][vc_row rt_row_background_width=&#8221;default&#8221; rt_row_style=&#8221;default-style&#8221; rt_row_borders=&#8221;&#8221; rt_row_paddings=&#8221;true&#8221; rt_bg_effect=&#8221;classic&#8221; rt_bg_image_repeat=&#8221;repeat&#8221; rt_bg_size=&#8221;cover&#8221; rt_bg_position=&#8221;right top&#8221; rt_bg_attachment=&#8221;scroll&#8221; rt_bg_video_format=&#8221;self-hosted&#8221;][vc_column rt_wrp_col_paddings=&#8221;false&#8221; rt_border_top=&#8221;&#8221; rt_border_bottom=&#8221;&#8221; rt_border_left=&#8221;&#8221; rt_border_right=&#8221;&#8221; rt_border_top_mobile=&#8221;&#8221; rt_border_bottom_mobile=&#8221;&#8221; rt_border_left_mobile=&#8221;&#8221; rt_border_right_mobile=&#8221;&#8221; rt_bg_image_repeat=&#8221;repeat&#8221; rt_bg_size=&#8221;auto auto&#8221; rt_bg_position=&#8221;right top&#8221; rt_bg_attachment=&#8221;scroll&#8221;][vc_tta_accordion style=&#8221;modern&#8221; active_section=&#8221;0&#8243; collapsible_all=&#8221;true&#8221;][vc_tta_section title=&#8221;Replikasyon hizmetini kimler kullanabilir?&#8221; tab_id=&#8221;replikasyon-hizmetini-kimler-kullanabilir&#8221;][vc_column_text]<\/p>\n<ul>\n<li>Halihaz\u0131rda vCenter 6.0 ve \u00fczeri versiyonda kendisine \u00f6zel vmware sanalla\u015ft\u0131rma kullan\u0131lan m\u00fc\u015fteri ortamlar\u0131n\u0131 bu hizmet ile Sanal Veri Merkezine replike etmek m\u00fcmk\u00fcnd\u00fcr.<\/li>\n<\/ul>\n<p>[\/vc_column_text][\/vc_tta_section][vc_tta_section title=&#8221;Hangi s\u0131kl\u0131kta replikasyon yap\u0131labilmektedir?&#8221; tab_id=&#8221;hangi-siklikta-replikasyon-yapilabilmektedir&#8221;][vc_column_text]<\/p>\n<ul>\n<li>Minimum 15 dakikada, maksimum 24 saatte bir replikasyon yap\u0131labilmektedir.<\/li>\n<\/ul>\n<p>[\/vc_column_text][\/vc_tta_section][vc_tta_section title=&#8221;Di\u011fer sanalla\u015ft\u0131rma ve bulut ortamlar\u0131ndan (hyper-v, KVM, XenServer vs.) herhangi bir sanal sunucuyu replike etmek m\u00fcmk\u00fcn m\u00fcd\u00fcr?&#8221; tab_id=&#8221;diger-sanalla\u015ftirma-ve-bulut-ortamlarindan-herhangi-bir-sanal-sunucuyu-replike-etmek-m\u00fcmk\u00fcn-m\u00fcd\u00fcr&#8221;][vc_column_text]<\/p>\n<ul>\n<li>Replikasyon hizmeti sadece VMware \u00fcr\u00fcnleriyle (Vcenter Server, ESX\u0130 vSphere hypervizor ve vSphere Replication Appliance) entegre olarak \u00e7al\u0131\u015fabilmektedir. Farkl\u0131 bir hiperviz\u00f6r markas\u0131yla entegrasyon sa\u011flanamamaktad\u0131r.<\/li>\n<\/ul>\n<p>[\/vc_column_text][\/vc_tta_section][vc_tta_section title=&#8221;Replikasyon i\u00e7in m\u00fc\u015fteri ortam\u0131na al\u0131nmas\u0131 gereken ek bir lisans var m\u0131d\u0131r?&#8221; tab_id=&#8221;replikasyon-icin-musteri-ortamina-al\u0131nmasi-gereken-ek-bir-lisans-var-midir&#8221;][vc_column_text]<\/p>\n<ul>\n<li>Hay\u0131r. Bu hizmet al\u0131nd\u0131\u011f\u0131nda m\u00fc\u015fteri taraf\u0131nda herhangi bir ek lisans ihtiyac\u0131 olmamaktad\u0131r. M\u00fc\u015fteri taraf\u0131nda, \u00fccretsiz vmware vsphere replication appliance&#8217;nin ilgili sanal sunucu platformunda \u00e7al\u0131\u015f\u0131yor olmas\u0131 ve vcenter&#8217;a register edilmesi gerekmektedir.<\/li>\n<\/ul>\n<p>[\/vc_column_text][\/vc_tta_section][vc_tta_section title=&#8221;Failover-Failback gibi durumlar\u0131 test edilebilmek m\u00fcmk\u00fcn m\u00fcd\u00fcr?&#8221; tab_id=&#8221;failover-failback-gibi-durumlar\u0131-test-edebilmek-mumkun-mudur&#8221;][vc_column_text]<\/p>\n<ul>\n<li>Evet. Y\u00f6netim aray\u00fcz\u00fc Failover ve Failback durumlar\u0131 test edebilmenize olanak sa\u011flamaktad\u0131r.<\/li>\n<\/ul>\n<p>[\/vc_column_text][\/vc_tta_section][vc_tta_section title=&#8221;Replikasyon i\u00e7in hangi ara\u00e7\/ara\u00e7lar kullan\u0131lmaktad\u0131r?&#8221; tab_id=&#8221;replikasyon-icin-hangi-arac-araclar-kullanilmaktadir&#8221;][vc_column_text]<\/p>\n<ul>\n<li>Vmware\u2019in vCloud Availability mod\u00fcl\u00fc ile vSphere Replication yetenekleri kullan\u0131lmaktad\u0131r.<\/li>\n<\/ul>\n<p>[\/vc_column_text][\/vc_tta_section][vc_tta_section title=&#8221;Ka\u00e7 adet replikasyon kopyas\u0131 tutulabilmektedir?&#8221; tab_id=&#8221;kac-adet-replikasyon-kopyasi-tutulabilmektedir&#8221;][vc_column_text]<\/p>\n<ul>\n<li>24 adete kadar kopya tutulabilmektedir.<\/li>\n<\/ul>\n<p>[\/vc_column_text][\/vc_tta_section][vc_tta_section title=&#8221;Replikasyon y\u00f6ntemi nedir?&#8221; tab_id=&#8221;replikasyon-yontemi-nedir&#8221;][vc_column_text]<\/p>\n<ul>\n<li>Hypervisor seviyesinde sanal sunucudan sanal sunucuya replikasyon yap\u0131lmaktad\u0131r. Storage seviyesinde replikasyon yap\u0131lmamaktad\u0131r.<\/li>\n<\/ul>\n<p>[\/vc_column_text][\/vc_tta_section][vc_tta_section title=&#8221;Sanal Sunucu \u0130\u015f S\u00fcreklili\u011fi hizmetinin yedekleme servisinden fark\u0131 nedir?&#8221; tab_id=&#8221;sanal-sunucu-is-surekliligi-hizmetinin-yedekleme-servisinden-farki-nedir&#8221;][vc_column_text]<\/p>\n<ul>\n<li>Yedekleme servisinden farkl\u0131 olarak veri b\u00fct\u00fcnl\u00fc\u011f\u00fcn\u00fcn yan\u0131nda sanal sunucu b\u00fct\u00fcnl\u00fc\u011f\u00fc de sa\u011flanmakta olup sunucuyu yeniden yap\u0131land\u0131rmak i\u00e7in ekstra efor harcamadan sistem devreye al\u0131nabilmektedir.<\/li>\n<\/ul>\n<p>[\/vc_column_text][\/vc_tta_section][vc_tta_section title=&#8221;Verilerimi hangi lokasyonlara replike edebilirim?&#8221; tab_id=&#8221;verilerimi-hangi-lokasyonlara-replike-edebilirim&#8221;][vc_column_text]<\/p>\n<ul>\n<li>Sanal veri merkezi hizmeti verilen veri merkezimizin bulundu\u011fu \u0130stanbul lokasyonuna replikasyon ger\u00e7ekle\u015ftirebilirsiniz.<\/li>\n<\/ul>\n<p>[\/vc_column_text][\/vc_tta_section][vc_tta_section title=&#8221;Olas\u0131 bir felaket veya test yapmak istedi\u011fimde GHz ve RAM kaynaklar\u0131n\u0131 istedi\u011fim seviyeye nas\u0131l \u00e7\u0131kartabilirim?&#8221; tab_id=&#8221;olasi-bir-felaket-veya-test-yapmak-istedigimde-ghz-ve-ram-kaynaklarini-istedigim-seviyeye-nasil-c\u0131kartabilirim&#8221;][vc_column_text]<\/p>\n<ul>\n<li>Replike edilmi\u015f olan sunucular\u0131n devreye al\u0131nabilmesi i\u00e7in sunucular\u0131n\u0131z\u0131n ihtiyac\u0131 olan RAM ve GHz art\u0131r\u0131m\u0131n\u0131 anl\u0131k olarak m\u00fc\u015fteri portal\u0131m\u0131z \u00fczerinden ger\u00e7ekle\u015ftirebilirsiniz.<\/li>\n<\/ul>\n<p>[\/vc_column_text][\/vc_tta_section][vc_tta_section title=&#8221;Olas\u0131 bir felaket an\u0131nda sistem nas\u0131l aktif edilmektedir?&#8221; tab_id=&#8221;olasi-bir-felaket-aninda-nasil-aktif-edilmektedir&#8221;][vc_column_text]<\/p>\n<ul>\n<li>Olas\u0131 bir felaket an\u0131nda portal \u00fczerinden failover, failback vb. i\u015flemler yap\u0131labilmektedir.<\/li>\n<\/ul>\n<p>[\/vc_column_text][\/vc_tta_section][vc_tta_section title=&#8221;Kendi lokasyonumda replike etmek istedi\u011fim 5 tane sanal sunucum var. Ne kadar \u00fccret \u00f6derim?&#8221; tab_id=&#8221;kendi-lokasyonumda-replike-etmek-istedigim-5-tane-sanal-sunucumvar-ne-kadar-ucret-oder&#8221;][vc_column_text]<\/p>\n<ul>\n<li>Minimumda 10 GHz, 16 GB RAM ve toplam disk boyutunuzda bir Sanal Veri Merkezi hizmetini alman\u0131z, buna ek olarak replike edilecek sanal sunucu ba\u015f\u0131na da bir \u00fccret \u00f6demeniz gerekmektedir.<\/li>\n<\/ul>\n<p>[\/vc_column_text][\/vc_tta_section][vc_tta_section title=&#8221;Data compression \u00f6zelli\u011fi mevcut mudur?&#8221; tab_id=&#8221;data-compression-ozelligi-mevcut-mudur&#8221;][vc_column_text]<\/p>\n<ul>\n<li>Evet, data compression istenildi\u011fi takdirde sanal sunucu bazl\u0131 yap\u0131labilmektedir.<\/li>\n<\/ul>\n<p>[\/vc_column_text][\/vc_tta_section][vc_tta_section title=&#8221;Fiziksel sunucular\u0131m var, bu servisi kullanabilir miyim?&#8221; tab_id=&#8221;fiziksel-sunucular\u0131im-var-bu-servisi-kullanabilir-miyim&#8221;][vc_column_text]<\/p>\n<ul>\n<li>Sanal Sunucu \u0130\u015f S\u00fcreklili\u011fi servisi ile sadece VMware sanalla\u015ft\u0131rma platformu \u00fczerinden replikasyon yap\u0131labilmektedir. Fiziksel sunucu online replikasyon hizmeti hen\u00fcz verilememektedir. Ancak offline kopyalar olu\u015fturularak sanal veri merkezi ortam\u0131na ovf deployment yap\u0131labilmektedir.<\/li>\n<\/ul>\n<p>[\/vc_column_text][\/vc_tta_section][vc_tta_section title=&#8221;Birden fazla sunucumu replike ettim, sadece bir tanesini aktif duruma getirebilir miyim?&#8221; tab_id=&#8221;birden-fazla-sunucumu-replike-ettim-sadece-bir tanesini-aktif-duruma-getirebilir-miyim&#8221;][vc_column_text]<\/p>\n<ul>\n<li>Replike edilmi\u015f olan sanal sunucular istenilen adette ve s\u0131rayla aktif duruma getirilebilir. Ancak hybrid cloud tercih ediliyorsa L2\/L3 MPLS, VPN vb. network hizmetleri \u00f6nceden kurgulanmal\u0131d\u0131r.<\/li>\n<\/ul>\n<p>[\/vc_column_text][\/vc_tta_section][vc_tta_section title=&#8221;RTO nedir?&#8221; tab_id=&#8221;rto-nedir&#8221;][vc_column_text]<\/p>\n<ul>\n<li>Recovery Time Object felaket durumunda sistemi ne kadar s\u00fcrede devreye al\u0131naca\u011f\u0131n\u0131 belirten zaman dilimidir.<\/li>\n<\/ul>\n<p>[\/vc_column_text][\/vc_tta_section][vc_tta_section title=&#8221;Veri transferi \u015fifreli olarak m\u0131 yap\u0131l\u0131yor?&#8221; tab_id=&#8221;veri-transferi-sifreli-olarak-mi-yapiliyor&#8221;][vc_column_text]<\/p>\n<ul>\n<li>Sanal sunucu veri transferi u\u00e7tan uca \u015fifreli olarak ger\u00e7ekle\u015fmektedir.<\/li>\n<\/ul>\n<p>[\/vc_column_text][\/vc_tta_section][vc_tta_section title=&#8221;RPO nedir?&#8221; tab_id=&#8221;rpo-nedir&#8221;][vc_column_text]<\/p>\n<ul>\n<li>Recovery Point Object, felaket an\u0131 ile son yedek al\u0131nan veya repikasyonun sa\u011fland\u0131\u011f\u0131 zaman aras\u0131ndaki zaman dilimidir. G\u00fcnde sadece 1 kez replikasyon i\u015flemi yap\u0131ld\u0131\u011f\u0131nda RPO s\u00fcreniz 24 saat olacakt\u0131r. Daha s\u0131k periyotlarda replikasyon yapabilir ve kullan\u0131lan replikasyon yaz\u0131l\u0131m\u0131m\u0131z ile 24 adede kadar point instance olu\u015fturulabilmektedir.<\/li>\n<\/ul>\n<p>[\/vc_column_text][\/vc_tta_section][\/vc_tta_accordion][\/vc_column][\/vc_row][vc_row rt_row_background_width=&#8221;fullwidth&#8221; rt_row_content_width=&#8221;default&#8221; rt_row_style=&#8221;default-style&#8221; rt_row_borders=&#8221;&#8221; rt_row_paddings=&#8221;true&#8221; rt_bg_effect=&#8221;classic&#8221; rt_bg_image_repeat=&#8221;repeat&#8221; rt_bg_size=&#8221;cover&#8221; rt_bg_position=&#8221;right top&#8221; rt_bg_attachment=&#8221;scroll&#8221; rt_bg_video_format=&#8221;self-hosted&#8221; rt_bg_color=&#8221;#ebebeb&#8221;][vc_column rt_wrp_col_paddings=&#8221;false&#8221; rt_border_top=&#8221;&#8221; rt_border_bottom=&#8221;&#8221; rt_border_left=&#8221;&#8221; rt_border_right=&#8221;&#8221; rt_border_top_mobile=&#8221;&#8221; rt_border_bottom_mobile=&#8221;&#8221; rt_border_left_mobile=&#8221;&#8221; rt_border_right_mobile=&#8221;&#8221; rt_bg_image_repeat=&#8221;repeat&#8221; rt_bg_size=&#8221;auto auto&#8221; rt_bg_position=&#8221;right top&#8221; rt_bg_attachment=&#8221;scroll&#8221;][vc_column_text]<\/p>\n<p style=\"text-align: center;\"><span style=\"font-size: 24pt;\">5 Ad\u0131mda Replikasyon Kullanmaya Ba\u015flay\u0131n<\/span><\/p>\n<p>[\/vc_column_text][\/vc_column][\/vc_row][vc_row rt_row_background_width=&#8221;fullwidth&#8221; rt_row_content_width=&#8221;default&#8221; rt_row_style=&#8221;default-style&#8221; rt_row_borders=&#8221;&#8221; rt_row_paddings=&#8221;true&#8221; rt_bg_effect=&#8221;classic&#8221; rt_bg_image_repeat=&#8221;repeat&#8221; rt_bg_size=&#8221;cover&#8221; rt_bg_position=&#8221;right top&#8221; rt_bg_attachment=&#8221;scroll&#8221; rt_bg_video_format=&#8221;self-hosted&#8221; rt_bg_color=&#8221;#ebebeb&#8221;][vc_column width=&#8221;1\/5&#8243; rt_wrp_col_paddings=&#8221;false&#8221; rt_border_top=&#8221;&#8221; rt_border_bottom=&#8221;&#8221; rt_border_left=&#8221;&#8221; rt_border_right=&#8221;&#8221; rt_border_top_mobile=&#8221;&#8221; rt_border_bottom_mobile=&#8221;&#8221; rt_border_left_mobile=&#8221;&#8221; rt_border_right_mobile=&#8221;&#8221; rt_bg_image_repeat=&#8221;repeat&#8221; rt_bg_size=&#8221;auto auto&#8221; rt_bg_position=&#8221;right top&#8221; rt_bg_attachment=&#8221;scroll&#8221;][vc_single_image alignment=&#8221;center&#8221;][vc_column_text]I am text block. Click edit button to change this text. Lorem ipsum dolor sit amet, consectetur adipiscing elit. Ut elit tellus, luctus nec ullamcorper mattis, pulvinar dapibus leo.[\/vc_column_text][\/vc_column][vc_column width=&#8221;1\/5&#8243; rt_wrp_col_paddings=&#8221;false&#8221; rt_border_top=&#8221;&#8221; rt_border_bottom=&#8221;&#8221; rt_border_left=&#8221;&#8221; rt_border_right=&#8221;&#8221; rt_border_top_mobile=&#8221;&#8221; rt_border_bottom_mobile=&#8221;&#8221; rt_border_left_mobile=&#8221;&#8221; rt_border_right_mobile=&#8221;&#8221; rt_bg_image_repeat=&#8221;repeat&#8221; rt_bg_size=&#8221;auto auto&#8221; rt_bg_position=&#8221;right top&#8221; rt_bg_attachment=&#8221;scroll&#8221;][vc_single_image alignment=&#8221;center&#8221;][vc_column_text]I am text block. Click edit button to change this text. Lorem ipsum dolor sit amet, consectetur adipiscing elit. Ut elit tellus, luctus nec ullamcorper mattis, pulvinar dapibus leo.[\/vc_column_text][\/vc_column][vc_column width=&#8221;1\/5&#8243; rt_wrp_col_paddings=&#8221;false&#8221; rt_border_top=&#8221;&#8221; rt_border_bottom=&#8221;&#8221; rt_border_left=&#8221;&#8221; rt_border_right=&#8221;&#8221; rt_border_top_mobile=&#8221;&#8221; rt_border_bottom_mobile=&#8221;&#8221; rt_border_left_mobile=&#8221;&#8221; rt_border_right_mobile=&#8221;&#8221; rt_bg_image_repeat=&#8221;repeat&#8221; rt_bg_size=&#8221;auto auto&#8221; rt_bg_position=&#8221;right top&#8221; rt_bg_attachment=&#8221;scroll&#8221;][vc_single_image alignment=&#8221;center&#8221;][vc_column_text]I am text block. Click edit button to change this text. Lorem ipsum dolor sit amet, consectetur adipiscing elit. Ut elit tellus, luctus nec ullamcorper mattis, pulvinar dapibus leo.[\/vc_column_text][\/vc_column][vc_column width=&#8221;1\/5&#8243; rt_wrp_col_paddings=&#8221;false&#8221; rt_border_top=&#8221;&#8221; rt_border_bottom=&#8221;&#8221; rt_border_left=&#8221;&#8221; rt_border_right=&#8221;&#8221; rt_border_top_mobile=&#8221;&#8221; rt_border_bottom_mobile=&#8221;&#8221; rt_border_left_mobile=&#8221;&#8221; rt_border_right_mobile=&#8221;&#8221; rt_bg_image_repeat=&#8221;repeat&#8221; rt_bg_size=&#8221;auto auto&#8221; rt_bg_position=&#8221;right top&#8221; rt_bg_attachment=&#8221;scroll&#8221;][vc_single_image alignment=&#8221;center&#8221;][vc_column_text]I am text block. Click edit button to change this text. Lorem ipsum dolor sit amet, consectetur adipiscing elit. Ut elit tellus, luctus nec ullamcorper mattis, pulvinar dapibus leo.[\/vc_column_text][\/vc_column][vc_column width=&#8221;1\/5&#8243; rt_wrp_col_paddings=&#8221;false&#8221; rt_border_top=&#8221;&#8221; rt_border_bottom=&#8221;&#8221; rt_border_left=&#8221;&#8221; rt_border_right=&#8221;&#8221; rt_border_top_mobile=&#8221;&#8221; rt_border_bottom_mobile=&#8221;&#8221; rt_border_left_mobile=&#8221;&#8221; rt_border_right_mobile=&#8221;&#8221; rt_bg_image_repeat=&#8221;repeat&#8221; rt_bg_size=&#8221;auto auto&#8221; rt_bg_position=&#8221;right top&#8221; rt_bg_attachment=&#8221;scroll&#8221;][vc_single_image alignment=&#8221;center&#8221;][vc_column_text]I am text block. Click edit button to change this text. Lorem ipsum dolor sit amet, consectetur adipiscing elit. Ut elit tellus, luctus nec ullamcorper mattis, pulvinar dapibus leo.[\/vc_column_text][\/vc_column][\/vc_row]<\/p>\n","protected":false},"excerpt":{"rendered":"<p>[vc_row rt_row_background_width=&#8221;default&#8221; rt_row_style=&#8221;default-style&#8221; rt_row_borders=&#8221;&#8221; rt_row_paddings=&#8221;true&#8221; rt_bg_effect=&#8221;classic&#8221; rt_bg_image_repeat=&#8221;repeat&#8221; rt_bg_size=&#8221;cover&#8221; rt_bg_position=&#8221;right top&#8221; rt_bg_attachment=&#8221;scroll&#8221; rt_bg_video_format=&#8221;self-hosted&#8221;][vc_column width=&#8221;1\/2&#8243; rt_wrp_col_paddings=&#8221;false&#8221; rt_border_top=&#8221;&#8221; rt_border_bottom=&#8221;&#8221; rt_border_left=&#8221;&#8221; rt_border_right=&#8221;&#8221; rt_border_top_mobile=&#8221;&#8221; rt_border_bottom_mobile=&#8221;&#8221; rt_border_left_mobile=&#8221;&#8221; rt_border_right_mobile=&#8221;&#8221; rt_bg_image_repeat=&#8221;repeat&#8221; rt_bg_size=&#8221;auto auto&#8221; rt_bg_position=&#8221;right top&#8221; rt_bg_attachment=&#8221;scroll&#8221;][vc_single_image img_size=&#8221;full&#8221;][\/vc_column][vc_column width=&#8221;1\/2&#8243; rt_wrp_col_paddings=&#8221;false&#8221; rt_border_top=&#8221;&#8221; rt_border_bottom=&#8221;&#8221; rt_border_left=&#8221;&#8221; rt_border_right=&#8221;&#8221; rt_border_top_mobile=&#8221;&#8221; rt_border_bottom_mobile=&#8221;&#8221; rt_border_left_mobile=&#8221;&#8221; rt_border_right_mobile=&#8221;&#8221; rt_bg_image_repeat=&#8221;repeat&#8221; rt_bg_size=&#8221;auto auto&#8221; rt_bg_position=&#8221;right top&#8221; rt_bg_attachment=&#8221;scroll&#8221;][vc_column_text]Netbone Replikasyon hizmeti ile sanal ortamlardaki t\u00fcm veri, yaz\u0131l\u0131m, sanal sunucu [&hellip;]<\/p>\n","protected":false},"author":3,"featured_media":0,"parent":0,"menu_order":0,"comment_status":"closed","ping_status":"closed","template":"","meta":{"footnotes":""},"class_list":["post-4353","page","type-page","status-publish","hentry"],"_links":{"self":[{"href":"https:\/\/netbone.com.tr\/kurumsal\/wp-json\/wp\/v2\/pages\/4353","targetHints":{"allow":["GET"]}}],"collection":[{"href":"https:\/\/netbone.com.tr\/kurumsal\/wp-json\/wp\/v2\/pages"}],"about":[{"href":"https:\/\/netbone.com.tr\/kurumsal\/wp-json\/wp\/v2\/types\/page"}],"author":[{"embeddable":true,"href":"https:\/\/netbone.com.tr\/kurumsal\/wp-json\/wp\/v2\/users\/3"}],"replies":[{"embeddable":true,"href":"https:\/\/netbone.com.tr\/kurumsal\/wp-json\/wp\/v2\/comments?post=4353"}],"version-history":[{"count":9,"href":"https:\/\/netbone.com.tr\/kurumsal\/wp-json\/wp\/v2\/pages\/4353\/revisions"}],"predecessor-version":[{"id":5075,"href":"https:\/\/netbone.com.tr\/kurumsal\/wp-json\/wp\/v2\/pages\/4353\/revisions\/5075"}],"wp:attachment":[{"href":"https:\/\/netbone.com.tr\/kurumsal\/wp-json\/wp\/v2\/media?parent=4353"}],"curies":[{"name":"wp","href":"https:\/\/api.w.org\/{rel}","templated":true}]}}