{"id":4374,"date":"2021-02-11T16:24:28","date_gmt":"2021-02-11T13:24:28","guid":{"rendered":"https:\/\/netbone.com.tr\/kurumsal\/?page_id=4374"},"modified":"2021-02-23T16:01:17","modified_gmt":"2021-02-23T13:01:17","slug":"firewall-vpn-yonetimi","status":"publish","type":"page","link":"https:\/\/netbone.com.tr\/kurumsal\/firewall-vpn-yonetimi\/","title":{"rendered":"Firewall \/ VPN Y\u00f6netimi"},"content":{"rendered":"<p>[vc_row rt_row_background_width=&#8221;default&#8221; rt_row_style=&#8221;default-style&#8221; rt_row_borders=&#8221;&#8221; rt_row_paddings=&#8221;true&#8221; rt_bg_effect=&#8221;classic&#8221; rt_bg_image_repeat=&#8221;repeat&#8221; rt_bg_size=&#8221;cover&#8221; rt_bg_position=&#8221;right top&#8221; rt_bg_attachment=&#8221;scroll&#8221; rt_bg_video_format=&#8221;self-hosted&#8221;][vc_column width=&#8221;1\/2&#8243; rt_wrp_col_paddings=&#8221;false&#8221; rt_border_top=&#8221;&#8221; rt_border_bottom=&#8221;&#8221; rt_border_left=&#8221;&#8221; rt_border_right=&#8221;&#8221; rt_border_top_mobile=&#8221;&#8221; rt_border_bottom_mobile=&#8221;&#8221; rt_border_left_mobile=&#8221;&#8221; rt_border_right_mobile=&#8221;&#8221; rt_bg_image_repeat=&#8221;repeat&#8221; rt_bg_size=&#8221;auto auto&#8221; rt_bg_position=&#8221;right top&#8221; rt_bg_attachment=&#8221;scroll&#8221;][vc_single_image img_size=&#8221;full&#8221;][\/vc_column][vc_column width=&#8221;1\/2&#8243; rt_wrp_col_paddings=&#8221;false&#8221; rt_border_top=&#8221;&#8221; rt_border_bottom=&#8221;&#8221; rt_border_left=&#8221;&#8221; rt_border_right=&#8221;&#8221; rt_border_top_mobile=&#8221;&#8221; rt_border_bottom_mobile=&#8221;&#8221; rt_border_left_mobile=&#8221;&#8221; rt_border_right_mobile=&#8221;&#8221; rt_bg_image_repeat=&#8221;repeat&#8221; rt_bg_size=&#8221;auto auto&#8221; rt_bg_position=&#8221;right top&#8221; rt_bg_attachment=&#8221;scroll&#8221;]<div class=\"rt_heading_wrapper \">\n\t\t\t\t\t\t<h1 class=\"rt_heading  \" >Firewall \/ VPN Y\u00f6netimi<\/h1>\n\t\t\t\t\t<\/div>[vc_column_text]Firewall \/ VPN Y\u00f6netimi hizmet kapsam\u0131nda, merkezi olarak kurulan ve y\u00f6netilen firewall (g\u00fcvenlik duvar\u0131) ile eri\u015fim seviyesinde g\u00fcvenlik hizmeti sunulmaktad\u0131r.[\/vc_column_text]<div class=\"button_wrapper  alignleft\"><a  href=\"\" target=\"_self\" title=\"Paketleri G\u00f6r\" class=\"button_  body-font custom big\" style=\"color:#ffffff;background-color:#ee3124;border-color:#ee3124;border-radius:5px;border-width:1px;font-size:14px;\" data-hover-style=\"#ee3124\">Paketleri G\u00f6r<\/a><\/div>[\/vc_column][\/vc_row][vc_row rt_row_background_width=&#8221;default&#8221; rt_row_style=&#8221;default-style&#8221; rt_row_borders=&#8221;&#8221; rt_row_paddings=&#8221;true&#8221; rt_bg_effect=&#8221;classic&#8221; rt_bg_image_repeat=&#8221;repeat&#8221; rt_bg_size=&#8221;cover&#8221; rt_bg_position=&#8221;right top&#8221; rt_bg_attachment=&#8221;scroll&#8221; rt_bg_video_format=&#8221;self-hosted&#8221;][vc_column rt_wrp_col_paddings=&#8221;false&#8221; rt_border_top=&#8221;&#8221; rt_border_bottom=&#8221;&#8221; rt_border_left=&#8221;&#8221; rt_border_right=&#8221;&#8221; rt_border_top_mobile=&#8221;&#8221; rt_border_bottom_mobile=&#8221;&#8221; rt_border_left_mobile=&#8221;&#8221; rt_border_right_mobile=&#8221;&#8221; rt_bg_image_repeat=&#8221;repeat&#8221; rt_bg_size=&#8221;auto auto&#8221; rt_bg_position=&#8221;right top&#8221; rt_bg_attachment=&#8221;scroll&#8221;][vc_empty_space height=&#8221;1&#8243;][vc_separator style=&#8221;style-4&#8243; color=&#8221;#003c71&#8243;][\/vc_column][\/vc_row][vc_row rt_row_background_width=&#8221;default&#8221; rt_row_style=&#8221;default-style&#8221; rt_row_borders=&#8221;&#8221; rt_row_paddings=&#8221;true&#8221; rt_bg_effect=&#8221;classic&#8221; rt_bg_image_repeat=&#8221;repeat&#8221; rt_bg_size=&#8221;cover&#8221; rt_bg_position=&#8221;right top&#8221; rt_bg_attachment=&#8221;scroll&#8221; rt_bg_video_format=&#8221;self-hosted&#8221;][vc_column rt_wrp_col_paddings=&#8221;false&#8221; rt_border_top=&#8221;&#8221; rt_border_bottom=&#8221;&#8221; rt_border_left=&#8221;&#8221; rt_border_right=&#8221;&#8221; rt_border_top_mobile=&#8221;&#8221; rt_border_bottom_mobile=&#8221;&#8221; rt_border_left_mobile=&#8221;&#8221; rt_border_right_mobile=&#8221;&#8221; rt_bg_image_repeat=&#8221;repeat&#8221; rt_bg_size=&#8221;auto auto&#8221; rt_bg_position=&#8221;right top&#8221; rt_bg_attachment=&#8221;scroll&#8221;][vc_tta_accordion style=&#8221;modern&#8221; active_section=&#8221;0&#8243; collapsible_all=&#8221;true&#8221;][vc_tta_section title=&#8221;Firewall \/ VPN Y\u00f6netimi Nedir?&#8221; tab_id=&#8221;firewall-vpn-yonetimi-nedir&#8221;][vc_column_text]Hizmet kapsam\u0131nda; merkezi olarak kurulan ve y\u00f6netilen firewall (g\u00fcvenlik duvar\u0131) ile eri\u015fim seviyesinde g\u00fcvenlik hizmeti sunmaktad\u0131r.[\/vc_column_text][\/vc_tta_section][vc_tta_section title=&#8221;Firewall \/ VPN Y\u00f6netimi hangi \u015firketler i\u00e7in idealdir?&#8221; tab_id=&#8221;firewall-vpn-yonetimi-hangi-sirketler-icin-idealdir&#8221;][vc_column_text]Kurumsal internet hizmeti alan ve g\u00fcvenli eri\u015fim isteyen t\u00fcm \u015firketler i\u00e7in uygundur.[\/vc_column_text][\/vc_tta_section][vc_tta_section title=&#8221;Firewall \/ VPN Y\u00f6netimi ile neler yapabilirsiniz?&#8221; tab_id=&#8221;firewall-vpn-yonetimi-ile-neler-yapabilirsiniz&#8221;][vc_column_text]Firewall Y\u00f6netimi, i\u015fletmelerin siber sald\u0131r\u0131lara kar\u015f\u0131 ilk savunma hatt\u0131 ve siber g\u00fcvenli\u011fin en kilit bile\u015fenlerden biridir. Ancak etkin \u015fekilde y\u00f6netilmeyen bir firewall, istenmeden bir g\u00fcvenlik riski haline gelebilmektedir. Netbone Firewall \/ VPN Y\u00f6netimi, m\u00fc\u015fteri a\u011f\u0131 ile m\u00fc\u015fteri internet trafi\u011fi giri\u015f noktas\u0131nda trafi\u011fin aras\u0131na konumland\u0131r\u0131l\u0131r. \u00dczerinde tan\u0131ml\u0131 kural setinin izin verdi\u011fi eri\u015fim yetkilendirmesine uygun olarak 7&#215;24 aktif hizmet verecek \u015fekilde \u00e7al\u0131\u015f\u0131r. Lisans alternatifleri ile birlikte WEB \/ URL Filtreleme, Antivirus, Antispam, IPS ve SSL VPN gibi \u00f6zellikler aktif edilebilir.<br \/>\nCOVID\u201919 etkisiyle \u00e7al\u0131\u015fma \u015feklimizi de\u011fi\u015ftirerek evlerimizde kendi \u00e7al\u0131\u015fma alanlar\u0131m\u0131z\u0131 olu\u015fturmaya ba\u015flad\u0131k. Firewall \/ VPN Y\u00f6netimi \u00fczerinden sunulan SSL VPN hizmeti ile internet \u00fczerinden, \u015firket a\u011f\u0131na g\u00fcvenli bir \u015fekilde ba\u011flanabilir \u015firket i\u00e7erisindeymi\u015f gibi verimli bir \u015fekilde \u00e7al\u0131\u015fmaya devam edebilirsiniz. B\u00f6ylelikle ofisinizdeki i\u015f s\u00fcreklili\u011fini evinizden devam ettirirsiniz.[\/vc_column_text][\/vc_tta_section][vc_tta_section title=&#8221;Firewall \/ VPN Y\u00f6netimi&#8217;nin avantajlar\u0131 nelerdir?&#8221; tab_id=&#8221;firewall-vpn-yonetiminin-avantajlari-nelerdir&#8221;][vc_column_text]<\/p>\n<ul>\n<li><strong>G\u00fcncel Teknolojiler:<\/strong>\u00a0Her g\u00fcn de\u011fi\u015fen ve karma\u015f\u0131kla\u015fan siber tehditlere kar\u015f\u0131, d\u00fcnya firewall pazar\u0131n\u0131n \u00f6nde gelen \u00fcreticileri Fortinet, Palo Alto ve Checkpoint\u2019in en g\u00fcncel teknolojileriyle koruma sa\u011flars\u0131n\u0131z.<\/li>\n<li><strong>Raporlama:\u00a0<\/strong>VPN eri\u015fim say\u0131lar\u0131\/s\u00fcreleri, ge\u00e7mi\u015f zamana ait kullan\u0131c\u0131 raporlar\u0131, en \u00e7ok kar\u015f\u0131la\u015f\u0131lan tehdit ve sald\u0131r\u0131 raporlar\u0131 haftal\u0131k ve ayl\u0131k olarak sunulmaktad\u0131r.<\/li>\n<li><strong>S\u0131f\u0131r \u0130lk Yat\u0131r\u0131m Maliyeti:\u00a0<\/strong>Cihaz yat\u0131r\u0131m maliyeti olmaks\u0131z\u0131n, ayl\u0131k \u00f6deme modeli ile hizmet alabilirsiniz.<\/li>\n<li><strong>Uzman Ekipler:\u00a0<\/strong>Uzman sat\u0131\u015f ekipleri ve g\u00fcvenlik \u00e7\u00f6z\u00fcm mimarlar\u0131 ile ihtiya\u00e7lar\u0131n\u0131za en uygun \u00e7\u00f6z\u00fcm tasar\u0131m\u0131 yap\u0131l\u0131r. Servis kapsam\u0131nda verilen cihazlar\u0131n y\u00f6netimi ve operasyonu Netbone taraf\u0131ndan 7\/24 yap\u0131lmaktad\u0131r.<\/li>\n<\/ul>\n<p>[\/vc_column_text][\/vc_tta_section][\/vc_tta_accordion][\/vc_column][\/vc_row][vc_row rt_row_background_width=&#8221;fullwidth&#8221; rt_row_content_width=&#8221;default&#8221; rt_row_style=&#8221;default-style&#8221; rt_row_borders=&#8221;&#8221; rt_row_paddings=&#8221;true&#8221; rt_bg_effect=&#8221;classic&#8221; rt_bg_image_repeat=&#8221;repeat&#8221; rt_bg_size=&#8221;cover&#8221; rt_bg_position=&#8221;right top&#8221; rt_bg_attachment=&#8221;scroll&#8221; rt_bg_video_format=&#8221;self-hosted&#8221; rt_bg_color=&#8221;#ebebeb&#8221;][vc_column rt_wrp_col_paddings=&#8221;false&#8221; rt_border_top=&#8221;&#8221; rt_border_bottom=&#8221;&#8221; rt_border_left=&#8221;&#8221; rt_border_right=&#8221;&#8221; rt_border_top_mobile=&#8221;&#8221; rt_border_bottom_mobile=&#8221;&#8221; rt_border_left_mobile=&#8221;&#8221; rt_border_right_mobile=&#8221;&#8221; rt_bg_image_repeat=&#8221;repeat&#8221; rt_bg_size=&#8221;auto auto&#8221; rt_bg_position=&#8221;right top&#8221; rt_bg_attachment=&#8221;scroll&#8221;][vc_column_text]<\/p>\n<p style=\"text-align: center;\"><span style=\"font-size: 24pt;\">5 Ad\u0131mda Firewall \/ VPN Y\u00f6netimi Kullanmaya Ba\u015flay\u0131n<\/span><\/p>\n<p>[\/vc_column_text][\/vc_column][\/vc_row][vc_row rt_row_background_width=&#8221;fullwidth&#8221; rt_row_content_width=&#8221;default&#8221; rt_row_style=&#8221;default-style&#8221; rt_row_borders=&#8221;&#8221; rt_row_paddings=&#8221;true&#8221; rt_bg_effect=&#8221;classic&#8221; rt_bg_image_repeat=&#8221;repeat&#8221; rt_bg_size=&#8221;cover&#8221; rt_bg_position=&#8221;right top&#8221; rt_bg_attachment=&#8221;scroll&#8221; rt_bg_video_format=&#8221;self-hosted&#8221; rt_bg_color=&#8221;#ebebeb&#8221;][vc_column width=&#8221;1\/5&#8243; rt_wrp_col_paddings=&#8221;false&#8221; rt_border_top=&#8221;&#8221; rt_border_bottom=&#8221;&#8221; rt_border_left=&#8221;&#8221; rt_border_right=&#8221;&#8221; rt_border_top_mobile=&#8221;&#8221; rt_border_bottom_mobile=&#8221;&#8221; rt_border_left_mobile=&#8221;&#8221; rt_border_right_mobile=&#8221;&#8221; rt_bg_image_repeat=&#8221;repeat&#8221; rt_bg_size=&#8221;auto auto&#8221; rt_bg_position=&#8221;right top&#8221; rt_bg_attachment=&#8221;scroll&#8221;][vc_single_image alignment=&#8221;center&#8221;][vc_column_text]I am text block. Click edit button to change this text. Lorem ipsum dolor sit amet, consectetur adipiscing elit. Ut elit tellus, luctus nec ullamcorper mattis, pulvinar dapibus leo.[\/vc_column_text][\/vc_column][vc_column width=&#8221;1\/5&#8243; rt_wrp_col_paddings=&#8221;false&#8221; rt_border_top=&#8221;&#8221; rt_border_bottom=&#8221;&#8221; rt_border_left=&#8221;&#8221; rt_border_right=&#8221;&#8221; rt_border_top_mobile=&#8221;&#8221; rt_border_bottom_mobile=&#8221;&#8221; rt_border_left_mobile=&#8221;&#8221; rt_border_right_mobile=&#8221;&#8221; rt_bg_image_repeat=&#8221;repeat&#8221; rt_bg_size=&#8221;auto auto&#8221; rt_bg_position=&#8221;right top&#8221; rt_bg_attachment=&#8221;scroll&#8221;][vc_single_image alignment=&#8221;center&#8221;][vc_column_text]I am text block. Click edit button to change this text. Lorem ipsum dolor sit amet, consectetur adipiscing elit. Ut elit tellus, luctus nec ullamcorper mattis, pulvinar dapibus leo.[\/vc_column_text][\/vc_column][vc_column width=&#8221;1\/5&#8243; rt_wrp_col_paddings=&#8221;false&#8221; rt_border_top=&#8221;&#8221; rt_border_bottom=&#8221;&#8221; rt_border_left=&#8221;&#8221; rt_border_right=&#8221;&#8221; rt_border_top_mobile=&#8221;&#8221; rt_border_bottom_mobile=&#8221;&#8221; rt_border_left_mobile=&#8221;&#8221; rt_border_right_mobile=&#8221;&#8221; rt_bg_image_repeat=&#8221;repeat&#8221; rt_bg_size=&#8221;auto auto&#8221; rt_bg_position=&#8221;right top&#8221; rt_bg_attachment=&#8221;scroll&#8221;][vc_single_image alignment=&#8221;center&#8221;][vc_column_text]<\/p>\n<p>I am text block. Click edit button to change this text. Lorem ipsum dolor sit amet, consectetur adipiscing elit. Ut elit tellus, luctus nec ullamcorper mattis, pulvinar dapibus leo.<\/p>\n<p>[\/vc_column_text][\/vc_column][vc_column width=&#8221;1\/5&#8243; rt_wrp_col_paddings=&#8221;false&#8221; rt_border_top=&#8221;&#8221; rt_border_bottom=&#8221;&#8221; rt_border_left=&#8221;&#8221; rt_border_right=&#8221;&#8221; rt_border_top_mobile=&#8221;&#8221; rt_border_bottom_mobile=&#8221;&#8221; rt_border_left_mobile=&#8221;&#8221; rt_border_right_mobile=&#8221;&#8221; rt_bg_image_repeat=&#8221;repeat&#8221; rt_bg_size=&#8221;auto auto&#8221; rt_bg_position=&#8221;right top&#8221; rt_bg_attachment=&#8221;scroll&#8221;][vc_single_image alignment=&#8221;center&#8221;][vc_column_text]I am text block. Click edit button to change this text. Lorem ipsum dolor sit amet, consectetur adipiscing elit. Ut elit tellus, luctus nec ullamcorper mattis, pulvinar dapibus leo.[\/vc_column_text][\/vc_column][vc_column width=&#8221;1\/5&#8243; rt_wrp_col_paddings=&#8221;false&#8221; rt_border_top=&#8221;&#8221; rt_border_bottom=&#8221;&#8221; rt_border_left=&#8221;&#8221; rt_border_right=&#8221;&#8221; rt_border_top_mobile=&#8221;&#8221; rt_border_bottom_mobile=&#8221;&#8221; rt_border_left_mobile=&#8221;&#8221; rt_border_right_mobile=&#8221;&#8221; rt_bg_image_repeat=&#8221;repeat&#8221; rt_bg_size=&#8221;auto auto&#8221; rt_bg_position=&#8221;right top&#8221; rt_bg_attachment=&#8221;scroll&#8221;][vc_single_image alignment=&#8221;center&#8221;][vc_column_text]I am text block. Click edit button to change this text. Lorem ipsum dolor sit amet, consectetur adipiscing elit. Ut elit tellus, luctus nec ullamcorper mattis, pulvinar dapibus leo.[\/vc_column_text][\/vc_column][\/vc_row]<\/p>\n","protected":false},"excerpt":{"rendered":"<p>[vc_row rt_row_background_width=&#8221;default&#8221; rt_row_style=&#8221;default-style&#8221; rt_row_borders=&#8221;&#8221; rt_row_paddings=&#8221;true&#8221; rt_bg_effect=&#8221;classic&#8221; rt_bg_image_repeat=&#8221;repeat&#8221; rt_bg_size=&#8221;cover&#8221; rt_bg_position=&#8221;right top&#8221; rt_bg_attachment=&#8221;scroll&#8221; rt_bg_video_format=&#8221;self-hosted&#8221;][vc_column width=&#8221;1\/2&#8243; rt_wrp_col_paddings=&#8221;false&#8221; rt_border_top=&#8221;&#8221; rt_border_bottom=&#8221;&#8221; rt_border_left=&#8221;&#8221; rt_border_right=&#8221;&#8221; rt_border_top_mobile=&#8221;&#8221; rt_border_bottom_mobile=&#8221;&#8221; rt_border_left_mobile=&#8221;&#8221; rt_border_right_mobile=&#8221;&#8221; rt_bg_image_repeat=&#8221;repeat&#8221; rt_bg_size=&#8221;auto auto&#8221; rt_bg_position=&#8221;right top&#8221; rt_bg_attachment=&#8221;scroll&#8221;][vc_single_image img_size=&#8221;full&#8221;][\/vc_column][vc_column width=&#8221;1\/2&#8243; rt_wrp_col_paddings=&#8221;false&#8221; rt_border_top=&#8221;&#8221; rt_border_bottom=&#8221;&#8221; rt_border_left=&#8221;&#8221; rt_border_right=&#8221;&#8221; rt_border_top_mobile=&#8221;&#8221; rt_border_bottom_mobile=&#8221;&#8221; rt_border_left_mobile=&#8221;&#8221; rt_border_right_mobile=&#8221;&#8221; rt_bg_image_repeat=&#8221;repeat&#8221; rt_bg_size=&#8221;auto auto&#8221; rt_bg_position=&#8221;right top&#8221; rt_bg_attachment=&#8221;scroll&#8221;][vc_column_text]Firewall \/ VPN Y\u00f6netimi hizmet kapsam\u0131nda, merkezi olarak kurulan ve y\u00f6netilen [&hellip;]<\/p>\n","protected":false},"author":3,"featured_media":0,"parent":0,"menu_order":0,"comment_status":"closed","ping_status":"closed","template":"","meta":{"footnotes":""},"class_list":["post-4374","page","type-page","status-publish","hentry"],"_links":{"self":[{"href":"https:\/\/netbone.com.tr\/kurumsal\/wp-json\/wp\/v2\/pages\/4374","targetHints":{"allow":["GET"]}}],"collection":[{"href":"https:\/\/netbone.com.tr\/kurumsal\/wp-json\/wp\/v2\/pages"}],"about":[{"href":"https:\/\/netbone.com.tr\/kurumsal\/wp-json\/wp\/v2\/types\/page"}],"author":[{"embeddable":true,"href":"https:\/\/netbone.com.tr\/kurumsal\/wp-json\/wp\/v2\/users\/3"}],"replies":[{"embeddable":true,"href":"https:\/\/netbone.com.tr\/kurumsal\/wp-json\/wp\/v2\/comments?post=4374"}],"version-history":[{"count":4,"href":"https:\/\/netbone.com.tr\/kurumsal\/wp-json\/wp\/v2\/pages\/4374\/revisions"}],"predecessor-version":[{"id":5026,"href":"https:\/\/netbone.com.tr\/kurumsal\/wp-json\/wp\/v2\/pages\/4374\/revisions\/5026"}],"wp:attachment":[{"href":"https:\/\/netbone.com.tr\/kurumsal\/wp-json\/wp\/v2\/media?parent=4374"}],"curies":[{"name":"wp","href":"https:\/\/api.w.org\/{rel}","templated":true}]}}