{"id":4478,"date":"2021-02-12T20:53:05","date_gmt":"2021-02-12T17:53:05","guid":{"rendered":"https:\/\/netbone.com.tr\/kurumsal\/?page_id=4478"},"modified":"2021-03-04T15:24:06","modified_gmt":"2021-03-04T12:24:06","slug":"erisim-destek","status":"publish","type":"page","link":"https:\/\/netbone.com.tr\/kurumsal\/yardim\/erisim\/erisim-destek\/","title":{"rendered":"Eri\u015fim Destek"},"content":{"rendered":"<p>[vc_row rt_row_background_width=&#8221;default&#8221; rt_row_style=&#8221;default-style&#8221; rt_row_borders=&#8221;&#8221; rt_row_paddings=&#8221;true&#8221; rt_bg_effect=&#8221;classic&#8221; rt_bg_image_repeat=&#8221;repeat&#8221; rt_bg_size=&#8221;cover&#8221; rt_bg_position=&#8221;right top&#8221; rt_bg_attachment=&#8221;scroll&#8221; rt_bg_video_format=&#8221;self-hosted&#8221;][vc_column rt_wrp_col_paddings=&#8221;false&#8221; rt_border_top=&#8221;&#8221; rt_border_bottom=&#8221;&#8221; rt_border_left=&#8221;&#8221; rt_border_right=&#8221;&#8221; rt_border_top_mobile=&#8221;&#8221; rt_border_bottom_mobile=&#8221;&#8221; rt_border_left_mobile=&#8221;&#8221; rt_border_right_mobile=&#8221;&#8221; rt_bg_image_repeat=&#8221;repeat&#8221; rt_bg_size=&#8221;auto auto&#8221; rt_bg_position=&#8221;right top&#8221; rt_bg_attachment=&#8221;scroll&#8221;]<div class=\"rt_heading_wrapper \">\n\t\t\t\t\t\t<h1 class=\"rt_heading  \" >Eri\u015fim Destek<\/h1>\n\t\t\t\t\t<\/div>[\/vc_column][\/vc_row][vc_row rt_row_background_width=&#8221;default&#8221; rt_row_style=&#8221;default-style&#8221; rt_row_borders=&#8221;&#8221; rt_row_paddings=&#8221;true&#8221; rt_bg_effect=&#8221;classic&#8221; rt_bg_image_repeat=&#8221;repeat&#8221; rt_bg_size=&#8221;cover&#8221; rt_bg_position=&#8221;right top&#8221; rt_bg_attachment=&#8221;scroll&#8221; rt_bg_video_format=&#8221;self-hosted&#8221;][vc_column rt_wrp_col_paddings=&#8221;false&#8221; rt_border_top=&#8221;&#8221; rt_border_bottom=&#8221;&#8221; rt_border_left=&#8221;&#8221; rt_border_right=&#8221;&#8221; rt_border_top_mobile=&#8221;&#8221; rt_border_bottom_mobile=&#8221;&#8221; rt_border_left_mobile=&#8221;&#8221; rt_border_right_mobile=&#8221;&#8221; rt_bg_image_repeat=&#8221;repeat&#8221; rt_bg_size=&#8221;auto auto&#8221; rt_bg_position=&#8221;right top&#8221; rt_bg_attachment=&#8221;scroll&#8221;][vc_tta_accordion style=&#8221;modern&#8221; active_section=&#8221;0&#8243; collapsible_all=&#8221;true&#8221;][vc_tta_section title=&#8221;Kurumsal aboneli\u011fimi fesih etmek istiyorum ne yapmal\u0131y\u0131m?&#8221; tab_id=&#8221;kurumsal-aboneligimi-fesih-etmek-istiyorum-ne-yapmaliyim&#8221;][vc_column_text]Firman\u0131zdan sorumlu Sat\u0131\u015f Y\u00f6neticinize mail ya da telefon ile ula\u015f\u0131p talebinizi iletebilir ya da 0 850 839 0 839 numaral\u0131 Kurumsal M\u00fc\u015fteri Hizmetlerimizden destek alabilirsiniz.\u200b[\/vc_column_text][\/vc_tta_section][vc_tta_section title=&#8221;Kullanmakta oldu\u011fum Eri\u015fim \u00fcr\u00fcn\u00fcm i\u00e7in kapasite\/h\u0131z art\u0131r\u0131m\u0131 yapmak istiyorum, ne yapmal\u0131y\u0131m?&#8221; tab_id=&#8221;kullanmakta-oldugum-erisim-urunum-icin-kapasite-h\u0131z-art\u0131r\u0131m\u0131-yapmak-istiyorum-ne-yapmaliyim&#8221;][vc_column_text]Firman\u0131zdan sorumlu Sat\u0131\u015f Y\u00f6neticinize mail ya da telefon ile ula\u015f\u0131p talebinizi iletebilirsiniz. Sat\u0131\u015f Y\u00f6neticinizi bilmiyorsan\u0131z 0 850 839 0 839 numaral\u0131 Kurumsal M\u00fc\u015fteri Hizmetlerimizden destek alabilirsiniz.[\/vc_column_text][\/vc_tta_section][vc_tta_section title=&#8221;Kurumsal hizmetlerime ait ar\u0131za ya\u015fad\u0131\u011f\u0131mda kime iletebilirim?&#8221; tab_id=&#8221;kurumsal-hizmetlerime-ait-ariza-yasadigimda-kime-iletebilirim&#8221;][vc_column_text]<\/p>\n<article class=\"content-box content-module footer-margin\">\n<div class=\"separate bot-m \">\n<p>Netbone\u2019dan ald\u0131\u011f\u0131n\u0131z kurumsal servislere ait talep veya ar\u0131za bildirimlerinizi Kurumsal M\u00fc\u015fteri Hizmetleri numaram\u0131zdan (0850 839 0 839) 7\/24 iletebilirsiniz.\u200b<\/p>\n<\/div>\n<\/article>\n<aside class=\"sidebar sep-top\">\n<div class=\"head\"><\/div>\n<\/aside>\n<p>[\/vc_column_text][\/vc_tta_section][vc_tta_section title=&#8221;VPN hizmetiyle ilgili sorun ya\u015f\u0131yorum, kime iletebilirim?&#8221; tab_id=&#8221;vpn-hizmetiyle-ilgili-sorun-yasiyorum-kime-iletebilirim&#8221;][vc_column_text]<\/p>\n<article class=\"content-box content-module footer-margin\">\n<div class=\"separate bot-m \"><span class=\"support-text cms_contents\">Netbone Kurumsal \u00fcr\u00fcn ve \u00e7\u00f6z\u00fcmleri ile ilgili Teknik problemlerinizi 0 850 839 0 839 numaral\u0131 Kurumsal M\u00fc\u015fteri Hizmetlerimizi aray\u0131p Teknik Destek ekiplerine iletebilirsiniz.<\/span><\/div>\n<\/article>\n<aside class=\"sidebar sep-top\">\n<div class=\"head\"><\/div>\n<\/aside>\n<p>[\/vc_column_text][\/vc_tta_section][vc_tta_section title=&#8221;ADSL internetimi iptal ettirmek istiyorum ne yapmayal\u0131m?&#8221; tab_id=&#8221;adsl-internetimi-iptal-etttirmek-istiyorum-ne-yapmaliyim&#8221;][vc_column_text]Size en yak\u0131n Kurumsal \u00c7\u00f6z\u00fcm Merkezi\u2019ne giderek iptal\/fesih talebinde bulunabilirsiniz. Talebinize istinaden internetiniz kesilerek hizmet faturalaman\u0131z durdurulacakt\u0131r. \u0130ptal talebinize istinaden 7 g\u00fcn i\u00e7erisinde teyit aramas\u0131 yap\u0131lacakt\u0131r.[\/vc_column_text][\/vc_tta_section][\/vc_tta_accordion][\/vc_column][\/vc_row]<\/p>\n","protected":false},"excerpt":{"rendered":"<p>[vc_row rt_row_background_width=&#8221;default&#8221; rt_row_style=&#8221;default-style&#8221; rt_row_borders=&#8221;&#8221; rt_row_paddings=&#8221;true&#8221; rt_bg_effect=&#8221;classic&#8221; rt_bg_image_repeat=&#8221;repeat&#8221; rt_bg_size=&#8221;cover&#8221; rt_bg_position=&#8221;right top&#8221; rt_bg_attachment=&#8221;scroll&#8221; rt_bg_video_format=&#8221;self-hosted&#8221;][vc_column rt_wrp_col_paddings=&#8221;false&#8221; rt_border_top=&#8221;&#8221; rt_border_bottom=&#8221;&#8221; rt_border_left=&#8221;&#8221; rt_border_right=&#8221;&#8221; rt_border_top_mobile=&#8221;&#8221; rt_border_bottom_mobile=&#8221;&#8221; rt_border_left_mobile=&#8221;&#8221; rt_border_right_mobile=&#8221;&#8221; rt_bg_image_repeat=&#8221;repeat&#8221; rt_bg_size=&#8221;auto auto&#8221; rt_bg_position=&#8221;right top&#8221; rt_bg_attachment=&#8221;scroll&#8221;][\/vc_column][\/vc_row][vc_row rt_row_background_width=&#8221;default&#8221; rt_row_style=&#8221;default-style&#8221; rt_row_borders=&#8221;&#8221; rt_row_paddings=&#8221;true&#8221; rt_bg_effect=&#8221;classic&#8221; rt_bg_image_repeat=&#8221;repeat&#8221; rt_bg_size=&#8221;cover&#8221; rt_bg_position=&#8221;right top&#8221; rt_bg_attachment=&#8221;scroll&#8221; rt_bg_video_format=&#8221;self-hosted&#8221;][vc_column rt_wrp_col_paddings=&#8221;false&#8221; rt_border_top=&#8221;&#8221; rt_border_bottom=&#8221;&#8221; rt_border_left=&#8221;&#8221; rt_border_right=&#8221;&#8221; rt_border_top_mobile=&#8221;&#8221; rt_border_bottom_mobile=&#8221;&#8221; rt_border_left_mobile=&#8221;&#8221; rt_border_right_mobile=&#8221;&#8221; rt_bg_image_repeat=&#8221;repeat&#8221; rt_bg_size=&#8221;auto auto&#8221; rt_bg_position=&#8221;right top&#8221; rt_bg_attachment=&#8221;scroll&#8221;][vc_tta_accordion style=&#8221;modern&#8221; active_section=&#8221;0&#8243; [&hellip;]<\/p>\n","protected":false},"author":1,"featured_media":0,"parent":4445,"menu_order":0,"comment_status":"closed","ping_status":"closed","template":"","meta":{"footnotes":""},"class_list":["post-4478","page","type-page","status-publish","hentry"],"_links":{"self":[{"href":"https:\/\/netbone.com.tr\/kurumsal\/wp-json\/wp\/v2\/pages\/4478","targetHints":{"allow":["GET"]}}],"collection":[{"href":"https:\/\/netbone.com.tr\/kurumsal\/wp-json\/wp\/v2\/pages"}],"about":[{"href":"https:\/\/netbone.com.tr\/kurumsal\/wp-json\/wp\/v2\/types\/page"}],"author":[{"embeddable":true,"href":"https:\/\/netbone.com.tr\/kurumsal\/wp-json\/wp\/v2\/users\/1"}],"replies":[{"embeddable":true,"href":"https:\/\/netbone.com.tr\/kurumsal\/wp-json\/wp\/v2\/comments?post=4478"}],"version-history":[{"count":4,"href":"https:\/\/netbone.com.tr\/kurumsal\/wp-json\/wp\/v2\/pages\/4478\/revisions"}],"predecessor-version":[{"id":5080,"href":"https:\/\/netbone.com.tr\/kurumsal\/wp-json\/wp\/v2\/pages\/4478\/revisions\/5080"}],"up":[{"embeddable":true,"href":"https:\/\/netbone.com.tr\/kurumsal\/wp-json\/wp\/v2\/pages\/4445"}],"wp:attachment":[{"href":"https:\/\/netbone.com.tr\/kurumsal\/wp-json\/wp\/v2\/media?parent=4478"}],"curies":[{"name":"wp","href":"https:\/\/api.w.org\/{rel}","templated":true}]}}