{"id":4481,"date":"2021-02-12T21:22:49","date_gmt":"2021-02-12T18:22:49","guid":{"rendered":"https:\/\/netbone.com.tr\/kurumsal\/?page_id=4481"},"modified":"2021-03-04T15:25:11","modified_gmt":"2021-03-04T12:25:11","slug":"genisbant-voip","status":"publish","type":"page","link":"https:\/\/netbone.com.tr\/kurumsal\/yardim\/is-telefonu\/genisbant-voip\/","title":{"rendered":"Geni\u015fbant VoIP"},"content":{"rendered":"<p>[vc_row rt_row_background_width=&#8221;default&#8221; rt_row_style=&#8221;default-style&#8221; rt_row_borders=&#8221;&#8221; rt_row_paddings=&#8221;true&#8221; rt_bg_effect=&#8221;classic&#8221; rt_bg_image_repeat=&#8221;repeat&#8221; rt_bg_size=&#8221;cover&#8221; rt_bg_position=&#8221;right top&#8221; rt_bg_attachment=&#8221;scroll&#8221; rt_bg_video_format=&#8221;self-hosted&#8221;][vc_column rt_wrp_col_paddings=&#8221;false&#8221; rt_border_top=&#8221;&#8221; rt_border_bottom=&#8221;&#8221; rt_border_left=&#8221;&#8221; rt_border_right=&#8221;&#8221; rt_border_top_mobile=&#8221;&#8221; rt_border_bottom_mobile=&#8221;&#8221; rt_border_left_mobile=&#8221;&#8221; rt_border_right_mobile=&#8221;&#8221; rt_bg_image_repeat=&#8221;repeat&#8221; rt_bg_size=&#8221;auto auto&#8221; rt_bg_position=&#8221;right top&#8221; rt_bg_attachment=&#8221;scroll&#8221;]<div class=\"rt_heading_wrapper \">\n\t\t\t\t\t\t<h1 class=\"rt_heading  \" >Geni\u015fbant VoIP<\/h1>\n\t\t\t\t\t<\/div>[\/vc_column][\/vc_row][vc_row rt_row_background_width=&#8221;default&#8221; rt_row_style=&#8221;default-style&#8221; rt_row_borders=&#8221;&#8221; rt_row_paddings=&#8221;true&#8221; rt_bg_effect=&#8221;classic&#8221; rt_bg_image_repeat=&#8221;repeat&#8221; rt_bg_size=&#8221;cover&#8221; rt_bg_position=&#8221;right top&#8221; rt_bg_attachment=&#8221;scroll&#8221; rt_bg_video_format=&#8221;self-hosted&#8221;][vc_column rt_wrp_col_paddings=&#8221;false&#8221; rt_border_top=&#8221;&#8221; rt_border_bottom=&#8221;&#8221; rt_border_left=&#8221;&#8221; rt_border_right=&#8221;&#8221; rt_border_top_mobile=&#8221;&#8221; rt_border_bottom_mobile=&#8221;&#8221; rt_border_left_mobile=&#8221;&#8221; rt_border_right_mobile=&#8221;&#8221; rt_bg_image_repeat=&#8221;repeat&#8221; rt_bg_size=&#8221;auto auto&#8221; rt_bg_position=&#8221;right top&#8221; rt_bg_attachment=&#8221;scroll&#8221;][vc_tta_accordion style=&#8221;modern&#8221; active_section=&#8221;0&#8243; collapsible_all=&#8221;true&#8221;][vc_tta_section title=&#8221;Telefonumdan Arama Yapam\u0131yorum. Ne Yapmam Gerekiyor?&#8221; tab_id=&#8221;telefonumdan-arama-yapamiyorum-ne-yapmam-gerekiyor&#8221;][vc_column_text]\u0130nternet eri\u015fiminizin oldu\u011funu kontrol ediniz.<br \/>\nTelefonunuzun modeme ba\u011fl\u0131 oldu\u011funu ve \u00fczerinde bulunan Telefon \u0131\u015f\u0131\u011f\u0131n\u0131n yan\u0131yor oldu\u011funu kontrol ediniz.<br \/>\nKontroller sonras\u0131 sorunun devam ediyor olmas\u0131 halinde Netbone Kurumsal M\u00fc\u015fteri Hizmetleri\u2018ni (0850 839 0 839) arayarak yard\u0131m talep edebilirsiniz.[\/vc_column_text][\/vc_tta_section][vc_tta_section title=&#8221;Telefonumdan Arama Alam\u0131yorum. Ne Yapmam Gerekiyor?&#8221; tab_id=&#8221;telefonumdan-arama-alamiyorum-ne-yapmam-gerekiyor&#8221;][vc_column_text]\u0130nternet eri\u015fiminizin oldu\u011funu kontrol ediniz.<br \/>\nTelefonunuzun modeme ba\u011fl\u0131 oldu\u011funu ve \u00fczerinde bulunan Telefon \u0131\u015f\u0131\u011f\u0131n\u0131n yan\u0131yor oldu\u011funu kontrol ediniz.<br \/>\nKontroller sonras\u0131 sorunun devam ediyor olmas\u0131 halinde Netbone Kurumsal M\u00fc\u015fteri Hizmetleri\u2018ni (0850 839 0 839) arayarak yard\u0131m talep edebilirsiniz.[\/vc_column_text][\/vc_tta_section][vc_tta_section title=&#8221;Telefonum S\u00fcrekli Me\u015fgul Tonu \u00c7al\u0131yor. Ne Yapmam Gerekiyor?&#8221; tab_id=&#8221;telefonum-surekli-mesgul-tonu-caliyor-ne-yapmam-gerekiyor&#8221;][vc_column_text]\u0130nternet eri\u015fiminizin oldu\u011funu kontrol ediniz.<br \/>\nTelefonunuzun modeme ba\u011fl\u0131 oldu\u011funu ve \u00fczerinde bulunan Telefon \u0131\u015f\u0131\u011f\u0131n\u0131n yan\u0131yor oldu\u011funu kontrol ediniz.<br \/>\nKontroller sonras\u0131 sorunun devam ediyor olmas\u0131 halinde Netbone Kurumsal M\u00fc\u015fteri Hizmetleri\u2018ni (0850 839 0 839) arayarak yard\u0131m talep edebilirsiniz.[\/vc_column_text][\/vc_tta_section][vc_tta_section title=&#8221;Telefonumdan Aran\u0131yorum Fakat Bana \u00c7a\u011fr\u0131 D\u00fc\u015fm\u00fcyor. Ne Yapmam Gerekiyor?&#8221; tab_id=&#8221;telefonumdan-araniyorum-fakat-bana-cagri-dusmuyor-ne-yapmam-gerekiyor&#8221;][vc_column_text]\u0130nternet eri\u015fiminizin oldu\u011funu kontrol ediniz.<br \/>\nTelefonunuzun modeme ba\u011fl\u0131 oldu\u011funu ve \u00fczerinde bulunan Telefon \u0131\u015f\u0131\u011f\u0131n\u0131n yan\u0131yor oldu\u011funu kontrol ediniz.<br \/>\nKontroller sonras\u0131 sorunun devam ediyor olmas\u0131 halinde Netbone Kurumsal M\u00fc\u015fteri Hizmetleri\u2018ni (0850 839 0 839) arayarak yard\u0131m talep edebilirsiniz.[\/vc_column_text][\/vc_tta_section][\/vc_tta_accordion][\/vc_column][\/vc_row]<\/p>\n","protected":false},"excerpt":{"rendered":"<p>[vc_row rt_row_background_width=&#8221;default&#8221; rt_row_style=&#8221;default-style&#8221; rt_row_borders=&#8221;&#8221; rt_row_paddings=&#8221;true&#8221; rt_bg_effect=&#8221;classic&#8221; rt_bg_image_repeat=&#8221;repeat&#8221; rt_bg_size=&#8221;cover&#8221; rt_bg_position=&#8221;right top&#8221; rt_bg_attachment=&#8221;scroll&#8221; rt_bg_video_format=&#8221;self-hosted&#8221;][vc_column rt_wrp_col_paddings=&#8221;false&#8221; rt_border_top=&#8221;&#8221; rt_border_bottom=&#8221;&#8221; rt_border_left=&#8221;&#8221; rt_border_right=&#8221;&#8221; rt_border_top_mobile=&#8221;&#8221; rt_border_bottom_mobile=&#8221;&#8221; rt_border_left_mobile=&#8221;&#8221; rt_border_right_mobile=&#8221;&#8221; rt_bg_image_repeat=&#8221;repeat&#8221; rt_bg_size=&#8221;auto auto&#8221; rt_bg_position=&#8221;right top&#8221; rt_bg_attachment=&#8221;scroll&#8221;][\/vc_column][\/vc_row][vc_row rt_row_background_width=&#8221;default&#8221; rt_row_style=&#8221;default-style&#8221; rt_row_borders=&#8221;&#8221; rt_row_paddings=&#8221;true&#8221; rt_bg_effect=&#8221;classic&#8221; rt_bg_image_repeat=&#8221;repeat&#8221; rt_bg_size=&#8221;cover&#8221; rt_bg_position=&#8221;right top&#8221; rt_bg_attachment=&#8221;scroll&#8221; rt_bg_video_format=&#8221;self-hosted&#8221;][vc_column rt_wrp_col_paddings=&#8221;false&#8221; rt_border_top=&#8221;&#8221; rt_border_bottom=&#8221;&#8221; rt_border_left=&#8221;&#8221; rt_border_right=&#8221;&#8221; rt_border_top_mobile=&#8221;&#8221; rt_border_bottom_mobile=&#8221;&#8221; rt_border_left_mobile=&#8221;&#8221; rt_border_right_mobile=&#8221;&#8221; rt_bg_image_repeat=&#8221;repeat&#8221; rt_bg_size=&#8221;auto auto&#8221; rt_bg_position=&#8221;right top&#8221; rt_bg_attachment=&#8221;scroll&#8221;][vc_tta_accordion style=&#8221;modern&#8221; active_section=&#8221;0&#8243; [&hellip;]<\/p>\n","protected":false},"author":1,"featured_media":0,"parent":4447,"menu_order":0,"comment_status":"closed","ping_status":"closed","template":"","meta":{"footnotes":""},"class_list":["post-4481","page","type-page","status-publish","hentry"],"_links":{"self":[{"href":"https:\/\/netbone.com.tr\/kurumsal\/wp-json\/wp\/v2\/pages\/4481","targetHints":{"allow":["GET"]}}],"collection":[{"href":"https:\/\/netbone.com.tr\/kurumsal\/wp-json\/wp\/v2\/pages"}],"about":[{"href":"https:\/\/netbone.com.tr\/kurumsal\/wp-json\/wp\/v2\/types\/page"}],"author":[{"embeddable":true,"href":"https:\/\/netbone.com.tr\/kurumsal\/wp-json\/wp\/v2\/users\/1"}],"replies":[{"embeddable":true,"href":"https:\/\/netbone.com.tr\/kurumsal\/wp-json\/wp\/v2\/comments?post=4481"}],"version-history":[{"count":4,"href":"https:\/\/netbone.com.tr\/kurumsal\/wp-json\/wp\/v2\/pages\/4481\/revisions"}],"predecessor-version":[{"id":5081,"href":"https:\/\/netbone.com.tr\/kurumsal\/wp-json\/wp\/v2\/pages\/4481\/revisions\/5081"}],"up":[{"embeddable":true,"href":"https:\/\/netbone.com.tr\/kurumsal\/wp-json\/wp\/v2\/pages\/4447"}],"wp:attachment":[{"href":"https:\/\/netbone.com.tr\/kurumsal\/wp-json\/wp\/v2\/media?parent=4481"}],"curies":[{"name":"wp","href":"https:\/\/api.w.org\/{rel}","templated":true}]}}