{"id":4483,"date":"2021-02-12T21:23:43","date_gmt":"2021-02-12T18:23:43","guid":{"rendered":"https:\/\/netbone.com.tr\/kurumsal\/?page_id=4483"},"modified":"2021-03-04T15:30:54","modified_gmt":"2021-03-04T12:30:54","slug":"numara-tahsis","status":"publish","type":"page","link":"https:\/\/netbone.com.tr\/kurumsal\/yardim\/is-telefonu\/numara-tahsis\/","title":{"rendered":"Numara Tahsis"},"content":{"rendered":"<p>[vc_row rt_row_background_width=&#8221;default&#8221; rt_row_style=&#8221;default-style&#8221; rt_row_borders=&#8221;&#8221; rt_row_paddings=&#8221;true&#8221; rt_bg_effect=&#8221;classic&#8221; rt_bg_image_repeat=&#8221;repeat&#8221; rt_bg_size=&#8221;cover&#8221; rt_bg_position=&#8221;right top&#8221; rt_bg_attachment=&#8221;scroll&#8221; rt_bg_video_format=&#8221;self-hosted&#8221;][vc_column rt_wrp_col_paddings=&#8221;false&#8221; rt_border_top=&#8221;&#8221; rt_border_bottom=&#8221;&#8221; rt_border_left=&#8221;&#8221; rt_border_right=&#8221;&#8221; rt_border_top_mobile=&#8221;&#8221; rt_border_bottom_mobile=&#8221;&#8221; rt_border_left_mobile=&#8221;&#8221; rt_border_right_mobile=&#8221;&#8221; rt_bg_image_repeat=&#8221;repeat&#8221; rt_bg_size=&#8221;auto auto&#8221; rt_bg_position=&#8221;right top&#8221; rt_bg_attachment=&#8221;scroll&#8221;]<div class=\"rt_heading_wrapper \">\n\t\t\t\t\t\t<h1 class=\"rt_heading  \" >Numara Tahsis<\/h1>\n\t\t\t\t\t<\/div>[\/vc_column][\/vc_row][vc_row rt_row_background_width=&#8221;default&#8221; rt_row_style=&#8221;default-style&#8221; rt_row_borders=&#8221;&#8221; rt_row_paddings=&#8221;true&#8221; rt_bg_effect=&#8221;classic&#8221; rt_bg_image_repeat=&#8221;repeat&#8221; rt_bg_size=&#8221;cover&#8221; rt_bg_position=&#8221;right top&#8221; rt_bg_attachment=&#8221;scroll&#8221; rt_bg_video_format=&#8221;self-hosted&#8221;][vc_column rt_wrp_col_paddings=&#8221;false&#8221; rt_border_top=&#8221;&#8221; rt_border_bottom=&#8221;&#8221; rt_border_left=&#8221;&#8221; rt_border_right=&#8221;&#8221; rt_border_top_mobile=&#8221;&#8221; rt_border_bottom_mobile=&#8221;&#8221; rt_border_left_mobile=&#8221;&#8221; rt_border_right_mobile=&#8221;&#8221; rt_bg_image_repeat=&#8221;repeat&#8221; rt_bg_size=&#8221;auto auto&#8221; rt_bg_position=&#8221;right top&#8221; rt_bg_attachment=&#8221;scroll&#8221;][vc_tta_accordion style=&#8221;modern&#8221; active_section=&#8221;0&#8243; collapsible_all=&#8221;true&#8221;][vc_tta_section title=&#8221;Numara tahsisi modemsiz kampanyalara tan\u0131mlan\u0131r m\u0131?&#8221; tab_id=&#8221;numara-tahsisi-modemsiz-kampanyalara-tanimlanir-mi&#8221;][vc_column_text]Hay\u0131r, modemsiz kampanyalarda Numara Tahsis yap\u0131lamamaktad\u0131r.[\/vc_column_text][\/vc_tta_section][vc_tta_section title=&#8221;Numara Tahsis ile birlikte mevcut Faks makinam\u0131 kullanabilir miyim?&#8221; tab_id=&#8221;numara-tahsis-ile-birlikte-mevcut-faks-makinami-kullanabilir-miyim&#8221;][vc_column_text]Evet, kendi faks makinan\u0131z\u0131 kullanabilirsiniz.[\/vc_column_text][\/vc_tta_section][vc_tta_section title=&#8221;Numara tahsis yapm\u0131\u015f olan m\u00fc\u015fterimiz di\u011fer operat\u00f6re numara ta\u015f\u0131ma ba\u015fvurusu yapabilir mi?&#8221; tab_id=&#8221;numara-tahsis-yapmis-olan-musterimiz-diger-operatore-numara-tasima-basvurusu-yapabilir-mi&#8221;][vc_column_text]Kurumsal hatlar\u0131 i\u00e7in Numara tahsis yapm\u0131\u015f olan b\u00fcy\u00fck \u00f6l\u00e7ekli i\u015fletmeler di\u011fer operat\u00f6re Sabit Numara Ta\u015f\u0131ma ba\u015fvurusu yapabilir fakat 90 g\u00fcn beklemesi gerekmektedir.<\/p>\n<p>KOB\u0130 segmentindeki i\u015fletmelerin hatlar\u0131n\u0131n beklemesine gerek yoktur;\u00a0ge\u00e7mek istedikleri operat\u00f6re sabit numara ta\u015f\u0131ma ba\u015fvurusu yapabilirler.[\/vc_column_text][\/vc_tta_section][vc_tta_section title=&#8221;Bir m\u00fc\u015fteri en fazla ne kadar numara tahsis edebilir?&#8221; tab_id=&#8221;bir-musteri-en-fazla-ne-kadar-numara-tahsis-edebilir&#8221;][vc_column_text]Kurumsal m\u00fc\u015fteriler kurumsal bir \u00fcr\u00fcn ald\u0131klar\u0131nda numara blok limiti bulunmamaktad\u0131r. Fakat Bireysel bir \u00fcr\u00fcn al\u0131nmak istenirse al\u0131nabilecek numara tahsis limiti 2 adettir.[\/vc_column_text][\/vc_tta_section][\/vc_tta_accordion][\/vc_column][\/vc_row]<\/p>\n","protected":false},"excerpt":{"rendered":"<p>[vc_row rt_row_background_width=&#8221;default&#8221; rt_row_style=&#8221;default-style&#8221; rt_row_borders=&#8221;&#8221; rt_row_paddings=&#8221;true&#8221; rt_bg_effect=&#8221;classic&#8221; rt_bg_image_repeat=&#8221;repeat&#8221; rt_bg_size=&#8221;cover&#8221; rt_bg_position=&#8221;right top&#8221; rt_bg_attachment=&#8221;scroll&#8221; rt_bg_video_format=&#8221;self-hosted&#8221;][vc_column rt_wrp_col_paddings=&#8221;false&#8221; rt_border_top=&#8221;&#8221; rt_border_bottom=&#8221;&#8221; rt_border_left=&#8221;&#8221; rt_border_right=&#8221;&#8221; rt_border_top_mobile=&#8221;&#8221; rt_border_bottom_mobile=&#8221;&#8221; rt_border_left_mobile=&#8221;&#8221; rt_border_right_mobile=&#8221;&#8221; rt_bg_image_repeat=&#8221;repeat&#8221; rt_bg_size=&#8221;auto auto&#8221; rt_bg_position=&#8221;right top&#8221; rt_bg_attachment=&#8221;scroll&#8221;][\/vc_column][\/vc_row][vc_row rt_row_background_width=&#8221;default&#8221; rt_row_style=&#8221;default-style&#8221; rt_row_borders=&#8221;&#8221; rt_row_paddings=&#8221;true&#8221; rt_bg_effect=&#8221;classic&#8221; rt_bg_image_repeat=&#8221;repeat&#8221; rt_bg_size=&#8221;cover&#8221; rt_bg_position=&#8221;right top&#8221; rt_bg_attachment=&#8221;scroll&#8221; rt_bg_video_format=&#8221;self-hosted&#8221;][vc_column rt_wrp_col_paddings=&#8221;false&#8221; rt_border_top=&#8221;&#8221; rt_border_bottom=&#8221;&#8221; rt_border_left=&#8221;&#8221; rt_border_right=&#8221;&#8221; rt_border_top_mobile=&#8221;&#8221; rt_border_bottom_mobile=&#8221;&#8221; rt_border_left_mobile=&#8221;&#8221; rt_border_right_mobile=&#8221;&#8221; rt_bg_image_repeat=&#8221;repeat&#8221; rt_bg_size=&#8221;auto auto&#8221; rt_bg_position=&#8221;right top&#8221; rt_bg_attachment=&#8221;scroll&#8221;][vc_tta_accordion style=&#8221;modern&#8221; active_section=&#8221;0&#8243; [&hellip;]<\/p>\n","protected":false},"author":1,"featured_media":0,"parent":4447,"menu_order":0,"comment_status":"closed","ping_status":"closed","template":"","meta":{"footnotes":""},"class_list":["post-4483","page","type-page","status-publish","hentry"],"_links":{"self":[{"href":"https:\/\/netbone.com.tr\/kurumsal\/wp-json\/wp\/v2\/pages\/4483","targetHints":{"allow":["GET"]}}],"collection":[{"href":"https:\/\/netbone.com.tr\/kurumsal\/wp-json\/wp\/v2\/pages"}],"about":[{"href":"https:\/\/netbone.com.tr\/kurumsal\/wp-json\/wp\/v2\/types\/page"}],"author":[{"embeddable":true,"href":"https:\/\/netbone.com.tr\/kurumsal\/wp-json\/wp\/v2\/users\/1"}],"replies":[{"embeddable":true,"href":"https:\/\/netbone.com.tr\/kurumsal\/wp-json\/wp\/v2\/comments?post=4483"}],"version-history":[{"count":4,"href":"https:\/\/netbone.com.tr\/kurumsal\/wp-json\/wp\/v2\/pages\/4483\/revisions"}],"predecessor-version":[{"id":5083,"href":"https:\/\/netbone.com.tr\/kurumsal\/wp-json\/wp\/v2\/pages\/4483\/revisions\/5083"}],"up":[{"embeddable":true,"href":"https:\/\/netbone.com.tr\/kurumsal\/wp-json\/wp\/v2\/pages\/4447"}],"wp:attachment":[{"href":"https:\/\/netbone.com.tr\/kurumsal\/wp-json\/wp\/v2\/media?parent=4483"}],"curies":[{"name":"wp","href":"https:\/\/api.w.org\/{rel}","templated":true}]}}