{"id":4485,"date":"2021-02-12T21:25:04","date_gmt":"2021-02-12T18:25:04","guid":{"rendered":"https:\/\/netbone.com.tr\/kurumsal\/?page_id=4485"},"modified":"2021-03-04T15:32:54","modified_gmt":"2021-03-04T12:32:54","slug":"toptan-hat-kiralama","status":"publish","type":"page","link":"https:\/\/netbone.com.tr\/kurumsal\/yardim\/is-telefonu\/toptan-hat-kiralama\/","title":{"rendered":"Toptan Hat Kiralama"},"content":{"rendered":"<p>[vc_row rt_row_background_width=&#8221;default&#8221; rt_row_style=&#8221;default-style&#8221; rt_row_borders=&#8221;&#8221; rt_row_paddings=&#8221;true&#8221; rt_bg_effect=&#8221;classic&#8221; rt_bg_image_repeat=&#8221;repeat&#8221; rt_bg_size=&#8221;cover&#8221; rt_bg_position=&#8221;right top&#8221; rt_bg_attachment=&#8221;scroll&#8221; rt_bg_video_format=&#8221;self-hosted&#8221;][vc_column rt_wrp_col_paddings=&#8221;false&#8221; rt_border_top=&#8221;&#8221; rt_border_bottom=&#8221;&#8221; rt_border_left=&#8221;&#8221; rt_border_right=&#8221;&#8221; rt_border_top_mobile=&#8221;&#8221; rt_border_bottom_mobile=&#8221;&#8221; rt_border_left_mobile=&#8221;&#8221; rt_border_right_mobile=&#8221;&#8221; rt_bg_image_repeat=&#8221;repeat&#8221; rt_bg_size=&#8221;auto auto&#8221; rt_bg_position=&#8221;right top&#8221; rt_bg_attachment=&#8221;scroll&#8221;]<div class=\"rt_heading_wrapper \">\n\t\t\t\t\t\t<h1 class=\"rt_heading  \" >Toptan Hat Kiralama<\/h1>\n\t\t\t\t\t<\/div>[\/vc_column][\/vc_row][vc_row rt_row_background_width=&#8221;default&#8221; rt_row_style=&#8221;default-style&#8221; rt_row_borders=&#8221;&#8221; rt_row_paddings=&#8221;true&#8221; rt_bg_effect=&#8221;classic&#8221; rt_bg_image_repeat=&#8221;repeat&#8221; rt_bg_size=&#8221;cover&#8221; rt_bg_position=&#8221;right top&#8221; rt_bg_attachment=&#8221;scroll&#8221; rt_bg_video_format=&#8221;self-hosted&#8221;][vc_column rt_wrp_col_paddings=&#8221;false&#8221; rt_border_top=&#8221;&#8221; rt_border_bottom=&#8221;&#8221; rt_border_left=&#8221;&#8221; rt_border_right=&#8221;&#8221; rt_border_top_mobile=&#8221;&#8221; rt_border_bottom_mobile=&#8221;&#8221; rt_border_left_mobile=&#8221;&#8221; rt_border_right_mobile=&#8221;&#8221; rt_bg_image_repeat=&#8221;repeat&#8221; rt_bg_size=&#8221;auto auto&#8221; rt_bg_position=&#8221;right top&#8221; rt_bg_attachment=&#8221;scroll&#8221;][vc_tta_accordion style=&#8221;modern&#8221; active_section=&#8221;0&#8243; collapsible_all=&#8221;true&#8221;][vc_tta_section title=&#8221;Hangi hatlar i\u00e7in Toptan Hat Kiralama hizmeti verilebilir?&#8221; tab_id=&#8221;hangi-hatlar-icin-toptan-hat-kiralama-hizmeti-verilebilir&#8221;][vc_column_text]A tipi PSTN hatlar\u0131 i\u00e7in Toptan Hat Kiralama hizmeti verilebilir.[\/vc_column_text][\/vc_tta_section][vc_tta_section title=&#8221;Kimler Toptan Hat Kiralama Hizmetinden faydalanabilir?&#8221; tab_id=&#8221;kimler-toptan-hat-kiralama-hizmetlerinden-faydalanabilir&#8221;][vc_column_text]Di\u011fer operat\u00f6rde mevcutta numara tahsisi olan m\u00fc\u015fteriler, Netbone\u2019dan A Tipi PSTN hizmeti alan m\u00fc\u015fteriler Toptan Hat Kiralama hizmetinden faydalanabilirler. Di\u011fer operat\u00f6rden herhangi bir sabit numaras\u0131 olmayan m\u00fc\u015fteriler, B Tipi PSTN hizmetinden yararlanan m\u00fc\u015fteriler, BTK\u2019n\u0131n d\u00fczenlemesi gere\u011fi THK hizmetinden faydalanamazlar.[\/vc_column_text][\/vc_tta_section][vc_tta_section title=&#8221;Toptan Hat Kiralama Hizmetinde m\u00fc\u015fterilerin kulland\u0131klar\u0131 numaralar de\u011fi\u015fir mi?&#8221; tab_id=&#8221;toptan-hat-kiralama-hizmetinde-musterilerin-kullandiklari-numaralar-degisir-mi&#8221;][vc_column_text]Hay\u0131r de\u011fi\u015fmez, T\u00fcrk Telekom\u2019dan tahsis edi\u015fmi\u015f olan, kullanmakta olduklar\u0131 numaralar\u0131n\u0131 aynen kullanabilirler.[\/vc_column_text][\/vc_tta_section][vc_tta_section title=&#8221;THK hizmetinden yararlanmak isteyen m\u00fc\u015fterinin ek bir yat\u0131r\u0131m yapmas\u0131 gerekir mi?&#8221; tab_id=&#8221;thk-hizmetinden-yararlanmak-isteyen-musterinin-ek-bir-yatirim-yapmasi-gerekir-mi&#8221;][vc_column_text]Hay\u0131r gerekmez, m\u00fc\u015fteriler mevcut santral sistemlerini ve telefon cihazlar\u0131n\u0131 aynen kullanmaya devam ederler.[\/vc_column_text][\/vc_tta_section][vc_tta_section title=&#8221;THK hizmetinde m\u00fc\u015fteri lokasyonunda ek bir kurulum yap\u0131l\u0131r m\u0131?&#8221; tab_id=&#8221;thk-hizmetinde-musteri-lokasyonunda-ek-bir-kurulum-yapilir-mi&#8221;][vc_column_text]Hay\u0131r yap\u0131lmaz, THK hizmeti i\u00e7in ek bir cihaz kurulmas\u0131na gerek yoktur.[\/vc_column_text][\/vc_tta_section][vc_tta_section title=&#8221;THK hizmetini kullan\u0131rken telefon numaralar\u0131n\u0131n ba\u015f\u0131nda ba\u015fka bir numara tu\u015flamak gerekir mi?&#8221; tab_id=&#8221;thk-hizmetini-kullanirken-telefon-numaralarinin-basinda-bask-bir-numara-tuslamak-gerekir-mi&#8221;][vc_column_text]Hay\u0131r gerekmez. THK hizmetinden yararlanan m\u00fc\u015fteriler telefon g\u00f6r\u00fc\u015fmelerini kullan\u0131m al\u0131\u015fkanl\u0131klar\u0131n\u0131 de\u011fi\u015ftirmeden, ek herhangi bir numara \u00e7evirmeden yaparlar.[\/vc_column_text][\/vc_tta_section][vc_tta_section title=&#8221;M\u00fc\u015fterilere ka\u00e7 tane fatura gider?&#8221; tab_id=&#8221;musterilere-kac-tane-fatura-gider&#8221;][vc_column_text]THK hizmetinden yararlanan m\u00fc\u015fterilere, Netbone\u2019dan 1 tane fatura gidecektir. Sabit hat \u00fccreti ve telefon g\u00f6r\u00fc\u015fme \u00fccretleri bu tek faturada yer alacakt\u0131r.[\/vc_column_text][\/vc_tta_section][vc_tta_section title=&#8221;Farkl\u0131 bir operat\u00f6rden tahsis edilen 850 li numara Netbone\u2019a ta\u015f\u0131narak THK hizmetinden yararlan\u0131labilir mi?&#8221; tab_id=&#8221;farkli-bir-operatore-tahsis-edilen-numara-netbone-tasinarak-thk-hizmetinden-yararlanabilir-mi&#8221;][vc_column_text]Hay\u0131r, farkl\u0131 bir operat\u00f6rden tahsis edilen 850 li numara Netbone\u2019a ta\u015f\u0131narak THK hizmetinden yararlan\u0131lamaz.[\/vc_column_text][\/vc_tta_section][vc_tta_section title=&#8221;Toptan Hat Kiralama ile birlikte mevcut Faks makinam\u0131 kullanabilir miyim?&#8221; tab_id=&#8221;thk-ile-birlikte-mevcut-faks-makinami-kullanabilir-miyin&#8221;][vc_column_text]Evet, kendi faks makinan\u0131z\u0131 kullanabilirsiniz.[\/vc_column_text][\/vc_tta_section][\/vc_tta_accordion][\/vc_column][\/vc_row]<\/p>\n","protected":false},"excerpt":{"rendered":"<p>[vc_row rt_row_background_width=&#8221;default&#8221; rt_row_style=&#8221;default-style&#8221; rt_row_borders=&#8221;&#8221; rt_row_paddings=&#8221;true&#8221; rt_bg_effect=&#8221;classic&#8221; rt_bg_image_repeat=&#8221;repeat&#8221; rt_bg_size=&#8221;cover&#8221; rt_bg_position=&#8221;right top&#8221; rt_bg_attachment=&#8221;scroll&#8221; rt_bg_video_format=&#8221;self-hosted&#8221;][vc_column rt_wrp_col_paddings=&#8221;false&#8221; rt_border_top=&#8221;&#8221; rt_border_bottom=&#8221;&#8221; rt_border_left=&#8221;&#8221; rt_border_right=&#8221;&#8221; rt_border_top_mobile=&#8221;&#8221; rt_border_bottom_mobile=&#8221;&#8221; rt_border_left_mobile=&#8221;&#8221; rt_border_right_mobile=&#8221;&#8221; rt_bg_image_repeat=&#8221;repeat&#8221; rt_bg_size=&#8221;auto auto&#8221; rt_bg_position=&#8221;right top&#8221; rt_bg_attachment=&#8221;scroll&#8221;][\/vc_column][\/vc_row][vc_row rt_row_background_width=&#8221;default&#8221; rt_row_style=&#8221;default-style&#8221; rt_row_borders=&#8221;&#8221; rt_row_paddings=&#8221;true&#8221; rt_bg_effect=&#8221;classic&#8221; rt_bg_image_repeat=&#8221;repeat&#8221; rt_bg_size=&#8221;cover&#8221; rt_bg_position=&#8221;right top&#8221; rt_bg_attachment=&#8221;scroll&#8221; rt_bg_video_format=&#8221;self-hosted&#8221;][vc_column rt_wrp_col_paddings=&#8221;false&#8221; rt_border_top=&#8221;&#8221; rt_border_bottom=&#8221;&#8221; rt_border_left=&#8221;&#8221; rt_border_right=&#8221;&#8221; rt_border_top_mobile=&#8221;&#8221; rt_border_bottom_mobile=&#8221;&#8221; rt_border_left_mobile=&#8221;&#8221; rt_border_right_mobile=&#8221;&#8221; rt_bg_image_repeat=&#8221;repeat&#8221; rt_bg_size=&#8221;auto auto&#8221; rt_bg_position=&#8221;right top&#8221; rt_bg_attachment=&#8221;scroll&#8221;][vc_tta_accordion style=&#8221;modern&#8221; active_section=&#8221;0&#8243; [&hellip;]<\/p>\n","protected":false},"author":1,"featured_media":0,"parent":4447,"menu_order":0,"comment_status":"closed","ping_status":"closed","template":"","meta":{"footnotes":""},"class_list":["post-4485","page","type-page","status-publish","hentry"],"_links":{"self":[{"href":"https:\/\/netbone.com.tr\/kurumsal\/wp-json\/wp\/v2\/pages\/4485","targetHints":{"allow":["GET"]}}],"collection":[{"href":"https:\/\/netbone.com.tr\/kurumsal\/wp-json\/wp\/v2\/pages"}],"about":[{"href":"https:\/\/netbone.com.tr\/kurumsal\/wp-json\/wp\/v2\/types\/page"}],"author":[{"embeddable":true,"href":"https:\/\/netbone.com.tr\/kurumsal\/wp-json\/wp\/v2\/users\/1"}],"replies":[{"embeddable":true,"href":"https:\/\/netbone.com.tr\/kurumsal\/wp-json\/wp\/v2\/comments?post=4485"}],"version-history":[{"count":4,"href":"https:\/\/netbone.com.tr\/kurumsal\/wp-json\/wp\/v2\/pages\/4485\/revisions"}],"predecessor-version":[{"id":5084,"href":"https:\/\/netbone.com.tr\/kurumsal\/wp-json\/wp\/v2\/pages\/4485\/revisions\/5084"}],"up":[{"embeddable":true,"href":"https:\/\/netbone.com.tr\/kurumsal\/wp-json\/wp\/v2\/pages\/4447"}],"wp:attachment":[{"href":"https:\/\/netbone.com.tr\/kurumsal\/wp-json\/wp\/v2\/media?parent=4485"}],"curies":[{"name":"wp","href":"https:\/\/api.w.org\/{rel}","templated":true}]}}