{"id":4612,"date":"2021-02-15T00:33:59","date_gmt":"2021-02-14T21:33:59","guid":{"rendered":"https:\/\/netbone.com.tr\/kurumsal\/?page_id=4612"},"modified":"2021-03-04T15:37:12","modified_gmt":"2021-03-04T12:37:12","slug":"sanal-sunucu-destek","status":"publish","type":"page","link":"https:\/\/netbone.com.tr\/kurumsal\/yardim\/netbone-bulut\/sanal-sunucu-destek\/","title":{"rendered":"Sanal Sunucu Destek"},"content":{"rendered":"<p>[vc_row rt_row_background_width=&#8221;default&#8221; rt_row_style=&#8221;default-style&#8221; rt_row_borders=&#8221;&#8221; rt_row_paddings=&#8221;true&#8221; rt_bg_effect=&#8221;classic&#8221; rt_bg_image_repeat=&#8221;repeat&#8221; rt_bg_size=&#8221;cover&#8221; rt_bg_position=&#8221;right top&#8221; rt_bg_attachment=&#8221;scroll&#8221; rt_bg_video_format=&#8221;self-hosted&#8221;][vc_column rt_wrp_col_paddings=&#8221;false&#8221; rt_border_top=&#8221;&#8221; rt_border_bottom=&#8221;&#8221; rt_border_left=&#8221;&#8221; rt_border_right=&#8221;&#8221; rt_border_top_mobile=&#8221;&#8221; rt_border_bottom_mobile=&#8221;&#8221; rt_border_left_mobile=&#8221;&#8221; rt_border_right_mobile=&#8221;&#8221; rt_bg_image_repeat=&#8221;repeat&#8221; rt_bg_size=&#8221;auto auto&#8221; rt_bg_position=&#8221;right top&#8221; rt_bg_attachment=&#8221;scroll&#8221;]<div class=\"rt_heading_wrapper \">\n\t\t\t\t\t\t<h1 class=\"rt_heading  \" >Sanal Sunucu Destek<\/h1>\n\t\t\t\t\t<\/div>[\/vc_column][\/vc_row][vc_row rt_row_background_width=&#8221;default&#8221; rt_row_style=&#8221;default-style&#8221; rt_row_borders=&#8221;&#8221; rt_row_paddings=&#8221;true&#8221; rt_bg_effect=&#8221;classic&#8221; rt_bg_image_repeat=&#8221;repeat&#8221; rt_bg_size=&#8221;cover&#8221; rt_bg_position=&#8221;right top&#8221; rt_bg_attachment=&#8221;scroll&#8221; rt_bg_video_format=&#8221;self-hosted&#8221;][vc_column rt_wrp_col_paddings=&#8221;false&#8221; rt_border_top=&#8221;&#8221; rt_border_bottom=&#8221;&#8221; rt_border_left=&#8221;&#8221; rt_border_right=&#8221;&#8221; rt_border_top_mobile=&#8221;&#8221; rt_border_bottom_mobile=&#8221;&#8221; rt_border_left_mobile=&#8221;&#8221; rt_border_right_mobile=&#8221;&#8221; rt_bg_image_repeat=&#8221;repeat&#8221; rt_bg_size=&#8221;auto auto&#8221; rt_bg_position=&#8221;right top&#8221; rt_bg_attachment=&#8221;scroll&#8221;][vc_tta_accordion style=&#8221;modern&#8221; active_section=&#8221;0&#8243; collapsible_all=&#8221;true&#8221;][vc_tta_section title=&#8221;Sanal Sunucu hizmeti kapsam\u0131nda ne gibi hizmetler sat\u0131n alabilirim?&#8221; tab_id=&#8221;sanal-sunucu-hizmeti-kapsaminda-ne-gibi-hizmetler-satin-alabilirim&#8221;][vc_column_text]Sanal sunucu hizmeti bile\u015fenleri VCPU(i\u015flemci), RAM(bellek), Disk(veri depolama alan\u0131), OS(operating system, i\u015fletim sistemi) ve opsiyonlu olarak DB(database, veritaban\u0131) bile\u015fenlerinden olu\u015fmaktad\u0131r.[\/vc_column_text][\/vc_tta_section][vc_tta_section title=&#8221;Sanal Sunucu hizmeti alabilmek i\u00e7in internet hizmeti almak zorunda m\u0131y\u0131m?&#8221; tab_id=&#8221;sanal-sunucu-hizmeti-alabilmek-icin-internet-hizmeti-almak-zorunda-miyim&#8221;][vc_column_text]Evet sanal sunucular\u0131n\u0131za eri\u015fmek i\u00e7in en az 2 Mbps\u2019lik veri merkezi internet hizmeti alman\u0131z gerekmektedir.[\/vc_column_text][\/vc_tta_section][vc_tta_section title=&#8221;Sanal sunucular\u0131m i\u00e7in daha \u00f6nce lisans\u0131n\u0131 sat\u0131n ald\u0131\u011f\u0131m Microsoft i\u015fletim sistemi lisanslar\u0131n\u0131 kullanabilir miyim?&#8221; tab_id=&#8221;sanal-sunucularim-icin-daha-once-lisans\u0131n\u0131-satin-aldigim-microsoft-isletim-sistemi-lisanslarini-kullanabilir-miyim&#8221;][vc_column_text]Sanal sunucumuz dahilinde i\u015fletim sistemi lisans\u0131n\u0131n Netbone\u2019dan al\u0131nmas\u0131 zorunludur.[\/vc_column_text][\/vc_tta_section][vc_tta_section title=&#8221;Netbone MPLS m\u00fc\u015fterisiysem, bu servisten faydalanabilir miyim?&#8221; tab_id=&#8221;netbone-mpls-musterisiysem-bu-servisten-faydalanabilir-miyim&#8221;][vc_column_text]Evet faydalanabilirsiniz. MPLS hatlar\u0131n\u0131zdan bir tanesinin sanal sunucu sistemlerinin bulundu\u011fu veri merkezimize tan\u0131mlanmas\u0131 gerekmektedir.[\/vc_column_text][\/vc_tta_section][vc_tta_section title=&#8221;Sistem nas\u0131l \u00e7al\u0131\u015f\u0131yor?&#8221; tab_id=&#8221;sistem-nasil-calisiyor&#8221;][vc_column_text]Talep edilen sanal sunucular sizin i\u00e7in aktive edildikten sonra merkezinizdeki IP adresiniz sanal sunucunuzun IP adresine tan\u0131mlanarak internet \u00fczerinden IP to IP eri\u015fim sa\u011flan\u0131yor.[\/vc_column_text][\/vc_tta_section][vc_tta_section title=&#8221;Kurulum nas\u0131l ger\u00e7ekle\u015ftirilecek?&#8221; tab_id=&#8221;kurulum-nasil-gerceklestirilecek&#8221;][vc_column_text]Sizlere iletilen talep formu ilgili sat\u0131\u015f y\u00f6neticimiz taraf\u0131ndan doldurulur ve aktivasyon Netbone taraf\u0131ndan ger\u00e7ekle\u015ftirilerek sizlere eri\u015fim bilgileriniz g\u00f6nderilir[\/vc_column_text][\/vc_tta_section][vc_tta_section title=&#8221;Hizmeti nerelerden sat\u0131n alabilirim?&#8221; tab_id=&#8221;hizmeti-nerelerden-satin-alabilirim&#8221;][vc_column_text]Netbone sat\u0131\u015f y\u00f6neticileri ve kurumsal sat\u0131\u015f temsilcileri ile servisi sat\u0131n alabilirsiniz. Ayr\u0131ca 0 850 839 0 839 Netbone Kurumsal M\u00fc\u015fteri Hizmetleri\u2019nden servise kat\u0131l\u0131m i\u00e7in talepte bulunabilirsiniz.[\/vc_column_text][\/vc_tta_section][vc_tta_section title=&#8221;Hizmeti alabilmem i\u00e7in taahh\u00fct vermem zorunlu mudur?&#8221; tab_id=&#8221;hizmeti-alabilmem-icin-taahhut-vermem-zorunlu-mudur&#8221;][vc_column_text]Servise kat\u0131l\u0131m i\u00e7in herhangi bir taahh\u00fct aranmaz. Servis ayl\u0131k olarak \u00fccretlendirilir.[\/vc_column_text][\/vc_tta_section][vc_tta_section title=&#8221;Verilerimin gizlili\u011fini nas\u0131l sa\u011fl\u0131yorsunuz?&#8221; tab_id=&#8221;verilerimin-gizliligini-nasil-sagliyorsunuz&#8221;][vc_column_text]Sunucular\u0131n\u0131za sizin IP adresleriniz tan\u0131mland\u0131\u011f\u0131 i\u00e7in eri\u015fim g\u00fcvenli \u015fekilde sa\u011flanmaktad\u0131r. Servise abone olman\u0131z durumunda ayr\u0131 bir gizlilik s\u00f6zle\u015fmesi yaparak, verilerinizin gizlili\u011fini garanti ediyoruz.[\/vc_column_text][\/vc_tta_section][vc_tta_section title=&#8221;Ne kadarl\u0131k bir internet h\u0131z\u0131 gereklidir?&#8221; tab_id=&#8221;ne-kadarlik-bir-internet-hizi-gereklidir&#8221;][vc_column_text]<\/p>\n<article class=\"content-box content-module footer-margin\">\n<div class=\"separate bot-m \"><span class=\"support-text cms_contents\">Minimum 2Mbps\u2019lik bir internet h\u0131z\u0131 gereklidir. Veri transfer miktar\u0131n\u0131z\u0131n \u00e7ok olmas\u0131 durumunda daha y\u00fcksek h\u0131zlar gerekmektedir.<\/span><\/div>\n<\/article>\n<aside class=\"sidebar sep-top\">\n<div class=\"head\"><\/div>\n<\/aside>\n<p>[\/vc_column_text][\/vc_tta_section][vc_tta_section title=&#8221;Sanal sunucular\u0131m nerede bulunmaktad\u0131r?&#8221; tab_id=&#8221;sanal-sunucularim-nerede-bulunmaktadir&#8221;][vc_column_text]Sanal sunucular\u0131n\u0131z Netbone\u2019un veri merkezlerinde bulunmaktad\u0131r.[\/vc_column_text][\/vc_tta_section][vc_tta_section title=&#8221;Sanal sunucu hizmeti ald\u0131\u011f\u0131m zaman DDoS, load balancer, firewall ve back up hizmetleri de hizmete dahil midir?&#8221; tab_id=&#8221;sanal-sunucu-hizmeti-aldigim-zaman&#8221;][vc_column_text]DDoS, Back Up, Load Balancer ve Firewall gibi hizmetler bu hizmete dahil de\u011fildir ayr\u0131ca sat\u0131n al\u0131nmas\u0131 gerekir.[\/vc_column_text][\/vc_tta_section][vc_tta_section title=&#8221;Sat\u0131n ald\u0131\u011f\u0131m sanal sunucuma ek bile\u015fenleri VCPU(i\u015flemci), RAM(bellek), Disk(veri depolama alan\u0131), OS(operating system, i\u015fletim sistemi) ve DB(database, veritaban\u0131) ekleyip, \u00e7\u0131karabilir miyim?&#8221; tab_id=&#8221;satin-aldigim-sanal-sunucuma-ek-bilesenleri&#8221;][vc_column_text]Evet yapabilirsiniz. Sadece Disk(veri depolama) alan\u0131n\u0131z\u0131 azaltamazs\u0131n\u0131z.[\/vc_column_text][\/vc_tta_section][vc_tta_section title=&#8221;Kullan\u0131lan sanal sunucular\u0131n teknik \u00f6zellikleri nelerdir?&#8221; tab_id=&#8221;kullanilan-sanal-sunucularin-teknik-ozellikleri-nelerdir&#8221;][vc_column_text]Sanal sunucu altyap\u0131s\u0131 i\u00e7in Netbone\u2019un da i\u00e7 ihtiyac\u0131 i\u00e7in kullan\u0131lan donan\u0131m ve yaz\u0131l\u0131m altyap\u0131s\u0131 kullan\u0131lmaktad\u0131r. Bu altyap\u0131 en \u00fcst seviyede hizmet verilmesi amac\u0131yla de\u011fi\u015fen teknolojik ko\u015fullara g\u00f6re s\u00fcrekli yenilenmektedir.[\/vc_column_text][\/vc_tta_section][vc_tta_section title=&#8221;Sanal sunucular i\u00e7in kullan\u0131lan disk performans\u0131 nedir?&#8221; tab_id=&#8221;sanal-sunucular-icin-kullanilan-disk-performansi-nedir&#8221;][vc_column_text]Sanal sunucular\u0131n\u0131za FC Raid 5 diskler \u00fczerinden veri depolama hizmeti verilmektedir.[\/vc_column_text][\/vc_tta_section][vc_tta_section title=&#8221;Ola\u011fan\u00fcst\u00fc bir durum veya beklenmeyen bir ar\u0131za ile kar\u015f\u0131la\u015f\u0131rsam sunucular\u0131mdaki verilerimi koruyor musunuz?&#8221; tab_id=&#8221;olaganustu-bir-durum-veya-beklenmeyen-bir-ariza-ile-karsilasirsam&#8221;][vc_column_text]Veri veya sistem kayb\u0131ndan korunmak i\u00e7in sunucular\u0131n\u0131za yedekleme \u00fcr\u00fcn\u00fc alman\u0131z gerekmektedir.[\/vc_column_text][\/vc_tta_section][vc_tta_section title=&#8221;Yedekleme hizmeti al\u0131rsam verilerim ne kadar s\u00fcreyle korunur, saklan\u0131r?&#8221; tab_id=&#8221;yedekleme-hizmeti-alirsam-verilerim-ne-kadar-sureyle-korunur-saklanir&#8221;][vc_column_text]Verileriniz geriye d\u00f6n\u00fck olarak 30 g\u00fcn s\u00fcreyle, 30 versiyon halinde sistemde saklan\u0131r. \u00d6zel taleplerinizi de ayr\u0131ca projelendirebiliyoruz.[\/vc_column_text][\/vc_tta_section][vc_tta_section title=&#8221;Servisten ayr\u0131l\u0131rsam ne kadar s\u00fcreyle verilerim saklan\u0131r?&#8221; tab_id=&#8221;servisten-ayrilirsam-ne-kadar-sureyle-verilerim-saklanir&#8221;][vc_column_text]Servis iptali yapmadan \u00f6nce verilerinizi sanal sunucular\u0131n\u0131z \u00fczerinden alman\u0131z gerekmektedir.[\/vc_column_text][\/vc_tta_section][vc_tta_section title=&#8221;\u0130stedi\u011fim zaman servis iptali yapabilir miyim?&#8221; tab_id=&#8221;istedigim-zaman-servis-iptal-talebi-yapabilir-miyim&#8221;][vc_column_text]\u0130stedi\u011finiz an iptal talebinde bulunabilirsiniz. \u0130ptal talebiniz Netbone\u2019a ula\u015fan ay sonu itibariyle ger\u00e7ekle\u015ftirilir.[\/vc_column_text][\/vc_tta_section][vc_tta_section title=&#8221;Servisten faydalanmak i\u00e7in Netbone ADSL, fiber ya da di\u011fer bir internet aboneli\u011fi zorunlulu\u011fu var m\u0131?&#8221; tab_id=&#8221;servisten-faydalanmak-icin-netbone-adsl-fiber&#8221;][vc_column_text]Sanal sunucular\u0131n\u0131za kendi merkezinizden eri\u015fmek i\u00e7in Netbone\u2019dan herhangi bir internet aboneli\u011fi aranmaz. Sanal sunucular\u0131n\u0131za eri\u015fmek i\u00e7in sanal sunucular\u0131n\u0131za internet hizmeti sat\u0131n alman\u0131z gerekir. Kendi merkezinizde Netbone abonesi olmasan\u0131z bile sanal sunucu hizmeti i\u00e7in Netbone internet aboneli\u011fini ba\u015flatman\u0131z gerekir.[\/vc_column_text][\/vc_tta_section][\/vc_tta_accordion][\/vc_column][\/vc_row]<\/p>\n","protected":false},"excerpt":{"rendered":"<p>[vc_row rt_row_background_width=&#8221;default&#8221; rt_row_style=&#8221;default-style&#8221; rt_row_borders=&#8221;&#8221; rt_row_paddings=&#8221;true&#8221; rt_bg_effect=&#8221;classic&#8221; rt_bg_image_repeat=&#8221;repeat&#8221; rt_bg_size=&#8221;cover&#8221; rt_bg_position=&#8221;right top&#8221; rt_bg_attachment=&#8221;scroll&#8221; rt_bg_video_format=&#8221;self-hosted&#8221;][vc_column rt_wrp_col_paddings=&#8221;false&#8221; rt_border_top=&#8221;&#8221; rt_border_bottom=&#8221;&#8221; rt_border_left=&#8221;&#8221; rt_border_right=&#8221;&#8221; rt_border_top_mobile=&#8221;&#8221; rt_border_bottom_mobile=&#8221;&#8221; rt_border_left_mobile=&#8221;&#8221; rt_border_right_mobile=&#8221;&#8221; rt_bg_image_repeat=&#8221;repeat&#8221; rt_bg_size=&#8221;auto auto&#8221; rt_bg_position=&#8221;right top&#8221; rt_bg_attachment=&#8221;scroll&#8221;][\/vc_column][\/vc_row][vc_row rt_row_background_width=&#8221;default&#8221; rt_row_style=&#8221;default-style&#8221; rt_row_borders=&#8221;&#8221; rt_row_paddings=&#8221;true&#8221; rt_bg_effect=&#8221;classic&#8221; rt_bg_image_repeat=&#8221;repeat&#8221; rt_bg_size=&#8221;cover&#8221; rt_bg_position=&#8221;right top&#8221; rt_bg_attachment=&#8221;scroll&#8221; rt_bg_video_format=&#8221;self-hosted&#8221;][vc_column rt_wrp_col_paddings=&#8221;false&#8221; rt_border_top=&#8221;&#8221; rt_border_bottom=&#8221;&#8221; rt_border_left=&#8221;&#8221; rt_border_right=&#8221;&#8221; rt_border_top_mobile=&#8221;&#8221; rt_border_bottom_mobile=&#8221;&#8221; rt_border_left_mobile=&#8221;&#8221; rt_border_right_mobile=&#8221;&#8221; rt_bg_image_repeat=&#8221;repeat&#8221; rt_bg_size=&#8221;auto auto&#8221; rt_bg_position=&#8221;right top&#8221; rt_bg_attachment=&#8221;scroll&#8221;][vc_tta_accordion style=&#8221;modern&#8221; active_section=&#8221;0&#8243; [&hellip;]<\/p>\n","protected":false},"author":1,"featured_media":0,"parent":4454,"menu_order":0,"comment_status":"closed","ping_status":"closed","template":"","meta":{"footnotes":""},"class_list":["post-4612","page","type-page","status-publish","hentry"],"_links":{"self":[{"href":"https:\/\/netbone.com.tr\/kurumsal\/wp-json\/wp\/v2\/pages\/4612","targetHints":{"allow":["GET"]}}],"collection":[{"href":"https:\/\/netbone.com.tr\/kurumsal\/wp-json\/wp\/v2\/pages"}],"about":[{"href":"https:\/\/netbone.com.tr\/kurumsal\/wp-json\/wp\/v2\/types\/page"}],"author":[{"embeddable":true,"href":"https:\/\/netbone.com.tr\/kurumsal\/wp-json\/wp\/v2\/users\/1"}],"replies":[{"embeddable":true,"href":"https:\/\/netbone.com.tr\/kurumsal\/wp-json\/wp\/v2\/comments?post=4612"}],"version-history":[{"count":4,"href":"https:\/\/netbone.com.tr\/kurumsal\/wp-json\/wp\/v2\/pages\/4612\/revisions"}],"predecessor-version":[{"id":5086,"href":"https:\/\/netbone.com.tr\/kurumsal\/wp-json\/wp\/v2\/pages\/4612\/revisions\/5086"}],"up":[{"embeddable":true,"href":"https:\/\/netbone.com.tr\/kurumsal\/wp-json\/wp\/v2\/pages\/4454"}],"wp:attachment":[{"href":"https:\/\/netbone.com.tr\/kurumsal\/wp-json\/wp\/v2\/media?parent=4612"}],"curies":[{"name":"wp","href":"https:\/\/api.w.org\/{rel}","templated":true}]}}