{"id":4617,"date":"2021-02-15T00:47:30","date_gmt":"2021-02-14T21:47:30","guid":{"rendered":"https:\/\/netbone.com.tr\/kurumsal\/?page_id=4617"},"modified":"2021-03-04T15:38:23","modified_gmt":"2021-03-04T12:38:23","slug":"smart-sunucu-yedekleme-destek","status":"publish","type":"page","link":"https:\/\/netbone.com.tr\/kurumsal\/yardim\/netbone-bulut\/smart-sunucu-yedekleme-destek\/","title":{"rendered":"Smart Sunucu Yedekleme Destek"},"content":{"rendered":"<p>[vc_row rt_row_background_width=&#8221;default&#8221; rt_row_style=&#8221;default-style&#8221; rt_row_borders=&#8221;&#8221; rt_row_paddings=&#8221;true&#8221; rt_bg_effect=&#8221;classic&#8221; rt_bg_image_repeat=&#8221;repeat&#8221; rt_bg_size=&#8221;cover&#8221; rt_bg_position=&#8221;right top&#8221; rt_bg_attachment=&#8221;scroll&#8221; rt_bg_video_format=&#8221;self-hosted&#8221;][vc_column rt_wrp_col_paddings=&#8221;false&#8221; rt_border_top=&#8221;&#8221; rt_border_bottom=&#8221;&#8221; rt_border_left=&#8221;&#8221; rt_border_right=&#8221;&#8221; rt_border_top_mobile=&#8221;&#8221; rt_border_bottom_mobile=&#8221;&#8221; rt_border_left_mobile=&#8221;&#8221; rt_border_right_mobile=&#8221;&#8221; rt_bg_image_repeat=&#8221;repeat&#8221; rt_bg_size=&#8221;auto auto&#8221; rt_bg_position=&#8221;right top&#8221; rt_bg_attachment=&#8221;scroll&#8221;]<div class=\"rt_heading_wrapper \">\n\t\t\t\t\t\t<h1 class=\"rt_heading  \" >Smart Sunucu Yedekleme<\/h1>\n\t\t\t\t\t<\/div>[\/vc_column][\/vc_row][vc_row rt_row_background_width=&#8221;default&#8221; rt_row_style=&#8221;default-style&#8221; rt_row_borders=&#8221;&#8221; rt_row_paddings=&#8221;true&#8221; rt_bg_effect=&#8221;classic&#8221; rt_bg_image_repeat=&#8221;repeat&#8221; rt_bg_size=&#8221;cover&#8221; rt_bg_position=&#8221;right top&#8221; rt_bg_attachment=&#8221;scroll&#8221; rt_bg_video_format=&#8221;self-hosted&#8221;][vc_column rt_wrp_col_paddings=&#8221;false&#8221; rt_border_top=&#8221;&#8221; rt_border_bottom=&#8221;&#8221; rt_border_left=&#8221;&#8221; rt_border_right=&#8221;&#8221; rt_border_top_mobile=&#8221;&#8221; rt_border_bottom_mobile=&#8221;&#8221; rt_border_left_mobile=&#8221;&#8221; rt_border_right_mobile=&#8221;&#8221; rt_bg_image_repeat=&#8221;repeat&#8221; rt_bg_size=&#8221;auto auto&#8221; rt_bg_position=&#8221;right top&#8221; rt_bg_attachment=&#8221;scroll&#8221;][vc_tta_accordion style=&#8221;modern&#8221; active_section=&#8221;0&#8243; collapsible_all=&#8221;true&#8221;][vc_tta_section title=&#8221;Servisten faydalanmak i\u00e7in Netbone ADSL, fiber ya da di\u011fer bir internet aboneli\u011fi zorunlulu\u011fu var m\u0131?&#8221; tab_id=&#8221;servisten-faydalanmak-icin-netbone-adsl-fiber-yada-diger&#8221;][vc_column_text]Hay\u0131r, hizmetten faydalanmak i\u00e7in di\u011fer hizmetlere abonelik zorunlulu\u011fu aranmaz.[\/vc_column_text][\/vc_tta_section][vc_tta_section title=&#8221;Sunucular\u0131m\u0131, sistemlerimi Netbone veri merkezlerinde bulunduruyorsam, yine bu servisten faydalanabilir miyim?&#8221; tab_id=&#8221;sunucularimi-sistemlerimi-netbone-veri-merkezlerinde-bulunduruyorsam-yine-bu-servisten&#8221;][vc_column_text]Evet, veri merkezlerimizde bulunan m\u00fc\u015fterilerimiz de bu servisten faydalanabiliyor.[\/vc_column_text][\/vc_tta_section][vc_tta_section title=&#8221;Sistem nas\u0131l \u00e7al\u0131\u015f\u0131yor?&#8221; tab_id=&#8221;sistem-nasil-calisiyor&#8221;][vc_column_text]Sunucular\u0131n\u0131za ve yedeklemek istedi\u011finiz di\u011fer sistemlerinize bir ajan y\u00fckleniyor. Bu ajan yard\u0131m\u0131yla, Netbone veri merkezinde bulunan veri depolama altyap\u0131s\u0131na, internet \u00fczerinden yedekleme i\u015flemi ger\u00e7ekle\u015ftiriliyor. E\u011fer veri miktar\u0131n\u0131z 2 TB\u2019dan fazla ise ajan yerine lokasyonunuza bir cihaz yerle\u015ftirerek yedekleme i\u015flemini ger\u00e7ekle\u015ftiriyoruz.[\/vc_column_text][\/vc_tta_section][vc_tta_section title=&#8221;Kurulum nas\u0131l ger\u00e7ekle\u015ftirilecek?&#8221; tab_id=&#8221;kurulum-nasil-gerceklestirilecek&#8221;][vc_column_text]Sizlere g\u00f6nderilecek bir kurulum dok\u00fcman\u0131 \u00fczerinden telefon ile destekle kurulumu ger\u00e7ekle\u015ftirmenizi sa\u011flayaca\u011f\u0131z.[\/vc_column_text][\/vc_tta_section][vc_tta_section title=&#8221;Hizmeti nerelerden sat\u0131n alabilirim?&#8221; tab_id=&#8221;hizmeti-nerelerden-satin-alabilirim&#8221;][vc_column_text]Netbone sat\u0131\u015f y\u00f6neticileri ve kurumsal sat\u0131\u015f temsilcileri ile servisi sat\u0131n alabilirsiniz. Ayr\u0131ca 0 850 839 0 839 Netbone M\u00fc\u015fteri Hizmetleri\u2019nden servise kat\u0131l\u0131m i\u00e7in talepte bulunabilirsiniz.[\/vc_column_text][\/vc_tta_section][vc_tta_section title=&#8221;Hizmet \u015fartlar\u0131 nelerdir?&#8221; tab_id=&#8221;hizmet-sartlari-nelerdir&#8221;][vc_column_text]Servise kat\u0131l\u0131m i\u00e7in sadece 10 GB\u2019l\u0131k pakette 12 ayl\u0131k taahh\u00fct bulunmaktad\u0131r. Di\u011fer paketlerde bir taahh\u00fct aranmaz. Servis ayl\u0131k olarak \u00fccretlendirilir[\/vc_column_text][\/vc_tta_section][vc_tta_section title=&#8221;Verilerimin gizlili\u011fini nas\u0131l sa\u011fl\u0131yorsunuz?&#8221; tab_id=&#8221;verilerimin-gizliligini-nasil-sagliyorsunuz&#8221;][vc_column_text]Verileriniz \u015fifrelenerek veri merkezimize iletiliyor. Servise abone olman\u0131z durumunda ayr\u0131 bir gizlilik s\u00f6zle\u015fmesi yaparak, verilerinizin gizlili\u011fini garanti ediyoruz.[\/vc_column_text][\/vc_tta_section][vc_tta_section title=&#8221;Ne kadarl\u0131k bir internet h\u0131z\u0131 gereklidir?&#8221; tab_id=&#8221;ne-kadarlik-bir-internet-hizi-gereklidir&#8221;][vc_column_text]Minimum 2Mbps\u2019lik bir internet h\u0131z\u0131n\u0131 tavsiye ediyoruz. Veri miktar\u0131n\u0131z\u0131n \u00e7ok olmas\u0131 durumunda daha y\u00fcksek h\u0131zlar veya dedike ba\u011flant\u0131 gerekebiliyor.[\/vc_column_text][\/vc_tta_section][vc_tta_section title=&#8221;Ne kadar verimi yedekleyebilirsiniz?&#8221; tab_id=&#8221;ne-kadar-verimi-yedekleyebilirsiniz&#8221;][vc_column_text]2TB\u2019a kadar olan verinizi yaz\u0131l\u0131m yard\u0131m\u0131yla, daha fazla veriniz olmas\u0131 durumunda lokasyonunuza yerle\u015ftirilecek bir cihaz yard\u0131m\u0131yla servis verebiliyoruz. Herhangi bir \u00fcst s\u0131n\u0131r\u0131m\u0131z bulunmuyor.[\/vc_column_text][\/vc_tta_section][vc_tta_section title=&#8221;Yedekleme i\u015fleminin periyodu nedir?&#8221; tab_id=&#8221;yedekleme-isleminin-periyodu&#8221;][vc_column_text]Verileriniz standart olarak g\u00fcnde bir kez yedekleniyor. \u00d6zel taleplerinizi de projelendirebiliyoruz.[\/vc_column_text][\/vc_tta_section][vc_tta_section title=&#8221;Ola\u011fan\u00fcst\u00fc bir durum veya beklenmeyen bir ar\u0131za ile kar\u015f\u0131la\u015f\u0131rsam ve daha h\u0131zl\u0131 yedekten d\u00f6nme ihtiyac\u0131 duyarsam nas\u0131l hizmet sunars\u0131n\u0131z?&#8221; tab_id=&#8221;olaganustu-bir-durum-veya-beklenmeyen-bir-ariza-ile-karsilasirsam-ve-daha-hizli-yedekten-donme-ihtiyaci-duyarsam&#8221;][vc_column_text]T\u00fcm internet hatt\u0131n\u0131z\u0131 yedekten d\u00f6nme i\u015flemine ay\u0131rman\u0131z durumunda yeterli h\u0131zda i\u015flem sa\u011flanam\u0131yorsa bize \u00e7a\u011fr\u0131 a\u00e7arak talebinizi iletebilirsiniz. \u00c7a\u011fr\u0131n\u0131z\u0131 a\u00e7t\u0131\u011f\u0131n\u0131z an itibariyle \u0130stanbul s\u0131n\u0131rlar\u0131nda 24 saat i\u00e7erisinde, \u0130stanbul haricindeki yerlerde 48 saat i\u00e7erisinde, adresinizde geri y\u00fckleme i\u015flemi ba\u015flat\u0131l\u0131r. Bu hizmet s\u00f6zle\u015fme bedelleri \u00fczerinden \u00fccretlendirilir.[\/vc_column_text][\/vc_tta_section][vc_tta_section title=&#8221;Verilerim ne kadar s\u00fcreyle sistemde saklan\u0131r?&#8221; tab_id=&#8221;verilerim-ne-kadar-sureyle-sistemde-saklanir&#8221;][vc_column_text]Verileriniz geriye d\u00f6n\u00fck olarak 30 g\u00fcn s\u00fcreyle, 30 s\u00fcr\u00fcm halinde sistemde saklan\u0131r. \u00d6zel taleplerinizi de ayr\u0131ca projelendirebiliyoruz.[\/vc_column_text][\/vc_tta_section][vc_tta_section title=&#8221;Servisten ayr\u0131l\u0131rsam ne kadar s\u00fcreyle verilerim saklan\u0131r?&#8221; tab_id=&#8221;servisten-ayrilirsam-ne-kadar-sureyle-verilerim-saklanir&#8221;][vc_column_text]Verilerinize servisten ayr\u0131ld\u0131\u011f\u0131n\u0131z g\u00fcn itibariyle 30 g\u00fcn boyunca eri\u015febilirsiniz. 30. G\u00fcn\u00fcn sonunda t\u00fcm yedekleriniz sistemimizden silinir.[\/vc_column_text][\/vc_tta_section][vc_tta_section title=&#8221;\u0130stedi\u011fim zaman servis iptali yapabilir miyim?&#8221; tab_id=&#8221;istedigim-zaman-servis-iptali-yapabilir-miyim&#8221;][vc_column_text]\u0130stedi\u011finiz an iptal talebinde bulunabilirsiniz. \u0130ptal talebiniz Superonline\u2019a ula\u015fan ay sonu itibariyle ger\u00e7ekle\u015ftirilir.[\/vc_column_text][\/vc_tta_section][vc_tta_section title=&#8221;Yedekleme s\u00fcreleri nas\u0131l ger\u00e7ekle\u015fir?&#8221; tab_id=&#8221;yedekleme-sureleri-nasil-gerceklesir&#8221;][vc_column_text]Yedekleme s\u00fcreleri verinizin b\u00fcy\u00fckl\u00fc\u011f\u00fcne ve internet h\u0131z\u0131n\u0131za g\u00f6re de\u011fi\u015fiklik g\u00f6sterir. A\u015fa\u011f\u0131daki tablolarda ilk yedekleme s\u00fcresine, g\u00fcnl\u00fck yedekleme s\u00fcresine ve yedekten d\u00f6nme s\u00fcresine ait tahmini de\u011ferler verilmi\u015ftir.[\/vc_column_text][\/vc_tta_section][vc_tta_section title=&#8221;Servisten faydalanmak i\u00e7in Statik IP sahibi olmam gerekiyor mu?&#8221; tab_id=&#8221;servisten-faydalanmak-icin-statik-ip-sahibi-olmam-gerekiyor-mu&#8221;][vc_column_text]Hay\u0131r Statik IP zorunlulu\u011fu aranmaz.\u200b[\/vc_column_text][\/vc_tta_section][\/vc_tta_accordion][\/vc_column][\/vc_row]<\/p>\n","protected":false},"excerpt":{"rendered":"<p>[vc_row rt_row_background_width=&#8221;default&#8221; rt_row_style=&#8221;default-style&#8221; rt_row_borders=&#8221;&#8221; rt_row_paddings=&#8221;true&#8221; rt_bg_effect=&#8221;classic&#8221; rt_bg_image_repeat=&#8221;repeat&#8221; rt_bg_size=&#8221;cover&#8221; rt_bg_position=&#8221;right top&#8221; rt_bg_attachment=&#8221;scroll&#8221; rt_bg_video_format=&#8221;self-hosted&#8221;][vc_column rt_wrp_col_paddings=&#8221;false&#8221; rt_border_top=&#8221;&#8221; rt_border_bottom=&#8221;&#8221; rt_border_left=&#8221;&#8221; rt_border_right=&#8221;&#8221; rt_border_top_mobile=&#8221;&#8221; rt_border_bottom_mobile=&#8221;&#8221; rt_border_left_mobile=&#8221;&#8221; rt_border_right_mobile=&#8221;&#8221; rt_bg_image_repeat=&#8221;repeat&#8221; rt_bg_size=&#8221;auto auto&#8221; rt_bg_position=&#8221;right top&#8221; rt_bg_attachment=&#8221;scroll&#8221;][\/vc_column][\/vc_row][vc_row rt_row_background_width=&#8221;default&#8221; rt_row_style=&#8221;default-style&#8221; rt_row_borders=&#8221;&#8221; rt_row_paddings=&#8221;true&#8221; rt_bg_effect=&#8221;classic&#8221; rt_bg_image_repeat=&#8221;repeat&#8221; rt_bg_size=&#8221;cover&#8221; rt_bg_position=&#8221;right top&#8221; rt_bg_attachment=&#8221;scroll&#8221; rt_bg_video_format=&#8221;self-hosted&#8221;][vc_column rt_wrp_col_paddings=&#8221;false&#8221; rt_border_top=&#8221;&#8221; rt_border_bottom=&#8221;&#8221; rt_border_left=&#8221;&#8221; rt_border_right=&#8221;&#8221; rt_border_top_mobile=&#8221;&#8221; rt_border_bottom_mobile=&#8221;&#8221; rt_border_left_mobile=&#8221;&#8221; rt_border_right_mobile=&#8221;&#8221; rt_bg_image_repeat=&#8221;repeat&#8221; rt_bg_size=&#8221;auto auto&#8221; rt_bg_position=&#8221;right top&#8221; rt_bg_attachment=&#8221;scroll&#8221;][vc_tta_accordion style=&#8221;modern&#8221; active_section=&#8221;0&#8243; [&hellip;]<\/p>\n","protected":false},"author":1,"featured_media":0,"parent":4454,"menu_order":0,"comment_status":"closed","ping_status":"closed","template":"","meta":{"footnotes":""},"class_list":["post-4617","page","type-page","status-publish","hentry"],"_links":{"self":[{"href":"https:\/\/netbone.com.tr\/kurumsal\/wp-json\/wp\/v2\/pages\/4617","targetHints":{"allow":["GET"]}}],"collection":[{"href":"https:\/\/netbone.com.tr\/kurumsal\/wp-json\/wp\/v2\/pages"}],"about":[{"href":"https:\/\/netbone.com.tr\/kurumsal\/wp-json\/wp\/v2\/types\/page"}],"author":[{"embeddable":true,"href":"https:\/\/netbone.com.tr\/kurumsal\/wp-json\/wp\/v2\/users\/1"}],"replies":[{"embeddable":true,"href":"https:\/\/netbone.com.tr\/kurumsal\/wp-json\/wp\/v2\/comments?post=4617"}],"version-history":[{"count":4,"href":"https:\/\/netbone.com.tr\/kurumsal\/wp-json\/wp\/v2\/pages\/4617\/revisions"}],"predecessor-version":[{"id":5087,"href":"https:\/\/netbone.com.tr\/kurumsal\/wp-json\/wp\/v2\/pages\/4617\/revisions\/5087"}],"up":[{"embeddable":true,"href":"https:\/\/netbone.com.tr\/kurumsal\/wp-json\/wp\/v2\/pages\/4454"}],"wp:attachment":[{"href":"https:\/\/netbone.com.tr\/kurumsal\/wp-json\/wp\/v2\/media?parent=4617"}],"curies":[{"name":"wp","href":"https:\/\/api.w.org\/{rel}","templated":true}]}}