{"id":4625,"date":"2021-02-15T00:52:36","date_gmt":"2021-02-14T21:52:36","guid":{"rendered":"https:\/\/netbone.com.tr\/kurumsal\/?page_id=4625"},"modified":"2021-03-04T15:39:04","modified_gmt":"2021-03-04T12:39:04","slug":"hosting-destek","status":"publish","type":"page","link":"https:\/\/netbone.com.tr\/kurumsal\/yardim\/netbone-bulut\/hosting-destek\/","title":{"rendered":"Hosting Destek"},"content":{"rendered":"<p>[vc_row rt_row_background_width=&#8221;default&#8221; rt_row_style=&#8221;default-style&#8221; rt_row_borders=&#8221;&#8221; rt_row_paddings=&#8221;true&#8221; rt_bg_effect=&#8221;classic&#8221; rt_bg_image_repeat=&#8221;repeat&#8221; rt_bg_size=&#8221;cover&#8221; rt_bg_position=&#8221;right top&#8221; rt_bg_attachment=&#8221;scroll&#8221; rt_bg_video_format=&#8221;self-hosted&#8221;][vc_column rt_wrp_col_paddings=&#8221;false&#8221; rt_border_top=&#8221;&#8221; rt_border_bottom=&#8221;&#8221; rt_border_left=&#8221;&#8221; rt_border_right=&#8221;&#8221; rt_border_top_mobile=&#8221;&#8221; rt_border_bottom_mobile=&#8221;&#8221; rt_border_left_mobile=&#8221;&#8221; rt_border_right_mobile=&#8221;&#8221; rt_bg_image_repeat=&#8221;repeat&#8221; rt_bg_size=&#8221;auto auto&#8221; rt_bg_position=&#8221;right top&#8221; rt_bg_attachment=&#8221;scroll&#8221;]<div class=\"rt_heading_wrapper \">\n\t\t\t\t\t\t<h1 class=\"rt_heading  \" >Hosting Destek<\/h1>\n\t\t\t\t\t<\/div>[\/vc_column][\/vc_row][vc_row rt_row_background_width=&#8221;default&#8221; rt_row_style=&#8221;default-style&#8221; rt_row_borders=&#8221;&#8221; rt_row_paddings=&#8221;true&#8221; rt_bg_effect=&#8221;classic&#8221; rt_bg_image_repeat=&#8221;repeat&#8221; rt_bg_size=&#8221;cover&#8221; rt_bg_position=&#8221;right top&#8221; rt_bg_attachment=&#8221;scroll&#8221; rt_bg_video_format=&#8221;self-hosted&#8221;][vc_column rt_wrp_col_paddings=&#8221;false&#8221; rt_border_top=&#8221;&#8221; rt_border_bottom=&#8221;&#8221; rt_border_left=&#8221;&#8221; rt_border_right=&#8221;&#8221; rt_border_top_mobile=&#8221;&#8221; rt_border_bottom_mobile=&#8221;&#8221; rt_border_left_mobile=&#8221;&#8221; rt_border_right_mobile=&#8221;&#8221; rt_bg_image_repeat=&#8221;repeat&#8221; rt_bg_size=&#8221;auto auto&#8221; rt_bg_position=&#8221;right top&#8221; rt_bg_attachment=&#8221;scroll&#8221;][vc_tta_accordion style=&#8221;modern&#8221; active_section=&#8221;0&#8243; collapsible_all=&#8221;true&#8221;][vc_tta_section title=&#8221;Hizmetten faydalanmak i\u00e7in Netbone ADSL, fiber ya da di\u011fer bir internet aboneli\u011fi zorunlulu\u011fu var m\u0131?&#8221; tab_id=&#8221;hizmetten-faydalanmak-icin-netbone-adsl-fiber-yada-diger-bir-internet-aboneligi-zorunlulu-var-mi&#8221;][vc_column_text]Hay\u0131r, bu hizmetten yararlanmak i\u00e7in di\u011fer hizmetlerde abonelik zorunlulu\u011fu aranmaz.[\/vc_column_text][\/vc_tta_section][vc_tta_section title=&#8221;Kurulum \u00fccreti al\u0131nacak m\u0131?&#8221; tab_id=&#8221;kurulum-ucreti-alinacak-mi&#8221;][vc_column_text]Servisin hizmete al\u0131nmas\u0131ndan sonra herhangi bir kurulum gerekmemektedir.[\/vc_column_text][\/vc_tta_section][vc_tta_section title=&#8221;Hizmeti sat\u0131n ald\u0131ktan ka\u00e7 g\u00fcn i\u00e7inde \u00e7al\u0131\u015fmaya ba\u015flayacakt\u0131r?&#8221; tab_id=&#8221;hizmeti-satin-aldiktan-kac-gun-icinde-calismaya-baslayacaktir&#8221;][vc_column_text]Hizmeti sat\u0131n ald\u0131ktan sonra ayn\u0131 g\u00fcn i\u00e7erisinde hizmetiniz aktif hale gelmi\u015f olacakt\u0131r.[\/vc_column_text][\/vc_tta_section][vc_tta_section title=&#8221;Hizmeti nerelerden sat\u0131n alabilirim?&#8221; tab_id=&#8221;hizmeti-nerelerden-satin-alabilirim&#8221;][vc_column_text]Netbone Kurumsal Merkezleri ve kurumsal sat\u0131\u015f temsilcileri ile kampanyaya kat\u0131labilirsiniz.[\/vc_column_text][\/vc_tta_section][vc_tta_section title=&#8221;Hizmet \u015fartlar\u0131&#8221; tab_id=&#8221;hizmet-sartlari&#8221;][vc_column_text]Hizmete d\u00e2hil olmak isteyen m\u00fc\u015fteriler 1 y\u0131l boyunca belirtilen \u00fccreti \u00f6demeyi taahh\u00fct ederler. Bu kampanyadan mevcut ve yeni aboneler faydalanabilirler. Fiyatlara t\u00fcm vergiler dahildir.[\/vc_column_text][\/vc_tta_section][vc_tta_section title=&#8221;Hizmetim aktif olmad\u0131 ne yapmal\u0131y\u0131m?&#8221; tab_id=&#8221;hizmetim-aktif-olmadi-ne-yapmaliyim&#8221;][vc_column_text]0850 839 0 839 no.lu telefondan destek m\u00fchendisine ula\u015farak an\u0131nda problem nedenini \u00f6\u011frenebilir\/\u00e7\u00f6z\u00fcm i\u00e7in h\u0131zl\u0131 bir \u015fekilde y\u00f6nlendirilirsiniz.[\/vc_column_text][\/vc_tta_section][vc_tta_section title=&#8221;Hizmetten yararlanmak i\u00e7in bilmem gereken teknik detaylar nelerdir?&#8221; tab_id=&#8221;hizmetten-yararlanmak-icin-bilmem-gereken-teknik-detaylar-nelerdir&#8221;][vc_column_text]Se\u00e7mi\u015f oldu\u011funuz Paket hizmetlerinden yararlanmak i\u00e7in \u00f6ncelikle hizmet alaca\u011f\u0131n\u0131z bir alan ad\u0131 belirlemeniz gerekir. (\u00d6R : netbone.com.tr) \u0130pucu : Firma ya da marka isminiz ile ili\u015fkili bir alan ad\u0131 tercih etmeniz kurumsal alanda firman\u0131z\u0131n g\u00fcvenirli\u011fini artt\u0131racakt\u0131r. (\u00d6R : Netbone Telekom\u00fcnikasyon A.\u015e. \u2192 netbone.com.tr gibi.)[\/vc_column_text][\/vc_tta_section][vc_tta_section title=&#8221;Bir alan ad\u0131m var ve sizden bu paketlerden almak istiyorum, alabilir miyim?&#8221; tab_id=&#8221;bir-alan-adim-var-ve-sizden-bu-paketlerden-almak-istiyorum&#8221;][vc_column_text]Bir alan ad\u0131n\u0131z varsa Hosting abone kayd\u0131 olu\u015fturulurken bu paketin DNS y\u00f6nlendirmeli opsiyonundan yararlanabilirsiniz.[\/vc_column_text][\/vc_tta_section][vc_tta_section title=&#8221;Alan ad\u0131 se\u00e7enekleri nelerdir?&#8221; tab_id=&#8221;alan-adi-secenekleri-nelerdir&#8221;][vc_column_text]com, .net, .org, .info, .biz alan ad\u0131 uzant\u0131l\u0131lar\u0131 kay\u0131t edilebilmektedir.[\/vc_column_text][\/vc_tta_section][vc_tta_section title=&#8221;E-Posta ya da Web Alan\u0131 paketim i\u00e7in se\u00e7ece\u011fim alan ad\u0131n\u0131n daha \u00f6nce ba\u015fkas\u0131 taraf\u0131ndan tescil ettirilip ettirilmedi\u011fini nas\u0131l \u00f6\u011frenirim?&#8221; tab_id=&#8221;eposta-yada-web-alani-paketim-icin-sececegim-alan-adinin&#8221;][vc_column_text]Kaydettirmek istedi\u011finiz alan ad\u0131n\u0131n daha \u00f6nce ba\u015fkas\u0131 taraf\u0131ndan tescil edilip edilmedi\u011fini \u00f6\u011frenmek i\u00e7in www.register.com adresinden sorgulama yapabilir ya da sat\u0131\u015f temsilcinizden bu sorgulamay\u0131 sizin i\u00e7in yapmas\u0131n\u0131 isteyebilirsiniz. Ayn\u0131 zamanda 0850 839 0 839 no.lu telefondan talep etti\u011finiz alan ad\u0131n\u0131n kullan\u0131labilirlik durumunu kontrol ettirebilirsiniz[\/vc_column_text][\/vc_tta_section][vc_tta_section title=&#8221;.tr uzant\u0131l\u0131 alan ad\u0131 ile kay\u0131t yapt\u0131rabilir miyim?&#8221; tab_id=&#8221;tr-uzantili-alan-adi-ile-kayit-yaptirabilir-miyim&#8221;][vc_column_text]\u015eu anda .tr uzant\u0131l\u0131 alan adlar\u0131 kampanyam\u0131za dahil de\u011fildir. Ancak sahibi oldu\u011funuz .tr uzant\u0131l\u0131 bir alan ad\u0131n\u0131 \u00fcr\u00fcnlerimizle entegre \u015fekilde kullanabilirsiniz.[\/vc_column_text][\/vc_tta_section][vc_tta_section title=&#8221;Web trafik kotam ne kadar?&#8221; tab_id=&#8221;web-trafik-kotam-ne-kadar&#8221;][vc_column_text]Web alan\u0131n\u0131z\u0131n web trafik kotas\u0131 bulunmamaktad\u0131r.[\/vc_column_text][\/vc_tta_section][vc_tta_section title=&#8221;Web sayfa tasar\u0131m\u0131 da pakete d\u00e2hil mi?&#8221; tab_id=&#8221;web-sayfa-tasarimi-da-pakete-dahil-mi&#8221;][vc_column_text]Netbone ki\u015fisel veya kurumsal web sayfa tasar\u0131mlar\u0131n\u0131z\u0131 d\u00fczenlememektedir. Aktif hale gelen web alan\u0131n\u0131zda kendi tasar\u0131m\u0131n\u0131z\u0131 olu\u015fturmak i\u00e7in bir tasar\u0131m sihirbaz\u0131 bulacaks\u0131n\u0131z. Dilerseniz daha \u00f6nceden tasarlanm\u0131\u015f olan sayfalar\u0131n\u0131z\u0131 da web alan\u0131n\u0131za y\u00fckleyerek yay\u0131nlayabilirsiniz.[\/vc_column_text][\/vc_tta_section][vc_tta_section title=&#8221;Mail ve Web alanlar\u0131m\u0131 kendim y\u00f6netebilir miyim?&#8221; tab_id=&#8221;mail-ve-web-alanlarimi-kendim-yonetebilir-miyim&#8221;][vc_column_text]www.netbone.com.tr adresinden daha \u00f6nce bilgileri SMS ile GSM\u2019inze iletilen kullan\u0131c\u0131 bilgilerini doldurarak Mail ve Web alan\u0131n\u0131z\u0131 y\u00f6netebilirsiniz.[\/vc_column_text][\/vc_tta_section][vc_tta_section title=&#8221;Webmail ve POP3 deste\u011fi var m\u0131?&#8221; tab_id=&#8221;webmail-ve-pop3-destegi-var-mi&#8221;][vc_column_text]Mail hesaplar\u0131n\u0131z\u0131n Web ve POP3 deste\u011fi bulunmaktad\u0131r. \u0130nternette \u00fccretsiz olarak bulabilece\u011finiz Microsoft Outlook Express, Mozilla Thunderbird gibi masa\u00fcst\u00fc e-posta istemcilerinizi POP3 ayarlar\u0131n\u0131 yapt\u0131ktan sonra, ald\u0131\u011f\u0131n\u0131z hizmetle birlikte kullanabilirsiniz. Web Mail Adresi: kurumsalposta.netbone.com[\/vc_column_text][\/vc_tta_section][vc_tta_section title=&#8221;Spam Koruman\u0131z var m\u0131?&#8221; tab_id=&#8221;spam-koruman\u0131z-var-mi&#8221;][vc_column_text]T\u00fcm mail hesaplar\u0131n\u0131z SPAM filtrelerimiz taraf\u0131ndan koruma alt\u0131nda.[\/vc_column_text][\/vc_tta_section][vc_tta_section title=&#8221;Sunucular\u0131n\u0131z ne kadar g\u00fcvenli?&#8221; tab_id=&#8221;sunuculariniz-ne-kadar-guvenli&#8221;][vc_column_text]Sunucular\u0131m\u0131z konusunda uzman ve deneyimli Netbone \u00e7\u00f6z\u00fcm ortaklar\u0131 taraf\u0131ndan sa\u011flanmaktad\u0131r. \u00c7\u00f6z\u00fcm ortaklar\u0131m\u0131z, siz m\u00fc\u015fterilerimizin memnuniyeti i\u00e7in g\u00fcvenlik \u00f6nlemlerini her an en \u00fcst d\u00fczey seviyelerde tutmaktad\u0131rlar.[\/vc_column_text][\/vc_tta_section][vc_tta_section title=&#8221;Bu paket ile sat\u0131n alaca\u011f\u0131m alan ad\u0131 kimin ad\u0131na kay\u0131t edilecek?&#8221; tab_id=&#8221;bu-paket-ile-satin-alacagim-alan-adi-kimin-adina-kayit-edilecek&#8221;][vc_column_text]Y\u00f6netimi Netbone taraf\u0131ndan yap\u0131lacak olup sizin ad\u0131n\u0131za kay\u0131t edilmektedir.[\/vc_column_text][\/vc_tta_section][vc_tta_section title=&#8221;IMAP deste\u011finiz var m\u0131?&#8221; tab_id=&#8221;imap-desteginiz-var-mi&#8221;][vc_column_text]Yaln\u0131zca POP3 ve Webmail deste\u011fi bulunmaktad\u0131r.[\/vc_column_text][\/vc_tta_section][vc_tta_section title=&#8221;T\u00fcrk\u00e7e karakterli domain alabilir miyim?&#8221; tab_id=&#8221;turkce-karakterli-domain-alabilir-miyim&#8221;][vc_column_text]Talep etti\u011finiz T\u00fcrk\u00e7e karakteri alan ad\u0131 tescil s\u0131ras\u0131nda ASCII kodlar ile kay\u0131t edilmektedir. Ayn\u0131 \u015fekilde sunucular\u0131m\u0131zda da ASCII kodlar ile kay\u0131t edilmektedir. Bu y\u00fczden alan adlar\u0131nda t\u00fcm d\u00fcnyada sadece \u0130ngilizce harfler kullan\u0131labilmektedir.[\/vc_column_text][\/vc_tta_section][vc_tta_section title=&#8221;Memnun kalmazsam alan ad\u0131m\u0131 ba\u015fka bir firmaya ta\u015f\u0131yabilir miyim?&#8221; tab_id=&#8221;memnun-kalmazsam-alan-adimi-baska-bir-firmaya-tasiyabilir-miyim&#8221;][vc_column_text]Evet. Borcu bulunmayan \u00fcr\u00fcn\u00fcn\u00fcz\u00fc ba\u015fka bir firmaya ta\u015f\u0131ma iste\u011finde bulunabilirsiniz.[\/vc_column_text][\/vc_tta_section][vc_tta_section title=&#8221;Aboneli\u011fimi devam ettirmek istemiyorum, ne yapmal\u0131y\u0131m?&#8221; tab_id=&#8221;aboneligimi-devam-ettirmek-istemiyorum-ne-yapmaliyim&#8221;][vc_column_text]Borcu bulunmayan paketinizin iptali i\u00e7in Sat\u0131\u015f Destek ekiplerimizle kontak kurabilirsiniz.[\/vc_column_text][\/vc_tta_section][vc_tta_section title=&#8221;Web sitesi bar\u0131nd\u0131rma kota se\u00e7enekleri nelerdir?&#8221; tab_id=&#8221;web-sitesi-barindirma-kota-secenekleri-nelerdir&#8221;][vc_column_text]100 MB, 250 MB, 500 MB, 750 MB ve 1 GB.[\/vc_column_text][\/vc_tta_section][vc_tta_section title=&#8221;E-Posta paket se\u00e7enekleri nelerdir?&#8221; tab_id=&#8221;eposta-paket-secenekleri-nelerdir&#8221;][vc_column_text]5 kullan\u0131c\u0131, 10 kullan\u0131c\u0131, 25 kullan\u0131c\u0131, 50 kullan\u0131c\u0131, 100 kullan\u0131c\u0131, 250 kullan\u0131c\u0131, 500 kullan\u0131c\u0131, 1000 kullan\u0131c\u0131[\/vc_column_text][\/vc_tta_section][vc_tta_section title=&#8221;Birden \u00e7ok paket se\u00e7imi yapabilir miyim?&#8221; tab_id=&#8221;birden-cok-paket-secimi-yapabilir-miyim&#8221;][vc_column_text]Her kategoriden birer se\u00e7im yaparak kendi hizmet paketinizi olu\u015fturabilirsiniz. \u00d6rnek olarak; 25 kullan\u0131c\u0131l\u0131 e-posta paketi ile 500 MB&#8217;l\u0131k web hosting ve alan ad\u0131 tescillerini alabilirsiniz. Ancak 5 kullan\u0131c\u0131l\u0131 hesap paketi ile birlikte 25 kullan\u0131c\u0131l\u0131 e-posta paketini ayn\u0131 anda se\u00e7emezsiniz.[\/vc_column_text][\/vc_tta_section][\/vc_tta_accordion][\/vc_column][\/vc_row]<\/p>\n","protected":false},"excerpt":{"rendered":"<p>[vc_row rt_row_background_width=&#8221;default&#8221; rt_row_style=&#8221;default-style&#8221; rt_row_borders=&#8221;&#8221; rt_row_paddings=&#8221;true&#8221; rt_bg_effect=&#8221;classic&#8221; rt_bg_image_repeat=&#8221;repeat&#8221; rt_bg_size=&#8221;cover&#8221; rt_bg_position=&#8221;right top&#8221; rt_bg_attachment=&#8221;scroll&#8221; rt_bg_video_format=&#8221;self-hosted&#8221;][vc_column rt_wrp_col_paddings=&#8221;false&#8221; rt_border_top=&#8221;&#8221; rt_border_bottom=&#8221;&#8221; rt_border_left=&#8221;&#8221; rt_border_right=&#8221;&#8221; rt_border_top_mobile=&#8221;&#8221; rt_border_bottom_mobile=&#8221;&#8221; rt_border_left_mobile=&#8221;&#8221; rt_border_right_mobile=&#8221;&#8221; rt_bg_image_repeat=&#8221;repeat&#8221; rt_bg_size=&#8221;auto auto&#8221; rt_bg_position=&#8221;right top&#8221; rt_bg_attachment=&#8221;scroll&#8221;][\/vc_column][\/vc_row][vc_row rt_row_background_width=&#8221;default&#8221; rt_row_style=&#8221;default-style&#8221; rt_row_borders=&#8221;&#8221; rt_row_paddings=&#8221;true&#8221; rt_bg_effect=&#8221;classic&#8221; rt_bg_image_repeat=&#8221;repeat&#8221; rt_bg_size=&#8221;cover&#8221; rt_bg_position=&#8221;right top&#8221; rt_bg_attachment=&#8221;scroll&#8221; rt_bg_video_format=&#8221;self-hosted&#8221;][vc_column rt_wrp_col_paddings=&#8221;false&#8221; rt_border_top=&#8221;&#8221; rt_border_bottom=&#8221;&#8221; rt_border_left=&#8221;&#8221; rt_border_right=&#8221;&#8221; rt_border_top_mobile=&#8221;&#8221; rt_border_bottom_mobile=&#8221;&#8221; rt_border_left_mobile=&#8221;&#8221; rt_border_right_mobile=&#8221;&#8221; rt_bg_image_repeat=&#8221;repeat&#8221; rt_bg_size=&#8221;auto auto&#8221; rt_bg_position=&#8221;right top&#8221; rt_bg_attachment=&#8221;scroll&#8221;][vc_tta_accordion style=&#8221;modern&#8221; active_section=&#8221;0&#8243; [&hellip;]<\/p>\n","protected":false},"author":1,"featured_media":0,"parent":4454,"menu_order":0,"comment_status":"closed","ping_status":"closed","template":"","meta":{"footnotes":""},"class_list":["post-4625","page","type-page","status-publish","hentry"],"_links":{"self":[{"href":"https:\/\/netbone.com.tr\/kurumsal\/wp-json\/wp\/v2\/pages\/4625","targetHints":{"allow":["GET"]}}],"collection":[{"href":"https:\/\/netbone.com.tr\/kurumsal\/wp-json\/wp\/v2\/pages"}],"about":[{"href":"https:\/\/netbone.com.tr\/kurumsal\/wp-json\/wp\/v2\/types\/page"}],"author":[{"embeddable":true,"href":"https:\/\/netbone.com.tr\/kurumsal\/wp-json\/wp\/v2\/users\/1"}],"replies":[{"embeddable":true,"href":"https:\/\/netbone.com.tr\/kurumsal\/wp-json\/wp\/v2\/comments?post=4625"}],"version-history":[{"count":4,"href":"https:\/\/netbone.com.tr\/kurumsal\/wp-json\/wp\/v2\/pages\/4625\/revisions"}],"predecessor-version":[{"id":5088,"href":"https:\/\/netbone.com.tr\/kurumsal\/wp-json\/wp\/v2\/pages\/4625\/revisions\/5088"}],"up":[{"embeddable":true,"href":"https:\/\/netbone.com.tr\/kurumsal\/wp-json\/wp\/v2\/pages\/4454"}],"wp:attachment":[{"href":"https:\/\/netbone.com.tr\/kurumsal\/wp-json\/wp\/v2\/media?parent=4625"}],"curies":[{"name":"wp","href":"https:\/\/api.w.org\/{rel}","templated":true}]}}