{"id":4628,"date":"2021-02-15T00:55:24","date_gmt":"2021-02-14T21:55:24","guid":{"rendered":"https:\/\/netbone.com.tr\/kurumsal\/?page_id=4628"},"modified":"2021-03-04T15:44:59","modified_gmt":"2021-03-04T12:44:59","slug":"yuk-dengeleme-destek","status":"publish","type":"page","link":"https:\/\/netbone.com.tr\/kurumsal\/yardim\/guvenlik\/yuk-dengeleme-destek\/","title":{"rendered":"Y\u00fck Dengeleme Destek"},"content":{"rendered":"<p>[vc_row rt_row_background_width=&#8221;default&#8221; rt_row_style=&#8221;default-style&#8221; rt_row_borders=&#8221;&#8221; rt_row_paddings=&#8221;true&#8221; rt_bg_effect=&#8221;classic&#8221; rt_bg_image_repeat=&#8221;repeat&#8221; rt_bg_size=&#8221;cover&#8221; rt_bg_position=&#8221;right top&#8221; rt_bg_attachment=&#8221;scroll&#8221; rt_bg_video_format=&#8221;self-hosted&#8221;][vc_column rt_wrp_col_paddings=&#8221;false&#8221; rt_border_top=&#8221;&#8221; rt_border_bottom=&#8221;&#8221; rt_border_left=&#8221;&#8221; rt_border_right=&#8221;&#8221; rt_border_top_mobile=&#8221;&#8221; rt_border_bottom_mobile=&#8221;&#8221; rt_border_left_mobile=&#8221;&#8221; rt_border_right_mobile=&#8221;&#8221; rt_bg_image_repeat=&#8221;repeat&#8221; rt_bg_size=&#8221;auto auto&#8221; rt_bg_position=&#8221;right top&#8221; rt_bg_attachment=&#8221;scroll&#8221;]<div class=\"rt_heading_wrapper \">\n\t\t\t\t\t\t<h1 class=\"rt_heading  \" >Y\u00fck Dengeleme<\/h1>\n\t\t\t\t\t<\/div>[\/vc_column][\/vc_row][vc_row rt_row_background_width=&#8221;default&#8221; rt_row_style=&#8221;default-style&#8221; rt_row_borders=&#8221;&#8221; rt_row_paddings=&#8221;true&#8221; rt_bg_effect=&#8221;classic&#8221; rt_bg_image_repeat=&#8221;repeat&#8221; rt_bg_size=&#8221;cover&#8221; rt_bg_position=&#8221;right top&#8221; rt_bg_attachment=&#8221;scroll&#8221; rt_bg_video_format=&#8221;self-hosted&#8221;][vc_column rt_wrp_col_paddings=&#8221;false&#8221; rt_border_top=&#8221;&#8221; rt_border_bottom=&#8221;&#8221; rt_border_left=&#8221;&#8221; rt_border_right=&#8221;&#8221; rt_border_top_mobile=&#8221;&#8221; rt_border_bottom_mobile=&#8221;&#8221; rt_border_left_mobile=&#8221;&#8221; rt_border_right_mobile=&#8221;&#8221; rt_bg_image_repeat=&#8221;repeat&#8221; rt_bg_size=&#8221;auto auto&#8221; rt_bg_position=&#8221;right top&#8221; rt_bg_attachment=&#8221;scroll&#8221;][vc_tta_accordion style=&#8221;modern&#8221; active_section=&#8221;0&#8243; collapsible_all=&#8221;true&#8221;][vc_tta_section title=&#8221;Y\u00fck Dengeleme Hizmeti nedir?&#8221; tab_id=&#8221;yuk-dengeleme-hizmeti-nedir&#8221;][vc_column_text]Baz\u0131 durumlarda kullan\u0131c\u0131dan gelen istekler sunucunun kapasitesini a\u015fabilmekte ve hizmette problemlere (uygulaman\u0131n yava\u015f \u00e7al\u0131\u015fmas\u0131, yay\u0131n ak\u0131\u015f\u0131n\u0131n yava\u015f veya duraklayarak gelmesi vb..) yol a\u00e7abilmektedir. Bu t\u00fcr durumlarda y\u00fck dengeleme (Load-Balancing) altyap\u0131lar\u0131 kullan\u0131larak darbo\u011fazlar a\u015f\u0131lmaktad\u0131r.<\/p>\n<p>Y\u00fck Dengeleme (Load-Balancing) temel olarak iste\u011fe cevap veren taraftaki kaynaklar\u0131n en uygun \u015fekilde kullan\u0131lmas\u0131na ve arka planda y\u00fck da\u011f\u0131t\u0131m\u0131n\u0131n yap\u0131labilmesine olanak sa\u011flayan hizmetlerin b\u00fct\u00fcn\u00fcd\u00fcr. Kullan\u0131c\u0131lar ile uygulama aras\u0131ndaki trafi\u011fin load-balancer katman\u0131ndan ge\u00e7irilmesi sonucu y\u00fck da\u011f\u0131t\u0131m\u0131 aktif olarak yap\u0131lmakta ve en uygun sunucu kayna\u011f\u0131 se\u00e7ilerek kullan\u0131c\u0131 istekleri uygulama kaynaklar\u0131na en verimli \u015fekilde e\u015flenmektedir.[\/vc_column_text][\/vc_tta_section][vc_tta_section title=&#8221;Y\u00fck dengeleme hizmeti m\u00fc\u015fteri lokasyonunda hizmet olarak sunulabilir mi?&#8221; tab_id=&#8221;yuk-dengeleme-hizmeti-musteri-lokasyonunda-hizmet-olarak-sunulabilir-mi&#8221;][vc_column_text]Hay\u0131r. Hizmet sadece Y\u00fck Dengeleme altyap\u0131s\u0131n\u0131n oldu\u011fu Netbone Veri Merkezlerinde verilebilir.[\/vc_column_text][\/vc_tta_section][vc_tta_section title=&#8221;M\u00fc\u015fterilerimize hizmeti g\u00f6r\u00fcnt\u00fclemek i\u00e7in bir ara y\u00fcz sa\u011flanmakta m\u0131d\u0131r?&#8221; tab_id=&#8221;musterilerimize-hizmeti-goruntulemek-icin-bir-arayuz-saglanmakta-midir&#8221;][vc_column_text]Hay\u0131r. M\u00fc\u015fterilere y\u00f6netebilecekleri izleyebilecekleri bir ekran sa\u011flanmamaktad\u0131r. Y\u00f6netim ve izleme i\u015flemini Netbone Teknik ekipleri m\u00fc\u015fteri ad\u0131na yapmaktad\u0131r.[\/vc_column_text][\/vc_tta_section][vc_tta_section title=&#8221;Fiyatland\u0131rma neye g\u00f6re yap\u0131lmaktad\u0131r?&#8221; tab_id=&#8221;fiyatlandirma-neye-gore-yapilmaktadir&#8221;][vc_column_text]Fiyatland\u0131rma m\u00fc\u015fterinin y\u00fck dengeleme hizmetinde alaca\u011f\u0131 eri\u015fim bant geni\u015fli\u011fine g\u00f6re belirlenmektedir. M\u00fc\u015fteri bant geni\u015fli\u011finden daha az Y\u00fck Dengeleme hizmetinden faydalanamaz.[\/vc_column_text][\/vc_tta_section][\/vc_tta_accordion][\/vc_column][\/vc_row]<\/p>\n","protected":false},"excerpt":{"rendered":"<p>[vc_row rt_row_background_width=&#8221;default&#8221; rt_row_style=&#8221;default-style&#8221; rt_row_borders=&#8221;&#8221; rt_row_paddings=&#8221;true&#8221; rt_bg_effect=&#8221;classic&#8221; rt_bg_image_repeat=&#8221;repeat&#8221; rt_bg_size=&#8221;cover&#8221; rt_bg_position=&#8221;right top&#8221; rt_bg_attachment=&#8221;scroll&#8221; rt_bg_video_format=&#8221;self-hosted&#8221;][vc_column rt_wrp_col_paddings=&#8221;false&#8221; rt_border_top=&#8221;&#8221; rt_border_bottom=&#8221;&#8221; rt_border_left=&#8221;&#8221; rt_border_right=&#8221;&#8221; rt_border_top_mobile=&#8221;&#8221; rt_border_bottom_mobile=&#8221;&#8221; rt_border_left_mobile=&#8221;&#8221; rt_border_right_mobile=&#8221;&#8221; rt_bg_image_repeat=&#8221;repeat&#8221; rt_bg_size=&#8221;auto auto&#8221; rt_bg_position=&#8221;right top&#8221; rt_bg_attachment=&#8221;scroll&#8221;][\/vc_column][\/vc_row][vc_row rt_row_background_width=&#8221;default&#8221; rt_row_style=&#8221;default-style&#8221; rt_row_borders=&#8221;&#8221; rt_row_paddings=&#8221;true&#8221; rt_bg_effect=&#8221;classic&#8221; rt_bg_image_repeat=&#8221;repeat&#8221; rt_bg_size=&#8221;cover&#8221; rt_bg_position=&#8221;right top&#8221; rt_bg_attachment=&#8221;scroll&#8221; rt_bg_video_format=&#8221;self-hosted&#8221;][vc_column rt_wrp_col_paddings=&#8221;false&#8221; rt_border_top=&#8221;&#8221; rt_border_bottom=&#8221;&#8221; rt_border_left=&#8221;&#8221; rt_border_right=&#8221;&#8221; rt_border_top_mobile=&#8221;&#8221; rt_border_bottom_mobile=&#8221;&#8221; rt_border_left_mobile=&#8221;&#8221; rt_border_right_mobile=&#8221;&#8221; rt_bg_image_repeat=&#8221;repeat&#8221; rt_bg_size=&#8221;auto auto&#8221; rt_bg_position=&#8221;right top&#8221; rt_bg_attachment=&#8221;scroll&#8221;][vc_tta_accordion style=&#8221;modern&#8221; active_section=&#8221;0&#8243; [&hellip;]<\/p>\n","protected":false},"author":1,"featured_media":0,"parent":4456,"menu_order":0,"comment_status":"closed","ping_status":"closed","template":"","meta":{"footnotes":""},"class_list":["post-4628","page","type-page","status-publish","hentry"],"_links":{"self":[{"href":"https:\/\/netbone.com.tr\/kurumsal\/wp-json\/wp\/v2\/pages\/4628","targetHints":{"allow":["GET"]}}],"collection":[{"href":"https:\/\/netbone.com.tr\/kurumsal\/wp-json\/wp\/v2\/pages"}],"about":[{"href":"https:\/\/netbone.com.tr\/kurumsal\/wp-json\/wp\/v2\/types\/page"}],"author":[{"embeddable":true,"href":"https:\/\/netbone.com.tr\/kurumsal\/wp-json\/wp\/v2\/users\/1"}],"replies":[{"embeddable":true,"href":"https:\/\/netbone.com.tr\/kurumsal\/wp-json\/wp\/v2\/comments?post=4628"}],"version-history":[{"count":4,"href":"https:\/\/netbone.com.tr\/kurumsal\/wp-json\/wp\/v2\/pages\/4628\/revisions"}],"predecessor-version":[{"id":5093,"href":"https:\/\/netbone.com.tr\/kurumsal\/wp-json\/wp\/v2\/pages\/4628\/revisions\/5093"}],"up":[{"embeddable":true,"href":"https:\/\/netbone.com.tr\/kurumsal\/wp-json\/wp\/v2\/pages\/4456"}],"wp:attachment":[{"href":"https:\/\/netbone.com.tr\/kurumsal\/wp-json\/wp\/v2\/media?parent=4628"}],"curies":[{"name":"wp","href":"https:\/\/api.w.org\/{rel}","templated":true}]}}