{"id":4631,"date":"2021-02-15T00:57:18","date_gmt":"2021-02-14T21:57:18","guid":{"rendered":"https:\/\/netbone.com.tr\/kurumsal\/?page_id=4631"},"modified":"2021-03-04T15:43:51","modified_gmt":"2021-03-04T12:43:51","slug":"5651-loglama-destek","status":"publish","type":"page","link":"https:\/\/netbone.com.tr\/kurumsal\/yardim\/guvenlik\/5651-loglama-destek\/","title":{"rendered":"5651 Loglama Destek"},"content":{"rendered":"<p>[vc_row rt_row_background_width=&#8221;default&#8221; rt_row_style=&#8221;default-style&#8221; rt_row_borders=&#8221;&#8221; rt_row_paddings=&#8221;true&#8221; rt_bg_effect=&#8221;classic&#8221; rt_bg_image_repeat=&#8221;repeat&#8221; rt_bg_size=&#8221;cover&#8221; rt_bg_position=&#8221;right top&#8221; rt_bg_attachment=&#8221;scroll&#8221; rt_bg_video_format=&#8221;self-hosted&#8221;][vc_column rt_wrp_col_paddings=&#8221;false&#8221; rt_border_top=&#8221;&#8221; rt_border_bottom=&#8221;&#8221; rt_border_left=&#8221;&#8221; rt_border_right=&#8221;&#8221; rt_border_top_mobile=&#8221;&#8221; rt_border_bottom_mobile=&#8221;&#8221; rt_border_left_mobile=&#8221;&#8221; rt_border_right_mobile=&#8221;&#8221; rt_bg_image_repeat=&#8221;repeat&#8221; rt_bg_size=&#8221;auto auto&#8221; rt_bg_position=&#8221;right top&#8221; rt_bg_attachment=&#8221;scroll&#8221;]<div class=\"rt_heading_wrapper \">\n\t\t\t\t\t\t<h1 class=\"rt_heading  \" >5651 Loglama<\/h1>\n\t\t\t\t\t<\/div>[\/vc_column][\/vc_row][vc_row rt_row_background_width=&#8221;default&#8221; rt_row_style=&#8221;default-style&#8221; rt_row_borders=&#8221;&#8221; rt_row_paddings=&#8221;true&#8221; rt_bg_effect=&#8221;classic&#8221; rt_bg_image_repeat=&#8221;repeat&#8221; rt_bg_size=&#8221;cover&#8221; rt_bg_position=&#8221;right top&#8221; rt_bg_attachment=&#8221;scroll&#8221; rt_bg_video_format=&#8221;self-hosted&#8221;][vc_column rt_wrp_col_paddings=&#8221;false&#8221; rt_border_top=&#8221;&#8221; rt_border_bottom=&#8221;&#8221; rt_border_left=&#8221;&#8221; rt_border_right=&#8221;&#8221; rt_border_top_mobile=&#8221;&#8221; rt_border_bottom_mobile=&#8221;&#8221; rt_border_left_mobile=&#8221;&#8221; rt_border_right_mobile=&#8221;&#8221; rt_bg_image_repeat=&#8221;repeat&#8221; rt_bg_size=&#8221;auto auto&#8221; rt_bg_position=&#8221;right top&#8221; rt_bg_attachment=&#8221;scroll&#8221;][vc_tta_accordion style=&#8221;modern&#8221; active_section=&#8221;0&#8243; collapsible_all=&#8221;true&#8221;][vc_tta_section title=&#8221;Servisten faydalanmak i\u00e7in Netbone ADSL, fiber ya da di\u011fer bir internet aboneli\u011fi zorunlulu\u011fu var m\u0131?&#8221; tab_id=&#8221;servisten-faydalanmak&#8221;][vc_column_text]5651 loglama hizmeti almak i\u00e7in Netbone\u2019dan herhangi bir internet aboneli\u011fi aranmaz.[\/vc_column_text][\/vc_tta_section][vc_tta_section title=&#8221;Netbone MPLS m\u00fc\u015fterisiysem, bu servisten faydalanabilir miyim?&#8221; tab_id=&#8221;netbone-mpls-musterisiysem-bu-servisten-faydalanabilir-miyim&#8221;][vc_column_text]Evet faydalanabilirsiniz. MPLS hatlar\u0131n\u0131zdan bir tanesinin sanal sunucu sistemlerinin bulundu\u011fu veri merkezimize tan\u0131mlanmas\u0131 gerekmektedir.[\/vc_column_text][\/vc_tta_section][vc_tta_section title=&#8221;Sistem nas\u0131l \u00e7al\u0131\u015f\u0131yor?&#8221; tab_id=&#8221;sistem-nasil-calisiyor&#8221;][vc_column_text]Talep edilen loglama hizmeti i\u00e7in internet \u00e7\u0131k\u0131\u015f lokasyonunuza \u015firketinizin internet yap\u0131s\u0131na uygun cihaz kurulumu yap\u0131l\u0131r. Cihaz gerekli loglar\u0131 al\u0131r. \u0130htiya\u00e7 oldu\u011funda cihaz \u00fczerinde bulunan aray\u00fcz \u00fczerinden kay\u0131tlara eri\u015febilirsiniz.[\/vc_column_text][\/vc_tta_section][vc_tta_section title=&#8221;Hangi t\u00fcr i\u015fletmeler i\u00e7in uygundur?&#8221; tab_id=&#8221;hangi-tur-isletmeler-icin-uygundur&#8221;][vc_column_text]Herhangi bir operat\u00f6r \u00fczerinden bir internet hizmeti alan, 5651 nolu yasaya uygun bir \u015fekilde kay\u0131t almak isteyen i\u015fletmeler i\u00e7in uygundur.[\/vc_column_text][\/vc_tta_section][vc_tta_section title=&#8221;Bu \u00fcr\u00fcn\u00fc di\u011ferlerinden ay\u0131ran \u00f6zellik nedir?&#8221; tab_id=&#8221;bu-urunu-digerlerinden-ayiran-ozellik-nedir&#8221;][vc_column_text]M\u00fc\u015fterimize loglama ekipman\u0131, lisans\u0131 ve bu ekipman\u0131 y\u00f6netmek i\u00e7in insan kayna\u011f\u0131 maliyetlerine katlanmadan, sadece ayl\u0131k \u00f6deme ile servis olarak almas\u0131n\u0131 sa\u011flamam\u0131z.[\/vc_column_text][\/vc_tta_section][vc_tta_section title=&#8221;Taahh\u00fct gerekmekte midir?&#8221; tab_id=&#8221;taahhut-gerekmektedir-midir&#8221;][vc_column_text]24 ayl\u0131k bir s\u00f6zle\u015fme yap\u0131lmas\u0131 gerekmektedir.[\/vc_column_text][\/vc_tta_section][vc_tta_section title=&#8221;\u00d6demelerimi nas\u0131l yapabilirim?&#8221; tab_id=&#8221;odemelerimi-nasil-yapabilirim&#8221;][vc_column_text]Size s\u00f6zle\u015fme s\u00fcresi boyunca her ay d\u00fczenli olarak fatura g\u00f6nderilecektir. Bu faturay\u0131 banka \u00fczerinden otomatik talimat \/ havale ile yapabilirsiniz.[\/vc_column_text][\/vc_tta_section][vc_tta_section title=&#8221;Nas\u0131l iptal edilir? Cayma bedeli var m\u0131d\u0131r?&#8221; tab_id=&#8221;nasil-iptal-edilir-cayma-bedeli-var-midir&#8221;][vc_column_text]Kontrat s\u00fcresinden \u00f6nce iptal i\u00e7in cezai \u015fartlar bulunmaktad\u0131r. Bu \u015fartlar servis s\u00f6zle\u015fmesinde bulunmaktad\u0131r. \u0130ptal yaz\u0131l\u0131 bildirim ile yap\u0131lmal\u0131d\u0131r.[\/vc_column_text][\/vc_tta_section][vc_tta_section title=&#8221;Kurulum nas\u0131l ger\u00e7ekle\u015ftirilecek?&#8221; tab_id=&#8221;kurulum-nasil-gerceklestirilecek&#8221;][vc_column_text]Sizlere iletilen talep formu ilgili sat\u0131\u015f y\u00f6neticimiz taraf\u0131ndan doldurulur ve aktivasyon Netbone taraf\u0131ndan ger\u00e7ekle\u015ftirilerek sizlere eri\u015fim bilgileriniz g\u00f6nderilir.[\/vc_column_text][\/vc_tta_section][vc_tta_section title=&#8221;Hizmeti nerelerden sat\u0131n alabilirim?&#8221; tab_id=&#8221;hizmeti-nerelerden-satin-alabilirim&#8221;][vc_column_text]Hizmeti sat\u0131n almak i\u00e7in online ba\u015fvuru<a href=\"http:\/\/www.superonline.net\/kurumsal\/urunler\/akilli-bulut\/5651-loglama\/hemen-basvur\" target=\"_blank\" rel=\"noopener\">\u200b<\/a> formunu doldurabilir ya da Netbone<\/p>\n<p>sat\u0131\u015f y\u00f6neticiniz ile irtibata ge\u00e7ebilirsiniz. Ayr\u0131ca 0 850 839 0 839 Netbone M\u00fc\u015fteri Hizmetleri\u2019nden servise kat\u0131l\u0131m i\u00e7in talepte bulunabilirsiniz.[\/vc_column_text][\/vc_tta_section][vc_tta_section title=&#8221;Misafir kullan\u0131c\u0131lar da internet eri\u015fimi kulland\u0131klar\u0131nda loglanabilecekler mi?&#8221; tab_id=&#8221;misafir-kullanicilarda-internet-erisimi-kullandiklarinda-loglanabilecekler-mi&#8221;][vc_column_text]Misafir kullanc\u0131lar isterseniz sizin istedi\u011finiz statik bir \u015fifre ile veya cep telefonlar\u0131na gelen \u015fifre ile ba\u011flanabilirler. B\u00f6ylelikle internet eri\u015fimlerini log alt\u0131na alabilirsiniz.[\/vc_column_text][\/vc_tta_section][vc_tta_section title=&#8221;Otomatik \u015fifre g\u00f6ndermek i\u00e7in gerekli SMS servis bedeline d\u00e2hil midir?&#8221; tab_id=&#8221;otomatik-sifre-gondermek-icin-gerekli-sms-servis-bedeline-dahil-midir&#8221;][vc_column_text]Hay\u0131r. Ayr\u0131ca SMS paketi sat\u0131n almal\u0131s\u0131n\u0131z.[\/vc_column_text][\/vc_tta_section][\/vc_tta_accordion][\/vc_column][\/vc_row]<\/p>\n","protected":false},"excerpt":{"rendered":"<p>[vc_row rt_row_background_width=&#8221;default&#8221; rt_row_style=&#8221;default-style&#8221; rt_row_borders=&#8221;&#8221; rt_row_paddings=&#8221;true&#8221; rt_bg_effect=&#8221;classic&#8221; rt_bg_image_repeat=&#8221;repeat&#8221; rt_bg_size=&#8221;cover&#8221; rt_bg_position=&#8221;right top&#8221; rt_bg_attachment=&#8221;scroll&#8221; rt_bg_video_format=&#8221;self-hosted&#8221;][vc_column rt_wrp_col_paddings=&#8221;false&#8221; rt_border_top=&#8221;&#8221; rt_border_bottom=&#8221;&#8221; rt_border_left=&#8221;&#8221; rt_border_right=&#8221;&#8221; rt_border_top_mobile=&#8221;&#8221; rt_border_bottom_mobile=&#8221;&#8221; rt_border_left_mobile=&#8221;&#8221; rt_border_right_mobile=&#8221;&#8221; rt_bg_image_repeat=&#8221;repeat&#8221; rt_bg_size=&#8221;auto auto&#8221; rt_bg_position=&#8221;right top&#8221; rt_bg_attachment=&#8221;scroll&#8221;][\/vc_column][\/vc_row][vc_row rt_row_background_width=&#8221;default&#8221; rt_row_style=&#8221;default-style&#8221; rt_row_borders=&#8221;&#8221; rt_row_paddings=&#8221;true&#8221; rt_bg_effect=&#8221;classic&#8221; rt_bg_image_repeat=&#8221;repeat&#8221; rt_bg_size=&#8221;cover&#8221; rt_bg_position=&#8221;right top&#8221; rt_bg_attachment=&#8221;scroll&#8221; rt_bg_video_format=&#8221;self-hosted&#8221;][vc_column rt_wrp_col_paddings=&#8221;false&#8221; rt_border_top=&#8221;&#8221; rt_border_bottom=&#8221;&#8221; rt_border_left=&#8221;&#8221; rt_border_right=&#8221;&#8221; rt_border_top_mobile=&#8221;&#8221; rt_border_bottom_mobile=&#8221;&#8221; rt_border_left_mobile=&#8221;&#8221; rt_border_right_mobile=&#8221;&#8221; rt_bg_image_repeat=&#8221;repeat&#8221; rt_bg_size=&#8221;auto auto&#8221; rt_bg_position=&#8221;right top&#8221; rt_bg_attachment=&#8221;scroll&#8221;][vc_tta_accordion style=&#8221;modern&#8221; active_section=&#8221;0&#8243; [&hellip;]<\/p>\n","protected":false},"author":1,"featured_media":0,"parent":4456,"menu_order":0,"comment_status":"closed","ping_status":"closed","template":"","meta":{"footnotes":""},"class_list":["post-4631","page","type-page","status-publish","hentry"],"_links":{"self":[{"href":"https:\/\/netbone.com.tr\/kurumsal\/wp-json\/wp\/v2\/pages\/4631","targetHints":{"allow":["GET"]}}],"collection":[{"href":"https:\/\/netbone.com.tr\/kurumsal\/wp-json\/wp\/v2\/pages"}],"about":[{"href":"https:\/\/netbone.com.tr\/kurumsal\/wp-json\/wp\/v2\/types\/page"}],"author":[{"embeddable":true,"href":"https:\/\/netbone.com.tr\/kurumsal\/wp-json\/wp\/v2\/users\/1"}],"replies":[{"embeddable":true,"href":"https:\/\/netbone.com.tr\/kurumsal\/wp-json\/wp\/v2\/comments?post=4631"}],"version-history":[{"count":3,"href":"https:\/\/netbone.com.tr\/kurumsal\/wp-json\/wp\/v2\/pages\/4631\/revisions"}],"predecessor-version":[{"id":5092,"href":"https:\/\/netbone.com.tr\/kurumsal\/wp-json\/wp\/v2\/pages\/4631\/revisions\/5092"}],"up":[{"embeddable":true,"href":"https:\/\/netbone.com.tr\/kurumsal\/wp-json\/wp\/v2\/pages\/4456"}],"wp:attachment":[{"href":"https:\/\/netbone.com.tr\/kurumsal\/wp-json\/wp\/v2\/media?parent=4631"}],"curies":[{"name":"wp","href":"https:\/\/api.w.org\/{rel}","templated":true}]}}