{"id":4643,"date":"2021-02-15T01:10:41","date_gmt":"2021-02-14T22:10:41","guid":{"rendered":"https:\/\/netbone.com.tr\/kurumsal\/?page_id=4643"},"modified":"2021-03-04T15:49:15","modified_gmt":"2021-03-04T12:49:15","slug":"odeme-ve-borc-sorgulama","status":"publish","type":"page","link":"https:\/\/netbone.com.tr\/kurumsal\/yardim\/fatura\/odeme-ve-borc-sorgulama\/","title":{"rendered":"\u00d6deme ve Bor\u00e7 Sorgulama"},"content":{"rendered":"<p>[vc_row rt_row_background_width=&#8221;default&#8221; rt_row_style=&#8221;default-style&#8221; rt_row_borders=&#8221;&#8221; rt_row_paddings=&#8221;true&#8221; rt_bg_effect=&#8221;classic&#8221; rt_bg_image_repeat=&#8221;repeat&#8221; rt_bg_size=&#8221;cover&#8221; rt_bg_position=&#8221;right top&#8221; rt_bg_attachment=&#8221;scroll&#8221; rt_bg_video_format=&#8221;self-hosted&#8221;][vc_column rt_wrp_col_paddings=&#8221;false&#8221; rt_border_top=&#8221;&#8221; rt_border_bottom=&#8221;&#8221; rt_border_left=&#8221;&#8221; rt_border_right=&#8221;&#8221; rt_border_top_mobile=&#8221;&#8221; rt_border_bottom_mobile=&#8221;&#8221; rt_border_left_mobile=&#8221;&#8221; rt_border_right_mobile=&#8221;&#8221; rt_bg_image_repeat=&#8221;repeat&#8221; rt_bg_size=&#8221;auto auto&#8221; rt_bg_position=&#8221;right top&#8221; rt_bg_attachment=&#8221;scroll&#8221;]<div class=\"rt_heading_wrapper \">\n\t\t\t\t\t\t<h1 class=\"rt_heading  \" >\u00d6deme ve Bor\u00e7 Sorgulama<\/h1>\n\t\t\t\t\t<\/div>[\/vc_column][\/vc_row][vc_row rt_row_background_width=&#8221;default&#8221; rt_row_style=&#8221;default-style&#8221; rt_row_borders=&#8221;&#8221; rt_row_paddings=&#8221;true&#8221; rt_bg_effect=&#8221;classic&#8221; rt_bg_image_repeat=&#8221;repeat&#8221; rt_bg_size=&#8221;cover&#8221; rt_bg_position=&#8221;right top&#8221; rt_bg_attachment=&#8221;scroll&#8221; rt_bg_video_format=&#8221;self-hosted&#8221;][vc_column rt_wrp_col_paddings=&#8221;false&#8221; rt_border_top=&#8221;&#8221; rt_border_bottom=&#8221;&#8221; rt_border_left=&#8221;&#8221; rt_border_right=&#8221;&#8221; rt_border_top_mobile=&#8221;&#8221; rt_border_bottom_mobile=&#8221;&#8221; rt_border_left_mobile=&#8221;&#8221; rt_border_right_mobile=&#8221;&#8221; rt_bg_image_repeat=&#8221;repeat&#8221; rt_bg_size=&#8221;auto auto&#8221; rt_bg_position=&#8221;right top&#8221; rt_bg_attachment=&#8221;scroll&#8221;][vc_tta_accordion style=&#8221;modern&#8221; active_section=&#8221;0&#8243; collapsible_all=&#8221;true&#8221;][vc_tta_section title=&#8221;Firman\u0131za bir borcum bulunmad\u0131\u011f\u0131na dair yaz\u0131 almak istiyorum, ne yapmal\u0131y\u0131m?&#8221; tab_id=&#8221;firmaniza-bir-borcum-bulunmadigina-dair-yazi-almak-istiyorum-ne-yapmaliyim&#8221;][vc_column_text]Kurumsal M\u00fc\u015fteri Hizmetlerimize talebinizi iletebilirsiniz.[\/vc_column_text][\/vc_tta_section][vc_tta_section title=&#8221;\u00d6denmemi\u015f borcum nedeniyle hizmetim kesilmi\u015f, a\u00e7\u0131lmas\u0131 i\u00e7in ne yapmal\u0131y\u0131m?&#8221; tab_id=&#8221;odenmemis-borcum-nedeniyle-hizmetim-kesilmis-acilmasi-icin-ne-yapmaliyim&#8221;][vc_column_text]Faturalar\u0131n\u0131z\u0131 \u00f6demeniz halinde hizmetiniz otomatik olarak a\u00e7\u0131lma s\u00fcrecine girecektir. Faturalar\u0131n\u0131z i\u00e7in otomatik \u00f6deme talimat\u0131 vererek \u00f6deme takip zahmetinden kurtulabilece\u011finizi hat\u0131rlatmak isteriz.[\/vc_column_text][\/vc_tta_section][vc_tta_section title=&#8221;Fatura bor\u00e7lar\u0131m\u0131 taksitle \u00f6demem m\u00fcmk\u00fcn m\u00fcd\u00fcr?&#8221; tab_id=&#8221;fatura-borclarimi-taksitle-odemem-mumkun-mudur&#8221;][vc_column_text]Evet m\u00fcmk\u00fcn. Taksitlendirme kriterlerine uygun borcunuz bulunmas\u0131 durumunda Kurumsal M\u00fc\u015fteri Hizmetlerimize ula\u015farak Fatura Men\u00fcs\u00fcnden WORLD, BONUS ve MAXIMUM \u00fcyesi kredi kartlar\u0131yla taksitli \u00f6deme yapabilirsiniz.[\/vc_column_text][\/vc_tta_section][vc_tta_section title=&#8221;Fatura borcumu nas\u0131l \u00f6\u011frenebilirim?&#8221; tab_id=&#8221;fatura-borcumu-nasil-ogrenebilirim&#8221;][\/vc_tta_section][vc_tta_section title=&#8221;Mutabakat &amp; BA-BS Mutabakat\u0131 &amp; Ekstre taleplerimi nereye iletmeliyim?&#8221; tab_id=&#8221;mutabakat-ve-ba-bs-mutabakati-ve-ekstre-taleplerimi-nereye-iletmeliyim&#8221;][\/vc_tta_section][vc_tta_section title=&#8221;Fazla \u00f6deme yapt\u0131m, iade i\u00e7in ne yapmal\u0131y\u0131m?&#8221; tab_id=&#8221;fazla-odeme-yaptim-iade-icin-ne-yapmaliyim&#8221;][vc_column_text]<\/p>\n<article class=\"content-box content-module footer-margin\">\n<div class=\"separate bot-m \"><span class=\"support-text cms_contents\">Fazla \u00f6deme durumunda iade talep edilmezse \u00f6demeniz bir sonraki faturan\u0131zdan otomatik olarak d\u00fc\u015f\u00fcl\u00fcr. \u0130ade talebiniz varsa Kurumsal M\u00fc\u015fteri Hizmetlerimize bildirebilirsiniz.<\/span><\/div>\n<\/article>\n<aside class=\"sidebar sep-top\">\n<div class=\"head\"><\/div>\n<\/aside>\n<p>[\/vc_column_text][\/vc_tta_section][vc_tta_section title=&#8221;Fazla \u00f6deme yapt\u0131m, tutar ne zaman iade edilir?&#8221; tab_id=&#8221;fazla-odeme-yaptim-tutar-ne-zaman-iade-edilir&#8221;][vc_column_text]\u0130ade talebinizi Kurumsal M\u00fc\u015fteri Himzetlerimize iletmeniz akabinde gerekli i\u015flemler yap\u0131lacak ve ortalama 2 hafta i\u00e7inde tutar hesab\u0131n\u0131za yat\u0131r\u0131lacakt\u0131r.[\/vc_column_text][\/vc_tta_section][vc_tta_section title=&#8221;Faturalar\u0131 nas\u0131l \u00f6deyebilirim?&#8221; tab_id=&#8221;faturalari-nasil-odeyebilirim&#8221;][\/vc_tta_section][vc_tta_section title=&#8221;\u00d6demelerim sisteminizde g\u00f6r\u00fcnm\u00fcyor. Ne yapabilirim?&#8221; tab_id=&#8221;odemelerim-sisteminizde-gorunmuyor-ne-yapabilirim&#8221;][vc_column_text]\u00d6demeler, ilgili \u00f6deme kanallar\u0131 ile \u00e7al\u0131\u015fma sistemimize ba\u011fl\u0131 olarak ortalama 2 g\u00fcn i\u00e7inde m\u00fc\u015fteri hesaplar\u0131m\u0131za yans\u0131t\u0131lmaktad\u0131r. Aksi bir durum s\u00f6zkonusu olmas\u0131 durumunda Kurumsal M\u00fc\u015fteri Hizmetlerimize ula\u015fabilirsiniz.[\/vc_column_text][\/vc_tta_section][vc_tta_section title=&#8221;Yanl\u0131\u015fl\u0131kla ba\u015fka bir m\u00fc\u015fterinizin faturas\u0131n\u0131 \u00f6demi\u015fim. Ne yapmal\u0131y\u0131m?&#8221; tab_id=&#8221;yanlislikla-baska-bir-musterinizin-faturasini-odemisim-ne-yapmaliyim&#8221;][vc_column_text]Kurumsal M\u00fc\u015fteri Hizmetlerimize dekontunuzla birlikte bildirip \u00f6demenin kendi hesab\u0131n\u0131za aktar\u0131lmas\u0131n\u0131 ya da iadesini isteyebilirsiniz.[\/vc_column_text][\/vc_tta_section][\/vc_tta_accordion][\/vc_column][\/vc_row]<\/p>\n","protected":false},"excerpt":{"rendered":"<p>[vc_row rt_row_background_width=&#8221;default&#8221; rt_row_style=&#8221;default-style&#8221; rt_row_borders=&#8221;&#8221; rt_row_paddings=&#8221;true&#8221; rt_bg_effect=&#8221;classic&#8221; rt_bg_image_repeat=&#8221;repeat&#8221; rt_bg_size=&#8221;cover&#8221; rt_bg_position=&#8221;right top&#8221; rt_bg_attachment=&#8221;scroll&#8221; rt_bg_video_format=&#8221;self-hosted&#8221;][vc_column rt_wrp_col_paddings=&#8221;false&#8221; rt_border_top=&#8221;&#8221; rt_border_bottom=&#8221;&#8221; rt_border_left=&#8221;&#8221; rt_border_right=&#8221;&#8221; rt_border_top_mobile=&#8221;&#8221; rt_border_bottom_mobile=&#8221;&#8221; rt_border_left_mobile=&#8221;&#8221; rt_border_right_mobile=&#8221;&#8221; rt_bg_image_repeat=&#8221;repeat&#8221; rt_bg_size=&#8221;auto auto&#8221; rt_bg_position=&#8221;right top&#8221; rt_bg_attachment=&#8221;scroll&#8221;][\/vc_column][\/vc_row][vc_row rt_row_background_width=&#8221;default&#8221; rt_row_style=&#8221;default-style&#8221; rt_row_borders=&#8221;&#8221; rt_row_paddings=&#8221;true&#8221; rt_bg_effect=&#8221;classic&#8221; rt_bg_image_repeat=&#8221;repeat&#8221; rt_bg_size=&#8221;cover&#8221; rt_bg_position=&#8221;right top&#8221; rt_bg_attachment=&#8221;scroll&#8221; rt_bg_video_format=&#8221;self-hosted&#8221;][vc_column rt_wrp_col_paddings=&#8221;false&#8221; rt_border_top=&#8221;&#8221; rt_border_bottom=&#8221;&#8221; rt_border_left=&#8221;&#8221; rt_border_right=&#8221;&#8221; rt_border_top_mobile=&#8221;&#8221; rt_border_bottom_mobile=&#8221;&#8221; rt_border_left_mobile=&#8221;&#8221; rt_border_right_mobile=&#8221;&#8221; rt_bg_image_repeat=&#8221;repeat&#8221; rt_bg_size=&#8221;auto auto&#8221; rt_bg_position=&#8221;right top&#8221; rt_bg_attachment=&#8221;scroll&#8221;][vc_tta_accordion style=&#8221;modern&#8221; active_section=&#8221;0&#8243; [&hellip;]<\/p>\n","protected":false},"author":1,"featured_media":0,"parent":4460,"menu_order":0,"comment_status":"closed","ping_status":"closed","template":"","meta":{"footnotes":""},"class_list":["post-4643","page","type-page","status-publish","hentry"],"_links":{"self":[{"href":"https:\/\/netbone.com.tr\/kurumsal\/wp-json\/wp\/v2\/pages\/4643","targetHints":{"allow":["GET"]}}],"collection":[{"href":"https:\/\/netbone.com.tr\/kurumsal\/wp-json\/wp\/v2\/pages"}],"about":[{"href":"https:\/\/netbone.com.tr\/kurumsal\/wp-json\/wp\/v2\/types\/page"}],"author":[{"embeddable":true,"href":"https:\/\/netbone.com.tr\/kurumsal\/wp-json\/wp\/v2\/users\/1"}],"replies":[{"embeddable":true,"href":"https:\/\/netbone.com.tr\/kurumsal\/wp-json\/wp\/v2\/comments?post=4643"}],"version-history":[{"count":4,"href":"https:\/\/netbone.com.tr\/kurumsal\/wp-json\/wp\/v2\/pages\/4643\/revisions"}],"predecessor-version":[{"id":5095,"href":"https:\/\/netbone.com.tr\/kurumsal\/wp-json\/wp\/v2\/pages\/4643\/revisions\/5095"}],"up":[{"embeddable":true,"href":"https:\/\/netbone.com.tr\/kurumsal\/wp-json\/wp\/v2\/pages\/4460"}],"wp:attachment":[{"href":"https:\/\/netbone.com.tr\/kurumsal\/wp-json\/wp\/v2\/media?parent=4643"}],"curies":[{"name":"wp","href":"https:\/\/api.w.org\/{rel}","templated":true}]}}