{"id":4645,"date":"2021-02-15T01:11:28","date_gmt":"2021-02-14T22:11:28","guid":{"rendered":"https:\/\/netbone.com.tr\/kurumsal\/?page_id=4645"},"modified":"2021-03-04T15:50:40","modified_gmt":"2021-03-04T12:50:40","slug":"fatura-gonderimi","status":"publish","type":"page","link":"https:\/\/netbone.com.tr\/kurumsal\/yardim\/fatura\/fatura-gonderimi\/","title":{"rendered":"Fatura G\u00f6nderimi"},"content":{"rendered":"<p>[vc_row rt_row_background_width=&#8221;default&#8221; rt_row_style=&#8221;default-style&#8221; rt_row_borders=&#8221;&#8221; rt_row_paddings=&#8221;true&#8221; rt_bg_effect=&#8221;classic&#8221; rt_bg_image_repeat=&#8221;repeat&#8221; rt_bg_size=&#8221;cover&#8221; rt_bg_position=&#8221;right top&#8221; rt_bg_attachment=&#8221;scroll&#8221; rt_bg_video_format=&#8221;self-hosted&#8221;][vc_column rt_wrp_col_paddings=&#8221;false&#8221; rt_border_top=&#8221;&#8221; rt_border_bottom=&#8221;&#8221; rt_border_left=&#8221;&#8221; rt_border_right=&#8221;&#8221; rt_border_top_mobile=&#8221;&#8221; rt_border_bottom_mobile=&#8221;&#8221; rt_border_left_mobile=&#8221;&#8221; rt_border_right_mobile=&#8221;&#8221; rt_bg_image_repeat=&#8221;repeat&#8221; rt_bg_size=&#8221;auto auto&#8221; rt_bg_position=&#8221;right top&#8221; rt_bg_attachment=&#8221;scroll&#8221;]<div class=\"rt_heading_wrapper \">\n\t\t\t\t\t\t<h1 class=\"rt_heading  \" >Fatura G\u00f6nderimi<\/h1>\n\t\t\t\t\t<\/div>[\/vc_column][\/vc_row][vc_row rt_row_background_width=&#8221;default&#8221; rt_row_style=&#8221;default-style&#8221; rt_row_borders=&#8221;&#8221; rt_row_paddings=&#8221;true&#8221; rt_bg_effect=&#8221;classic&#8221; rt_bg_image_repeat=&#8221;repeat&#8221; rt_bg_size=&#8221;cover&#8221; rt_bg_position=&#8221;right top&#8221; rt_bg_attachment=&#8221;scroll&#8221; rt_bg_video_format=&#8221;self-hosted&#8221;][vc_column rt_wrp_col_paddings=&#8221;false&#8221; rt_border_top=&#8221;&#8221; rt_border_bottom=&#8221;&#8221; rt_border_left=&#8221;&#8221; rt_border_right=&#8221;&#8221; rt_border_top_mobile=&#8221;&#8221; rt_border_bottom_mobile=&#8221;&#8221; rt_border_left_mobile=&#8221;&#8221; rt_border_right_mobile=&#8221;&#8221; rt_bg_image_repeat=&#8221;repeat&#8221; rt_bg_size=&#8221;auto auto&#8221; rt_bg_position=&#8221;right top&#8221; rt_bg_attachment=&#8221;scroll&#8221;][vc_tta_accordion style=&#8221;modern&#8221; active_section=&#8221;0&#8243; collapsible_all=&#8221;true&#8221;][vc_tta_section title=&#8221;Fatura adresim de\u011fi\u015fti, ne yapmal\u0131y\u0131m?&#8221; tab_id=&#8221;fatura-adresim-degisti-ne-yapmaliyim&#8221;][vc_column_text]Konuya ili\u015fkin Sicil Gazetesini ileterek Kurumsal M\u00fc\u015fteri Hizmetlerimizden de\u011fi\u015fiklik talep edebilirsiniz.[\/vc_column_text][\/vc_tta_section][vc_tta_section title=&#8221;\u00dcnvan, Vergi Dairesi vb. fatura bilgilerim de\u011fi\u015fti, ne yapmal\u0131y\u0131m?&#8221; tab_id=&#8221;unvan-vergi-dairesi-vb-fatura-bilgilerim-degisti-ne-yapmaliyim&#8221;][vc_column_text]Kurumsal M\u00fc\u015fteri Hizmetlerimize ula\u015f\u0131p gerekli evraklar\u0131 ileterek g\u00fcncellemeleri yapt\u0131rabilirsiniz.[\/vc_column_text][\/vc_tta_section][vc_tta_section title=&#8221;Faturalar\u0131 d\u00fczenli olarak E-mail ile de alabilir miyim?&#8221; tab_id=&#8221;faturalari-duzenli-olarak-email-ile-de-alabilir-miyim&#8221;][vc_column_text]Evet m\u00fcmk\u00fcn. E-mail tan\u0131mlaman\u0131z\u0131 Kurumsal Online \u0130\u015flem Merkezimizden yapabilir ya da Kurumsal M\u00fc\u015fteri Hizmetlerimiz arac\u0131l\u0131\u011f\u0131 ile yapt\u0131rabilirsiniz.[\/vc_column_text][\/vc_tta_section][vc_tta_section title=&#8221;Fatura asl\u0131 gibidir \u00f6rne\u011fi gerekiyor, nas\u0131l alabilirim?&#8221; tab_id=&#8221;fatura-asli-gibidir-ornegi-gerekiyor-nasil-alabilirim&#8221;][vc_column_text]Kurumsal M\u00fc\u015fteri Hizmetlerimizden talep edebilirsiniz.[\/vc_column_text][\/vc_tta_section][vc_tta_section title=&#8221;Faturam adresime ula\u015fmad\u0131. Ne yapmal\u0131y\u0131m?&#8221; tab_id=&#8221;faturam-adresime-ulasmadi-ne-yapmaliyim&#8221;][vc_column_text]Faturan\u0131za Kurumsal Online \u0130\u015flem Merkezi&#8217;nden ula\u015fabilir, faturan\u0131z\u0131n asl\u0131 gibidir \u00f6rne\u011fini Kurumsal M\u00fc\u015fteri Hizmetlerimizden talep edebilirsiniz.[\/vc_column_text][\/vc_tta_section][\/vc_tta_accordion][\/vc_column][\/vc_row]<\/p>\n","protected":false},"excerpt":{"rendered":"<p>[vc_row rt_row_background_width=&#8221;default&#8221; rt_row_style=&#8221;default-style&#8221; rt_row_borders=&#8221;&#8221; rt_row_paddings=&#8221;true&#8221; rt_bg_effect=&#8221;classic&#8221; rt_bg_image_repeat=&#8221;repeat&#8221; rt_bg_size=&#8221;cover&#8221; rt_bg_position=&#8221;right top&#8221; rt_bg_attachment=&#8221;scroll&#8221; rt_bg_video_format=&#8221;self-hosted&#8221;][vc_column rt_wrp_col_paddings=&#8221;false&#8221; rt_border_top=&#8221;&#8221; rt_border_bottom=&#8221;&#8221; rt_border_left=&#8221;&#8221; rt_border_right=&#8221;&#8221; rt_border_top_mobile=&#8221;&#8221; rt_border_bottom_mobile=&#8221;&#8221; rt_border_left_mobile=&#8221;&#8221; rt_border_right_mobile=&#8221;&#8221; rt_bg_image_repeat=&#8221;repeat&#8221; rt_bg_size=&#8221;auto auto&#8221; rt_bg_position=&#8221;right top&#8221; rt_bg_attachment=&#8221;scroll&#8221;][\/vc_column][\/vc_row][vc_row rt_row_background_width=&#8221;default&#8221; rt_row_style=&#8221;default-style&#8221; rt_row_borders=&#8221;&#8221; rt_row_paddings=&#8221;true&#8221; rt_bg_effect=&#8221;classic&#8221; rt_bg_image_repeat=&#8221;repeat&#8221; rt_bg_size=&#8221;cover&#8221; rt_bg_position=&#8221;right top&#8221; rt_bg_attachment=&#8221;scroll&#8221; rt_bg_video_format=&#8221;self-hosted&#8221;][vc_column rt_wrp_col_paddings=&#8221;false&#8221; rt_border_top=&#8221;&#8221; rt_border_bottom=&#8221;&#8221; rt_border_left=&#8221;&#8221; rt_border_right=&#8221;&#8221; rt_border_top_mobile=&#8221;&#8221; rt_border_bottom_mobile=&#8221;&#8221; rt_border_left_mobile=&#8221;&#8221; rt_border_right_mobile=&#8221;&#8221; rt_bg_image_repeat=&#8221;repeat&#8221; rt_bg_size=&#8221;auto auto&#8221; rt_bg_position=&#8221;right top&#8221; rt_bg_attachment=&#8221;scroll&#8221;][vc_tta_accordion style=&#8221;modern&#8221; active_section=&#8221;0&#8243; [&hellip;]<\/p>\n","protected":false},"author":1,"featured_media":0,"parent":4460,"menu_order":0,"comment_status":"closed","ping_status":"closed","template":"","meta":{"footnotes":""},"class_list":["post-4645","page","type-page","status-publish","hentry"],"_links":{"self":[{"href":"https:\/\/netbone.com.tr\/kurumsal\/wp-json\/wp\/v2\/pages\/4645","targetHints":{"allow":["GET"]}}],"collection":[{"href":"https:\/\/netbone.com.tr\/kurumsal\/wp-json\/wp\/v2\/pages"}],"about":[{"href":"https:\/\/netbone.com.tr\/kurumsal\/wp-json\/wp\/v2\/types\/page"}],"author":[{"embeddable":true,"href":"https:\/\/netbone.com.tr\/kurumsal\/wp-json\/wp\/v2\/users\/1"}],"replies":[{"embeddable":true,"href":"https:\/\/netbone.com.tr\/kurumsal\/wp-json\/wp\/v2\/comments?post=4645"}],"version-history":[{"count":4,"href":"https:\/\/netbone.com.tr\/kurumsal\/wp-json\/wp\/v2\/pages\/4645\/revisions"}],"predecessor-version":[{"id":5096,"href":"https:\/\/netbone.com.tr\/kurumsal\/wp-json\/wp\/v2\/pages\/4645\/revisions\/5096"}],"up":[{"embeddable":true,"href":"https:\/\/netbone.com.tr\/kurumsal\/wp-json\/wp\/v2\/pages\/4460"}],"wp:attachment":[{"href":"https:\/\/netbone.com.tr\/kurumsal\/wp-json\/wp\/v2\/media?parent=4645"}],"curies":[{"name":"wp","href":"https:\/\/api.w.org\/{rel}","templated":true}]}}