{"id":4647,"date":"2021-02-15T01:11:59","date_gmt":"2021-02-14T22:11:59","guid":{"rendered":"https:\/\/netbone.com.tr\/kurumsal\/?page_id=4647"},"modified":"2021-03-04T15:52:00","modified_gmt":"2021-03-04T12:52:00","slug":"faturalama-bilgileri","status":"publish","type":"page","link":"https:\/\/netbone.com.tr\/kurumsal\/yardim\/fatura\/faturalama-bilgileri\/","title":{"rendered":"Faturalama Bilgileri"},"content":{"rendered":"<p>[vc_row rt_row_background_width=&#8221;default&#8221; rt_row_style=&#8221;default-style&#8221; rt_row_borders=&#8221;&#8221; rt_row_paddings=&#8221;true&#8221; rt_bg_effect=&#8221;classic&#8221; rt_bg_image_repeat=&#8221;repeat&#8221; rt_bg_size=&#8221;cover&#8221; rt_bg_position=&#8221;right top&#8221; rt_bg_attachment=&#8221;scroll&#8221; rt_bg_video_format=&#8221;self-hosted&#8221;][vc_column rt_wrp_col_paddings=&#8221;false&#8221; rt_border_top=&#8221;&#8221; rt_border_bottom=&#8221;&#8221; rt_border_left=&#8221;&#8221; rt_border_right=&#8221;&#8221; rt_border_top_mobile=&#8221;&#8221; rt_border_bottom_mobile=&#8221;&#8221; rt_border_left_mobile=&#8221;&#8221; rt_border_right_mobile=&#8221;&#8221; rt_bg_image_repeat=&#8221;repeat&#8221; rt_bg_size=&#8221;auto auto&#8221; rt_bg_position=&#8221;right top&#8221; rt_bg_attachment=&#8221;scroll&#8221;]<div class=\"rt_heading_wrapper \">\n\t\t\t\t\t\t<h1 class=\"rt_heading  \" >Faturalama Bilgileri<\/h1>\n\t\t\t\t\t<\/div>[\/vc_column][\/vc_row][vc_row rt_row_background_width=&#8221;default&#8221; rt_row_style=&#8221;default-style&#8221; rt_row_borders=&#8221;&#8221; rt_row_paddings=&#8221;true&#8221; rt_bg_effect=&#8221;classic&#8221; rt_bg_image_repeat=&#8221;repeat&#8221; rt_bg_size=&#8221;cover&#8221; rt_bg_position=&#8221;right top&#8221; rt_bg_attachment=&#8221;scroll&#8221; rt_bg_video_format=&#8221;self-hosted&#8221;][vc_column rt_wrp_col_paddings=&#8221;false&#8221; rt_border_top=&#8221;&#8221; rt_border_bottom=&#8221;&#8221; rt_border_left=&#8221;&#8221; rt_border_right=&#8221;&#8221; rt_border_top_mobile=&#8221;&#8221; rt_border_bottom_mobile=&#8221;&#8221; rt_border_left_mobile=&#8221;&#8221; rt_border_right_mobile=&#8221;&#8221; rt_bg_image_repeat=&#8221;repeat&#8221; rt_bg_size=&#8221;auto auto&#8221; rt_bg_position=&#8221;right top&#8221; rt_bg_attachment=&#8221;scroll&#8221;][vc_tta_accordion style=&#8221;modern&#8221; active_section=&#8221;0&#8243; collapsible_all=&#8221;true&#8221;][vc_tta_section title=&#8221;Faturamda hata var, ne yapmal\u0131y\u0131m?&#8221; tab_id=&#8221;faturamda-hata-var-ne-yapmaliyim&#8221;][vc_column_text]Kurumsal M\u00fc\u015fteri Hizmetlerimiz arac\u0131l\u0131\u011f\u0131 ile itiraz\u0131n\u0131z\u0131 iletebilirsiniz.[\/vc_column_text][\/vc_tta_section][vc_tta_section title=&#8221;Faturalar\u0131m i\u00e7in bir \u00fcst limit belirleyip, tutar\u0131 a\u015ft\u0131\u011f\u0131mda bilgilendirilmem m\u00fcmk\u00fcn m\u00fc?&#8221; tab_id=&#8221;faturalarim-icin-bir-ust-limit-belirleyip-tutari-astigimda-bilgilendirilmem-mumkun-mu&#8221;][vc_column_text]Evet m\u00fcmk\u00fcn, talebinizi Kurumsal M\u00fc\u015fteri Hizmetlerimize iletebilirsiniz.[\/vc_column_text][\/vc_tta_section][vc_tta_section title=&#8221;Ay i\u00e7indeki hen\u00fcz faturalanmam\u0131\u015f kullan\u0131m tutar\u0131m\u0131 nas\u0131l \u00f6\u011frenebilirim?&#8221; tab_id=&#8221;ay-icindeki-henuz-faturalanmamis-kullanim-tutarimi-nasil-ogrenebilirim&#8221;][\/vc_tta_section][vc_tta_section title=&#8221;Fatura sureti, hizmet detay\u0131, kullan\u0131m detaylar\u0131n\u0131 vb. nas\u0131l alabilirim?&#8221; tab_id=&#8221;fatura-sureti-hizmet-detayi-kullanim-detaylarini-vb-nasil-alabilirim&#8221;][vc_column_text]Kurumsal Online \u0130\u015flem Merkezimizden<a href=\"https:\/\/kurumsalwebislem.superonline.net\/BillList.aspx\" target=\"_blank\" rel=\"noopener\">\u200b<\/a>\u00a0g\u00f6r\u00fcnt\u00fcleyebilir ya da Kurumsal M\u00fc\u015fteri Hizmetlerimizden talep edebilirsiniz.[\/vc_column_text][\/vc_tta_section][vc_tta_section title=&#8221;Faturalar\u0131n\u0131z hangi tarihte kesiliyor?&#8221; tab_id=&#8221;faturalariniz-hangi-tarihte-kesiliyor&#8221;][vc_column_text]Faturalar\u0131m\u0131z ay\u0131n son g\u00fcn\u00fc tarihli olarak kesilmektedir.[\/vc_column_text][\/vc_tta_section][\/vc_tta_accordion][\/vc_column][\/vc_row]<\/p>\n","protected":false},"excerpt":{"rendered":"<p>[vc_row rt_row_background_width=&#8221;default&#8221; rt_row_style=&#8221;default-style&#8221; rt_row_borders=&#8221;&#8221; rt_row_paddings=&#8221;true&#8221; rt_bg_effect=&#8221;classic&#8221; rt_bg_image_repeat=&#8221;repeat&#8221; rt_bg_size=&#8221;cover&#8221; rt_bg_position=&#8221;right top&#8221; rt_bg_attachment=&#8221;scroll&#8221; rt_bg_video_format=&#8221;self-hosted&#8221;][vc_column rt_wrp_col_paddings=&#8221;false&#8221; rt_border_top=&#8221;&#8221; rt_border_bottom=&#8221;&#8221; rt_border_left=&#8221;&#8221; rt_border_right=&#8221;&#8221; rt_border_top_mobile=&#8221;&#8221; rt_border_bottom_mobile=&#8221;&#8221; rt_border_left_mobile=&#8221;&#8221; rt_border_right_mobile=&#8221;&#8221; rt_bg_image_repeat=&#8221;repeat&#8221; rt_bg_size=&#8221;auto auto&#8221; rt_bg_position=&#8221;right top&#8221; rt_bg_attachment=&#8221;scroll&#8221;][\/vc_column][\/vc_row][vc_row rt_row_background_width=&#8221;default&#8221; rt_row_style=&#8221;default-style&#8221; rt_row_borders=&#8221;&#8221; rt_row_paddings=&#8221;true&#8221; rt_bg_effect=&#8221;classic&#8221; rt_bg_image_repeat=&#8221;repeat&#8221; rt_bg_size=&#8221;cover&#8221; rt_bg_position=&#8221;right top&#8221; rt_bg_attachment=&#8221;scroll&#8221; rt_bg_video_format=&#8221;self-hosted&#8221;][vc_column rt_wrp_col_paddings=&#8221;false&#8221; rt_border_top=&#8221;&#8221; rt_border_bottom=&#8221;&#8221; rt_border_left=&#8221;&#8221; rt_border_right=&#8221;&#8221; rt_border_top_mobile=&#8221;&#8221; rt_border_bottom_mobile=&#8221;&#8221; rt_border_left_mobile=&#8221;&#8221; rt_border_right_mobile=&#8221;&#8221; rt_bg_image_repeat=&#8221;repeat&#8221; rt_bg_size=&#8221;auto auto&#8221; rt_bg_position=&#8221;right top&#8221; rt_bg_attachment=&#8221;scroll&#8221;][vc_tta_accordion style=&#8221;modern&#8221; active_section=&#8221;0&#8243; [&hellip;]<\/p>\n","protected":false},"author":1,"featured_media":0,"parent":4460,"menu_order":0,"comment_status":"closed","ping_status":"closed","template":"","meta":{"footnotes":""},"class_list":["post-4647","page","type-page","status-publish","hentry"],"_links":{"self":[{"href":"https:\/\/netbone.com.tr\/kurumsal\/wp-json\/wp\/v2\/pages\/4647","targetHints":{"allow":["GET"]}}],"collection":[{"href":"https:\/\/netbone.com.tr\/kurumsal\/wp-json\/wp\/v2\/pages"}],"about":[{"href":"https:\/\/netbone.com.tr\/kurumsal\/wp-json\/wp\/v2\/types\/page"}],"author":[{"embeddable":true,"href":"https:\/\/netbone.com.tr\/kurumsal\/wp-json\/wp\/v2\/users\/1"}],"replies":[{"embeddable":true,"href":"https:\/\/netbone.com.tr\/kurumsal\/wp-json\/wp\/v2\/comments?post=4647"}],"version-history":[{"count":4,"href":"https:\/\/netbone.com.tr\/kurumsal\/wp-json\/wp\/v2\/pages\/4647\/revisions"}],"predecessor-version":[{"id":5097,"href":"https:\/\/netbone.com.tr\/kurumsal\/wp-json\/wp\/v2\/pages\/4647\/revisions\/5097"}],"up":[{"embeddable":true,"href":"https:\/\/netbone.com.tr\/kurumsal\/wp-json\/wp\/v2\/pages\/4460"}],"wp:attachment":[{"href":"https:\/\/netbone.com.tr\/kurumsal\/wp-json\/wp\/v2\/media?parent=4647"}],"curies":[{"name":"wp","href":"https:\/\/api.w.org\/{rel}","templated":true}]}}