{"id":4656,"date":"2021-02-15T01:14:57","date_gmt":"2021-02-14T22:14:57","guid":{"rendered":"https:\/\/netbone.com.tr\/kurumsal\/?page_id=4656"},"modified":"2021-03-04T16:16:51","modified_gmt":"2021-03-04T13:16:51","slug":"dijital-kanallar","status":"publish","type":"page","link":"https:\/\/netbone.com.tr\/kurumsal\/yardim\/hizmet-kanallari\/dijital-kanallar\/","title":{"rendered":"Dijital Kanallar"},"content":{"rendered":"<p>[vc_row rt_row_background_width=&#8221;default&#8221; rt_row_style=&#8221;default-style&#8221; rt_row_borders=&#8221;&#8221; rt_row_paddings=&#8221;true&#8221; rt_bg_effect=&#8221;classic&#8221; rt_bg_image_repeat=&#8221;repeat&#8221; rt_bg_size=&#8221;cover&#8221; rt_bg_position=&#8221;right top&#8221; rt_bg_attachment=&#8221;scroll&#8221; rt_bg_video_format=&#8221;self-hosted&#8221;][vc_column rt_wrp_col_paddings=&#8221;false&#8221; rt_border_top=&#8221;&#8221; rt_border_bottom=&#8221;&#8221; rt_border_left=&#8221;&#8221; rt_border_right=&#8221;&#8221; rt_border_top_mobile=&#8221;&#8221; rt_border_bottom_mobile=&#8221;&#8221; rt_border_left_mobile=&#8221;&#8221; rt_border_right_mobile=&#8221;&#8221; rt_bg_image_repeat=&#8221;repeat&#8221; rt_bg_size=&#8221;auto auto&#8221; rt_bg_position=&#8221;right top&#8221; rt_bg_attachment=&#8221;scroll&#8221;]<div class=\"rt_heading_wrapper \">\n\t\t\t\t\t\t<h1 class=\"rt_heading  \" >Dijital Kanallar<\/h1>\n\t\t\t\t\t<\/div>[\/vc_column][\/vc_row][vc_row rt_row_background_width=&#8221;default&#8221; rt_row_style=&#8221;default-style&#8221; rt_row_borders=&#8221;&#8221; rt_row_paddings=&#8221;true&#8221; rt_bg_effect=&#8221;classic&#8221; rt_bg_image_repeat=&#8221;repeat&#8221; rt_bg_size=&#8221;cover&#8221; rt_bg_position=&#8221;right top&#8221; rt_bg_attachment=&#8221;scroll&#8221; rt_bg_video_format=&#8221;self-hosted&#8221;][vc_column rt_wrp_col_paddings=&#8221;false&#8221; rt_border_top=&#8221;&#8221; rt_border_bottom=&#8221;&#8221; rt_border_left=&#8221;&#8221; rt_border_right=&#8221;&#8221; rt_border_top_mobile=&#8221;&#8221; rt_border_bottom_mobile=&#8221;&#8221; rt_border_left_mobile=&#8221;&#8221; rt_border_right_mobile=&#8221;&#8221; rt_bg_image_repeat=&#8221;repeat&#8221; rt_bg_size=&#8221;auto auto&#8221; rt_bg_position=&#8221;right top&#8221; rt_bg_attachment=&#8221;scroll&#8221;][vc_tta_accordion style=&#8221;modern&#8221; active_section=&#8221;0&#8243; collapsible_all=&#8221;true&#8221;][vc_tta_section title=&#8221;Kurumsal Online \u0130\u015flem Merkezinde hangi i\u015flemleri yapabilirim?&#8221; tab_id=&#8221;kurumsal-online-islem-merkezinde-hangi-islemleri-yapabilirim&#8221;][vc_column_text]Kurumsal Online \u0130\u015flem Merkezinde aboneli\u011finiz ve kullanm\u0131\u015f oldu\u011funuz \u00fcr\u00fcnler ile ilgili;<\/p>\n<ul>\n<li>Faturalar\u0131n\u0131z\u0131 h\u0131zl\u0131ca \u00f6deyebilir,<\/li>\n<li>Ge\u00e7mi\u015f faturalar\u0131n\u0131z\u0131 g\u00f6r\u00fcnt\u00fcleyebilir, fatura suretinizi alabilir,<\/li>\n<li>Ay i\u00e7erisindeki g\u00fcncel faturan\u0131z\u0131 \u00f6\u011frenebilir,<\/li>\n<li>Otomatik \u00d6deme Talimat\u0131 verebilir,<\/li>\n<li>Ayl\u0131k kota kullan\u0131m bilginizi (download &amp; upload) inceleyebilir,<\/li>\n<li>T\u00fcm \u015fifre i\u015flemlerinizi ger\u00e7ekle\u015ftirebilir,<\/li>\n<li>\u00dcr\u00fcnleriniz ile ilgili h\u0131z\/kota de\u011fi\u015fikli\u011fi, nakil talebinde bulunabilir,<\/li>\n<li>\u0130leti\u015fim bilgilerinizi g\u00fcncelleyebilir,<\/li>\n<li>S\u00f6zle\u015fme ve taahh\u00fctname bilgilerinizi g\u00f6r\u00fcnt\u00fcleyebilirsiniz.<\/li>\n<\/ul>\n<p>[\/vc_column_text][\/vc_tta_section][vc_tta_section title=&#8221;Kurumsal \u0130\u015flem merkezine nas\u0131l giri\u015f yapabilirim?&#8221; tab_id=&#8221;kurumsal-islem-merkezine-nasil-giris-yapabilirim&#8221;][\/vc_tta_section][vc_tta_section title=&#8221;\u015eifremi bilmiyorum\/unuttum nas\u0131l \u00f6\u011frenebilirim?&#8221; tab_id=&#8221;sifremi-bilmiyorum-unuttum-nasil-ogrenebilirim&#8221;][vc_column_text]<\/p>\n<article class=\"content-box content-module footer-margin\">\n<div class=\"separate bot-m \"><span class=\"support-text cms_contents\">Kurumsal Online \u0130\u015flem Merkezinin a\u00e7\u0131l\u0131\u015f sayfas\u0131nda \u201c\u015eifremi Bilmiyorum\/Unuttum diyerek yeni bir \u015fifre olu\u015fturabilir ve tercihinize g\u00f6re sisteme kay\u0131tl\u0131 cep telefonunuza ya da e-posta adresine g\u00f6nderimini sa\u011flayabilirsiniz. Bunun i\u00e7in ilgili sayfada g\u00f6nderim \u015feklini SMS veya e-posta se\u00e7meli, m\u00fc\u015fteri numaran\u0131z ile birlikte tercihinize g\u00f6re cep telefonu numaran\u0131z\u0131 ya da e-posta adresini yazarak \u201cG\u00f6nder\u201d demeniz yeterli olacakt\u0131r.<\/span><\/div>\n<\/article>\n<aside class=\"sidebar sep-top\">\n<div class=\"head\"><\/div>\n<\/aside>\n<p>[\/vc_column_text][\/vc_tta_section][vc_tta_section title=&#8221;\u00dcr\u00fcnlerim ile ilgili hangi i\u015flemleri yapabilirim?\u00dcr\u00fcnlerim ile ilgili hangi i\u015flemleri yapabilirim?\u00dcr\u00fcnlerim ile ilgili hangi i\u015flemleri yapabilirim?&#8221; tab_id=&#8221;urunlerim-ile-ilgili-hangi-islemleri-yapabilirim-urunlerim-ile-ilgili-hangi-islemleri-yapabilirim&#8221;][vc_column_text]Kurumsal Online \u0130\u015flem Merkezimizde \u00fcr\u00fcnleriniz ile ilgili tarife de\u011fi\u015fikli\u011fi, nakil, numara de\u011fi\u015fikli\u011fi, Statik IP talebinde bulunabilir, kullanm\u0131\u015f oldu\u011funuz ADSL\/Fiber \u00fcr\u00fcn\u00fcn\u00fcz\u00fcn \u015fifresini alabilir, G\u00fcvenli \u0130nternet Hizmetinden yararlanmak i\u00e7in gerekli ayarlamalar\u0131 yapabilirsiniz.[\/vc_column_text][\/vc_tta_section][vc_tta_section title=&#8221;G\u00fcvenli \u0130nternet Hizmetinden nas\u0131l yararlanabilirim?&#8221; tab_id=&#8221;guvenli-internet-hizmetinden-nasil-yararlanabilirim&#8221;][\/vc_tta_section][vc_tta_section title=&#8221;Fiber\/ADSL \u015eifremi nas\u0131l alabilirim?&#8221; tab_id=&#8221;fiber-adsl-sifremi-nasil-alabilirim&#8221;][\/vc_tta_section][vc_tta_section title=&#8221;Telefon hizmetimin konu\u015fma detaylar\u0131n\u0131 nas\u0131l inceleyebilirim?&#8221; tab_id=&#8221;telefon-hizmetimin-konusma-detaylarini-nasil-inceleyebilirim&#8221;][\/vc_tta_section][vc_tta_section title=&#8221;\u0130nternet hizmetimi ne kadar kulland\u0131\u011f\u0131m\u0131 (kotam\u0131) nas\u0131l \u00f6\u011frenebilirim?&#8221; tab_id=&#8221;internet-hizmetimi-ne-kadar-kullandigimi-nasil-ogrenebilirim&#8221;][\/vc_tta_section][vc_tta_section title=&#8221;Ayl\u0131k kotam\u0131n download\/upload detay\u0131n\u0131 nas\u0131l g\u00f6rebilirim?&#8221; tab_id=&#8221;aylik-kotamin-download-upload-detayini-nasil-gorebilirim&#8221;][\/vc_tta_section][vc_tta_section title=&#8221;\u00d6denmemi\u015f faturalar\u0131m\u0131 nas\u0131l g\u00f6rebilirim?&#8221; tab_id=&#8221;odenmemis-faturalarimi-nasil-gorebilirim&#8221;][\/vc_tta_section][vc_tta_section title=&#8221;Faturam\u0131 nas\u0131l \u00f6deyebilirim?&#8221; tab_id=&#8221;faturami-nasil-odeyebilirim&#8221;][\/vc_tta_section][vc_tta_section title=&#8221;Section&#8221; tab_id=&#8221;1613411516063-c6294350-f2c7&#8243;][\/vc_tta_section][\/vc_tta_accordion][\/vc_column][\/vc_row]<\/p>\n","protected":false},"excerpt":{"rendered":"<p>[vc_row rt_row_background_width=&#8221;default&#8221; rt_row_style=&#8221;default-style&#8221; rt_row_borders=&#8221;&#8221; rt_row_paddings=&#8221;true&#8221; rt_bg_effect=&#8221;classic&#8221; rt_bg_image_repeat=&#8221;repeat&#8221; rt_bg_size=&#8221;cover&#8221; rt_bg_position=&#8221;right top&#8221; rt_bg_attachment=&#8221;scroll&#8221; rt_bg_video_format=&#8221;self-hosted&#8221;][vc_column rt_wrp_col_paddings=&#8221;false&#8221; rt_border_top=&#8221;&#8221; rt_border_bottom=&#8221;&#8221; rt_border_left=&#8221;&#8221; rt_border_right=&#8221;&#8221; rt_border_top_mobile=&#8221;&#8221; rt_border_bottom_mobile=&#8221;&#8221; rt_border_left_mobile=&#8221;&#8221; rt_border_right_mobile=&#8221;&#8221; rt_bg_image_repeat=&#8221;repeat&#8221; rt_bg_size=&#8221;auto auto&#8221; rt_bg_position=&#8221;right top&#8221; rt_bg_attachment=&#8221;scroll&#8221;][\/vc_column][\/vc_row][vc_row rt_row_background_width=&#8221;default&#8221; rt_row_style=&#8221;default-style&#8221; rt_row_borders=&#8221;&#8221; rt_row_paddings=&#8221;true&#8221; rt_bg_effect=&#8221;classic&#8221; rt_bg_image_repeat=&#8221;repeat&#8221; rt_bg_size=&#8221;cover&#8221; rt_bg_position=&#8221;right top&#8221; rt_bg_attachment=&#8221;scroll&#8221; rt_bg_video_format=&#8221;self-hosted&#8221;][vc_column rt_wrp_col_paddings=&#8221;false&#8221; rt_border_top=&#8221;&#8221; rt_border_bottom=&#8221;&#8221; rt_border_left=&#8221;&#8221; rt_border_right=&#8221;&#8221; rt_border_top_mobile=&#8221;&#8221; rt_border_bottom_mobile=&#8221;&#8221; rt_border_left_mobile=&#8221;&#8221; rt_border_right_mobile=&#8221;&#8221; rt_bg_image_repeat=&#8221;repeat&#8221; rt_bg_size=&#8221;auto auto&#8221; rt_bg_position=&#8221;right top&#8221; rt_bg_attachment=&#8221;scroll&#8221;][vc_tta_accordion style=&#8221;modern&#8221; active_section=&#8221;0&#8243; [&hellip;]<\/p>\n","protected":false},"author":1,"featured_media":0,"parent":4609,"menu_order":0,"comment_status":"closed","ping_status":"closed","template":"","meta":{"footnotes":""},"class_list":["post-4656","page","type-page","status-publish","hentry"],"_links":{"self":[{"href":"https:\/\/netbone.com.tr\/kurumsal\/wp-json\/wp\/v2\/pages\/4656","targetHints":{"allow":["GET"]}}],"collection":[{"href":"https:\/\/netbone.com.tr\/kurumsal\/wp-json\/wp\/v2\/pages"}],"about":[{"href":"https:\/\/netbone.com.tr\/kurumsal\/wp-json\/wp\/v2\/types\/page"}],"author":[{"embeddable":true,"href":"https:\/\/netbone.com.tr\/kurumsal\/wp-json\/wp\/v2\/users\/1"}],"replies":[{"embeddable":true,"href":"https:\/\/netbone.com.tr\/kurumsal\/wp-json\/wp\/v2\/comments?post=4656"}],"version-history":[{"count":4,"href":"https:\/\/netbone.com.tr\/kurumsal\/wp-json\/wp\/v2\/pages\/4656\/revisions"}],"predecessor-version":[{"id":5098,"href":"https:\/\/netbone.com.tr\/kurumsal\/wp-json\/wp\/v2\/pages\/4656\/revisions\/5098"}],"up":[{"embeddable":true,"href":"https:\/\/netbone.com.tr\/kurumsal\/wp-json\/wp\/v2\/pages\/4609"}],"wp:attachment":[{"href":"https:\/\/netbone.com.tr\/kurumsal\/wp-json\/wp\/v2\/media?parent=4656"}],"curies":[{"name":"wp","href":"https:\/\/api.w.org\/{rel}","templated":true}]}}