{"id":4809,"date":"2021-02-16T17:32:01","date_gmt":"2021-02-16T14:32:01","guid":{"rendered":"https:\/\/netbone.com.tr\/kurumsal\/?page_id=4809"},"modified":"2021-11-12T23:48:34","modified_gmt":"2021-11-12T20:48:34","slug":"is-interneti","status":"publish","type":"page","link":"https:\/\/netbone.com.tr\/kurumsal\/is-interneti\/","title":{"rendered":"\u0130\u015f \u0130nterneti"},"content":{"rendered":"<p>[vc_row rt_row_background_width=&#8221;fullwidth&#8221; rt_row_content_width=&#8221;default&#8221; rt_row_style=&#8221;default-style&#8221; rt_row_borders=&#8221;&#8221; rt_row_paddings=&#8221;true&#8221; rt_bg_effect=&#8221;classic&#8221; rt_bg_image_repeat=&#8221;repeat&#8221; rt_bg_size=&#8221;cover&#8221; rt_bg_position=&#8221;right top&#8221; rt_bg_attachment=&#8221;scroll&#8221; rt_bg_video_format=&#8221;self-hosted&#8221; rt_bg_color=&#8221;#ebebeb&#8221;][vc_column rt_wrp_col_paddings=&#8221;false&#8221; rt_border_top=&#8221;&#8221; rt_border_bottom=&#8221;&#8221; rt_border_left=&#8221;&#8221; rt_border_right=&#8221;&#8221; rt_border_top_mobile=&#8221;&#8221; rt_border_bottom_mobile=&#8221;&#8221; rt_border_left_mobile=&#8221;&#8221; rt_border_right_mobile=&#8221;&#8221; rt_bg_image_repeat=&#8221;repeat&#8221; rt_bg_size=&#8221;auto auto&#8221; rt_bg_position=&#8221;right top&#8221; rt_bg_attachment=&#8221;scroll&#8221;]<div class=\"rt_heading_wrapper \">\n\t\t\t\t\t\t<h1 class=\"rt_heading  aligncenter mobile_aligncenter \" >\u0130\u015f \u0130nterneti<\/h1>\n\t\t\t\t\t<\/div>[\/vc_column][\/vc_row][vc_row rt_row_background_width=&#8221;fullwidth&#8221; rt_row_content_width=&#8221;default&#8221; rt_row_style=&#8221;default-style&#8221; rt_row_borders=&#8221;&#8221; rt_row_paddings=&#8221;true&#8221; rt_bg_effect=&#8221;classic&#8221; rt_bg_image_repeat=&#8221;repeat&#8221; rt_bg_size=&#8221;cover&#8221; rt_bg_position=&#8221;right top&#8221; rt_bg_attachment=&#8221;scroll&#8221; rt_bg_video_format=&#8221;self-hosted&#8221; rt_bg_color=&#8221;#ebebeb&#8221;][vc_column width=&#8221;1\/3&#8243; rt_wrp_col_paddings=&#8221;false&#8221; rt_border_top=&#8221;&#8221; rt_border_bottom=&#8221;&#8221; rt_border_left=&#8221;&#8221; rt_border_right=&#8221;&#8221; rt_border_top_mobile=&#8221;&#8221; rt_border_bottom_mobile=&#8221;&#8221; rt_border_left_mobile=&#8221;&#8221; rt_border_right_mobile=&#8221;&#8221; rt_bg_image_repeat=&#8221;repeat&#8221; rt_bg_size=&#8221;auto auto&#8221; rt_bg_position=&#8221;right top&#8221; rt_bg_attachment=&#8221;scroll&#8221; css=&#8221;.vc_custom_1613494434703{border-top-width: 1px !important;border-right-width: 1px !important;border-bottom-width: 1px !important;border-left-width: 1px !important;background-color: #ffffff !important;border-left-color: #003c71 !important;border-left-style: solid !important;border-right-color: #003c71 !important;border-right-style: solid !important;border-top-color: #003c71 !important;border-top-style: solid !important;border-bottom-color: #003c71 !important;border-bottom-style: solid !important;border-radius: 20px !important;}&#8221;][vc_single_image image=&#8221;4528&#8243; img_size=&#8221;medium&#8221; alignment=&#8221;center&#8221;]<div class=\"rt_heading_wrapper \">\n\t\t\t\t\t\t<h3 class=\"rt_heading  aligncenter mobile_aligncenter \" >Fiber \u0130nternet<\/h3>\n\t\t\t\t\t<\/div>[vc_column_text]<\/p>\n<div class=\"wpb_text_column wpb_content_element \">\n<div class=\"wpb_wrapper\">\n<p style=\"text-align: center;\">Fiber internet d\u00fcnyan\u0131n en h\u0131zl\u0131<br \/>\ninternet eri\u015fim teknolojisidir.<\/p>\n<\/div>\n<\/div>\n<p>[\/vc_column_text]<div class=\"button_wrapper  aligncenter\"><a  href=\"https:\/\/netbone.com.tr\/kurumsal\/fiber-internet\/\" target=\"_self\" title=\"\u0130ncele\" class=\"button_  body-font custom medium\" style=\"color:#ffffff;background-color:#ee3124;border-color:#ee3124;border-radius:5px;border-width:1px;font-size:14px;\" data-hover-style=\"#ee3124\">\u0130ncele<\/a><\/div>[vc_empty_space height=&#8221;10&#8243;][\/vc_column][vc_column width=&#8221;1\/3&#8243; rt_wrp_col_paddings=&#8221;false&#8221; rt_border_top=&#8221;&#8221; rt_border_bottom=&#8221;&#8221; rt_border_left=&#8221;&#8221; rt_border_right=&#8221;&#8221; rt_border_top_mobile=&#8221;&#8221; rt_border_bottom_mobile=&#8221;&#8221; rt_border_left_mobile=&#8221;&#8221; rt_border_right_mobile=&#8221;&#8221; rt_bg_image_repeat=&#8221;repeat&#8221; rt_bg_size=&#8221;auto auto&#8221; rt_bg_position=&#8221;right top&#8221; rt_bg_attachment=&#8221;scroll&#8221; css=&#8221;.vc_custom_1613494803218{border-top-width: 1px !important;border-right-width: 1px !important;border-bottom-width: 1px !important;border-left-width: 1px !important;background-color: #ffffff !important;border-left-color: #003c71 !important;border-left-style: solid !important;border-right-color: #003c71 !important;border-right-style: solid !important;border-top-color: #003c71 !important;border-top-style: solid !important;border-bottom-color: #003c71 !important;border-bottom-style: solid !important;border-radius: 20px !important;}&#8221;][vc_single_image image=&#8221;4438&#8243; img_size=&#8221;medium&#8221; alignment=&#8221;center&#8221;]<div class=\"rt_heading_wrapper \">\n\t\t\t\t\t\t<h3 class=\"rt_heading  aligncenter mobile_aligncenter \" >ADSL \u0130nternet<\/h3>\n\t\t\t\t\t<\/div>[vc_column_text]<\/p>\n<div class=\"wpb_text_column wpb_content_element \">\n<div class=\"wpb_wrapper\">\n<p style=\"text-align: center;\"><span style=\"font-size: 12pt;\">Y\u00fcksek h\u0131zda, g\u00fcvenilir internetin keyfini<br \/>\n\u201cNetbone ADSL&#8221; ile \u00e7\u0131karabilirsiniz.<\/span><\/p>\n<\/div>\n<\/div>\n<p>[\/vc_column_text]<div class=\"button_wrapper  aligncenter\"><a  href=\"https:\/\/netbone.com.tr\/kurumsal\/adsl-internet\/\" target=\"_self\" title=\"\u0130ncele\" class=\"button_  body-font custom medium\" style=\"color:#ffffff;background-color:#ee3124;border-color:#ee3124;border-radius:5px;border-width:1px;font-size:14px;\" data-hover-style=\"#ee3124\">\u0130ncele<\/a><\/div>[vc_empty_space height=&#8221;10&#8243;][\/vc_column][vc_column width=&#8221;1\/3&#8243; rt_wrp_col_paddings=&#8221;false&#8221; rt_border_top=&#8221;&#8221; rt_border_bottom=&#8221;&#8221; rt_border_left=&#8221;&#8221; rt_border_right=&#8221;&#8221; rt_border_top_mobile=&#8221;&#8221; rt_border_bottom_mobile=&#8221;&#8221; rt_border_left_mobile=&#8221;&#8221; rt_border_right_mobile=&#8221;&#8221; rt_bg_image_repeat=&#8221;repeat&#8221; rt_bg_size=&#8221;auto auto&#8221; rt_bg_position=&#8221;right top&#8221; rt_bg_attachment=&#8221;scroll&#8221;][vc_single_image image=&#8221;4529&#8243;][\/vc_column][\/vc_row]<\/p>\n","protected":false},"excerpt":{"rendered":"<p>[vc_row rt_row_background_width=&#8221;fullwidth&#8221; rt_row_content_width=&#8221;default&#8221; rt_row_style=&#8221;default-style&#8221; rt_row_borders=&#8221;&#8221; rt_row_paddings=&#8221;true&#8221; rt_bg_effect=&#8221;classic&#8221; rt_bg_image_repeat=&#8221;repeat&#8221; rt_bg_size=&#8221;cover&#8221; rt_bg_position=&#8221;right top&#8221; rt_bg_attachment=&#8221;scroll&#8221; rt_bg_video_format=&#8221;self-hosted&#8221; rt_bg_color=&#8221;#ebebeb&#8221;][vc_column rt_wrp_col_paddings=&#8221;false&#8221; rt_border_top=&#8221;&#8221; rt_border_bottom=&#8221;&#8221; rt_border_left=&#8221;&#8221; rt_border_right=&#8221;&#8221; rt_border_top_mobile=&#8221;&#8221; rt_border_bottom_mobile=&#8221;&#8221; rt_border_left_mobile=&#8221;&#8221; rt_border_right_mobile=&#8221;&#8221; rt_bg_image_repeat=&#8221;repeat&#8221; rt_bg_size=&#8221;auto auto&#8221; rt_bg_position=&#8221;right top&#8221; rt_bg_attachment=&#8221;scroll&#8221;][\/vc_column][\/vc_row][vc_row rt_row_background_width=&#8221;fullwidth&#8221; rt_row_content_width=&#8221;default&#8221; rt_row_style=&#8221;default-style&#8221; rt_row_borders=&#8221;&#8221; rt_row_paddings=&#8221;true&#8221; rt_bg_effect=&#8221;classic&#8221; rt_bg_image_repeat=&#8221;repeat&#8221; rt_bg_size=&#8221;cover&#8221; rt_bg_position=&#8221;right top&#8221; rt_bg_attachment=&#8221;scroll&#8221; rt_bg_video_format=&#8221;self-hosted&#8221; rt_bg_color=&#8221;#ebebeb&#8221;][vc_column width=&#8221;1\/3&#8243; rt_wrp_col_paddings=&#8221;false&#8221; rt_border_top=&#8221;&#8221; rt_border_bottom=&#8221;&#8221; rt_border_left=&#8221;&#8221; rt_border_right=&#8221;&#8221; rt_border_top_mobile=&#8221;&#8221; rt_border_bottom_mobile=&#8221;&#8221; rt_border_left_mobile=&#8221;&#8221; rt_border_right_mobile=&#8221;&#8221; rt_bg_image_repeat=&#8221;repeat&#8221; rt_bg_size=&#8221;auto auto&#8221; [&hellip;]<\/p>\n","protected":false},"author":1,"featured_media":0,"parent":0,"menu_order":0,"comment_status":"closed","ping_status":"closed","template":"","meta":{"footnotes":""},"class_list":["post-4809","page","type-page","status-publish","hentry"],"_links":{"self":[{"href":"https:\/\/netbone.com.tr\/kurumsal\/wp-json\/wp\/v2\/pages\/4809","targetHints":{"allow":["GET"]}}],"collection":[{"href":"https:\/\/netbone.com.tr\/kurumsal\/wp-json\/wp\/v2\/pages"}],"about":[{"href":"https:\/\/netbone.com.tr\/kurumsal\/wp-json\/wp\/v2\/types\/page"}],"author":[{"embeddable":true,"href":"https:\/\/netbone.com.tr\/kurumsal\/wp-json\/wp\/v2\/users\/1"}],"replies":[{"embeddable":true,"href":"https:\/\/netbone.com.tr\/kurumsal\/wp-json\/wp\/v2\/comments?post=4809"}],"version-history":[{"count":49,"href":"https:\/\/netbone.com.tr\/kurumsal\/wp-json\/wp\/v2\/pages\/4809\/revisions"}],"predecessor-version":[{"id":5402,"href":"https:\/\/netbone.com.tr\/kurumsal\/wp-json\/wp\/v2\/pages\/4809\/revisions\/5402"}],"wp:attachment":[{"href":"https:\/\/netbone.com.tr\/kurumsal\/wp-json\/wp\/v2\/media?parent=4809"}],"curies":[{"name":"wp","href":"https:\/\/api.w.org\/{rel}","templated":true}]}}