{"id":5108,"date":"2021-03-08T15:58:08","date_gmt":"2021-03-08T12:58:08","guid":{"rendered":"https:\/\/netbone.com.tr\/kurumsal\/?page_id=5108"},"modified":"2021-03-08T15:58:08","modified_gmt":"2021-03-08T12:58:08","slug":"is-interneti-hizmet-formlari","status":"publish","type":"page","link":"https:\/\/netbone.com.tr\/kurumsal\/yardim\/sozlesme-ve-formlar\/is-interneti-hizmet-formlari\/","title":{"rendered":"\u0130\u015f \u0130nterneti Hizmet Formlar\u0131"},"content":{"rendered":"","protected":false},"excerpt":{"rendered":"","protected":false},"author":1,"featured_media":0,"parent":5099,"menu_order":0,"comment_status":"closed","ping_status":"closed","template":"","meta":{"footnotes":""},"class_list":["post-5108","page","type-page","status-publish","hentry"],"_links":{"self":[{"href":"https:\/\/netbone.com.tr\/kurumsal\/wp-json\/wp\/v2\/pages\/5108","targetHints":{"allow":["GET"]}}],"collection":[{"href":"https:\/\/netbone.com.tr\/kurumsal\/wp-json\/wp\/v2\/pages"}],"about":[{"href":"https:\/\/netbone.com.tr\/kurumsal\/wp-json\/wp\/v2\/types\/page"}],"author":[{"embeddable":true,"href":"https:\/\/netbone.com.tr\/kurumsal\/wp-json\/wp\/v2\/users\/1"}],"replies":[{"embeddable":true,"href":"https:\/\/netbone.com.tr\/kurumsal\/wp-json\/wp\/v2\/comments?post=5108"}],"version-history":[{"count":1,"href":"https:\/\/netbone.com.tr\/kurumsal\/wp-json\/wp\/v2\/pages\/5108\/revisions"}],"predecessor-version":[{"id":5109,"href":"https:\/\/netbone.com.tr\/kurumsal\/wp-json\/wp\/v2\/pages\/5108\/revisions\/5109"}],"up":[{"embeddable":true,"href":"https:\/\/netbone.com.tr\/kurumsal\/wp-json\/wp\/v2\/pages\/5099"}],"wp:attachment":[{"href":"https:\/\/netbone.com.tr\/kurumsal\/wp-json\/wp\/v2\/media?parent=5108"}],"curies":[{"name":"wp","href":"https:\/\/api.w.org\/{rel}","templated":true}]}}