{"id":3597,"date":"2021-02-17T23:48:30","date_gmt":"2021-02-17T20:48:30","guid":{"rendered":"https:\/\/netbone.com.tr\/toptan\/?page_id=3597"},"modified":"2021-02-18T18:38:30","modified_gmt":"2021-02-18T15:38:30","slug":"yurtici-arabaglanti","status":"publish","type":"page","link":"https:\/\/netbone.com.tr\/toptan\/yurtici-arabaglanti\/","title":{"rendered":"Yurti\u00e7i Araba\u011flant\u0131"},"content":{"rendered":"<p>[vc_row rt_row_background_width=&#8221;default&#8221; rt_row_style=&#8221;default-style&#8221; rt_row_borders=&#8221;&#8221; rt_row_paddings=&#8221;true&#8221; rt_bg_effect=&#8221;classic&#8221; rt_bg_image_repeat=&#8221;repeat&#8221; rt_bg_size=&#8221;cover&#8221; rt_bg_position=&#8221;right top&#8221; rt_bg_attachment=&#8221;scroll&#8221; rt_bg_video_format=&#8221;self-hosted&#8221;][vc_column width=&#8221;1\/4&#8243; rt_wrp_col_paddings=&#8221;false&#8221; rt_border_top=&#8221;&#8221; rt_border_bottom=&#8221;&#8221; rt_border_left=&#8221;&#8221; rt_border_right=&#8221;&#8221; rt_border_top_mobile=&#8221;&#8221; rt_border_bottom_mobile=&#8221;&#8221; rt_border_left_mobile=&#8221;&#8221; rt_border_right_mobile=&#8221;&#8221; rt_bg_image_repeat=&#8221;repeat&#8221; rt_bg_size=&#8221;auto auto&#8221; rt_bg_position=&#8221;right top&#8221; rt_bg_attachment=&#8221;scroll&#8221;]<div class=\"rt_heading_wrapper \">\n\t\t\t\t\t\t<h1 class=\"rt_heading  \" >Yurti\u00e7i Araba\u011flant\u0131<\/h1>\n\t\t\t\t\t<\/div>[\/vc_column][vc_column width=&#8221;3\/4&#8243; rt_wrp_col_paddings=&#8221;false&#8221; rt_border_top=&#8221;&#8221; rt_border_bottom=&#8221;&#8221; rt_border_left=&#8221;&#8221; rt_border_right=&#8221;&#8221; rt_border_top_mobile=&#8221;&#8221; rt_border_bottom_mobile=&#8221;&#8221; rt_border_left_mobile=&#8221;&#8221; rt_border_right_mobile=&#8221;&#8221; rt_bg_image_repeat=&#8221;repeat&#8221; rt_bg_size=&#8221;auto auto&#8221; rt_bg_position=&#8221;right top&#8221; rt_bg_attachment=&#8221;scroll&#8221;][vc_column_text]<\/p>\n<h3><span style=\"color: #000000;\">Tan\u0131mlar<\/span><\/h3>\n<div class=\"detailColumn\">\n<section class=\"type-02 \">\n<div class=\"cbox01 ff-pr-02\">\n<p><span style=\"color: #000000;\"><strong>Araba\u011flant\u0131<br \/>\n<\/strong>\u00c7a\u011fr\u0131lar\u0131n araba\u011flant\u0131 noktas\u0131 yoluyla nakli i\u00e7in kurulan \u0130\u015fletmeci ve Netbone \u015febekelerinin fiziksel ve mant\u0131ksal ba\u011flant\u0131s\u0131<\/span><\/p>\n<p><span style=\"color: #000000;\"><strong>Araba\u011flant\u0131 Linki<br \/>\n<\/strong>Araba\u011flant\u0131 noktalar\u0131nda sonlanan ve her iki taraf\u0131n santralini birbirine ba\u011flayan, taraflar\u0131n \u015febekelerinin araba\u011flant\u0131s\u0131 i\u00e7in kullan\u0131lan ve ilgili teknik standartlara uygun say\u0131sal link<\/span><\/p>\n<p><span style=\"color: #000000;\"><strong>Araba\u011flant\u0131 Noktas\u0131<br \/>\n<\/strong>Netbone \u015eebekesi ve \u0130\u015fletmeci \u015eebekesi aras\u0131ndaki araba\u011flant\u0131n\u0131n ger\u00e7ekle\u015ftirildi\u011fi fiziksel nokta (DDF vb.)<\/span><\/p>\n<p><span style=\"color: #000000;\"><strong>Araba\u011flant\u0131 S\u00f6zle\u015fmesi<br \/>\n<\/strong>Araba\u011flant\u0131ya ili\u015fkin usul ve esaslar\u0131 belirlemek \u00fczere taraflar aras\u0131nda imzalanan s\u00f6zle\u015fme (Hizmete ili\u015fkin ayr\u0131nt\u0131l\u0131 bilgilere Referans Araba\u011flant\u0131 Teklifinden (RAT) ula\u015fabilirsiniz)<\/span><\/p>\n<p><span style=\"color: #000000;\"><strong>Aranan Taraf<br \/>\n<\/strong>\u00c7a\u011fr\u0131y\u0131 alan taraf<\/span><\/p>\n<p><span style=\"color: #000000;\"><strong>Arayan Taraf<br \/>\n<\/strong>Aranan tarafa \u00e7a\u011fr\u0131y\u0131 g\u00f6nderen taraf<\/span><\/p>\n<p><span style=\"color: #000000;\"><strong>Bloklama<br \/>\n<\/strong>Belli bir y\u00f6ndeki \u00e7a\u011fr\u0131lar\u0131n engellenmesi<\/span><\/p>\n<p><span style=\"color: #000000;\"><strong>\u00c7a\u011fr\u0131<br \/>\n<\/strong>A\u015fa\u011f\u0131dakilerden olu\u015fan ancak bunlarla s\u0131n\u0131rl\u0131 olmayan ve ilgili elektronik haberle\u015fme ve transmisyon sistemleri \u00fczerinden nakledilen,<\/span><\/p>\n<ul>\n<li><span style=\"color: #000000;\">\u00a0Ses (konu\u015fma bilgisinin ta\u015f\u0131nd\u0131\u011f\u0131 \u00e7a\u011fr\u0131),<\/span><\/li>\n<li><span style=\"color: #000000;\">Konu\u015fma, m\u00fczik ve her t\u00fcrl\u00fc di\u011fer sesler,<\/span><\/li>\n<li><span style=\"color: #000000;\">G\u00f6r\u00fcnt\u00fcl\u00fc \u00e7a\u011fr\u0131, SMS ve MMS,<\/span><\/li>\n<li><span style=\"color: #000000;\">Veri,<\/span><\/li>\n<li><span style=\"color: #000000;\">Yukar\u0131dakilerin aktar\u0131lmas\u0131 i\u00e7in i\u015flev g\u00f6ren sinyaller,<\/span><\/li>\n<li><span style=\"color: #000000;\">Makinelerin veya cihazlar\u0131n \u00e7al\u0131\u015ft\u0131r\u0131lmas\u0131 ve kontrol\u00fc i\u00e7in i\u015flev g\u00f6ren sinyaller<\/span><\/li>\n<\/ul>\n<p><span style=\"color: #000000;\"><strong>\u00c7a\u011fr\u0131 Ba\u015flatma<br \/>\n<\/strong>Ta\u015f\u0131y\u0131c\u0131 \u00d6n Se\u00e7imi, Ta\u015f\u0131y\u0131c\u0131 Se\u00e7imi veya \u0130ki Kademeli Arama Y\u00f6ntemi ile ba\u015flat\u0131lan \u0130\u015fletmeci \u00e7a\u011fr\u0131lar\u0131n\u0131n, \u0130\u015fletmecinin araba\u011flant\u0131 sistemlerine ta\u015f\u0131nmas\u0131<\/span><\/p>\n<p><span style=\"color: #000000;\"><strong>\u00c7a\u011fr\u0131 Sonland\u0131rma<br \/>\n<\/strong>\u0130\u015fletmecinin, Netbone\u2019un Araba\u011flant\u0131 Sistemi \u00fczerinden teslim etti\u011fi \u00e7a\u011fr\u0131lar\u0131n Netbone taraf\u0131ndan ilgili sonlanma noktas\u0131na ta\u015f\u0131nmas\u0131<\/span><\/p>\n<p><span style=\"color: #000000;\"><strong>DDF<br \/>\n<\/strong>Say\u0131sal Da\u011f\u0131t\u0131m \u00c7at\u0131s\u0131<\/span><\/p>\n<p><span style=\"color: #000000;\"><strong>\u0130ki Kademeli Arama Y\u00f6ntemi<br \/>\n<\/strong>Kullan\u0131c\u0131lar\u0131n arama kart\u0131 ve benzeri ara\u00e7larla, \u0130\u015fletmecinin Kurumca tahsis edilen eri\u015fim numaras\u0131n\u0131 \u00e7evirmek suretiyle, \u0130\u015fletmecinin platformuna eri\u015ftikten sonra, aranan abone numaras\u0131n\u0131 \u00e7evirdi\u011fi arama y\u00f6ntemi<\/span><\/p>\n<p><span style=\"color: #000000;\"><strong>\u0130\u015fletmeci<br \/>\n<\/strong>Yetkilendirme \u00e7er\u00e7evesinde elektronik haberle\u015fme hizmeti sunan ve\/veya elektronik haberle\u015fme \u015febekesi sa\u011flayan ve altyap\u0131s\u0131n\u0131 i\u015fleten \u015firket<\/span><\/p>\n<p><span style=\"color: #000000;\"><strong>Kapasite<br \/>\n<\/strong>Araba\u011flant\u0131 linki arac\u0131l\u0131\u011f\u0131yla Netbone \u015febekesine veya \u0130\u015fletmeci \u015febekesine eri\u015fim sa\u011flayan ilgili teknik standarda uygun transmisyon kapasitesi<\/span><\/p>\n<p><span style=\"color: #000000;\"><strong>Sinyalle\u015fme<br \/>\n<\/strong>Elektronik haberle\u015fme sistemlerinde taraflar\u0131n \u015febekelerinin ve terminallerin kar\u015f\u0131l\u0131kl\u0131 ileti\u015fiminde \u00e7a\u011fr\u0131lar\u0131n kontrol edilmesi i\u00e7in kar\u015f\u0131l\u0131kl\u0131 g\u00f6nderilen bilgi mesajlar\u0131<\/span><\/p>\n<p><span style=\"color: #000000;\"><strong>Sonlanma Noktas\u0131<br \/>\n<\/strong>Bir \u00e7a\u011fr\u0131\u2019n\u0131n Netbone\u2019un ya da \u0130\u015fletmecinin kendi m\u00fc\u015fterisine ait bir nokta veya \u00f6zel ya da acil telekom\u00fcnikasyon hizmet merkezi<\/span><\/p>\n<p><span style=\"color: #000000;\"><strong>Ta\u015f\u0131y\u0131c\u0131 \u00d6n Se\u00e7imi<br \/>\n<\/strong>Hizmet al\u0131nmak istenen ta\u015f\u0131y\u0131c\u0131n\u0131n, ta\u015f\u0131y\u0131c\u0131 se\u00e7im kodu \u00e7evrilmeksizin se\u00e7ilmesine imk\u00e2n sa\u011flayacak \u015fekilde \u00f6nceden se\u00e7ilmesi y\u00f6ntemi<\/span><\/p>\n<p><span style=\"color: #000000;\"><strong>Ta\u015f\u0131y\u0131c\u0131 Se\u00e7imi<br \/>\n<\/strong>Netbone \u015febekesinde her bir \u00e7a\u011fr\u0131 i\u00e7in, hizmet al\u0131nmak istenen ta\u015f\u0131y\u0131c\u0131n\u0131n, kendisine Kurum taraf\u0131ndan tahsis edilmi\u015f olan ta\u015f\u0131y\u0131c\u0131 se\u00e7im kodunun \u00e7evrilmesi suretiyle se\u00e7ilmesi y\u00f6ntemi<\/span><\/p>\n<p><span style=\"color: #000000;\"><strong>Yerel (Lokal) Kademe<br \/>\n<\/strong>\u0130\u015fletmeci ile araba\u011flant\u0131 sa\u011flanan bir hizmet sahas\u0131nda (repartit\u00f6r) ve s\u00f6z konusu hizmet sahas\u0131na ba\u011fl\u0131 uzak hat birimlerinde \u00e7al\u0131\u015fan prefiksleri i\u00e7eren b\u00f6lge<\/span><\/p>\n<p><span style=\"color: #000000;\"><strong>Alan i\u00e7i<br \/>\n<\/strong>\u0130\u015fletmeci\u2019nin Araba\u011flant\u0131 Sistemiyle Netbone\u2019un Araba\u011flant\u0131da kulland\u0131\u011f\u0131 santralin bulundu\u011fu ilin alan kodunu kullanan ve Yerel (lokal) kademede araba\u011flant\u0131 sa\u011flanan prefikslerin bulundu\u011fu b\u00f6lgenin d\u0131\u015f\u0131nda kalan b\u00f6lge<\/span><\/p>\n<p><span style=\"color: #000000;\"><strong>Alan d\u0131\u015f\u0131<\/strong><\/span><br \/>\n<span style=\"color: #000000;\">Alan \u0130\u00e7i ve Yerel (Lokal) kademe kapsam\u0131 d\u0131\u015f\u0131nda kalan b\u00f6lge<\/span><\/p>\n<\/div>\n<\/section>\n<\/div>\n<p>[\/vc_column_text][\/vc_column][\/vc_row][vc_row rt_row_background_width=&#8221;default&#8221; rt_row_style=&#8221;default-style&#8221; rt_row_borders=&#8221;&#8221; rt_row_paddings=&#8221;true&#8221; rt_bg_effect=&#8221;classic&#8221; rt_bg_image_repeat=&#8221;repeat&#8221; rt_bg_size=&#8221;cover&#8221; rt_bg_position=&#8221;right top&#8221; rt_bg_attachment=&#8221;scroll&#8221; rt_bg_video_format=&#8221;self-hosted&#8221;][vc_column width=&#8221;2\/3&#8243; rt_wrp_col_paddings=&#8221;false&#8221; rt_border_top=&#8221;&#8221; rt_border_bottom=&#8221;&#8221; rt_border_left=&#8221;&#8221; rt_border_right=&#8221;&#8221; rt_border_top_mobile=&#8221;&#8221; rt_border_bottom_mobile=&#8221;&#8221; rt_border_left_mobile=&#8221;&#8221; rt_border_right_mobile=&#8221;&#8221; rt_bg_image_repeat=&#8221;repeat&#8221; rt_bg_size=&#8221;auto auto&#8221; rt_bg_position=&#8221;right top&#8221; rt_bg_attachment=&#8221;scroll&#8221;][\/vc_column][vc_column width=&#8221;1\/3&#8243; rt_wrp_col_paddings=&#8221;false&#8221; rt_border_top=&#8221;&#8221; rt_border_bottom=&#8221;&#8221; rt_border_left=&#8221;&#8221; rt_border_right=&#8221;&#8221; rt_border_top_mobile=&#8221;&#8221; rt_border_bottom_mobile=&#8221;&#8221; rt_border_left_mobile=&#8221;&#8221; rt_border_right_mobile=&#8221;&#8221; rt_bg_image_repeat=&#8221;repeat&#8221; rt_bg_size=&#8221;auto auto&#8221; rt_bg_position=&#8221;right top&#8221; rt_bg_attachment=&#8221;scroll&#8221;][\/vc_column][\/vc_row]<\/p>\n","protected":false},"excerpt":{"rendered":"<p>[vc_row rt_row_background_width=&#8221;default&#8221; rt_row_style=&#8221;default-style&#8221; rt_row_borders=&#8221;&#8221; rt_row_paddings=&#8221;true&#8221; rt_bg_effect=&#8221;classic&#8221; rt_bg_image_repeat=&#8221;repeat&#8221; rt_bg_size=&#8221;cover&#8221; rt_bg_position=&#8221;right top&#8221; rt_bg_attachment=&#8221;scroll&#8221; rt_bg_video_format=&#8221;self-hosted&#8221;][vc_column width=&#8221;1\/4&#8243; rt_wrp_col_paddings=&#8221;false&#8221; rt_border_top=&#8221;&#8221; rt_border_bottom=&#8221;&#8221; rt_border_left=&#8221;&#8221; rt_border_right=&#8221;&#8221; rt_border_top_mobile=&#8221;&#8221; rt_border_bottom_mobile=&#8221;&#8221; rt_border_left_mobile=&#8221;&#8221; rt_border_right_mobile=&#8221;&#8221; rt_bg_image_repeat=&#8221;repeat&#8221; rt_bg_size=&#8221;auto auto&#8221; rt_bg_position=&#8221;right top&#8221; rt_bg_attachment=&#8221;scroll&#8221;][\/vc_column][vc_column width=&#8221;3\/4&#8243; rt_wrp_col_paddings=&#8221;false&#8221; rt_border_top=&#8221;&#8221; rt_border_bottom=&#8221;&#8221; rt_border_left=&#8221;&#8221; rt_border_right=&#8221;&#8221; rt_border_top_mobile=&#8221;&#8221; rt_border_bottom_mobile=&#8221;&#8221; rt_border_left_mobile=&#8221;&#8221; rt_border_right_mobile=&#8221;&#8221; rt_bg_image_repeat=&#8221;repeat&#8221; rt_bg_size=&#8221;auto auto&#8221; rt_bg_position=&#8221;right top&#8221; rt_bg_attachment=&#8221;scroll&#8221;][vc_column_text] Tan\u0131mlar Araba\u011flant\u0131 \u00c7a\u011fr\u0131lar\u0131n araba\u011flant\u0131 noktas\u0131 yoluyla nakli i\u00e7in kurulan \u0130\u015fletmeci ve [&hellip;]<\/p>\n","protected":false},"author":1,"featured_media":0,"parent":0,"menu_order":0,"comment_status":"closed","ping_status":"closed","template":"","meta":{"footnotes":""},"class_list":["post-3597","page","type-page","status-publish","hentry"],"_links":{"self":[{"href":"https:\/\/netbone.com.tr\/toptan\/wp-json\/wp\/v2\/pages\/3597","targetHints":{"allow":["GET"]}}],"collection":[{"href":"https:\/\/netbone.com.tr\/toptan\/wp-json\/wp\/v2\/pages"}],"about":[{"href":"https:\/\/netbone.com.tr\/toptan\/wp-json\/wp\/v2\/types\/page"}],"author":[{"embeddable":true,"href":"https:\/\/netbone.com.tr\/toptan\/wp-json\/wp\/v2\/users\/1"}],"replies":[{"embeddable":true,"href":"https:\/\/netbone.com.tr\/toptan\/wp-json\/wp\/v2\/comments?post=3597"}],"version-history":[{"count":5,"href":"https:\/\/netbone.com.tr\/toptan\/wp-json\/wp\/v2\/pages\/3597\/revisions"}],"predecessor-version":[{"id":3709,"href":"https:\/\/netbone.com.tr\/toptan\/wp-json\/wp\/v2\/pages\/3597\/revisions\/3709"}],"wp:attachment":[{"href":"https:\/\/netbone.com.tr\/toptan\/wp-json\/wp\/v2\/media?parent=3597"}],"curies":[{"name":"wp","href":"https:\/\/api.w.org\/{rel}","templated":true}]}}