{"id":3601,"date":"2021-02-18T00:11:46","date_gmt":"2021-02-17T21:11:46","guid":{"rendered":"https:\/\/netbone.com.tr\/toptan\/?page_id=3601"},"modified":"2021-02-18T18:24:22","modified_gmt":"2021-02-18T15:24:22","slug":"noktadan-noktaya-metro-ethernet","status":"publish","type":"page","link":"https:\/\/netbone.com.tr\/toptan\/noktadan-noktaya-metro-ethernet\/","title":{"rendered":"Noktadan Noktaya Metro Ethernet"},"content":{"rendered":"<p>[vc_row rt_row_background_width=&#8221;default&#8221; rt_row_style=&#8221;default-style&#8221; rt_row_borders=&#8221;&#8221; rt_row_paddings=&#8221;true&#8221; rt_bg_effect=&#8221;classic&#8221; rt_bg_image_repeat=&#8221;repeat&#8221; rt_bg_size=&#8221;cover&#8221; rt_bg_position=&#8221;right top&#8221; rt_bg_attachment=&#8221;scroll&#8221; rt_bg_video_format=&#8221;self-hosted&#8221;][vc_column width=&#8221;1\/4&#8243; rt_wrp_col_paddings=&#8221;false&#8221; rt_border_top=&#8221;&#8221; rt_border_bottom=&#8221;&#8221; rt_border_left=&#8221;&#8221; rt_border_right=&#8221;&#8221; rt_border_top_mobile=&#8221;&#8221; rt_border_bottom_mobile=&#8221;&#8221; rt_border_left_mobile=&#8221;&#8221; rt_border_right_mobile=&#8221;&#8221; rt_bg_image_repeat=&#8221;repeat&#8221; rt_bg_size=&#8221;auto auto&#8221; rt_bg_position=&#8221;right top&#8221; rt_bg_attachment=&#8221;scroll&#8221;]<div class=\"rt_heading_wrapper \">\n\t\t\t\t\t\t<h1 class=\"rt_heading  \" >Noktadan Noktaya Metro Ethernet<\/h1>\n\t\t\t\t\t<\/div>[\/vc_column][vc_column width=&#8221;3\/4&#8243; rt_wrp_col_paddings=&#8221;false&#8221; rt_border_top=&#8221;&#8221; rt_border_bottom=&#8221;&#8221; rt_border_left=&#8221;&#8221; rt_border_right=&#8221;&#8221; rt_border_top_mobile=&#8221;&#8221; rt_border_bottom_mobile=&#8221;&#8221; rt_border_left_mobile=&#8221;&#8221; rt_border_right_mobile=&#8221;&#8221; rt_bg_image_repeat=&#8221;repeat&#8221; rt_bg_size=&#8221;auto auto&#8221; rt_bg_position=&#8221;right top&#8221; rt_bg_attachment=&#8221;scroll&#8221;][vc_column_text]<span style=\"color: #000000;\">Noktadan Noktaya Metro Ethernet, kurumunuzun farkl\u0131 lokasyonlar\u0131 aras\u0131nda fiber \u00fczerinden h\u0131zl\u0131, g\u00fcvenli ve y\u00fcksek kalitede WAN\/LAN ba\u011flant\u0131s\u0131 sa\u011flayarak y\u00fcksek kapasitede ses, g\u00f6r\u00fcnt\u00fc ve di\u011fer kurumsal uygulamalar\u0131n\u0131z\u0131n payla\u015f\u0131m\u0131 i\u00e7in m\u00fckemmel bir ortam olu\u015fturur.<\/span><\/p>\n<hr \/>\n<h3><span style=\"color: #000000;\"><strong>Noktadan Noktaya Metro Ethernet Size Neler Sunuyor?<\/strong><\/span><\/h3>\n<p><span style=\"color: #000000;\"><strong>Y\u00fcksek Performans<\/strong><\/span><br \/>\n<span style=\"color: #000000;\">Sundu\u011fu y\u00fcksek bant geni\u015fli\u011fi ve ba\u011flant\u0131 s\u00fcresi, kullan\u0131labilirlik oran\u0131 ve ar\u0131za \u0131slah s\u00fcrelerine ili\u015fkin taahh\u00fctleri i\u00e7eren Hizmet Seviyesi Taahh\u00fcd\u00fc ile performans\u0131n\u0131z\u0131 art\u0131r\u0131r.<\/span><\/p>\n<p><span style=\"color: #000000;\"><strong>G\u00fcvenlik<\/strong><\/span><br \/>\n<span style=\"color: #000000;\">Farkl\u0131 lokasyonlar\u0131n\u0131z aras\u0131nda size \u00f6zel tesis edilen fiber optik kablo sayesinde g\u00fcvenli bir a\u011f olu\u015fturarak ileti\u015fim sa\u011flar.<\/span><\/p>\n<p><span style=\"color: #000000;\"><strong>Maliyet<\/strong><\/span><br \/>\n<span style=\"color: #000000;\">Paket d\u00f6n\u00fc\u015f\u00fcm\u00fcne ihtiya\u00e7 duymad\u0131\u011f\u0131 i\u00e7in y\u00fcksek maliyetli SDH gibi ek yat\u0131r\u0131mlar gerektirmez. Ayn\u0131 zamanda farkl\u0131 ofislerinizde olsa bile sunucu, yaz\u0131c\u0131 gibi ekipmanlar\u0131n\u0131z\u0131n payla\u015f\u0131ml\u0131 olarak kullan\u0131lmalar\u0131n\u0131 sa\u011flayarak ekipman maliyetlerinde tasarruf sa\u011flar.<\/span><\/p>\n<p><span style=\"color: #000000;\"><strong>Esneklik<\/strong><\/span><br \/>\n<span style=\"color: #000000;\">Mesafeden ba\u011f\u0131ms\u0131z \u00e7ok \u00e7e\u015fitli bant geni\u015fli\u011fi se\u00e7enekleri sunmas\u0131n\u0131n yan\u0131 s\u0131ra ayn\u0131 santralden veya farkl\u0131 santralden lokal eri\u015fim yedeklemesiyle hizmet s\u00fcreklili\u011fini art\u0131r\u0131r.<\/span>[\/vc_column_text][\/vc_column][\/vc_row][vc_row rt_row_background_width=&#8221;default&#8221; rt_row_style=&#8221;default-style&#8221; rt_row_borders=&#8221;&#8221; rt_row_paddings=&#8221;true&#8221; rt_bg_effect=&#8221;classic&#8221; rt_bg_image_repeat=&#8221;repeat&#8221; rt_bg_size=&#8221;cover&#8221; rt_bg_position=&#8221;right top&#8221; rt_bg_attachment=&#8221;scroll&#8221; rt_bg_video_format=&#8221;self-hosted&#8221;][vc_column width=&#8221;2\/3&#8243; rt_wrp_col_paddings=&#8221;false&#8221; rt_border_top=&#8221;&#8221; rt_border_bottom=&#8221;&#8221; rt_border_left=&#8221;&#8221; rt_border_right=&#8221;&#8221; rt_border_top_mobile=&#8221;&#8221; rt_border_bottom_mobile=&#8221;&#8221; rt_border_left_mobile=&#8221;&#8221; rt_border_right_mobile=&#8221;&#8221; rt_bg_image_repeat=&#8221;repeat&#8221; rt_bg_size=&#8221;auto auto&#8221; rt_bg_position=&#8221;right top&#8221; rt_bg_attachment=&#8221;scroll&#8221;][vc_tta_accordion][vc_tta_section title=&#8221;\u00d6zellikler&#8221; tab_id=&#8221;ozellikler&#8221;][vc_column_text]<\/p>\n<ul>\n<li><span style=\"color: #000000;\">Noktadan noktaya ya da \u00e7ok noktadan tek noktaya (toplama merkezi) imkan\u0131 sa\u011flar.<\/span><\/li>\n<li><span style=\"color: #000000;\">Ba\u011flant\u0131 h\u0131zlar\u0131nda geni\u015f se\u00e7im aral\u0131\u011f\u0131 sunar.<\/span><\/li>\n<li><span style=\"color: #000000;\">Y\u00fcksek bant geni\u015fli\u011fi ihtiyac\u0131 bulunan kurulu\u015flar i\u00e7in ideal bir servistir.<\/span><\/li>\n<\/ul>\n<p>[\/vc_column_text][\/vc_tta_section][\/vc_tta_accordion][\/vc_column][vc_column width=&#8221;1\/3&#8243; rt_wrp_col_paddings=&#8221;false&#8221; rt_border_top=&#8221;&#8221; rt_border_bottom=&#8221;&#8221; rt_border_left=&#8221;&#8221; rt_border_right=&#8221;&#8221; rt_border_top_mobile=&#8221;&#8221; rt_border_bottom_mobile=&#8221;&#8221; rt_border_left_mobile=&#8221;&#8221; rt_border_right_mobile=&#8221;&#8221; rt_bg_image_repeat=&#8221;repeat&#8221; rt_bg_size=&#8221;auto auto&#8221; rt_bg_position=&#8221;right top&#8221; rt_bg_attachment=&#8221;scroll&#8221;][\/vc_column][\/vc_row]<\/p>\n","protected":false},"excerpt":{"rendered":"<p>[vc_row rt_row_background_width=&#8221;default&#8221; rt_row_style=&#8221;default-style&#8221; rt_row_borders=&#8221;&#8221; rt_row_paddings=&#8221;true&#8221; rt_bg_effect=&#8221;classic&#8221; rt_bg_image_repeat=&#8221;repeat&#8221; rt_bg_size=&#8221;cover&#8221; rt_bg_position=&#8221;right top&#8221; rt_bg_attachment=&#8221;scroll&#8221; rt_bg_video_format=&#8221;self-hosted&#8221;][vc_column width=&#8221;1\/4&#8243; rt_wrp_col_paddings=&#8221;false&#8221; rt_border_top=&#8221;&#8221; rt_border_bottom=&#8221;&#8221; rt_border_left=&#8221;&#8221; rt_border_right=&#8221;&#8221; rt_border_top_mobile=&#8221;&#8221; rt_border_bottom_mobile=&#8221;&#8221; rt_border_left_mobile=&#8221;&#8221; rt_border_right_mobile=&#8221;&#8221; rt_bg_image_repeat=&#8221;repeat&#8221; rt_bg_size=&#8221;auto auto&#8221; rt_bg_position=&#8221;right top&#8221; rt_bg_attachment=&#8221;scroll&#8221;][\/vc_column][vc_column width=&#8221;3\/4&#8243; rt_wrp_col_paddings=&#8221;false&#8221; rt_border_top=&#8221;&#8221; rt_border_bottom=&#8221;&#8221; rt_border_left=&#8221;&#8221; rt_border_right=&#8221;&#8221; rt_border_top_mobile=&#8221;&#8221; rt_border_bottom_mobile=&#8221;&#8221; rt_border_left_mobile=&#8221;&#8221; rt_border_right_mobile=&#8221;&#8221; rt_bg_image_repeat=&#8221;repeat&#8221; rt_bg_size=&#8221;auto auto&#8221; rt_bg_position=&#8221;right top&#8221; rt_bg_attachment=&#8221;scroll&#8221;][vc_column_text]Noktadan Noktaya Metro Ethernet, kurumunuzun farkl\u0131 lokasyonlar\u0131 aras\u0131nda fiber \u00fczerinden h\u0131zl\u0131, g\u00fcvenli [&hellip;]<\/p>\n","protected":false},"author":1,"featured_media":0,"parent":0,"menu_order":0,"comment_status":"closed","ping_status":"closed","template":"","meta":{"footnotes":""},"class_list":["post-3601","page","type-page","status-publish","hentry"],"_links":{"self":[{"href":"https:\/\/netbone.com.tr\/toptan\/wp-json\/wp\/v2\/pages\/3601","targetHints":{"allow":["GET"]}}],"collection":[{"href":"https:\/\/netbone.com.tr\/toptan\/wp-json\/wp\/v2\/pages"}],"about":[{"href":"https:\/\/netbone.com.tr\/toptan\/wp-json\/wp\/v2\/types\/page"}],"author":[{"embeddable":true,"href":"https:\/\/netbone.com.tr\/toptan\/wp-json\/wp\/v2\/users\/1"}],"replies":[{"embeddable":true,"href":"https:\/\/netbone.com.tr\/toptan\/wp-json\/wp\/v2\/comments?post=3601"}],"version-history":[{"count":3,"href":"https:\/\/netbone.com.tr\/toptan\/wp-json\/wp\/v2\/pages\/3601\/revisions"}],"predecessor-version":[{"id":3701,"href":"https:\/\/netbone.com.tr\/toptan\/wp-json\/wp\/v2\/pages\/3601\/revisions\/3701"}],"wp:attachment":[{"href":"https:\/\/netbone.com.tr\/toptan\/wp-json\/wp\/v2\/media?parent=3601"}],"curies":[{"name":"wp","href":"https:\/\/api.w.org\/{rel}","templated":true}]}}