{"id":3606,"date":"2021-02-18T00:15:34","date_gmt":"2021-02-17T21:15:34","guid":{"rendered":"https:\/\/netbone.com.tr\/toptan\/?page_id=3606"},"modified":"2021-02-18T18:18:20","modified_gmt":"2021-02-18T15:18:20","slug":"kiralik-devre","status":"publish","type":"page","link":"https:\/\/netbone.com.tr\/toptan\/kiralik-devre\/","title":{"rendered":"Kiral\u0131k Devre"},"content":{"rendered":"<p>[vc_row rt_row_background_width=&#8221;default&#8221; rt_row_style=&#8221;default-style&#8221; rt_row_borders=&#8221;&#8221; rt_row_paddings=&#8221;true&#8221; rt_bg_effect=&#8221;classic&#8221; rt_bg_image_repeat=&#8221;repeat&#8221; rt_bg_size=&#8221;cover&#8221; rt_bg_position=&#8221;right top&#8221; rt_bg_attachment=&#8221;scroll&#8221; rt_bg_video_format=&#8221;self-hosted&#8221;][vc_column width=&#8221;1\/4&#8243; rt_wrp_col_paddings=&#8221;false&#8221; rt_border_top=&#8221;&#8221; rt_border_bottom=&#8221;&#8221; rt_border_left=&#8221;&#8221; rt_border_right=&#8221;&#8221; rt_border_top_mobile=&#8221;&#8221; rt_border_bottom_mobile=&#8221;&#8221; rt_border_left_mobile=&#8221;&#8221; rt_border_right_mobile=&#8221;&#8221; rt_bg_image_repeat=&#8221;repeat&#8221; rt_bg_size=&#8221;auto auto&#8221; rt_bg_position=&#8221;right top&#8221; rt_bg_attachment=&#8221;scroll&#8221;]<div class=\"rt_heading_wrapper \">\n\t\t\t\t\t\t<h1 class=\"rt_heading  \" >Kiral\u0131k Devre<\/h1>\n\t\t\t\t\t<\/div>[\/vc_column][vc_column width=&#8221;3\/4&#8243; rt_wrp_col_paddings=&#8221;false&#8221; rt_border_top=&#8221;&#8221; rt_border_bottom=&#8221;&#8221; rt_border_left=&#8221;&#8221; rt_border_right=&#8221;&#8221; rt_border_top_mobile=&#8221;&#8221; rt_border_bottom_mobile=&#8221;&#8221; rt_border_left_mobile=&#8221;&#8221; rt_border_right_mobile=&#8221;&#8221; rt_bg_image_repeat=&#8221;repeat&#8221; rt_bg_size=&#8221;auto auto&#8221; rt_bg_position=&#8221;right top&#8221; rt_bg_attachment=&#8221;scroll&#8221;][vc_column_text]<\/p>\n<div class=\"detailColumn\">\n<section class=\"type-02 \">\n<div class=\"cheader\">\n<p><span style=\"color: #000000;\">Yurt i\u00e7i Kiral\u0131k Devre ile g\u00fcvenli veri transferi m\u00fcmk\u00fcn! Bu hizmet ile farkl\u0131 lokasyonlardaki ofisleriniz aras\u0131nda veri aktar\u0131m\u0131n\u0131 size \u00f6zel sunulan bant geni\u015fli\u011fi \u00fczerinden g\u00fcvenle ger\u00e7ekle\u015ftirebilirsiniz. Yurt i\u00e7i Kiral\u0131k Devre ger\u00e7ek zamanl\u0131 veri aktar\u0131m\u0131n\u0131z i\u00e7in de son derece uygundur. De\u011fi\u015fen geni\u015f h\u0131z aral\u0131\u011f\u0131 alternatiflerinden ihtiyac\u0131n\u0131za en uygun olan\u0131 tercih ederek bu hizmetten hemen faydalanmaya ba\u015flayabilirsiniz.<\/span><\/p>\n<hr \/>\n<h3><strong><span style=\"color: #000000;\">Yurt i\u00e7i Kiral\u0131k Devre Size Neler Sunuyor?<\/span><\/strong><\/h3>\n<p><span style=\"color: #000000;\"><strong>G\u00fcvenlik<\/strong><\/span><br \/>\n<span style=\"color: #000000;\">Size \u00f6zel tan\u0131mlanan data devresi sayesinde farkl\u0131 lokasyonlar\u0131n\u0131z aras\u0131nda u\u00e7tan uca y\u00fcksek d\u00fczeyde g\u00fcvenli veri transferi sa\u011flan\u0131r.<\/span><\/p>\n<p><span style=\"color: #000000;\"><strong>Altyap\u0131<\/strong><\/span><br \/>\n<span style=\"color: #000000;\">Yurt i\u00e7i Kiral\u0131k Devre hizmeti, fiber optik kablo, bak\u0131r kablo ve Radyo Link cihazlar\u0131 arac\u0131l\u0131\u011f\u0131yla tesis edilen bir hizmet olup ger\u00e7ek zamanl\u0131 uygulamalar i\u00e7in uygun altyap\u0131y\u0131 sunar.<\/span><\/p>\n<p><span style=\"color: #000000;\"><strong>Kesintisiz Kullan\u0131labilirlik<\/strong><\/span><br \/>\n<span style=\"color: #000000;\">Y\u00fcksek d\u00fczeyde \u015febeke yedeklili\u011fine sahip olan Netbone, hizmetin kalitesini ve s\u00fcreklili\u011fini garanti alt\u0131na alan Hizmet Seviyesi Taahh\u00fcd\u00fc sunarak veri trafi\u011finizin devaml\u0131l\u0131\u011f\u0131n\u0131 sa\u011flar.<\/span><\/p>\n<p><span style=\"color: #000000;\"><strong>Yedekleme<\/strong><\/span><br \/>\n<span style=\"color: #000000;\">Fiber optik kablo \u00fczerinden sa\u011flanan hizmetlerde sunulan yedekleme hizmeti ile as\u0131l devrenin lokal eri\u015fiminde ar\u0131za olu\u015fmas\u0131 durumunda trafik yedek ba\u011flant\u0131ya aktar\u0131l\u0131r ve b\u00f6ylelikle kesinti ya\u015fanmam\u0131\u015f olur.<\/span><\/p>\n<\/div>\n<div class=\"cbox01 ff-pr-02\">\n<p class=\"p2\">\n<\/div>\n<\/section>\n<\/div>\n<p>[\/vc_column_text][\/vc_column][\/vc_row][vc_row rt_row_background_width=&#8221;default&#8221; rt_row_style=&#8221;default-style&#8221; rt_row_borders=&#8221;&#8221; rt_row_paddings=&#8221;true&#8221; rt_bg_effect=&#8221;classic&#8221; rt_bg_image_repeat=&#8221;repeat&#8221; rt_bg_size=&#8221;cover&#8221; rt_bg_position=&#8221;right top&#8221; rt_bg_attachment=&#8221;scroll&#8221; rt_bg_video_format=&#8221;self-hosted&#8221;][vc_column width=&#8221;2\/3&#8243; rt_wrp_col_paddings=&#8221;false&#8221; rt_border_top=&#8221;&#8221; rt_border_bottom=&#8221;&#8221; rt_border_left=&#8221;&#8221; rt_border_right=&#8221;&#8221; rt_border_top_mobile=&#8221;&#8221; rt_border_bottom_mobile=&#8221;&#8221; rt_border_left_mobile=&#8221;&#8221; rt_border_right_mobile=&#8221;&#8221; rt_bg_image_repeat=&#8221;repeat&#8221; rt_bg_size=&#8221;auto auto&#8221; rt_bg_position=&#8221;right top&#8221; rt_bg_attachment=&#8221;scroll&#8221;][vc_tta_accordion][vc_tta_section title=&#8221;\u00d6zellikler&#8221; tab_id=&#8221;ozellikler&#8221;][vc_column_text]<\/p>\n<ul>\n<li class=\"p1\"><span class=\"s1\" style=\"color: #000000;\">Yurt i\u00e7i Kiral\u0131k Devre 64 Kbit\/sn-100 Gbit\/sn aras\u0131nda de\u011fi\u015fen h\u0131z alternatifleri sunar.<\/span><\/li>\n<li class=\"p1\"><span class=\"s1\" style=\"color: #000000;\">Talep etti\u011finiz h\u0131za ve u\u00e7lar\u0131n bulundu\u011fu co\u011frafi konuma ba\u011fl\u0131 olarak Netbone tarifesi \u00fczerinden ayl\u0131k olarak \u00fccretlendirilirsiniz.<\/span><\/li>\n<li class=\"p1\"><span class=\"s1\" style=\"color: #000000;\">Kiral\u0131k Devre hizmetinde iki uca ait olarak tek bir devre aboneli\u011finiz olacakt\u0131r.<\/span><\/li>\n<li class=\"p1\"><span class=\"s1\" style=\"color: #000000;\">Yurt i\u00e7i Kiral\u0131k Devre hizmeti fiziksel katmanda \u00e7al\u0131\u015f\u0131r.<\/span><\/li>\n<li class=\"p1\"><span class=\"s1\" style=\"color: #000000;\">Bak\u0131r kablo, fiber optik kablo ve R\/L cihaz\u0131 \u00fczerinden hizmet sunulabilir.<\/span><\/li>\n<li class=\"p1\"><span class=\"s1\" style=\"color: #000000;\">Yurt i\u00e7i Kiral\u0131k Devre hizmetini kullanabilmeniz i\u00e7in teknoloji tipine (TDM, SDH, HDSL, DWDM) ba\u011fl\u0131 olarak modem ya da switch kullanman\u0131z yeterlidir.<\/span><\/li>\n<li class=\"p1\"><span class=\"s1\" style=\"color: #000000;\">Kullan\u0131labilirlik, ba\u015fvuru ile \u0131slah s\u00fcre\u00e7lerine ili\u015fkin sunulan taahh\u00fctleri ve uygulama ayr\u0131nt\u0131lar\u0131n\u0131 kapsayan Hizmet Seviyesi Taahh\u00fcd\u00fc (SLA) bulunur.<\/span><\/li>\n<\/ul>\n<p>[\/vc_column_text][\/vc_tta_section][\/vc_tta_accordion][\/vc_column][vc_column width=&#8221;1\/3&#8243; rt_wrp_col_paddings=&#8221;false&#8221; rt_border_top=&#8221;&#8221; rt_border_bottom=&#8221;&#8221; rt_border_left=&#8221;&#8221; rt_border_right=&#8221;&#8221; rt_border_top_mobile=&#8221;&#8221; rt_border_bottom_mobile=&#8221;&#8221; rt_border_left_mobile=&#8221;&#8221; rt_border_right_mobile=&#8221;&#8221; rt_bg_image_repeat=&#8221;repeat&#8221; rt_bg_size=&#8221;auto auto&#8221; rt_bg_position=&#8221;right top&#8221; rt_bg_attachment=&#8221;scroll&#8221;][\/vc_column][\/vc_row]<\/p>\n","protected":false},"excerpt":{"rendered":"<p>[vc_row rt_row_background_width=&#8221;default&#8221; rt_row_style=&#8221;default-style&#8221; rt_row_borders=&#8221;&#8221; rt_row_paddings=&#8221;true&#8221; rt_bg_effect=&#8221;classic&#8221; rt_bg_image_repeat=&#8221;repeat&#8221; rt_bg_size=&#8221;cover&#8221; rt_bg_position=&#8221;right top&#8221; rt_bg_attachment=&#8221;scroll&#8221; rt_bg_video_format=&#8221;self-hosted&#8221;][vc_column width=&#8221;1\/4&#8243; rt_wrp_col_paddings=&#8221;false&#8221; rt_border_top=&#8221;&#8221; rt_border_bottom=&#8221;&#8221; rt_border_left=&#8221;&#8221; rt_border_right=&#8221;&#8221; rt_border_top_mobile=&#8221;&#8221; rt_border_bottom_mobile=&#8221;&#8221; rt_border_left_mobile=&#8221;&#8221; rt_border_right_mobile=&#8221;&#8221; rt_bg_image_repeat=&#8221;repeat&#8221; rt_bg_size=&#8221;auto auto&#8221; rt_bg_position=&#8221;right top&#8221; rt_bg_attachment=&#8221;scroll&#8221;][\/vc_column][vc_column width=&#8221;3\/4&#8243; rt_wrp_col_paddings=&#8221;false&#8221; rt_border_top=&#8221;&#8221; rt_border_bottom=&#8221;&#8221; rt_border_left=&#8221;&#8221; rt_border_right=&#8221;&#8221; rt_border_top_mobile=&#8221;&#8221; rt_border_bottom_mobile=&#8221;&#8221; rt_border_left_mobile=&#8221;&#8221; rt_border_right_mobile=&#8221;&#8221; rt_bg_image_repeat=&#8221;repeat&#8221; rt_bg_size=&#8221;auto auto&#8221; rt_bg_position=&#8221;right top&#8221; rt_bg_attachment=&#8221;scroll&#8221;][vc_column_text] Yurt i\u00e7i Kiral\u0131k Devre ile g\u00fcvenli veri transferi m\u00fcmk\u00fcn! Bu hizmet [&hellip;]<\/p>\n","protected":false},"author":1,"featured_media":0,"parent":0,"menu_order":0,"comment_status":"closed","ping_status":"closed","template":"","meta":{"footnotes":""},"class_list":["post-3606","page","type-page","status-publish","hentry"],"_links":{"self":[{"href":"https:\/\/netbone.com.tr\/toptan\/wp-json\/wp\/v2\/pages\/3606","targetHints":{"allow":["GET"]}}],"collection":[{"href":"https:\/\/netbone.com.tr\/toptan\/wp-json\/wp\/v2\/pages"}],"about":[{"href":"https:\/\/netbone.com.tr\/toptan\/wp-json\/wp\/v2\/types\/page"}],"author":[{"embeddable":true,"href":"https:\/\/netbone.com.tr\/toptan\/wp-json\/wp\/v2\/users\/1"}],"replies":[{"embeddable":true,"href":"https:\/\/netbone.com.tr\/toptan\/wp-json\/wp\/v2\/comments?post=3606"}],"version-history":[{"count":8,"href":"https:\/\/netbone.com.tr\/toptan\/wp-json\/wp\/v2\/pages\/3606\/revisions"}],"predecessor-version":[{"id":3698,"href":"https:\/\/netbone.com.tr\/toptan\/wp-json\/wp\/v2\/pages\/3606\/revisions\/3698"}],"wp:attachment":[{"href":"https:\/\/netbone.com.tr\/toptan\/wp-json\/wp\/v2\/media?parent=3606"}],"curies":[{"name":"wp","href":"https:\/\/api.w.org\/{rel}","templated":true}]}}