{"id":3609,"date":"2021-02-18T00:17:23","date_gmt":"2021-02-17T21:17:23","guid":{"rendered":"https:\/\/netbone.com.tr\/toptan\/?page_id=3609"},"modified":"2021-02-18T18:31:44","modified_gmt":"2021-02-18T15:31:44","slug":"noktadan-noktaya-gshdsl","status":"publish","type":"page","link":"https:\/\/netbone.com.tr\/toptan\/noktadan-noktaya-gshdsl\/","title":{"rendered":"Noktadan Noktaya G.SHDSL"},"content":{"rendered":"<p>[vc_row rt_row_background_width=&#8221;default&#8221; rt_row_style=&#8221;default-style&#8221; rt_row_borders=&#8221;&#8221; rt_row_paddings=&#8221;true&#8221; rt_bg_effect=&#8221;classic&#8221; rt_bg_image_repeat=&#8221;repeat&#8221; rt_bg_size=&#8221;cover&#8221; rt_bg_position=&#8221;right top&#8221; rt_bg_attachment=&#8221;scroll&#8221; rt_bg_video_format=&#8221;self-hosted&#8221;][vc_column width=&#8221;1\/4&#8243; rt_wrp_col_paddings=&#8221;false&#8221; rt_border_top=&#8221;&#8221; rt_border_bottom=&#8221;&#8221; rt_border_left=&#8221;&#8221; rt_border_right=&#8221;&#8221; rt_border_top_mobile=&#8221;&#8221; rt_border_bottom_mobile=&#8221;&#8221; rt_border_left_mobile=&#8221;&#8221; rt_border_right_mobile=&#8221;&#8221; rt_bg_image_repeat=&#8221;repeat&#8221; rt_bg_size=&#8221;auto auto&#8221; rt_bg_position=&#8221;right top&#8221; rt_bg_attachment=&#8221;scroll&#8221;]<div class=\"rt_heading_wrapper \">\n\t\t\t\t\t\t<h1 class=\"rt_heading  \" >Noktadan Noktaya G.SHDSL<\/h1>\n\t\t\t\t\t<\/div>[\/vc_column][vc_column width=&#8221;3\/4&#8243; rt_wrp_col_paddings=&#8221;false&#8221; rt_border_top=&#8221;&#8221; rt_border_bottom=&#8221;&#8221; rt_border_left=&#8221;&#8221; rt_border_right=&#8221;&#8221; rt_border_top_mobile=&#8221;&#8221; rt_border_bottom_mobile=&#8221;&#8221; rt_border_left_mobile=&#8221;&#8221; rt_border_right_mobile=&#8221;&#8221; rt_bg_image_repeat=&#8221;repeat&#8221; rt_bg_size=&#8221;auto auto&#8221; rt_bg_position=&#8221;right top&#8221; rt_bg_attachment=&#8221;scroll&#8221;][vc_column_text]<span style=\"color: #000000;\">\u015eirketinizin farkl\u0131 lokasyonlar\u0131 aras\u0131nda simetrik bant geni\u015fli\u011fi ve g\u00fcvenli eri\u015fim imkan\u0131 sa\u011flayan Noktadan Noktaya G.SHDSL ile kurumsal uygulamalar\u0131n\u0131z\u0131n payla\u015f\u0131m\u0131 i\u00e7in ekonomik bir \u00e7\u00f6z\u00fcm sahibi olabilirsiniz.<\/span><\/p>\n<hr \/>\n<h3 class=\"p2\"><span style=\"color: #000000;\"><strong><span class=\"s1\">Noktadan Noktaya G.SHDSL Size Neler Sunuyor?<\/span><\/strong><\/span><\/h3>\n<p class=\"p2\"><span style=\"color: #000000;\"><strong><span class=\"s1\">Y\u00fcksek Kullan\u0131labilirlik<br \/>\n<\/span><\/strong><span class=\"s1\">Y\u00fcksek d\u00fczeyde \u015febeke yedeklili\u011fine sahip olan Netbone, hizmetin kalitesini ve s\u00fcreklili\u011fini garanti alt\u0131na alan Hizmet Seviyesi Taahh\u00fcd\u00fc sunarak veri trafi\u011finizin devaml\u0131l\u0131\u011f\u0131n\u0131 sa\u011flar.<\/span><\/span><\/p>\n<p class=\"p2\"><span style=\"color: #000000;\"><strong><span class=\"s1\">G\u00fcvenlik<br \/>\n<\/span><\/strong><span class=\"s1\">Farkl\u0131 lokasyonlar\u0131n\u0131z aras\u0131nda u\u00e7tan uca tan\u0131mlanan sanal devreler sayesinde g\u00fcvenli bir a\u011f olu\u015fturarak ileti\u015fim sa\u011flar.<\/span><\/span><\/p>\n<p class=\"p2\"><span style=\"color: #000000;\"><strong><span class=\"s1\">Maliyet<br \/>\n<\/span><\/strong><span class=\"s1\">Noktadan Noktaya G.SHDSL hizmetinde hem ba\u011flant\u0131 maliyetleri hem de ihtiya\u00e7 duyulan modem, router gibi donan\u0131mlar\u0131n maliyetleri d\u00fc\u015f\u00fck oldu\u011fu i\u00e7in y\u00fcksek miktarlarda ilk yat\u0131r\u0131m yapman\u0131z gerekmez.<\/span><\/span><\/p>\n<p class=\"p2\"><span style=\"color: #000000;\"><strong><span class=\"s1\">Esneklik<br \/>\n<\/span><\/strong><span class=\"s1\">Noktadan Noktaya G.SHDSL hizmetini veri ileti\u015fimi sa\u011flayaca\u011f\u0131n\u0131z her u\u00e7 kullanabilece\u011finiz gibi di\u011fer hizmet tiplerini kullanan bir noktay\u0131 da bu hizmeti sat\u0131n ald\u0131\u011f\u0131n\u0131z bir u\u00e7 nokta ile ba\u011flayabilirsiniz.<\/span><\/span><\/p>\n<p>[\/vc_column_text][\/vc_column][\/vc_row][vc_row rt_row_background_width=&#8221;default&#8221; rt_row_style=&#8221;default-style&#8221; rt_row_borders=&#8221;&#8221; rt_row_paddings=&#8221;true&#8221; rt_bg_effect=&#8221;classic&#8221; rt_bg_image_repeat=&#8221;repeat&#8221; rt_bg_size=&#8221;cover&#8221; rt_bg_position=&#8221;right top&#8221; rt_bg_attachment=&#8221;scroll&#8221; rt_bg_video_format=&#8221;self-hosted&#8221;][vc_column width=&#8221;2\/3&#8243; rt_wrp_col_paddings=&#8221;false&#8221; rt_border_top=&#8221;&#8221; rt_border_bottom=&#8221;&#8221; rt_border_left=&#8221;&#8221; rt_border_right=&#8221;&#8221; rt_border_top_mobile=&#8221;&#8221; rt_border_bottom_mobile=&#8221;&#8221; rt_border_left_mobile=&#8221;&#8221; rt_border_right_mobile=&#8221;&#8221; rt_bg_image_repeat=&#8221;repeat&#8221; rt_bg_size=&#8221;auto auto&#8221; rt_bg_position=&#8221;right top&#8221; rt_bg_attachment=&#8221;scroll&#8221;][vc_tta_accordion][vc_tta_section title=&#8221;\u00d6zellikler&#8221; tab_id=&#8221;ozellikler&#8221;][vc_column_text]<\/p>\n<ul>\n<li><span style=\"color: #000000;\">G.SHDSL modemler sayesinde 128 Kbps&#8217;den 2 Mbps&#8217;ye kadar ba\u011flant\u0131 se\u00e7eneklerinden yararlanabilirsiniz.<\/span><\/li>\n<li><span style=\"color: #000000;\">Avantajl\u0131 ilk yat\u0131r\u0131m ve operasyonel maliyetler sunar.<\/span><\/li>\n<\/ul>\n<p>[\/vc_column_text][\/vc_tta_section][\/vc_tta_accordion][\/vc_column][vc_column width=&#8221;1\/3&#8243; rt_wrp_col_paddings=&#8221;false&#8221; rt_border_top=&#8221;&#8221; rt_border_bottom=&#8221;&#8221; rt_border_left=&#8221;&#8221; rt_border_right=&#8221;&#8221; rt_border_top_mobile=&#8221;&#8221; rt_border_bottom_mobile=&#8221;&#8221; rt_border_left_mobile=&#8221;&#8221; rt_border_right_mobile=&#8221;&#8221; rt_bg_image_repeat=&#8221;repeat&#8221; rt_bg_size=&#8221;auto auto&#8221; rt_bg_position=&#8221;right top&#8221; rt_bg_attachment=&#8221;scroll&#8221;][\/vc_column][\/vc_row]<\/p>\n","protected":false},"excerpt":{"rendered":"<p>[vc_row rt_row_background_width=&#8221;default&#8221; rt_row_style=&#8221;default-style&#8221; rt_row_borders=&#8221;&#8221; rt_row_paddings=&#8221;true&#8221; rt_bg_effect=&#8221;classic&#8221; rt_bg_image_repeat=&#8221;repeat&#8221; rt_bg_size=&#8221;cover&#8221; rt_bg_position=&#8221;right top&#8221; rt_bg_attachment=&#8221;scroll&#8221; rt_bg_video_format=&#8221;self-hosted&#8221;][vc_column width=&#8221;1\/4&#8243; rt_wrp_col_paddings=&#8221;false&#8221; rt_border_top=&#8221;&#8221; rt_border_bottom=&#8221;&#8221; rt_border_left=&#8221;&#8221; rt_border_right=&#8221;&#8221; rt_border_top_mobile=&#8221;&#8221; rt_border_bottom_mobile=&#8221;&#8221; rt_border_left_mobile=&#8221;&#8221; rt_border_right_mobile=&#8221;&#8221; rt_bg_image_repeat=&#8221;repeat&#8221; rt_bg_size=&#8221;auto auto&#8221; rt_bg_position=&#8221;right top&#8221; rt_bg_attachment=&#8221;scroll&#8221;][\/vc_column][vc_column width=&#8221;3\/4&#8243; rt_wrp_col_paddings=&#8221;false&#8221; rt_border_top=&#8221;&#8221; rt_border_bottom=&#8221;&#8221; rt_border_left=&#8221;&#8221; rt_border_right=&#8221;&#8221; rt_border_top_mobile=&#8221;&#8221; rt_border_bottom_mobile=&#8221;&#8221; rt_border_left_mobile=&#8221;&#8221; rt_border_right_mobile=&#8221;&#8221; rt_bg_image_repeat=&#8221;repeat&#8221; rt_bg_size=&#8221;auto auto&#8221; rt_bg_position=&#8221;right top&#8221; rt_bg_attachment=&#8221;scroll&#8221;][vc_column_text]\u015eirketinizin farkl\u0131 lokasyonlar\u0131 aras\u0131nda simetrik bant geni\u015fli\u011fi ve g\u00fcvenli eri\u015fim imkan\u0131 sa\u011flayan [&hellip;]<\/p>\n","protected":false},"author":1,"featured_media":0,"parent":0,"menu_order":0,"comment_status":"closed","ping_status":"closed","template":"","meta":{"footnotes":""},"class_list":["post-3609","page","type-page","status-publish","hentry"],"_links":{"self":[{"href":"https:\/\/netbone.com.tr\/toptan\/wp-json\/wp\/v2\/pages\/3609","targetHints":{"allow":["GET"]}}],"collection":[{"href":"https:\/\/netbone.com.tr\/toptan\/wp-json\/wp\/v2\/pages"}],"about":[{"href":"https:\/\/netbone.com.tr\/toptan\/wp-json\/wp\/v2\/types\/page"}],"author":[{"embeddable":true,"href":"https:\/\/netbone.com.tr\/toptan\/wp-json\/wp\/v2\/users\/1"}],"replies":[{"embeddable":true,"href":"https:\/\/netbone.com.tr\/toptan\/wp-json\/wp\/v2\/comments?post=3609"}],"version-history":[{"count":3,"href":"https:\/\/netbone.com.tr\/toptan\/wp-json\/wp\/v2\/pages\/3609\/revisions"}],"predecessor-version":[{"id":3705,"href":"https:\/\/netbone.com.tr\/toptan\/wp-json\/wp\/v2\/pages\/3609\/revisions\/3705"}],"wp:attachment":[{"href":"https:\/\/netbone.com.tr\/toptan\/wp-json\/wp\/v2\/media?parent=3609"}],"curies":[{"name":"wp","href":"https:\/\/api.w.org\/{rel}","templated":true}]}}