{"id":3612,"date":"2021-02-18T00:20:11","date_gmt":"2021-02-17T21:20:11","guid":{"rendered":"https:\/\/netbone.com.tr\/toptan\/?page_id=3612"},"modified":"2021-02-18T16:22:06","modified_gmt":"2021-02-18T13:22:06","slug":"metro-ethernet-internet","status":"publish","type":"page","link":"https:\/\/netbone.com.tr\/toptan\/metro-ethernet-internet\/","title":{"rendered":"Metro Ethernet \u0130nternet"},"content":{"rendered":"<p>[vc_row rt_row_background_width=&#8221;default&#8221; rt_row_style=&#8221;default-style&#8221; rt_row_borders=&#8221;&#8221; rt_row_paddings=&#8221;true&#8221; rt_bg_effect=&#8221;classic&#8221; rt_bg_image_repeat=&#8221;repeat&#8221; rt_bg_size=&#8221;cover&#8221; rt_bg_position=&#8221;right top&#8221; rt_bg_attachment=&#8221;scroll&#8221; rt_bg_video_format=&#8221;self-hosted&#8221;][vc_column width=&#8221;1\/4&#8243; rt_wrp_col_paddings=&#8221;false&#8221; rt_border_top=&#8221;&#8221; rt_border_bottom=&#8221;&#8221; rt_border_left=&#8221;&#8221; rt_border_right=&#8221;&#8221; rt_border_top_mobile=&#8221;&#8221; rt_border_bottom_mobile=&#8221;&#8221; rt_border_left_mobile=&#8221;&#8221; rt_border_right_mobile=&#8221;&#8221; rt_bg_image_repeat=&#8221;repeat&#8221; rt_bg_size=&#8221;auto auto&#8221; rt_bg_position=&#8221;right top&#8221; rt_bg_attachment=&#8221;scroll&#8221; css=&#8221;.vc_custom_1613652230021{background-color: #003c71 !important;}&#8221; rt_min_height=&#8221;100&#8243;][vc_custom_heading text=&#8221;Metro Ethernet&#8221; font_container=&#8221;tag:h2|font_size:36|text_align:left|color:%23ffffff&#8221; google_fonts=&#8221;font_family:Alegreya%20Sans%3A100%2C100italic%2C300%2C300italic%2Cregular%2Citalic%2C500%2C500italic%2C700%2C700italic%2C800%2C800italic%2C900%2C900italic|font_style:700%20bold%20regular%3A700%3Anormal&#8221; css=&#8221;.vc_custom_1613652312095{padding-top: 30px !important;}&#8221;][\/vc_column][vc_column width=&#8221;3\/4&#8243; rt_wrp_col_paddings=&#8221;false&#8221; rt_border_top=&#8221;&#8221; rt_border_bottom=&#8221;&#8221; rt_border_left=&#8221;&#8221; rt_border_right=&#8221;&#8221; rt_border_top_mobile=&#8221;&#8221; rt_border_bottom_mobile=&#8221;&#8221; rt_border_left_mobile=&#8221;&#8221; rt_border_right_mobile=&#8221;&#8221; rt_bg_image_repeat=&#8221;repeat&#8221; rt_bg_size=&#8221;auto auto&#8221; rt_bg_position=&#8221;right top&#8221; rt_bg_attachment=&#8221;scroll&#8221;][vc_column_text]<span style=\"color: #000000;\">Netbone\u2019un operat\u00f6rlere sundu\u011fu Metro Ethernet \u0130nternet hizmetleriyle internete daha kaliteli ve daha h\u0131zl\u0131 ba\u011flan\u0131n!<\/span><\/p>\n<div class=\"detailColumn\">\n<section class=\"type-02 \">\n<div class=\"cbox01 ff-pr-02\">\n<p><span style=\"color: #000000;\">\u0130nternet Servis Sa\u011flay\u0131c\u0131lar i\u00e7in fiber \u00fczerinden, payla\u015f\u0131ms\u0131z, protokol d\u00f6n\u00fc\u015f\u00fcmlerine ihtiya\u00e7 duymadan sunulan bu hizmet sayesinde, simetrik iletim yap\u0131s\u0131na sahip olarak internete y\u00fcksek h\u0131zlarda ba\u011flanabilirsiniz!<\/span><\/p>\n<hr \/>\n<h3><span style=\"color: #000000;\"><strong>Metro Ethernet \u0130nternet Size Neler Sunuyor?<\/strong><\/span><\/h3>\n<p><span style=\"color: #000000;\"><strong>Maliyet Tasarrufu<br \/>\n<\/strong>Metro Ethernet \u0130nternet u\u00e7tan uca ethernet paketi ta\u015f\u0131d\u0131\u011f\u0131 ve paket d\u00f6n\u00fc\u015f\u00fcm\u00fcne ihtiya\u00e7 duymad\u0131\u011f\u0131 i\u00e7in SDH gibi ek yat\u0131r\u0131mlar yapman\u0131z gerekmez.<\/span><\/p>\n<p><span style=\"color: #000000;\"><strong>Uyumlu Altyap\u0131<br \/>\n<\/strong>Noktadan noktaya hizmetlerle ve IP VPN hizmetleriyle uyumlu altyap\u0131 sa\u011flar.<\/span><\/p>\n<p><span style=\"color: #000000;\"><strong>Size \u00d6zel \u0130nternet<br \/>\n<\/strong>Size \u00f6zel payla\u015f\u0131ms\u0131z bir hat \u00fczerinden internete \u00e7\u0131k\u0131\u015f sa\u011flayabilir, MRTG ara y\u00fcz\u00fc \u00fczerinden sunulan bant geni\u015fli\u011fi grafikleriyle interneti etkin kullanabilirsiniz.<\/span><\/p>\n<p><span style=\"color: #000000;\"><strong>Limitsiz Data G\u00f6nderimi<br \/>\n<\/strong>Kota ve adil kullan\u0131m noktas\u0131 limitleri olmadan s\u0131n\u0131rs\u0131z data kullan\u0131m imkan\u0131 ile i\u015finiz aral\u0131ks\u0131z ve sekteye u\u011framadan devam eder. Bu sayede m\u00fc\u015fterileriniz kota a\u015f\u0131m\u0131ndan kaynaklanan s\u00fcrpriz \u00fccret farklar\u0131yla da kar\u015f\u0131la\u015fmaz.<\/span><\/p>\n<p><span style=\"color: #000000;\"><strong>Y\u00fcksek Download ve Upload H\u0131z\u0131<br \/>\n<\/strong>5 Mbps ile 100 Gbps aras\u0131nda de\u011fi\u015fen y\u00fcksek h\u0131z se\u00e7eneklerinden faydalanabilirsiniz. Hizmetin simetrik olmas\u0131 nedeniyle upload ve download h\u0131z\u0131 birbirine e\u015fittir. Bir\u00e7ok internet hizmetinde download h\u0131z\u0131 \u00fczerine yo\u011funla\u015f\u0131lsa da, upload h\u0131z\u0131 da y\u00fcksek kapasitede dosya g\u00f6nderimi ihtiyac\u0131 olan m\u00fc\u015fterileriniz i\u00e7in olduk\u00e7a \u00f6nemlidir.<\/span><\/p>\n<\/div>\n<\/section>\n<\/div>\n<p>[\/vc_column_text][\/vc_column][\/vc_row][vc_row rt_row_background_width=&#8221;default&#8221; rt_row_style=&#8221;default-style&#8221; rt_row_borders=&#8221;&#8221; rt_row_paddings=&#8221;true&#8221; rt_bg_effect=&#8221;classic&#8221; rt_bg_image_repeat=&#8221;repeat&#8221; rt_bg_size=&#8221;cover&#8221; rt_bg_position=&#8221;right top&#8221; rt_bg_attachment=&#8221;scroll&#8221; rt_bg_video_format=&#8221;self-hosted&#8221;][vc_column width=&#8221;2\/3&#8243; rt_wrp_col_paddings=&#8221;false&#8221; rt_border_top=&#8221;&#8221; rt_border_bottom=&#8221;&#8221; rt_border_left=&#8221;&#8221; rt_border_right=&#8221;&#8221; rt_border_top_mobile=&#8221;&#8221; rt_border_bottom_mobile=&#8221;&#8221; rt_border_left_mobile=&#8221;&#8221; rt_border_right_mobile=&#8221;&#8221; rt_bg_image_repeat=&#8221;repeat&#8221; rt_bg_size=&#8221;auto auto&#8221; rt_bg_position=&#8221;right top&#8221; rt_bg_attachment=&#8221;scroll&#8221;][vc_tta_accordion style=&#8221;modern&#8221; active_section=&#8221;1&#8243;][vc_tta_section title=&#8221;Metro Ethernet \u00d6zellikleri&#8221; tab_id=&#8221;metro-ethernet-ozellikleri&#8221;][vc_column_text]<\/p>\n<ul>\n<li><span style=\"color: #000000;\">Metro Ethernet \u0130nternet optik ve ethernet teknolojilerinin avantajlar\u0131n\u0131 bir araya getirir.<\/span><\/li>\n<li><span style=\"color: #000000;\">\u0130sterseniz ayn\u0131 santralden, isterseniz farkl\u0131 santralden lokal eri\u015fim yedeklemesi yapabilirsiniz.<\/span><\/li>\n<li><span style=\"color: #000000;\">Esnek bant geni\u015fli\u011fi sayesinde, ihtiyac\u0131n\u0131za g\u00f6re bant geni\u015fli\u011fi art\u0131r\u0131m\u0131 yap\u0131l\u0131r.<\/span><\/li>\n<li><span style=\"color: #000000;\">Hizmet, IP\/MPLS \u015febekesi \u00fczerinden verilir ve katma de\u011ferli servisler i\u00e7in gerekli platformu sizlere sa\u011flar.<\/span><\/li>\n<li><span style=\"color: #000000;\">Hat kopmas\u0131 halinde 50 ms\u2019den daha k\u0131sa bir s\u00fcrede iletim yedek fiber optik hatta aktar\u0131labilir.<\/span><\/li>\n<li><span style=\"color: #000000;\">Lokal eri\u015fimi fiber optik kablo ile tesis edildi\u011fi i\u00e7in bak\u0131r lokal eri\u015fimin bak\u0131m ve onar\u0131m\u0131n zorlu\u011fu, mesafe k\u0131s\u0131t\u0131 gibi dezavantajlar\u0131 bulunmaz.<\/span><\/li>\n<li><span style=\"color: #000000;\">Ba\u011flant\u0131 s\u00fcresi, kullan\u0131labilirlik oran\u0131 ve ar\u0131za onar\u0131m s\u00fcresine ili\u015fkin taahh\u00fctleri i\u00e7eren Hizmet Seviyesi Taahh\u00fcd\u00fc sunulur.<\/span><\/li>\n<li><span style=\"color: #000000;\">IPv6-IPv4 \u00e7oklu IP se\u00e7enekleri sunulur.<\/span><\/li>\n<li><span style=\"color: #000000;\">\u0130zlemek istedi\u011finiz devre numaralar\u0131n\u0131z MRTG sistemine girilir ve g\u00fcnl\u00fck, haftal\u0131k, ayl\u0131k, y\u0131ll\u0131k trafik kullan\u0131m oranlar\u0131n\u0131z raporlan\u0131r.<\/span><\/li>\n<\/ul>\n<p>[\/vc_column_text][\/vc_tta_section][\/vc_tta_accordion][\/vc_column][vc_column width=&#8221;1\/3&#8243; rt_wrp_col_paddings=&#8221;false&#8221; rt_border_top=&#8221;&#8221; rt_border_bottom=&#8221;&#8221; rt_border_left=&#8221;&#8221; rt_border_right=&#8221;&#8221; rt_border_top_mobile=&#8221;&#8221; rt_border_bottom_mobile=&#8221;&#8221; rt_border_left_mobile=&#8221;&#8221; rt_border_right_mobile=&#8221;&#8221; rt_bg_image_repeat=&#8221;repeat&#8221; rt_bg_size=&#8221;auto auto&#8221; rt_bg_position=&#8221;right top&#8221; rt_bg_attachment=&#8221;scroll&#8221;][vc_column_text css=&#8221;.vc_custom_1613654520492{padding-top: 20px !important;padding-right: 10px !important;padding-bottom: 20px !important;padding-left: 10px !important;background-color: #013b82 !important;}&#8221;]<\/p>\n<h4><span style=\"color: #ffffff;\">Toptan sat\u0131\u015f ekibimizle ileti\u015fime ge\u00e7mek i\u00e7in a\u015fa\u011f\u0131daki numaradan bizi arayabilir veya e-posta g\u00f6nderebilirsiniz.<\/span><\/h4>\n<p><span style=\"color: #ffffff;\">&#8212;<\/span><\/p>\n<p><span style=\"color: #ffffff;\">Toptan \u0130leti\u015fim<\/span><br \/>\n<span style=\"color: #ffffff;\"><a style=\"color: #ffffff;\" href=\"tel:+902129010444\"><strong>+90 (212) 901 0 444<\/strong><\/a><\/span><\/p>\n<p><span style=\"color: #ffffff;\">E-Posta Adresi<br \/>\n<a style=\"color: #ffffff;\" href=\"mailto:toptansatis@netbone.com.tr\"><strong>toptansatis@netbone.com.tr<\/strong><\/a>\u00a0<\/span>[\/vc_column_text][\/vc_column][\/vc_row]<\/p>\n","protected":false},"excerpt":{"rendered":"<p>[vc_row rt_row_background_width=&#8221;default&#8221; rt_row_style=&#8221;default-style&#8221; rt_row_borders=&#8221;&#8221; rt_row_paddings=&#8221;true&#8221; rt_bg_effect=&#8221;classic&#8221; rt_bg_image_repeat=&#8221;repeat&#8221; rt_bg_size=&#8221;cover&#8221; rt_bg_position=&#8221;right top&#8221; rt_bg_attachment=&#8221;scroll&#8221; rt_bg_video_format=&#8221;self-hosted&#8221;][vc_column width=&#8221;1\/4&#8243; rt_wrp_col_paddings=&#8221;false&#8221; rt_border_top=&#8221;&#8221; rt_border_bottom=&#8221;&#8221; rt_border_left=&#8221;&#8221; rt_border_right=&#8221;&#8221; rt_border_top_mobile=&#8221;&#8221; rt_border_bottom_mobile=&#8221;&#8221; rt_border_left_mobile=&#8221;&#8221; rt_border_right_mobile=&#8221;&#8221; rt_bg_image_repeat=&#8221;repeat&#8221; rt_bg_size=&#8221;auto auto&#8221; rt_bg_position=&#8221;right top&#8221; rt_bg_attachment=&#8221;scroll&#8221; css=&#8221;.vc_custom_1613652230021{background-color: #003c71 !important;}&#8221; rt_min_height=&#8221;100&#8243;][vc_custom_heading text=&#8221;Metro Ethernet&#8221; font_container=&#8221;tag:h2|font_size:36|text_align:left|color:%23ffffff&#8221; google_fonts=&#8221;font_family:Alegreya%20Sans%3A100%2C100italic%2C300%2C300italic%2Cregular%2Citalic%2C500%2C500italic%2C700%2C700italic%2C800%2C800italic%2C900%2C900italic|font_style:700%20bold%20regular%3A700%3Anormal&#8221; css=&#8221;.vc_custom_1613652312095{padding-top: 30px !important;}&#8221;][\/vc_column][vc_column width=&#8221;3\/4&#8243; rt_wrp_col_paddings=&#8221;false&#8221; rt_border_top=&#8221;&#8221; rt_border_bottom=&#8221;&#8221; rt_border_left=&#8221;&#8221; rt_border_right=&#8221;&#8221; rt_border_top_mobile=&#8221;&#8221; rt_border_bottom_mobile=&#8221;&#8221; rt_border_left_mobile=&#8221;&#8221; rt_border_right_mobile=&#8221;&#8221; rt_bg_image_repeat=&#8221;repeat&#8221; rt_bg_size=&#8221;auto auto&#8221; rt_bg_position=&#8221;right top&#8221; rt_bg_attachment=&#8221;scroll&#8221;][vc_column_text]Netbone\u2019un [&hellip;]<\/p>\n","protected":false},"author":1,"featured_media":0,"parent":0,"menu_order":0,"comment_status":"closed","ping_status":"closed","template":"","meta":{"footnotes":""},"class_list":["post-3612","page","type-page","status-publish","hentry"],"_links":{"self":[{"href":"https:\/\/netbone.com.tr\/toptan\/wp-json\/wp\/v2\/pages\/3612","targetHints":{"allow":["GET"]}}],"collection":[{"href":"https:\/\/netbone.com.tr\/toptan\/wp-json\/wp\/v2\/pages"}],"about":[{"href":"https:\/\/netbone.com.tr\/toptan\/wp-json\/wp\/v2\/types\/page"}],"author":[{"embeddable":true,"href":"https:\/\/netbone.com.tr\/toptan\/wp-json\/wp\/v2\/users\/1"}],"replies":[{"embeddable":true,"href":"https:\/\/netbone.com.tr\/toptan\/wp-json\/wp\/v2\/comments?post=3612"}],"version-history":[{"count":16,"href":"https:\/\/netbone.com.tr\/toptan\/wp-json\/wp\/v2\/pages\/3612\/revisions"}],"predecessor-version":[{"id":3686,"href":"https:\/\/netbone.com.tr\/toptan\/wp-json\/wp\/v2\/pages\/3612\/revisions\/3686"}],"wp:attachment":[{"href":"https:\/\/netbone.com.tr\/toptan\/wp-json\/wp\/v2\/media?parent=3612"}],"curies":[{"name":"wp","href":"https:\/\/api.w.org\/{rel}","templated":true}]}}