{"id":3617,"date":"2021-02-18T00:20:38","date_gmt":"2021-02-17T21:20:38","guid":{"rendered":"https:\/\/netbone.com.tr\/toptan\/?page_id=3617"},"modified":"2021-02-23T18:36:20","modified_gmt":"2021-02-23T15:36:20","slug":"veri-merkezi-internet","status":"publish","type":"page","link":"https:\/\/netbone.com.tr\/toptan\/veri-merkezi-internet\/","title":{"rendered":"Veri Merkezi \u0130nternet"},"content":{"rendered":"<p>[vc_row rt_row_background_width=&#8221;default&#8221; rt_row_style=&#8221;default-style&#8221; rt_row_borders=&#8221;&#8221; rt_row_paddings=&#8221;true&#8221; rt_bg_effect=&#8221;classic&#8221; rt_bg_image_repeat=&#8221;repeat&#8221; rt_bg_size=&#8221;cover&#8221; rt_bg_position=&#8221;right top&#8221; rt_bg_attachment=&#8221;scroll&#8221; rt_bg_video_format=&#8221;self-hosted&#8221;][vc_column width=&#8221;1\/4&#8243; rt_wrp_col_paddings=&#8221;false&#8221; rt_border_top=&#8221;&#8221; rt_border_bottom=&#8221;&#8221; rt_border_left=&#8221;&#8221; rt_border_right=&#8221;&#8221; rt_border_top_mobile=&#8221;&#8221; rt_border_bottom_mobile=&#8221;&#8221; rt_border_left_mobile=&#8221;&#8221; rt_border_right_mobile=&#8221;&#8221; rt_bg_image_repeat=&#8221;repeat&#8221; rt_bg_size=&#8221;auto auto&#8221; rt_bg_position=&#8221;right top&#8221; rt_bg_attachment=&#8221;scroll&#8221;]<div class=\"rt_heading_wrapper \">\n\t\t\t\t\t\t<h1 class=\"rt_heading  \" >Veri Merkezi Ba\u011flant\u0131s\u0131<\/h1>\n\t\t\t\t\t<\/div>[\/vc_column][vc_column width=&#8221;3\/4&#8243; rt_wrp_col_paddings=&#8221;false&#8221; rt_border_top=&#8221;&#8221; rt_border_bottom=&#8221;&#8221; rt_border_left=&#8221;&#8221; rt_border_right=&#8221;&#8221; rt_border_top_mobile=&#8221;&#8221; rt_border_bottom_mobile=&#8221;&#8221; rt_border_left_mobile=&#8221;&#8221; rt_border_right_mobile=&#8221;&#8221; rt_bg_image_repeat=&#8221;repeat&#8221; rt_bg_size=&#8221;auto auto&#8221; rt_bg_position=&#8221;right top&#8221; rt_bg_attachment=&#8221;scroll&#8221;][vc_column_text]<span style=\"color: #000000;\">Netbone Veri Merkezi Ba\u011flant\u0131s\u0131 hizmeti ile y\u00fcksek d\u00fczeydeki data trafi\u011finizi veri merkezi sunucular\u0131n\u0131zdan Netbone \u015febekesine do\u011fru y\u00f6nlendirebilirsiniz.<\/span><\/p>\n<div class=\"detailColumn\">\n<section class=\"type-02 \">\n<div class=\"cbox01 ff-pr-02\">\n<p><span style=\"color: #000000;\">Bu hizmetin sundu\u011fu ters asimetrik yap\u0131 ile veri merkezlerine \u00f6zel ekonomik ve g\u00fcvenli bir internet eri\u015fimi sa\u011flayabilirsiniz.<\/span><\/p>\n<hr \/>\n<h3><span style=\"color: #000000;\"><strong>Veri Merkezi Ba\u011flant\u0131s\u0131 Size Neler Sunuyor?<\/strong><\/span><\/h3>\n<p><span style=\"color: #000000;\"><strong>Size \u00d6zel \u0130nternet<\/strong><\/span><br \/>\n<span style=\"color: #000000;\">Size \u00f6zel payla\u015f\u0131ms\u0131z bir hat \u00fczerinden internete \u00e7\u0131k\u0131\u015f sa\u011flayabilirsiniz.<\/span><\/p>\n<p><span style=\"color: #000000;\"><strong>Kontrol Kolayl\u0131\u011f\u0131<\/strong><\/span><br \/>\n<span style=\"color: #000000;\">MRTG aray\u00fcz\u00fc \u00fczerinden takip edebilece\u011finiz bant geni\u015fli\u011fi grafikleriyle hizmeti en etkin \u015fekilde kullanabilirsiniz.<\/span><\/p>\n<p><span style=\"color: #000000;\"><strong>Y\u00fcksek Download ve Upload H\u0131z\u0131<\/strong><\/span><br \/>\n<span style=\"color: #000000;\">250 Mbit\/s ile 1000 Gbit\/s aras\u0131nda de\u011fi\u015fen y\u00fcksek h\u0131z se\u00e7eneklerinden faydalanabilirsiniz. Hizmet, ters asimetrik bir \u0130nternet hizmeti olup, \u00e7e\u015fitli (download\/upload) asimetri oran\u0131 se\u00e7enekleri mevcuttur. Netbone Veri Merkezi Ba\u011flant\u0131s\u0131 optik ve ethernet teknolojilerinin avantajlar\u0131n\u0131 bir araya getirir.<\/span><\/p>\n<\/div>\n<\/section>\n<\/div>\n<p>[\/vc_column_text][\/vc_column][\/vc_row][vc_row rt_row_background_width=&#8221;default&#8221; rt_row_style=&#8221;default-style&#8221; rt_row_borders=&#8221;&#8221; rt_row_paddings=&#8221;true&#8221; rt_bg_effect=&#8221;classic&#8221; rt_bg_image_repeat=&#8221;repeat&#8221; rt_bg_size=&#8221;cover&#8221; rt_bg_position=&#8221;right top&#8221; rt_bg_attachment=&#8221;scroll&#8221; rt_bg_video_format=&#8221;self-hosted&#8221;][vc_column width=&#8221;2\/3&#8243; rt_wrp_col_paddings=&#8221;false&#8221; rt_border_top=&#8221;&#8221; rt_border_bottom=&#8221;&#8221; rt_border_left=&#8221;&#8221; rt_border_right=&#8221;&#8221; rt_border_top_mobile=&#8221;&#8221; rt_border_bottom_mobile=&#8221;&#8221; rt_border_left_mobile=&#8221;&#8221; rt_border_right_mobile=&#8221;&#8221; rt_bg_image_repeat=&#8221;repeat&#8221; rt_bg_size=&#8221;auto auto&#8221; rt_bg_position=&#8221;right top&#8221; rt_bg_attachment=&#8221;scroll&#8221;][vc_tta_accordion][vc_tta_section title=&#8221;\u00d6zellikler&#8221; tab_id=&#8221;ozellikler&#8221;][vc_column_text]<\/p>\n<ul>\n<li><span style=\"color: #000000;\">Ters asimetrik bir hizmettir. 1:2, 1:5, 1:6, 1:10, 1:12 ve 1:15 (download\/upload) asimetri oran\u0131 se\u00e7enekleri mevcuttur.<\/span><\/li>\n<li><span style=\"color: #000000;\">Veri Merkezi Ba\u011flant\u0131s\u0131 hizmeti IP\/MPLS \u015febekesi \u00fczerinden sunulur.<\/span><\/li>\n<li><span style=\"color: #000000;\">Hizmet kapsam\u0131nda, adresinizle hizmetin verildi\u011fi Netbone santral binas\u0131 aras\u0131nda size \u00f6zel ve payla\u015f\u0131ms\u0131z bir fiber optik kablo tesis edilir.<\/span><\/li>\n<li><span style=\"color: #000000;\">Lokal eri\u015fimi fiber optik kablo ile tesis edildi\u011fi i\u00e7in bak\u0131r lokal eri\u015fimin bak\u0131m, onar\u0131m zorlu\u011fu ve mesafe k\u0131s\u0131t\u0131 gibi dezavantajlar\u0131 s\u00f6z konusu de\u011fildir.<\/span><\/li>\n<li><span style=\"color: #000000;\">Ayn\u0131 santralden ve farkl\u0131 santralden lokal eri\u015fim yedeklemesi hizmeti se\u00e7enekleriyle sunulur.<\/span><\/li>\n<li><span style=\"color: #000000;\">\u0130zlemek istedi\u011finiz devre numaralar\u0131n\u0131z sisteme girilir ve g\u00fcnl\u00fck, haftal\u0131k, ayl\u0131k ve y\u0131ll\u0131k trafik kullan\u0131m oranlar\u0131n\u0131z raporlan\u0131r.<\/span><\/li>\n<li><span style=\"color: #000000;\">IPv6-IPv4 \u00c7oklu IP se\u00e7enekleri sunulur.<\/span><\/li>\n<\/ul>\n<p>[\/vc_column_text][\/vc_tta_section][\/vc_tta_accordion][\/vc_column][vc_column width=&#8221;1\/3&#8243; rt_wrp_col_paddings=&#8221;false&#8221; rt_border_top=&#8221;&#8221; rt_border_bottom=&#8221;&#8221; rt_border_left=&#8221;&#8221; rt_border_right=&#8221;&#8221; rt_border_top_mobile=&#8221;&#8221; rt_border_bottom_mobile=&#8221;&#8221; rt_border_left_mobile=&#8221;&#8221; rt_border_right_mobile=&#8221;&#8221; rt_bg_image_repeat=&#8221;repeat&#8221; rt_bg_size=&#8221;auto auto&#8221; rt_bg_position=&#8221;right top&#8221; rt_bg_attachment=&#8221;scroll&#8221;][\/vc_column][\/vc_row]<\/p>\n","protected":false},"excerpt":{"rendered":"<p>[vc_row rt_row_background_width=&#8221;default&#8221; rt_row_style=&#8221;default-style&#8221; rt_row_borders=&#8221;&#8221; rt_row_paddings=&#8221;true&#8221; rt_bg_effect=&#8221;classic&#8221; rt_bg_image_repeat=&#8221;repeat&#8221; rt_bg_size=&#8221;cover&#8221; rt_bg_position=&#8221;right top&#8221; rt_bg_attachment=&#8221;scroll&#8221; rt_bg_video_format=&#8221;self-hosted&#8221;][vc_column width=&#8221;1\/4&#8243; rt_wrp_col_paddings=&#8221;false&#8221; rt_border_top=&#8221;&#8221; rt_border_bottom=&#8221;&#8221; rt_border_left=&#8221;&#8221; rt_border_right=&#8221;&#8221; rt_border_top_mobile=&#8221;&#8221; rt_border_bottom_mobile=&#8221;&#8221; rt_border_left_mobile=&#8221;&#8221; rt_border_right_mobile=&#8221;&#8221; rt_bg_image_repeat=&#8221;repeat&#8221; rt_bg_size=&#8221;auto auto&#8221; rt_bg_position=&#8221;right top&#8221; rt_bg_attachment=&#8221;scroll&#8221;][\/vc_column][vc_column width=&#8221;3\/4&#8243; rt_wrp_col_paddings=&#8221;false&#8221; rt_border_top=&#8221;&#8221; rt_border_bottom=&#8221;&#8221; rt_border_left=&#8221;&#8221; rt_border_right=&#8221;&#8221; rt_border_top_mobile=&#8221;&#8221; rt_border_bottom_mobile=&#8221;&#8221; rt_border_left_mobile=&#8221;&#8221; rt_border_right_mobile=&#8221;&#8221; rt_bg_image_repeat=&#8221;repeat&#8221; rt_bg_size=&#8221;auto auto&#8221; rt_bg_position=&#8221;right top&#8221; rt_bg_attachment=&#8221;scroll&#8221;][vc_column_text]Netbone Veri Merkezi Ba\u011flant\u0131s\u0131 hizmeti ile y\u00fcksek d\u00fczeydeki data trafi\u011finizi veri merkezi [&hellip;]<\/p>\n","protected":false},"author":1,"featured_media":0,"parent":0,"menu_order":0,"comment_status":"closed","ping_status":"closed","template":"","meta":{"footnotes":""},"class_list":["post-3617","page","type-page","status-publish","hentry"],"_links":{"self":[{"href":"https:\/\/netbone.com.tr\/toptan\/wp-json\/wp\/v2\/pages\/3617","targetHints":{"allow":["GET"]}}],"collection":[{"href":"https:\/\/netbone.com.tr\/toptan\/wp-json\/wp\/v2\/pages"}],"about":[{"href":"https:\/\/netbone.com.tr\/toptan\/wp-json\/wp\/v2\/types\/page"}],"author":[{"embeddable":true,"href":"https:\/\/netbone.com.tr\/toptan\/wp-json\/wp\/v2\/users\/1"}],"replies":[{"embeddable":true,"href":"https:\/\/netbone.com.tr\/toptan\/wp-json\/wp\/v2\/comments?post=3617"}],"version-history":[{"count":5,"href":"https:\/\/netbone.com.tr\/toptan\/wp-json\/wp\/v2\/pages\/3617\/revisions"}],"predecessor-version":[{"id":3712,"href":"https:\/\/netbone.com.tr\/toptan\/wp-json\/wp\/v2\/pages\/3617\/revisions\/3712"}],"wp:attachment":[{"href":"https:\/\/netbone.com.tr\/toptan\/wp-json\/wp\/v2\/media?parent=3617"}],"curies":[{"name":"wp","href":"https:\/\/api.w.org\/{rel}","templated":true}]}}