{"id":3618,"date":"2021-02-18T00:21:00","date_gmt":"2021-02-17T21:21:00","guid":{"rendered":"https:\/\/netbone.com.tr\/toptan\/?page_id=3618"},"modified":"2021-02-18T18:19:41","modified_gmt":"2021-02-18T15:19:41","slug":"asimetrik-metro-ethernet-internet","status":"publish","type":"page","link":"https:\/\/netbone.com.tr\/toptan\/asimetrik-metro-ethernet-internet\/","title":{"rendered":"Asimetrik Metro Ethernet \u0130nternet"},"content":{"rendered":"<p>[vc_row rt_row_background_width=&#8221;default&#8221; rt_row_style=&#8221;default-style&#8221; rt_row_borders=&#8221;&#8221; rt_row_paddings=&#8221;true&#8221; rt_bg_effect=&#8221;classic&#8221; rt_bg_image_repeat=&#8221;repeat&#8221; rt_bg_size=&#8221;cover&#8221; rt_bg_position=&#8221;right top&#8221; rt_bg_attachment=&#8221;scroll&#8221; rt_bg_video_format=&#8221;self-hosted&#8221;][vc_column width=&#8221;1\/4&#8243; rt_wrp_col_paddings=&#8221;false&#8221; rt_border_top=&#8221;&#8221; rt_border_bottom=&#8221;&#8221; rt_border_left=&#8221;&#8221; rt_border_right=&#8221;&#8221; rt_border_top_mobile=&#8221;&#8221; rt_border_bottom_mobile=&#8221;&#8221; rt_border_left_mobile=&#8221;&#8221; rt_border_right_mobile=&#8221;&#8221; rt_bg_image_repeat=&#8221;repeat&#8221; rt_bg_size=&#8221;auto auto&#8221; rt_bg_position=&#8221;right top&#8221; rt_bg_attachment=&#8221;scroll&#8221;]<div class=\"rt_heading_wrapper \">\n\t\t\t\t\t\t<h1 class=\"rt_heading  \" >Asimetrik Metro Ethernet<\/h1>\n\t\t\t\t\t<\/div>[\/vc_column][vc_column width=&#8221;3\/4&#8243; rt_wrp_col_paddings=&#8221;false&#8221; rt_border_top=&#8221;&#8221; rt_border_bottom=&#8221;&#8221; rt_border_left=&#8221;&#8221; rt_border_right=&#8221;&#8221; rt_border_top_mobile=&#8221;&#8221; rt_border_bottom_mobile=&#8221;&#8221; rt_border_left_mobile=&#8221;&#8221; rt_border_right_mobile=&#8221;&#8221; rt_bg_image_repeat=&#8221;repeat&#8221; rt_bg_size=&#8221;auto auto&#8221; rt_bg_position=&#8221;right top&#8221; rt_bg_attachment=&#8221;scroll&#8221;][vc_column_text]<span style=\"color: #000000;\">Asimetik Metro Ethernet \u0130nternet, fiber altyap\u0131 \u00fczerinden Ethernet protokolleri kullan\u0131larak download h\u0131z\u0131 (indirmesi) 5 Mbit\/sn, upload h\u0131z\u0131 (y\u00fcklemesi) ise 2 Mbit\/sn olan asimetik bantgeni\u015fli\u011fi sunan payla\u015f\u0131ms\u0131z Metro Ethernet \u0130nternet hizmetidir.<\/span>[\/vc_column_text][\/vc_column][\/vc_row][vc_row rt_row_background_width=&#8221;default&#8221; rt_row_style=&#8221;default-style&#8221; rt_row_borders=&#8221;&#8221; rt_row_paddings=&#8221;true&#8221; rt_bg_effect=&#8221;classic&#8221; rt_bg_image_repeat=&#8221;repeat&#8221; rt_bg_size=&#8221;cover&#8221; rt_bg_position=&#8221;right top&#8221; rt_bg_attachment=&#8221;scroll&#8221; rt_bg_video_format=&#8221;self-hosted&#8221;][vc_column width=&#8221;2\/3&#8243; rt_wrp_col_paddings=&#8221;false&#8221; rt_border_top=&#8221;&#8221; rt_border_bottom=&#8221;&#8221; rt_border_left=&#8221;&#8221; rt_border_right=&#8221;&#8221; rt_border_top_mobile=&#8221;&#8221; rt_border_bottom_mobile=&#8221;&#8221; rt_border_left_mobile=&#8221;&#8221; rt_border_right_mobile=&#8221;&#8221; rt_bg_image_repeat=&#8221;repeat&#8221; rt_bg_size=&#8221;auto auto&#8221; rt_bg_position=&#8221;right top&#8221; rt_bg_attachment=&#8221;scroll&#8221;][vc_tta_accordion][vc_tta_section title=&#8221;\u00d6zellikler&#8221; tab_id=&#8221;ozellikler&#8221;][vc_column_text]<\/p>\n<ul>\n<li><span style=\"color: #000000;\">Metro Ethernet \u0130nternet optik ve ethernet teknolojilerinin avantajlar\u0131n\u0131 bir araya getirir.<\/span><\/li>\n<li><span style=\"color: #000000;\">\u0130sterseniz ayn\u0131 santralden, isterseniz farkl\u0131 santralden lokal eri\u015fim yedeklemesi yapabilirsiniz.<\/span><\/li>\n<li><span style=\"color: #000000;\">Hizmet, IP\/MPLS \u015febekesi \u00fczerinden verilir ve katma de\u011ferli servisler i\u00e7in gerekli platformu sizlere sa\u011flar.<\/span><\/li>\n<li><span style=\"color: #000000;\">Hat kopmas\u0131 halinde 50 ms\u2019den daha k\u0131sa bir s\u00fcrede iletim yedek fiber optik hatta aktar\u0131labilir.<\/span><\/li>\n<li><span style=\"color: #000000;\">Lokal eri\u015fimi fiber optik kablo ile tesis edildi\u011fi i\u00e7in bak\u0131r lokal eri\u015fimin bak\u0131m ve onar\u0131m\u0131n zorlu\u011fu, mesafe k\u0131s\u0131t\u0131 gibi dezavantajlar\u0131 bulunmaz.<\/span><\/li>\n<li><span style=\"color: #000000;\">Ba\u011flant\u0131 s\u00fcresi, kullan\u0131labilirlik oran\u0131 ve ar\u0131za onar\u0131m s\u00fcresine ili\u015fkin taahh\u00fctleri i\u00e7eren Hizmet Seviyesi Taahh\u00fcd\u00fc sunulur.<\/span><\/li>\n<li><span style=\"color: #000000;\">IPv6-IPv4 \u00e7oklu IP se\u00e7enekleri sunulur.<\/span><\/li>\n<li><span style=\"color: #000000;\">\u0130zlemek istedi\u011finiz devre numaralar\u0131n\u0131z MRTG sistemine girilir ve g\u00fcnl\u00fck, haftal\u0131k, ayl\u0131k, y\u0131ll\u0131k trafik kullan\u0131m oranlar\u0131n\u0131z raporlan\u0131r.<\/span><\/li>\n<\/ul>\n<p>[\/vc_column_text][\/vc_tta_section][\/vc_tta_accordion][\/vc_column][vc_column width=&#8221;1\/3&#8243; rt_wrp_col_paddings=&#8221;false&#8221; rt_border_top=&#8221;&#8221; rt_border_bottom=&#8221;&#8221; rt_border_left=&#8221;&#8221; rt_border_right=&#8221;&#8221; rt_border_top_mobile=&#8221;&#8221; rt_border_bottom_mobile=&#8221;&#8221; rt_border_left_mobile=&#8221;&#8221; rt_border_right_mobile=&#8221;&#8221; rt_bg_image_repeat=&#8221;repeat&#8221; rt_bg_size=&#8221;auto auto&#8221; rt_bg_position=&#8221;right top&#8221; rt_bg_attachment=&#8221;scroll&#8221;][\/vc_column][\/vc_row]<\/p>\n","protected":false},"excerpt":{"rendered":"<p>[vc_row rt_row_background_width=&#8221;default&#8221; rt_row_style=&#8221;default-style&#8221; rt_row_borders=&#8221;&#8221; rt_row_paddings=&#8221;true&#8221; rt_bg_effect=&#8221;classic&#8221; rt_bg_image_repeat=&#8221;repeat&#8221; rt_bg_size=&#8221;cover&#8221; rt_bg_position=&#8221;right top&#8221; rt_bg_attachment=&#8221;scroll&#8221; rt_bg_video_format=&#8221;self-hosted&#8221;][vc_column width=&#8221;1\/4&#8243; rt_wrp_col_paddings=&#8221;false&#8221; rt_border_top=&#8221;&#8221; rt_border_bottom=&#8221;&#8221; rt_border_left=&#8221;&#8221; rt_border_right=&#8221;&#8221; rt_border_top_mobile=&#8221;&#8221; rt_border_bottom_mobile=&#8221;&#8221; rt_border_left_mobile=&#8221;&#8221; rt_border_right_mobile=&#8221;&#8221; rt_bg_image_repeat=&#8221;repeat&#8221; rt_bg_size=&#8221;auto auto&#8221; rt_bg_position=&#8221;right top&#8221; rt_bg_attachment=&#8221;scroll&#8221;][\/vc_column][vc_column width=&#8221;3\/4&#8243; rt_wrp_col_paddings=&#8221;false&#8221; rt_border_top=&#8221;&#8221; rt_border_bottom=&#8221;&#8221; rt_border_left=&#8221;&#8221; rt_border_right=&#8221;&#8221; rt_border_top_mobile=&#8221;&#8221; rt_border_bottom_mobile=&#8221;&#8221; rt_border_left_mobile=&#8221;&#8221; rt_border_right_mobile=&#8221;&#8221; rt_bg_image_repeat=&#8221;repeat&#8221; rt_bg_size=&#8221;auto auto&#8221; rt_bg_position=&#8221;right top&#8221; rt_bg_attachment=&#8221;scroll&#8221;][vc_column_text]Asimetik Metro Ethernet \u0130nternet, fiber altyap\u0131 \u00fczerinden Ethernet protokolleri kullan\u0131larak download h\u0131z\u0131 [&hellip;]<\/p>\n","protected":false},"author":1,"featured_media":0,"parent":0,"menu_order":0,"comment_status":"closed","ping_status":"closed","template":"","meta":{"footnotes":""},"class_list":["post-3618","page","type-page","status-publish","hentry"],"_links":{"self":[{"href":"https:\/\/netbone.com.tr\/toptan\/wp-json\/wp\/v2\/pages\/3618","targetHints":{"allow":["GET"]}}],"collection":[{"href":"https:\/\/netbone.com.tr\/toptan\/wp-json\/wp\/v2\/pages"}],"about":[{"href":"https:\/\/netbone.com.tr\/toptan\/wp-json\/wp\/v2\/types\/page"}],"author":[{"embeddable":true,"href":"https:\/\/netbone.com.tr\/toptan\/wp-json\/wp\/v2\/users\/1"}],"replies":[{"embeddable":true,"href":"https:\/\/netbone.com.tr\/toptan\/wp-json\/wp\/v2\/comments?post=3618"}],"version-history":[{"count":7,"href":"https:\/\/netbone.com.tr\/toptan\/wp-json\/wp\/v2\/pages\/3618\/revisions"}],"predecessor-version":[{"id":3699,"href":"https:\/\/netbone.com.tr\/toptan\/wp-json\/wp\/v2\/pages\/3618\/revisions\/3699"}],"wp:attachment":[{"href":"https:\/\/netbone.com.tr\/toptan\/wp-json\/wp\/v2\/media?parent=3618"}],"curies":[{"name":"wp","href":"https:\/\/api.w.org\/{rel}","templated":true}]}}