{"id":3651,"date":"2021-02-18T01:05:56","date_gmt":"2021-02-17T22:05:56","guid":{"rendered":"https:\/\/netbone.com.tr\/toptan\/?page_id=3651"},"modified":"2021-02-23T18:50:56","modified_gmt":"2021-02-23T15:50:56","slug":"sunucu-barindirma","status":"publish","type":"page","link":"https:\/\/netbone.com.tr\/toptan\/sunucu-barindirma\/","title":{"rendered":"Sunucu Bar\u0131nd\u0131rma"},"content":{"rendered":"<p>[vc_row rt_row_background_width=&#8221;default&#8221; rt_row_style=&#8221;default-style&#8221; rt_row_borders=&#8221;&#8221; rt_row_paddings=&#8221;true&#8221; rt_bg_effect=&#8221;classic&#8221; rt_bg_image_repeat=&#8221;repeat&#8221; rt_bg_size=&#8221;cover&#8221; rt_bg_position=&#8221;right top&#8221; rt_bg_attachment=&#8221;scroll&#8221; rt_bg_video_format=&#8221;self-hosted&#8221;][vc_column width=&#8221;1\/4&#8243; rt_wrp_col_paddings=&#8221;false&#8221; rt_border_top=&#8221;&#8221; rt_border_bottom=&#8221;&#8221; rt_border_left=&#8221;&#8221; rt_border_right=&#8221;&#8221; rt_border_top_mobile=&#8221;&#8221; rt_border_bottom_mobile=&#8221;&#8221; rt_border_left_mobile=&#8221;&#8221; rt_border_right_mobile=&#8221;&#8221; rt_bg_image_repeat=&#8221;repeat&#8221; rt_bg_size=&#8221;auto auto&#8221; rt_bg_position=&#8221;right top&#8221; rt_bg_attachment=&#8221;scroll&#8221;]<div class=\"rt_heading_wrapper \">\n\t\t\t\t\t\t<h1 class=\"rt_heading  \" >Sunucu Bar\u0131nd\u0131rma<\/h1>\n\t\t\t\t\t<\/div>[\/vc_column][vc_column width=&#8221;3\/4&#8243; rt_wrp_col_paddings=&#8221;false&#8221; rt_border_top=&#8221;&#8221; rt_border_bottom=&#8221;&#8221; rt_border_left=&#8221;&#8221; rt_border_right=&#8221;&#8221; rt_border_top_mobile=&#8221;&#8221; rt_border_bottom_mobile=&#8221;&#8221; rt_border_left_mobile=&#8221;&#8221; rt_border_right_mobile=&#8221;&#8221; rt_bg_image_repeat=&#8221;repeat&#8221; rt_bg_size=&#8221;auto auto&#8221; rt_bg_position=&#8221;right top&#8221; rt_bg_attachment=&#8221;scroll&#8221;][vc_column_text]<span style=\"color: #000000;\">Gerek \u015firket i\u00e7i uygulamalar\u0131n\u0131zda kulland\u0131\u011f\u0131n\u0131z sunucular\u0131, gerekse m\u00fc\u015fterilerinize hizmet verdi\u011finiz sunucular\u0131 Netbone Veri Merkezi&#8217;nde bar\u0131nd\u0131rarak pahal\u0131 altyap\u0131 yat\u0131r\u0131mlar\u0131ndan, bak\u0131m ve onar\u0131m masraflar\u0131ndan tasarruf edebilirsiniz. Netbone Veri Merkezi, enerji, so\u011futma, g\u00fcvenlik ve a\u011fa eri\u015fim sistemleri ile ilgili t\u00fcm altyap\u0131n\u0131n y\u00f6netimini sizin yerinize yapar, b\u00f6ylece siz sadece kendi i\u015finize odaklanabilirsiniz.<\/span><\/p>\n<hr \/>\n<h3><span style=\"color: #000000;\">Sunucu Bar\u0131nd\u0131rma Hizmeti Size Neler Sunuyor?<\/span><\/h3>\n<ul class=\"list\">\n<li><span style=\"color: #000000;\">Sunucular\u0131n\u0131z\u0131 Netbone Veri Merkezi&#8217;nde bar\u0131nd\u0131rarak pahal\u0131 altyap\u0131 yat\u0131r\u0131mlar\u0131ndan, bak\u0131m ve onar\u0131m masraflar\u0131ndan tasarruf sa\u011flars\u0131n\u0131z.<\/span><\/li>\n<li><span style=\"color: #000000;\">Cihazlar\u0131n\u0131z\u0131n y\u00f6netimi yine sizin kontrol\u00fcn\u00fczde olaca\u011f\u0131 i\u00e7in siz sadece uygulamalar\u0131n\u0131zla ilgilenirsiniz bu da verimlili\u011finizi art\u0131r\u0131r.<\/span><\/li>\n<li><span style=\"color: #000000;\">Netbone Veri Merkezi&#8217;nin kalitesi uluslararas\u0131 veri merkezi otoritesi Uptime Enstit\u00fcs\u00fc standartlar\u0131yla uyumludur. Kesintisiz enerji, uygun iklimlendirme ortam\u0131, altyap\u0131 yedeklili\u011fi ve y\u00fcksek kapasiteli ba\u011flant\u0131 h\u0131z\u0131 ile sunucular\u0131n\u0131za her zaman eri\u015febilirsiniz.<\/span><\/li>\n<li><span style=\"color: #000000;\">Sunucular\u0131n\u0131z\u0131 manyetik kartl\u0131 ve parmak izi kontroll\u00fc giri\u015f sa\u011flanan y\u00fcksek g\u00fcvenlik standartlar\u0131na sahip Netbone Veri Merkezi&#8217;nde g\u00fcvenle bar\u0131nd\u0131r\u0131rs\u0131n\u0131z.<\/span><\/li>\n<li><span style=\"color: #000000;\">\u015eirketinizin sunucusuna 7\/24 bina g\u00fcvenli\u011fi, 7\/24 g\u00f6zlemleme, yang\u0131n tespit ve \u00f6nleme sistemi bulunan bir fiziksel ortam sa\u011flan\u0131r.<\/span><\/li>\n<li><span style=\"color: #000000;\">7\/24 m\u00fc\u015fteri deste\u011fi ile Netbone hep yan\u0131n\u0131zdad\u0131r.<\/span><\/li>\n<\/ul>\n<p>[\/vc_column_text][\/vc_column][\/vc_row][vc_row rt_row_background_width=&#8221;default&#8221; rt_row_style=&#8221;default-style&#8221; rt_row_borders=&#8221;&#8221; rt_row_paddings=&#8221;true&#8221; rt_bg_effect=&#8221;classic&#8221; rt_bg_image_repeat=&#8221;repeat&#8221; rt_bg_size=&#8221;cover&#8221; rt_bg_position=&#8221;right top&#8221; rt_bg_attachment=&#8221;scroll&#8221; rt_bg_video_format=&#8221;self-hosted&#8221;][vc_column width=&#8221;2\/3&#8243; rt_wrp_col_paddings=&#8221;false&#8221; rt_border_top=&#8221;&#8221; rt_border_bottom=&#8221;&#8221; rt_border_left=&#8221;&#8221; rt_border_right=&#8221;&#8221; rt_border_top_mobile=&#8221;&#8221; rt_border_bottom_mobile=&#8221;&#8221; rt_border_left_mobile=&#8221;&#8221; rt_border_right_mobile=&#8221;&#8221; rt_bg_image_repeat=&#8221;repeat&#8221; rt_bg_size=&#8221;auto auto&#8221; rt_bg_position=&#8221;right top&#8221; rt_bg_attachment=&#8221;scroll&#8221;][vc_tta_accordion][vc_tta_section title=&#8221;\u00d6zellikler&#8221; tab_id=&#8221;ozellikler&#8221;][vc_column_text]<\/p>\n<ul class=\"list\">\n<li><span style=\"color: #000000;\">\u0130nternet \u00fczerinden veya kiral\u0131k hatlarla eri\u015fim sa\u011flayabilirsiniz.<\/span><\/li>\n<li><span style=\"color: #000000;\">Sunucular\u0131n\u0131z\u0131 VPN veya uzak masa\u00fcst\u00fc ile uzaktan eri\u015fimle y\u00f6netebilirsiniz.<\/span><\/li>\n<li><span style=\"color: #000000;\">Tercihinize ba\u011fl\u0131 olarak Sanal G\u00fcvenlik Duvar\u0131, Aktif Savunma Sistemi (IPS\/IDS), DDOS Atak \u00d6nleme Sistemi gibi g\u00fcvenlik hizmetleri se\u00e7eneklerinden faydalanabilirsiniz.<\/span><\/li>\n<li><span style=\"color: #000000;\">Her b\u00fcy\u00fckl\u00fckteki \u015firketin ihtiyac\u0131na hitap eden, de\u011fi\u015fik sunucu bar\u0131nd\u0131rma alanlar\u0131 i\u00e7eren paket alternatiflerinden birini se\u00e7ebilirsiniz.<\/span><\/li>\n<li><span style=\"color: #000000;\">Kulland\u0131\u011f\u0131n\u0131z kadar enerjinin \u00fccretini \u00f6dersiniz.<\/span><\/li>\n<li><span style=\"color: #000000;\">Standart \u00f6l\u00e7\u00fclerde olmayan kabinleriniz i\u00e7in bar\u0131nd\u0131rma alanlar\u0131 mevcuttur.<\/span><\/li>\n<\/ul>\n<p>[\/vc_column_text][\/vc_tta_section][\/vc_tta_accordion][\/vc_column][vc_column width=&#8221;1\/3&#8243; rt_wrp_col_paddings=&#8221;false&#8221; rt_border_top=&#8221;&#8221; rt_border_bottom=&#8221;&#8221; rt_border_left=&#8221;&#8221; rt_border_right=&#8221;&#8221; rt_border_top_mobile=&#8221;&#8221; rt_border_bottom_mobile=&#8221;&#8221; rt_border_left_mobile=&#8221;&#8221; rt_border_right_mobile=&#8221;&#8221; rt_bg_image_repeat=&#8221;repeat&#8221; rt_bg_size=&#8221;auto auto&#8221; rt_bg_position=&#8221;right top&#8221; rt_bg_attachment=&#8221;scroll&#8221;][\/vc_column][\/vc_row]<\/p>\n","protected":false},"excerpt":{"rendered":"<p>[vc_row rt_row_background_width=&#8221;default&#8221; rt_row_style=&#8221;default-style&#8221; rt_row_borders=&#8221;&#8221; rt_row_paddings=&#8221;true&#8221; rt_bg_effect=&#8221;classic&#8221; rt_bg_image_repeat=&#8221;repeat&#8221; rt_bg_size=&#8221;cover&#8221; rt_bg_position=&#8221;right top&#8221; rt_bg_attachment=&#8221;scroll&#8221; rt_bg_video_format=&#8221;self-hosted&#8221;][vc_column width=&#8221;1\/4&#8243; rt_wrp_col_paddings=&#8221;false&#8221; rt_border_top=&#8221;&#8221; rt_border_bottom=&#8221;&#8221; rt_border_left=&#8221;&#8221; rt_border_right=&#8221;&#8221; rt_border_top_mobile=&#8221;&#8221; rt_border_bottom_mobile=&#8221;&#8221; rt_border_left_mobile=&#8221;&#8221; rt_border_right_mobile=&#8221;&#8221; rt_bg_image_repeat=&#8221;repeat&#8221; rt_bg_size=&#8221;auto auto&#8221; rt_bg_position=&#8221;right top&#8221; rt_bg_attachment=&#8221;scroll&#8221;][\/vc_column][vc_column width=&#8221;3\/4&#8243; rt_wrp_col_paddings=&#8221;false&#8221; rt_border_top=&#8221;&#8221; rt_border_bottom=&#8221;&#8221; rt_border_left=&#8221;&#8221; rt_border_right=&#8221;&#8221; rt_border_top_mobile=&#8221;&#8221; rt_border_bottom_mobile=&#8221;&#8221; rt_border_left_mobile=&#8221;&#8221; rt_border_right_mobile=&#8221;&#8221; rt_bg_image_repeat=&#8221;repeat&#8221; rt_bg_size=&#8221;auto auto&#8221; rt_bg_position=&#8221;right top&#8221; rt_bg_attachment=&#8221;scroll&#8221;][vc_column_text]Gerek \u015firket i\u00e7i uygulamalar\u0131n\u0131zda kulland\u0131\u011f\u0131n\u0131z sunucular\u0131, gerekse m\u00fc\u015fterilerinize hizmet verdi\u011finiz sunucular\u0131 Netbone [&hellip;]<\/p>\n","protected":false},"author":1,"featured_media":0,"parent":0,"menu_order":0,"comment_status":"closed","ping_status":"closed","template":"","meta":{"footnotes":""},"class_list":["post-3651","page","type-page","status-publish","hentry"],"_links":{"self":[{"href":"https:\/\/netbone.com.tr\/toptan\/wp-json\/wp\/v2\/pages\/3651","targetHints":{"allow":["GET"]}}],"collection":[{"href":"https:\/\/netbone.com.tr\/toptan\/wp-json\/wp\/v2\/pages"}],"about":[{"href":"https:\/\/netbone.com.tr\/toptan\/wp-json\/wp\/v2\/types\/page"}],"author":[{"embeddable":true,"href":"https:\/\/netbone.com.tr\/toptan\/wp-json\/wp\/v2\/users\/1"}],"replies":[{"embeddable":true,"href":"https:\/\/netbone.com.tr\/toptan\/wp-json\/wp\/v2\/comments?post=3651"}],"version-history":[{"count":3,"href":"https:\/\/netbone.com.tr\/toptan\/wp-json\/wp\/v2\/pages\/3651\/revisions"}],"predecessor-version":[{"id":3714,"href":"https:\/\/netbone.com.tr\/toptan\/wp-json\/wp\/v2\/pages\/3651\/revisions\/3714"}],"wp:attachment":[{"href":"https:\/\/netbone.com.tr\/toptan\/wp-json\/wp\/v2\/media?parent=3651"}],"curies":[{"name":"wp","href":"https:\/\/api.w.org\/{rel}","templated":true}]}}