{"id":3652,"date":"2021-02-18T01:06:19","date_gmt":"2021-02-17T22:06:19","guid":{"rendered":"https:\/\/netbone.com.tr\/toptan\/?page_id=3652"},"modified":"2021-02-23T19:00:51","modified_gmt":"2021-02-23T16:00:51","slug":"dedicated-sunucu-kiralama","status":"publish","type":"page","link":"https:\/\/netbone.com.tr\/toptan\/dedicated-sunucu-kiralama\/","title":{"rendered":"Dedicated Sunucu Kiralama"},"content":{"rendered":"<p>[vc_row rt_row_background_width=&#8221;default&#8221; rt_row_style=&#8221;default-style&#8221; rt_row_borders=&#8221;&#8221; rt_row_paddings=&#8221;true&#8221; rt_bg_effect=&#8221;classic&#8221; rt_bg_image_repeat=&#8221;repeat&#8221; rt_bg_size=&#8221;cover&#8221; rt_bg_position=&#8221;right top&#8221; rt_bg_attachment=&#8221;scroll&#8221; rt_bg_video_format=&#8221;self-hosted&#8221;][vc_column width=&#8221;1\/4&#8243; rt_wrp_col_paddings=&#8221;false&#8221; rt_border_top=&#8221;&#8221; rt_border_bottom=&#8221;&#8221; rt_border_left=&#8221;&#8221; rt_border_right=&#8221;&#8221; rt_border_top_mobile=&#8221;&#8221; rt_border_bottom_mobile=&#8221;&#8221; rt_border_left_mobile=&#8221;&#8221; rt_border_right_mobile=&#8221;&#8221; rt_bg_image_repeat=&#8221;repeat&#8221; rt_bg_size=&#8221;auto auto&#8221; rt_bg_position=&#8221;right top&#8221; rt_bg_attachment=&#8221;scroll&#8221;]<div class=\"rt_heading_wrapper \">\n\t\t\t\t\t\t<h1 class=\"rt_heading  \" >Dedicated Sunucu Kiralama<\/h1>\n\t\t\t\t\t<\/div>[\/vc_column][vc_column width=&#8221;3\/4&#8243; rt_wrp_col_paddings=&#8221;false&#8221; rt_border_top=&#8221;&#8221; rt_border_bottom=&#8221;&#8221; rt_border_left=&#8221;&#8221; rt_border_right=&#8221;&#8221; rt_border_top_mobile=&#8221;&#8221; rt_border_bottom_mobile=&#8221;&#8221; rt_border_left_mobile=&#8221;&#8221; rt_border_right_mobile=&#8221;&#8221; rt_bg_image_repeat=&#8221;repeat&#8221; rt_bg_size=&#8221;auto auto&#8221; rt_bg_position=&#8221;right top&#8221; rt_bg_attachment=&#8221;scroll&#8221;][vc_column_text]<span style=\"color: #000000;\">Hem verilerinize h\u0131zl\u0131 ve g\u00fcvenli eri\u015fim sa\u011flamak hem de pahal\u0131 sunucu yat\u0131r\u0131mlar\u0131ndan ka\u00e7\u0131nmak istiyorsan\u0131z Sunucu Kiralama hizmeti tam size g\u00f6re! Sunucu Kiralama Hizmeti kapsam\u0131nda kiralanan sunucuyu bar\u0131nd\u0131rma, bak\u0131m ve destek hizmetlerine sahip olabilirsiniz.<\/span><\/p>\n<hr \/>\n<h2><span style=\"color: #000000;\">Sunucu Kiralama Hizmeti Size Neler Sunuyor?<\/span><\/h2>\n<ul class=\"list\">\n<li><span style=\"color: #000000;\">Sunucu yat\u0131r\u0131m\u0131ndan, bak\u0131m ve onar\u0131m masraflar\u0131ndan tasarruf edersiniz.<\/span><\/li>\n<li><span style=\"color: #000000;\">Y\u00fcksek spesifikasyonlara sahip sunuculardan ayl\u0131k uygun fiyatlarla faydalan\u0131p s\u00fcrd\u00fcr\u00fclebilirlik garantisi sa\u011flars\u0131n\u0131z.<\/span><\/li>\n<li><span style=\"color: #000000;\">Netbone Veri Merkezi&#8217;nin kalitesi uluslararas\u0131 veri merkezi otoritesi Uptime Enstit\u00fcs\u00fc standartlar\u0131yla uyumludur. Kesintisiz enerji, uygun iklimlendirme ortam\u0131, altyap\u0131 yedeklili\u011fi ve y\u00fcksek kapasiteli ba\u011flant\u0131 h\u0131z\u0131 ile sunucular\u0131n\u0131za her zaman eri\u015febilirsiniz.<\/span><\/li>\n<li><span style=\"color: #000000;\">Sunucular\u0131n\u0131z\u0131 manyetik kartl\u0131 ve parmak izi kontroll\u00fc giri\u015f sa\u011flanan y\u00fcksek g\u00fcvenlik standartlar\u0131na sahip Netbone Veri Merkezi&#8217;nde g\u00fcvenle bar\u0131nd\u0131r\u0131rs\u0131n\u0131z.<\/span><\/li>\n<li><span style=\"color: #000000;\">Sadece uygulamalar\u0131n\u0131z ile ilgilenerek verimlili\u011finizi art\u0131r\u0131rs\u0131n\u0131z.<\/span><\/li>\n<li><span style=\"color: #000000;\">Farkl\u0131 b\u00fcy\u00fckl\u00fckteki \u015firket ihtiya\u00e7lar\u0131na y\u00f6nelik paket tekliflerini de\u011ferlendirerek sizin i\u00e7in optimum \u00e7\u00f6z\u00fcm\u00fc se\u00e7ebilirsiniz.<\/span><\/li>\n<li><span style=\"color: #000000;\">7\/24 m\u00fc\u015fteri deste\u011fi ile Netbone hep yan\u0131n\u0131zdad\u0131r.<\/span><\/li>\n<\/ul>\n<p>[\/vc_column_text][\/vc_column][\/vc_row][vc_row rt_row_background_width=&#8221;default&#8221; rt_row_style=&#8221;default-style&#8221; rt_row_borders=&#8221;&#8221; rt_row_paddings=&#8221;true&#8221; rt_bg_effect=&#8221;classic&#8221; rt_bg_image_repeat=&#8221;repeat&#8221; rt_bg_size=&#8221;cover&#8221; rt_bg_position=&#8221;right top&#8221; rt_bg_attachment=&#8221;scroll&#8221; rt_bg_video_format=&#8221;self-hosted&#8221;][vc_column width=&#8221;2\/3&#8243; rt_wrp_col_paddings=&#8221;false&#8221; rt_border_top=&#8221;&#8221; rt_border_bottom=&#8221;&#8221; rt_border_left=&#8221;&#8221; rt_border_right=&#8221;&#8221; rt_border_top_mobile=&#8221;&#8221; rt_border_bottom_mobile=&#8221;&#8221; rt_border_left_mobile=&#8221;&#8221; rt_border_right_mobile=&#8221;&#8221; rt_bg_image_repeat=&#8221;repeat&#8221; rt_bg_size=&#8221;auto auto&#8221; rt_bg_position=&#8221;right top&#8221; rt_bg_attachment=&#8221;scroll&#8221;][vc_tta_accordion][vc_tta_section title=&#8221;Dedicated Sunucu Kiralama&#8221; tab_id=&#8221;dedicated-sunucu-kiralama&#8221;][vc_column_text]<\/p>\n<ul class=\"list\">\n<li><span style=\"color: #000000;\">Y\u00fcksek \u00f6zelliklere sahip, pazarda bilinirli\u011fi y\u00fcksek marka ve modellerde sunucular hizmetinize sunulur.<\/span><\/li>\n<li><span style=\"color: #000000;\">Kulland\u0131\u011f\u0131n\u0131z miktar kadar enerji \u00fccreti \u00f6dersiniz.<\/span><\/li>\n<li><span style=\"color: #000000;\">\u0130nternet \u00fczerinden veya kiral\u0131k hatlarla eri\u015fim sa\u011flayabilirsiniz.<\/span><\/li>\n<li><span style=\"color: #000000;\">Sunucular\u0131n\u0131z\u0131 VPN veya uzak masa\u00fcst\u00fc ile uzaktan eri\u015fimle y\u00f6netebilirsiniz.<\/span><\/li>\n<li><span style=\"color: #000000;\">Sanal G\u00fcvenlik Duvar\u0131, Aktif Savunma Sistemi (IPS\/IDS), DDOS Atak \u00d6nleme Sistemi gibi opsiyonel olarak g\u00fcvenlik hizmetleri se\u00e7eneklerinden faydalanabilirsiniz.<\/span><\/li>\n<\/ul>\n<p>[\/vc_column_text][\/vc_tta_section][\/vc_tta_accordion][\/vc_column][vc_column width=&#8221;1\/3&#8243; rt_wrp_col_paddings=&#8221;false&#8221; rt_border_top=&#8221;&#8221; rt_border_bottom=&#8221;&#8221; rt_border_left=&#8221;&#8221; rt_border_right=&#8221;&#8221; rt_border_top_mobile=&#8221;&#8221; rt_border_bottom_mobile=&#8221;&#8221; rt_border_left_mobile=&#8221;&#8221; rt_border_right_mobile=&#8221;&#8221; rt_bg_image_repeat=&#8221;repeat&#8221; rt_bg_size=&#8221;auto auto&#8221; rt_bg_position=&#8221;right top&#8221; rt_bg_attachment=&#8221;scroll&#8221;][\/vc_column][\/vc_row]<\/p>\n","protected":false},"excerpt":{"rendered":"<p>[vc_row rt_row_background_width=&#8221;default&#8221; rt_row_style=&#8221;default-style&#8221; rt_row_borders=&#8221;&#8221; rt_row_paddings=&#8221;true&#8221; rt_bg_effect=&#8221;classic&#8221; rt_bg_image_repeat=&#8221;repeat&#8221; rt_bg_size=&#8221;cover&#8221; rt_bg_position=&#8221;right top&#8221; rt_bg_attachment=&#8221;scroll&#8221; rt_bg_video_format=&#8221;self-hosted&#8221;][vc_column width=&#8221;1\/4&#8243; rt_wrp_col_paddings=&#8221;false&#8221; rt_border_top=&#8221;&#8221; rt_border_bottom=&#8221;&#8221; rt_border_left=&#8221;&#8221; rt_border_right=&#8221;&#8221; rt_border_top_mobile=&#8221;&#8221; rt_border_bottom_mobile=&#8221;&#8221; rt_border_left_mobile=&#8221;&#8221; rt_border_right_mobile=&#8221;&#8221; rt_bg_image_repeat=&#8221;repeat&#8221; rt_bg_size=&#8221;auto auto&#8221; rt_bg_position=&#8221;right top&#8221; rt_bg_attachment=&#8221;scroll&#8221;][\/vc_column][vc_column width=&#8221;3\/4&#8243; rt_wrp_col_paddings=&#8221;false&#8221; rt_border_top=&#8221;&#8221; rt_border_bottom=&#8221;&#8221; rt_border_left=&#8221;&#8221; rt_border_right=&#8221;&#8221; rt_border_top_mobile=&#8221;&#8221; rt_border_bottom_mobile=&#8221;&#8221; rt_border_left_mobile=&#8221;&#8221; rt_border_right_mobile=&#8221;&#8221; rt_bg_image_repeat=&#8221;repeat&#8221; rt_bg_size=&#8221;auto auto&#8221; rt_bg_position=&#8221;right top&#8221; rt_bg_attachment=&#8221;scroll&#8221;][vc_column_text]Hem verilerinize h\u0131zl\u0131 ve g\u00fcvenli eri\u015fim sa\u011flamak hem de pahal\u0131 sunucu yat\u0131r\u0131mlar\u0131ndan [&hellip;]<\/p>\n","protected":false},"author":1,"featured_media":0,"parent":0,"menu_order":0,"comment_status":"closed","ping_status":"closed","template":"","meta":{"footnotes":""},"class_list":["post-3652","page","type-page","status-publish","hentry"],"_links":{"self":[{"href":"https:\/\/netbone.com.tr\/toptan\/wp-json\/wp\/v2\/pages\/3652","targetHints":{"allow":["GET"]}}],"collection":[{"href":"https:\/\/netbone.com.tr\/toptan\/wp-json\/wp\/v2\/pages"}],"about":[{"href":"https:\/\/netbone.com.tr\/toptan\/wp-json\/wp\/v2\/types\/page"}],"author":[{"embeddable":true,"href":"https:\/\/netbone.com.tr\/toptan\/wp-json\/wp\/v2\/users\/1"}],"replies":[{"embeddable":true,"href":"https:\/\/netbone.com.tr\/toptan\/wp-json\/wp\/v2\/comments?post=3652"}],"version-history":[{"count":3,"href":"https:\/\/netbone.com.tr\/toptan\/wp-json\/wp\/v2\/pages\/3652\/revisions"}],"predecessor-version":[{"id":3716,"href":"https:\/\/netbone.com.tr\/toptan\/wp-json\/wp\/v2\/pages\/3652\/revisions\/3716"}],"wp:attachment":[{"href":"https:\/\/netbone.com.tr\/toptan\/wp-json\/wp\/v2\/media?parent=3652"}],"curies":[{"name":"wp","href":"https:\/\/api.w.org\/{rel}","templated":true}]}}